{"id":1090,"date":"2020-10-26T09:32:12","date_gmt":"2020-10-26T09:32:12","guid":{"rendered":"https:\/\/praguetouristinformation.com\/es\/?page_id=1090"},"modified":"2025-08-07T09:32:11","modified_gmt":"2025-08-07T09:32:11","slug":"atracciones","status":"publish","type":"page","link":"https:\/\/praguetouristinformation.com\/es\/cosas-que-hacer\/atracciones","title":{"rendered":"12 Mejores Atracciones en Praga [Con Mapa]"},"content":{"rendered":"<p id=\"t-1670241661065\"><strong><span style=\"font-size: 22px !important;\">\u00bfQu\u00e9 puedes hacer en Praga?<\/span><\/strong><\/p>\n<p>Adem\u00e1s de las <a data-id=\"247\" data-type=\"page\" href=\"https:\/\/praguetouristinformation.com\/es\/cosas-que-hacer\" style=\"outline: none;\">vistas cl\u00e1sicas de Praga<\/a> , la capital checa ofrece una serie de emocionantes atracciones que har\u00e1n las delicias de ni\u00f1os y adultos.<\/p>\n<p>Aqu\u00ed est\u00e1 nuestra lista de las 12 mejores atracciones de Praga:<\/p>\n<h2 style=\"\">Prague Visitor Pass<\/h2>\n<p data-pm-slice=\"1 1 []\">El Prague Visitor Pass te da acceso a las principales atracciones, museos y al transporte p\u00fablico de la ciudad, ideal para explorar Praga con flexibilidad y eficiencia.<\/p>\n<p style=\"\">\u00a1Utiliza nuestro c\u00f3digo de descuento exclusivo <strong>pragueti5<\/strong> y obt\u00e9n un<strong> 5\u202f% de descuento!<\/strong><\/p>\n<p>__CONFIG_colors_palette__{\u00abactive_palette\u00bb:0,\u00bbconfig\u00bb:{\u00abcolors\u00bb:{\u00ab110d6\u00bb:{\u00abname\u00bb:\u00bbMain Accent\u00bb,\u00bbparent\u00bb:-1}},\u00bbgradients\u00bb:[]},\u00bbpalettes\u00bb:[{\u00abname\u00bb:\u00bbDefault Palette\u00bb,\u00bbvalue\u00bb:{\u00abcolors\u00bb:{\u00ab110d6\u00bb:{\u00abval\u00bb:\u00bbvar(e8c68)\u00bb}},\u00bbgradients\u00bb:[]},\u00bboriginal\u00bb:{\u00abcolors\u00bb:{\u00ab110d6\u00bb:{\u00abval\u00bb:\u00bbrgb(19, 114, 211)\u00bb,\u00bbhsl\u00bb:{\u00abh\u00bb:210,\u00bbs\u00bb:0.83,\u00bbl\u00bb:0.45}}},\u00bbgradients\u00bb:[]}}]}__CONFIG_colors_palette__ <a href=\"https:\/\/praguevisitorpass.eu\/?lang=es-es\" style=\"font-size: var(--tve-font-size, 14px) !important;\" rel=\"noopener\" target=\"_blank\"><span style=\"\">    <\/span> <span style=\"\"><span>M\u00e1s informaci\u00f3n<\/span><\/span> <\/a>  <\/p>\n<h2 id=\"t-1670241661066\"><strong>1. Museo de la Cerveza<\/strong><\/h2>\n<p><span><img decoding=\"async\" alt=\"Museo de la cerveza, Praga, Rep\u00fablica Checa\" data-id=\"1328\" width=\"702\" data-init-width=\"1000\" height=\"468\" data-init-height=\"667\" title=\"Museo de la cerveza, Praga, Rep\u00fablica Checa\" loading=\"lazy\" src=\"https:\/\/praguetouristinformation.com\/es\/wp-content\/uploads\/2020\/11\/Bier-Museum.jpg\" data-width=\"702\" data-height=\"468\" data-pin-media=\"https:\/\/praguetouristinformation.com\/es\/wp-content\/uploads\/2021\/01\/4.jpg\" data-pin-description=\"12 besten Attraktionen in Prag [mit Karte] in 2022\" data-pin-url=\"https:\/\/praguetouristinformation.com\/es\/sehenswuerdigkeiten\/attraktionen?tve=true&amp;tcbf=2e81e0b3fe\" data-pinpro-key=\"lqd92ss0s\" style=\"aspect-ratio: auto 1000 \/ 667;\"><\/span><\/p>\n<p>Una atracci\u00f3n popular, especialmente entre los j\u00f3venes, es el <a data-id=\"887\" data-type=\"page\" href=\"https:\/\/praguetouristinformation.com\/es\/cosas-que-hacer\/museos\/cerveza\" style=\"outline: none;\">Museo de la Cerveza<\/a> Checa en el coraz\u00f3n de Praga. Si bien no es un museo en el sentido tradicional, ofrece a los visitantes una idea de la relaci\u00f3n especial entre la Rep\u00fablica Checa y la lager.<\/p>\n<p>Adem\u00e1s de datos interesantes sobre la producci\u00f3n de cerveza y el arte cervecero de m\u00e1s de 1000 a\u00f1os de antig\u00fcedad en el pa\u00eds, los visitantes tambi\u00e9n tienen la oportunidad de degustar varias cervezas checas. Lo m\u00e1s destacado es llenar y etiquetar su propia botella.<\/p>\n<h2 id=\"t-1670241661067\"><strong>2. Tour Moldava<\/strong><\/h2>\n<p><span><img decoding=\"async\" alt=\"Vltava Tour, Praga, Rep\u00fablica Checa\" data-id=\"1329\" width=\"702\" data-init-width=\"1000\" height=\"468\" data-init-height=\"667\" title=\"Vltava Tour, Praga, Rep\u00fablica Checa\" loading=\"lazy\" src=\"https:\/\/praguetouristinformation.com\/es\/wp-content\/uploads\/2020\/11\/Moldau-Rundfahrt.jpg\" data-width=\"702\" data-height=\"468\" data-pin-media=\"https:\/\/praguetouristinformation.com\/es\/wp-content\/uploads\/2021\/01\/4.jpg\" data-pin-description=\"12 besten Attraktionen in Prag [mit Karte] in 2022\" data-pin-url=\"https:\/\/praguetouristinformation.com\/es\/sehenswuerdigkeiten\/attraktionen?tve=true&amp;tcbf=2e81e0b3fe\" data-pinpro-key=\"gzf4soc5j\" style=\"aspect-ratio: auto 1000 \/ 667;\"><\/span><\/p>\n<p>Un crucero por el r\u00edo Vltava es una de las atracciones m\u00e1s populares de Praga. Durante el crucero, puede relajarse y pasar por numerosos lugares de inter\u00e9s de la ciudad y admirarlos desde una perspectiva completamente diferente. Especialmente las familias con ni\u00f1os pueden disfrutar de los aspectos m\u00e1s destacados de la ciudad sin estr\u00e9s. Una oportunidad ideal para dejar que la magia de Praga haga su magia en ti.<\/p>\n<h2 id=\"t-1670241661068\"><strong>3. Recorrido por la ciudad<\/strong><\/h2>\n<p><span><img decoding=\"async\" alt=\"City Tour, Praga, Rep\u00fablica Checa\" data-id=\"1330\" width=\"702\" data-init-width=\"1000\" height=\"468\" data-init-height=\"667\" title=\"City Tour, Praga, Rep\u00fablica Checa\" loading=\"lazy\" src=\"https:\/\/praguetouristinformation.com\/es\/wp-content\/uploads\/2020\/11\/Stadtrundfahrt.jpg\" data-width=\"702\" data-height=\"468\" data-pin-media=\"https:\/\/praguetouristinformation.com\/es\/wp-content\/uploads\/2021\/01\/4.jpg\" data-pin-description=\"12 besten Attraktionen in Prag [mit Karte] in 2022\" data-pin-url=\"https:\/\/praguetouristinformation.com\/es\/sehenswuerdigkeiten\/attraktionen?tve=true&amp;tcbf=2e81e0b3fe\" data-pinpro-key=\"8z67rhuu8\" style=\"aspect-ratio: auto 1000 \/ 667;\"><\/span><\/p>\n<p>En un recorrido por la ciudad de Praga, puede explorar la ciudad dorada de una manera muy tranquila. Hay varios recorridos para elegir: ya sea un paseo en el tranv\u00eda hist\u00f3rico (nota: solo funciona los fines de semana), un recorrido en autob\u00fas con paradas libres o el cl\u00e1sico autob\u00fas panor\u00e1mico, el recorrido lo lleva a los lugares m\u00e1s populares de Praga.<\/p>\n<h2 id=\"t-1670241661069\"><strong>4. Torre del Ayuntamiento de Praga<\/strong><\/h2>\n<p><span><img decoding=\"async\" alt=\"Torre del Ayuntamiento de Praga, Praga, Rep\u00fablica Checa\" data-id=\"1332\" width=\"702\" data-init-width=\"1000\" height=\"468\" data-init-height=\"667\" title=\"Torre del Ayuntamiento de Praga, Praga, Rep\u00fablica Checa\" loading=\"lazy\" src=\"https:\/\/praguetouristinformation.com\/es\/wp-content\/uploads\/2020\/11\/Prager-Rathausturm.jpg\" data-width=\"702\" data-height=\"468\" data-pin-media=\"https:\/\/praguetouristinformation.com\/es\/wp-content\/uploads\/2021\/01\/4.jpg\" data-pin-description=\"12 besten Attraktionen in Prag [mit Karte] in 2022\" data-pin-url=\"https:\/\/praguetouristinformation.com\/es\/sehenswuerdigkeiten\/attraktionen?tve=true&amp;tcbf=2e81e0b3fe\" data-pinpro-key=\"36egornqy\" style=\"aspect-ratio: auto 1000 \/ 667;\"><\/span><\/p>\n<p>Una de las atracciones m\u00e1s visitadas de Praga es la Torre G\u00f3tica del Ayuntamiento. La torre de 70 metros de altura del Ayuntamiento de la <a data-id=\"628\" data-type=\"page\" href=\"https:\/\/praguetouristinformation.com\/es\/cosas-que-hacer\/ciudad-vieja\/ayuntamiento-viejo\" style=\"outline: none;\">Ciudad Vieja<\/a> ofrece una magn\u00edfica vista de la Ciudad Nueva de Praga.<\/p>\n<p>En el lado sur de la torre tambi\u00e9n se encuentra el famoso <a data-id=\"625\" data-type=\"page\" href=\"https:\/\/praguetouristinformation.com\/es\/cosas-que-hacer\/ciudad-vieja\/reloj-astronomico-del-ayuntamiento\" style=\"outline: none;\">Reloj Astron\u00f3mico<\/a> , que atrae a personas de todo el mundo con su espect\u00e1culo cada hora en punto. Aunque no se debe esperar demasiado del espect\u00e1culo en el que los 12 ap\u00f3stoles hacen sus rondas, el reloj astron\u00f3mico con sus cifras es un motivo fotogr\u00e1fico popular.<\/p>\n<h2 id=\"t-1670241661070\"><strong>5. Telef\u00e9rico de la colina de Petrin<\/strong><\/h2>\n<p><span><img decoding=\"async\" alt=\"Telef\u00e9rico de Petrin Hill, Praga, Rep\u00fablica Checa\" data-id=\"1333\" width=\"702\" data-init-width=\"1000\" height=\"468\" data-init-height=\"667\" title=\"Telef\u00e9rico de Petrin Hill, Praga, Rep\u00fablica Checa\" loading=\"lazy\" src=\"https:\/\/praguetouristinformation.com\/es\/wp-content\/uploads\/2020\/11\/Petrin-Huegel-Seilbahn.jpg\" data-width=\"702\" data-height=\"468\" data-pin-media=\"https:\/\/praguetouristinformation.com\/es\/wp-content\/uploads\/2021\/01\/4.jpg\" data-pin-description=\"12 besten Attraktionen in Prag [mit Karte] in 2022\" data-pin-url=\"https:\/\/praguetouristinformation.com\/es\/sehenswuerdigkeiten\/attraktionen?tve=true&amp;tcbf=2e81e0b3fe\" data-pinpro-key=\"0kaub5zw7\" style=\"aspect-ratio: auto 1000 \/ 667;\"><\/span><\/p>\n<p>Los visitantes encontrar\u00e1n varias atracciones en la <a data-id=\"838\" data-type=\"page\" href=\"https:\/\/praguetouristinformation.com\/es\/cosas-que-hacer\/monte-petrino\" style=\"outline: none;\">colina Petrin<\/a> de 318 metros de altura . Adem\u00e1s de una vista \u00fanica de Praga, tambi\u00e9n est\u00e1 la <a data-id=\"836\" data-type=\"page\" href=\"https:\/\/praguetouristinformation.com\/es\/cosas-que-hacer\/monte-petrino\/torre-de-observacion\" style=\"outline: none;\">torre de observaci\u00f3n de Petrin<\/a> de 61 metros de altura , que se inspira en la Torre Eiffel de Par\u00eds, la iglesia Laurentius de la Edad Media y hermosos jardines.<\/p>\n<p>Subir la colina en s\u00ed tambi\u00e9n es una experiencia, ya que se puede llegar a Petrin Hill a pie o en telef\u00e9rico.<\/p>\n<h2 id=\"t-1670241661071\"><strong>6. Torre de televisi\u00f3n de \u017di\u017ekov<\/strong><\/h2>\n<p><span><img decoding=\"async\" alt=\"Torre de televisi\u00f3n de \u017di\u017ekov, Praga, Rep\u00fablica Checa\" data-id=\"1334\" width=\"702\" data-init-width=\"1000\" height=\"468\" data-init-height=\"667\" title=\"Torre de televisi\u00f3n de \u017di\u017ekov, Praga, Rep\u00fablica Checa\" loading=\"lazy\" src=\"https:\/\/praguetouristinformation.com\/es\/wp-content\/uploads\/2020\/11\/Zizkov-Fernsehturm.jpg\" data-width=\"702\" data-height=\"468\" data-pin-media=\"https:\/\/praguetouristinformation.com\/es\/wp-content\/uploads\/2021\/01\/4.jpg\" data-pin-description=\"12 besten Attraktionen in Prag [mit Karte] in 2022\" data-pin-url=\"https:\/\/praguetouristinformation.com\/es\/sehenswuerdigkeiten\/attraktionen?tve=true&amp;tcbf=2e81e0b3fe\" data-pinpro-key=\"xjulqughf\" style=\"aspect-ratio: auto 1000 \/ 667;\"><\/span><\/p>\n<p>La Torre de Televisi\u00f3n de \u017di\u017ekov, que se eleva con orgullo en el distrito del mismo nombre, est\u00e1 abierta al p\u00fablico. Con una altura de 216 metros, es uno de los edificios m\u00e1s altos de la ciudad y, por lo tanto, uno de los <a data-id=\"713\" data-type=\"page\" href=\"https:\/\/praguetouristinformation.com\/es\/cosas-que-hacer\/puntos-de-vista\" style=\"outline: none;\">miradores m\u00e1s populares de Praga<\/a> . Adem\u00e1s del panorama \u00fanico desde la plataforma de observaci\u00f3n a una altura de 95 metros, tambi\u00e9n hay un restaurante a una altura de 63 metros.<\/p>\n<h2 id=\"t-1670241661072\"><strong>7. Zool\u00f3gico de Praga<\/strong><\/h2>\n<p><span><img decoding=\"async\" alt=\"Zool\u00f3gico de Praga, Praga, Rep\u00fablica Checa\" data-id=\"1335\" width=\"702\" data-init-width=\"1000\" height=\"468\" data-init-height=\"667\" title=\"Zool\u00f3gico de Praga, Praga, Rep\u00fablica Checa\" loading=\"lazy\" src=\"https:\/\/praguetouristinformation.com\/es\/wp-content\/uploads\/2020\/11\/Prager-Zoo.jpg\" data-width=\"702\" data-height=\"468\" data-pin-media=\"https:\/\/praguetouristinformation.com\/es\/wp-content\/uploads\/2021\/01\/4.jpg\" data-pin-description=\"12 besten Attraktionen in Prag [mit Karte] in 2022\" data-pin-url=\"https:\/\/praguetouristinformation.com\/es\/sehenswuerdigkeiten\/attraktionen?tve=true&amp;tcbf=2e81e0b3fe\" data-pinpro-key=\"5l8kbcyys\" style=\"aspect-ratio: auto 1000 \/ 667;\"><\/span><\/p>\n<p>Con una superficie de 58 hect\u00e1reas, el Zool\u00f3gico de Praga es el parque de animales m\u00e1s grande de la Rep\u00fablica Checa. Es el hogar de m\u00e1s de 650 especies animales, incluidas especies en peligro de extinci\u00f3n.<\/p>\n<p>El zool\u00f3gico se encuentra en un paraje id\u00edlico del distrito de Troja, surcado por arroyos y cursos de agua. Esto contribuye significativamente al hecho de que el zool\u00f3gico de Praga es uno de los parques de animales m\u00e1s bellos del mundo. La jungla de Indonesia, la Casa de \u00c1frica y el Valle de los Elefantes son particularmente dignos de ver.<\/p>\n<h2 id=\"t-1670241661073\"><strong>8. Bicicleta de cerveza<\/strong><\/h2>\n<p><span><img decoding=\"async\" alt=\"Beer Bike, Praga, Rep\u00fablica Checa\" data-id=\"1337\" width=\"702\" data-init-width=\"1000\" height=\"468\" data-init-height=\"667\" title=\"Beer Bike, Praga, Rep\u00fablica Checa\" loading=\"lazy\" src=\"https:\/\/praguetouristinformation.com\/es\/wp-content\/uploads\/2020\/11\/Beer-Bike.jpg\" data-width=\"702\" data-height=\"468\" data-pin-media=\"https:\/\/praguetouristinformation.com\/es\/wp-content\/uploads\/2021\/01\/4.jpg\" data-pin-description=\"12 besten Attraktionen in Prag [mit Karte] in 2022\" data-pin-url=\"https:\/\/praguetouristinformation.com\/es\/sehenswuerdigkeiten\/attraktionen?tve=true&amp;tcbf=2e81e0b3fe\" data-pinpro-key=\"z1yhoe27b\" style=\"aspect-ratio: auto 1000 \/ 667;\"><\/span><\/p>\n<p>Una atracci\u00f3n excepcional de Praga que atrae especialmente a los j\u00f3venes es la Beer Bike. En este recorrido tur\u00edstico recorre la ciudad junto con amigos en una Beer Bike, que suele tener espacio para 15 personas. Mientras el gu\u00eda y el conductor muestran al grupo los lugares de inter\u00e9s de Praga, usted mismo puede disfrutar de la famosa <a data-id=\"723\" data-type=\"page\" href=\"https:\/\/praguetouristinformation.com\/es\/restaurantes\/cerveza-checa\" style=\"outline: none;\">cerveza checa<\/a> y explorar Praga al mismo tiempo.<\/p>\n<h2 id=\"t-1670241661074\"><strong>9. Vida nocturna<\/strong><\/h2>\n<p><span><img decoding=\"async\" alt=\"Vida nocturna, Praga, Rep\u00fablica Checa\" data-id=\"1338\" width=\"702\" data-init-width=\"1000\" height=\"468\" data-init-height=\"667\" title=\"Vida nocturna, Praga, Rep\u00fablica Checa\" loading=\"lazy\" src=\"https:\/\/praguetouristinformation.com\/es\/wp-content\/uploads\/2020\/11\/Nightlife.jpg\" data-width=\"702\" data-height=\"468\" data-pin-media=\"https:\/\/praguetouristinformation.com\/es\/wp-content\/uploads\/2021\/01\/4.jpg\" data-pin-description=\"12 besten Attraktionen in Prag [mit Karte] in 2022\" data-pin-url=\"https:\/\/praguetouristinformation.com\/es\/sehenswuerdigkeiten\/attraktionen?tve=true&amp;tcbf=2e81e0b3fe\" data-pinpro-key=\"q47xfdr0l\" style=\"aspect-ratio: auto 1000 \/ 667;\"><\/span><\/p>\n<p>La vida nocturna <a data-id=\"780\" data-type=\"page\" href=\"https:\/\/praguetouristinformation.com\/es\/la-vida-nocturna\" style=\"outline: none;\">en Praga<\/a> es legendaria por una raz\u00f3n. La variada y exuberante escena de bares y discotecas de Praga atrae a innumerables turistas a la ciudad cada a\u00f1o. Ya sean fiestas emocionantes, despedidas de soltero, rutas de bares o una agradable velada en una cervecer\u00eda al aire libre, la capital de la fiesta cumple todos los deseos de la vida nocturna. Los clubes y bares del casco antiguo de Praga son particularmente populares para la fiesta.<\/p>\n<h2 id=\"t-1670241661075\"><strong>10. Conciertos de m\u00fasica cl\u00e1sica<\/strong><\/h2>\n<p><span><img decoding=\"async\" alt=\"Conciertos de m\u00fasica cl\u00e1sica, Praga, Rep\u00fablica Checa\" data-id=\"1339\" width=\"702\" data-init-width=\"1000\" height=\"468\" data-init-height=\"667\" title=\"Conciertos de m\u00fasica cl\u00e1sica, Praga, Rep\u00fablica Checa\" loading=\"lazy\" src=\"https:\/\/praguetouristinformation.com\/es\/wp-content\/uploads\/2020\/11\/Klassische-Konzerte.jpg\" data-width=\"702\" data-height=\"468\" data-pin-media=\"https:\/\/praguetouristinformation.com\/es\/wp-content\/uploads\/2021\/01\/4.jpg\" data-pin-description=\"12 besten Attraktionen in Prag [mit Karte] in 2022\" data-pin-url=\"https:\/\/praguetouristinformation.com\/es\/sehenswuerdigkeiten\/attraktionen?tve=true&amp;tcbf=2e81e0b3fe\" data-pinpro-key=\"rra0s08rn\" style=\"aspect-ratio: auto 1000 \/ 667;\"><\/span><\/p>\n<p>Durante mucho tiempo, Praga fue considerada el centro de la m\u00fasica cl\u00e1sica. E incluso hoy en d\u00eda, los conciertos de m\u00fasica cl\u00e1sica se encuentran entre las atracciones m\u00e1s populares de Praga. No solo el compositor nacional checo Smetana, conocido por la pieza \u00abEl Moldau\u00bb, sino tambi\u00e9n los estrenos de las \u00f3peras de Mozart Don Giovanni y Figaro hicieron popular la musica cl\u00e1sica en Praga.<\/p>\n<p>Varias salas de conciertos, iglesias, palacios, teatros de \u00f3pera y teatros ofrecen conciertos de m\u00fasica cl\u00e1sica en un entorno impresionante.<\/p>\n<h2 id=\"t-1670241661076\"><strong>11. Crucero con cena<\/strong><\/h2>\n<p><span><img decoding=\"async\" alt=\"Crucero con cena, Praga, Rep\u00fablica Checa\" data-id=\"1340\" width=\"702\" data-init-width=\"1000\" height=\"468\" data-init-height=\"667\" title=\"Crucero con cena, Praga, Rep\u00fablica Checa\" loading=\"lazy\" src=\"https:\/\/praguetouristinformation.com\/es\/wp-content\/uploads\/2020\/11\/Dinner-Cruise.jpg\" data-width=\"702\" data-height=\"468\" data-pin-media=\"https:\/\/praguetouristinformation.com\/es\/wp-content\/uploads\/2021\/01\/4.jpg\" data-pin-description=\"12 besten Attraktionen in Prag [mit Karte] in 2022\" data-pin-url=\"https:\/\/praguetouristinformation.com\/es\/sehenswuerdigkeiten\/attraktionen?tve=true&amp;tcbf=2e81e0b3fe\" data-pinpro-key=\"s35uzpcz9\" style=\"aspect-ratio: auto 1000 \/ 667;\"><\/span><\/p>\n<p>En el crucero con cena, no solo puede admirar los monumentos de Praga desde el agua, sino tambi\u00e9n disfrutar de las delicias culinarias al mismo tiempo. El crucero suele tener lugar por la noche y ofrece un magn\u00edfico panorama de los monumentos iluminados. El tel\u00f3n de fondo rom\u00e1ntico se acompa\u00f1a de sonidos relajantes. No en vano, el paseo en barco con cena se considera el punto culminante de cualquier viaje a Praga.<\/p>\n<h2 id=\"t-1670241661077\"><strong>12. Aquapalace Praga<\/strong><\/h2>\n<p><span><img decoding=\"async\" alt=\"Aquapalace Praga, Praga, Rep\u00fablica Checa\" data-id=\"1343\" width=\"702\" data-init-width=\"1000\" height=\"375\" data-init-height=\"534\" title=\"Aquapalace Praga, Praga, Rep\u00fablica Checa\" loading=\"lazy\" src=\"https:\/\/praguetouristinformation.com\/es\/wp-content\/uploads\/2020\/11\/Aquapalace-Prag.jpg\" data-width=\"702\" data-height=\"375\" data-pin-media=\"https:\/\/praguetouristinformation.com\/es\/wp-content\/uploads\/2021\/01\/4.jpg\" data-pin-description=\"12 besten Attraktionen in Prag [mit Karte] in 2022\" data-pin-url=\"https:\/\/praguetouristinformation.com\/es\/sehenswuerdigkeiten\/attraktionen?tve=true&amp;tcbf=2e81e0b3fe\" data-pinpro-key=\"t4m6gxx9z\" style=\"aspect-ratio: auto 1000 \/ 534;\"><\/span><\/p>\n<p>Aquapalace Praga es el parque acu\u00e1tico cubierto m\u00e1s grande de Europa Central. El complejo deportivo y recreativo no solo es uno de los <a data-id=\"256\" data-type=\"page\" href=\"https:\/\/praguetouristinformation.com\/es\/cosas-que-hacer\/para-los-ninos\" style=\"outline: none;\">lugares de inter\u00e9s m\u00e1s populares de Praga para los ni\u00f1os<\/a> , sino que los adultos tambi\u00e9n pueden esperar acci\u00f3n, diversi\u00f3n y relajaci\u00f3n. Mientras los m\u00e1s peque\u00f1os juegan en el parque acu\u00e1tico infantil con un barco pirata hundido, los mayores pueden relajarse en el mundo de la sauna y en los jacuzzis.<\/p>\n<p>Atracciones como los toboganes turbo y el cuenco espacial proporcionan una descarga de adrenalina. Debido a que el parque acu\u00e1tico est\u00e1 cubierto, tambi\u00e9n es adecuado cuando llueve.<\/p>\n<ul>\n<li>Para m\u00e1s cosas que hacer en Praga cuando llueve, consulte nuestra lista: <a data-id=\"249\" data-type=\"page\" href=\"https:\/\/praguetouristinformation.com\/es\/cosas-que-hacer\/en-la-lluvia\" style=\"outline: none;\">Praga cuando llueve: 20 cosas que hacer cuando hace mal tiempo<\/a> .<\/li>\n<\/ul>\n<p style=\"text-align: center;\"><a href=\"https:\/\/www.google.com\/maps\/d\/u\/1\/viewer?hl=en&amp;mid=11qF9rtcBrnU6Z0pKwP4fwAZ4hfXiRruS&amp;ll=50.062571900351266%2C14.483832599999982&amp;z=12\" target=\"_blank\" rel=\"noopener\">(enlace al mapa)<\/a><\/p>\n","protected":false},"excerpt":{"rendered":"<p>\u00bfQu\u00e9 puedes hacer en Praga? Adem\u00e1s de las vistas cl\u00e1sicas de Praga , la capital checa ofrece una serie de emocionantes atracciones que har\u00e1n las delicias de ni\u00f1os y adultos. Aqu\u00ed est\u00e1 nuestra lista de las 12 mejores atracciones de Praga: Prague Visitor Pass El Prague Visitor Pass te da acceso a las principales atracciones, [&hellip;]<\/p>\n","protected":false},"author":6,"featured_media":1326,"parent":247,"menu_order":0,"comment_status":"closed","ping_status":"closed","template":"","meta":{"footnotes":""},"categories":[],"tags":[20,19],"class_list":["post-1090","page","type-page","status-publish","has-post-thumbnail","hentry","tag-featured","tag-sehenswuerdigkeiten","post-wrapper","thrv_wrapper"],"_links":{"self":[{"href":"https:\/\/praguetouristinformation.com\/es\/wp-json\/wp\/v2\/pages\/1090","targetHints":{"allow":["GET"]}}],"collection":[{"href":"https:\/\/praguetouristinformation.com\/es\/wp-json\/wp\/v2\/pages"}],"about":[{"href":"https:\/\/praguetouristinformation.com\/es\/wp-json\/wp\/v2\/types\/page"}],"author":[{"embeddable":true,"href":"https:\/\/praguetouristinformation.com\/es\/wp-json\/wp\/v2\/users\/6"}],"replies":[{"embeddable":true,"href":"https:\/\/praguetouristinformation.com\/es\/wp-json\/wp\/v2\/comments?post=1090"}],"version-history":[{"count":12,"href":"https:\/\/praguetouristinformation.com\/es\/wp-json\/wp\/v2\/pages\/1090\/revisions"}],"predecessor-version":[{"id":5241,"href":"https:\/\/praguetouristinformation.com\/es\/wp-json\/wp\/v2\/pages\/1090\/revisions\/5241"}],"up":[{"embeddable":true,"href":"https:\/\/praguetouristinformation.com\/es\/wp-json\/wp\/v2\/pages\/247"}],"wp:featuredmedia":[{"embeddable":true,"href":"https:\/\/praguetouristinformation.com\/es\/wp-json\/wp\/v2\/media\/1326"}],"wp:attachment":[{"href":"https:\/\/praguetouristinformation.com\/es\/wp-json\/wp\/v2\/media?parent=1090"}],"wp:term":[{"taxonomy":"category","embeddable":true,"href":"https:\/\/praguetouristinformation.com\/es\/wp-json\/wp\/v2\/categories?post=1090"},{"taxonomy":"post_tag","embeddable":true,"href":"https:\/\/praguetouristinformation.com\/es\/wp-json\/wp\/v2\/tags?post=1090"}],"curies":[{"name":"wp","href":"https:\/\/api.w.org\/{rel}","templated":true}]}}