{"id":1086,"date":"2020-10-26T09:21:25","date_gmt":"2020-10-26T09:21:25","guid":{"rendered":"https:\/\/praguetouristinformation.com\/es\/?page_id=1086"},"modified":"2023-05-03T11:57:59","modified_gmt":"2023-05-03T11:57:59","slug":"park-and-ride","status":"publish","type":"page","link":"https:\/\/praguetouristinformation.com\/es\/plan\/llegar\/park-and-ride","title":{"rendered":"Park and Ride Prague: Gu\u00eda con informaci\u00f3n y consejos"},"content":{"rendered":"<h3>Con tantos <a data-id=\"247\" data-type=\"page\" href=\"https:\/\/praguetouristinformation.com\/es\/cosas-que-hacer\" style=\"outline: none;\">lugares de inter\u00e9s como hay en Praga<\/a> , las plazas de aparcamiento son escasas.<\/h3>\n<p>Para que pueda encontrar f\u00e1cilmente un lugar, hemos creado la siguiente descripci\u00f3n general para usted.<\/p>\n<h2 id=\"t-1670245863412\">Aparcamientos Park and Ride<\/h2>\n<p><span><img decoding=\"async\" alt=\"\" data-id=\"3709\" width=\"688\" data-init-width=\"1000\" height=\"459\" data-init-height=\"667\" title=\"Estacionamiento\/garaje subterr\u00e1neo (Dof superficial; imagen en tonos de color)\" loading=\"lazy\" src=\"https:\/\/praguetouristinformation.com\/es\/wp-content\/uploads\/2022\/12\/parking-garage.jpg\" data-width=\"688\" data-height=\"459\" data-pinpro-key=\"f3hzr7mkh\"><\/span><\/p>\n<p>Hay instalaciones de Park and Ride en algunas estaciones de metro fuera del centro, alrededor de 20 en total. Estos son estacionamientos vigilados. Los horarios de apertura se basan en los tiempos de viaje de los trenes subterr\u00e1neos, los estacionamientos cierran a la 1:00 a.m. y abren nuevamente a las 4:00 a.m.<\/p>\n<p>Estos incluyen las siguientes instalaciones de Park &amp; Ride:<\/p>\n<ul>\n<li style=\"\">Skalka &#8211; metro l\u00ednea A &#8211; Praga 10<\/li>\n<\/ul>\n<ul>\n<li style=\"\">Zli\u010d\u00edn &#8211; metro l\u00ednea B &#8211; Praga 5<\/li>\n<\/ul>\n<ul>\n<li style=\"\">Nov\u00e9 Butovice &#8211; metro l\u00ednea B &#8211; Praga 13<\/li>\n<\/ul>\n<ul>\n<li style=\"\">Opatov &#8211; metro l\u00ednea C &#8211; Praga 11<\/li>\n<\/ul>\n<ul>\n<li style=\"\">Chodov &#8211; metro l\u00ednea C &#8211; Praga 19<\/li>\n<\/ul>\n<ul>\n<li style=\"\">L\u00e1dv\u00ed &#8211; metro l\u00ednea C &#8211; Praga 8<\/li>\n<\/ul>\n<ul>\n<li style=\"\">Rajsk\u00e1 zahrada \u2013 metro l\u00ednea B \u2013 Praga 14<\/li>\n<\/ul>\n<ul>\n<li style=\"\">\u010cern\u00fd most &#8211; metro l\u00ednea B &#8211; Praga 14<\/li>\n<\/ul>\n<ul>\n<li style=\"\">Palmovka &#8211; metro l\u00ednea B &#8211; Praga 8<\/li>\n<\/ul>\n<ul>\n<li>N\u00e1dra\u017e\u00ed Hole\u0161ovice &#8211; metro l\u00ednea C &#8211; Praga 7<\/li>\n<\/ul>\n<p>Junto con el ticket de aparcamiento, tambi\u00e9n se pueden adquirir billetes con descuento para el transporte p\u00fablico en las m\u00e1quinas del parking. Solo son v\u00e1lidos el d\u00eda del estacionamiento.<\/p>\n<h2 id=\"t-1670245863413\">Aparcamientos en el centro de la ciudad (abiertos las 24 horas)<\/h2>\n<p>Hay aparcamientos de pago de varios pisos por toda la ciudad, muchos de los cuales est\u00e1n cerca de estaciones de tren, <a data-id=\"247\" data-type=\"page\" href=\"https:\/\/praguetouristinformation.com\/es\/cosas-que-hacer\" style=\"outline: none;\">atracciones tur\u00edsticas<\/a> o centros <a data-id=\"200\" data-type=\"page\" href=\"https:\/\/praguetouristinformation.com\/es\/compras\/centro-comercial\" style=\"outline: none;\">comerciales<\/a> . Los precios comienzan alrededor de los 2,00 euros la hora y pueden subir hasta los 4,00 euros la hora.<\/p>\n<p>Muchos aparcamientos del centro est\u00e1n abiertos las 24 horas, incluidos:<\/p>\n<p>\u2022 Garaje de estacionamiento Palladium, que es uno de los m\u00e1s grandes con 900 espacios \u2022 Garaje ancla frente al centro comercial Palladium \u2022 Estacionamiento subterr\u00e1neo en el Teatro Nacional \u2022 Garaje Rudolfinum cerca <a data-id=\"664\" data-type=\"page\" href=\"https:\/\/praguetouristinformation.com\/es\/cosas-que-hacer\/puente-de-carlos\" style=\"outline: none;\">del Puente de Carlos<\/a> \u2022 Estacionamiento en Karlsplatz \u2022 Estacionamiento Wilson cerca de la <a data-id=\"98\" data-type=\"page\" href=\"https:\/\/praguetouristinformation.com\/es\/plan\/llegar\/estacion-central\" style=\"outline: none;\">Estaci\u00f3n Central<\/a> \u2022 Garaje Zentrum al lado de la \u00f3pera estatal<\/p>\n<h2 id=\"t-1670245863414\">Reserva de estacionamiento<\/h2>\n<p>Puedes reservar tu plaza de garaje con antelaci\u00f3n en <strong><a data-id=\"www.mrparkit.com\" data-type=\"URL\" href=\"http:\/\/www.mrparkit.com\" target=\"_blank\" style=\"outline: none;\" rel=\"noopener\">www.mrparkit.com<\/a><\/strong> . El pago es solo sin efectivo<\/p>\n<h2 id=\"t-1670245863415\">Costo de Park and Ride en Praga<\/h2>\n<p>Las instalaciones de Park and Ride est\u00e1n vigiladas y cuestan solo 20 CZK (aprox. 80 c\u00e9ntimos) por todo el d\u00eda (4:00 &#8211; 1:00) y 100 CZK (aprox. 4 EUR) por noche.<\/p>\n<h2 id=\"t-1670245863416\">Billetes de transporte p\u00fablico<\/h2>\n<p><span><img decoding=\"async\" alt=\"\" data-id=\"3635\" width=\"688\" data-init-width=\"1000\" height=\"459\" data-init-height=\"667\" title=\"Mano de mujer joven inserta el billete de autob\u00fas en el validador\" loading=\"lazy\" src=\"https:\/\/praguetouristinformation.com\/es\/wp-content\/uploads\/2022\/12\/prague-public-Transport.jpg\" data-width=\"688\" data-height=\"459\" data-pinpro-key=\"c5p5cooyn\"><\/span><\/p>\n<p>Hay varios billetes para <a data-id=\"775\" data-type=\"page\" href=\"https:\/\/praguetouristinformation.com\/es\/plan\/transporte-publico\" style=\"outline: none;\">el transporte p\u00fablico<\/a> .<\/p>\n<p>El billete de 30 minutos es v\u00e1lido durante media hora despu\u00e9s de la validaci\u00f3n y cuesta alrededor de 0,90 euros. Puedes hacer trasbordos tantas veces como quieras, cambiar de medio de transporte o interrumpir el viaje.<\/p>\n<p>El billete de 90 minutos es v\u00e1lido durante una hora y media despu\u00e9s de la validaci\u00f3n y cuesta alrededor de 2,00 euros. Puedes hacer trasbordos tantas veces como quieras, cambiar de medio de transporte o interrumpir el viaje<\/p>\n<p>Un billete de 24 o 72 horas se puede utilizar exactamente durante el n\u00famero de horas especificado despu\u00e9s de la validaci\u00f3n.<\/p>\n<p>Puede encontrar informaci\u00f3n m\u00e1s detallada <a data-id=\"775\" data-type=\"page\" href=\"https:\/\/praguetouristinformation.com\/es\/plan\/transporte-publico\" style=\"outline: none;\">aqu\u00ed.<\/a><\/p>\n<h2 id=\"t-1670245863417\">Zonas de estacionamiento en Praga<\/h2>\n<p><span><img decoding=\"async\" alt=\"\" data-id=\"3710\" width=\"688\" data-init-width=\"1000\" height=\"459\" data-init-height=\"667\" title=\"Aparcamiento de coches en una calle de un casco antiguo de\" loading=\"lazy\" src=\"https:\/\/praguetouristinformation.com\/es\/wp-content\/uploads\/2022\/12\/prague-parking-zones.jpg\" data-width=\"688\" data-height=\"459\" data-pinpro-key=\"tvjojf5wy\"><\/span><\/p>\n<p>Las zonas de estacionamiento en el centro de Praga est\u00e1n marcadas con diferentes colores. Muchos lugares en el centro de la ciudad est\u00e1n reservados para los residentes.<\/p>\n<ul>\n<li><strong>Zona azul:&nbsp;<\/strong> solo los residentes con un permiso de estacionamiento pueden estacionar aqu\u00ed.<\/li>\n<\/ul>\n<ul>\n<li><strong>Zona naranja<\/strong> : Estacionamiento de corto plazo: Se permite el estacionamiento de hasta 2 horas. Valido de 8:00 am a 6:00 pm precio por hora aprox 40 coronas<\/li>\n<\/ul>\n<ul>\n<li><strong>Zona verde:<\/strong> Aparcamiento de larga estancia: Se permite aparcar hasta 6 horas. Valido de 8:00 am a 6:00 pm precio por hora aprox 30 coronas<\/li>\n<\/ul>\n<h2 style=\"\">Reservas populares de transporte en Praga<\/h2>\n<p><!-- GetYourGuide Analytics -->[tcb-script async=\u00bb\u00bb defer=\u00bb\u00bb src=\u00bbhttps:\/\/widget.getyourguide.com\/dist\/pa.umd.production.min.js\u00bb data-gyg-partner-id=\u00bb0F6NPGN\u00bb][\/tcb-script]<\/p>\n<h2 id=\"t-1670245863418\">Venta de boletos de estacionamiento<\/h2>\n<p>En los aparcamientos p\u00fablicos existen m\u00e1quinas que emiten permisos temporales de estacionamiento. Est\u00e1n marcados con una gran \u00abP\u00bb azul. Se requiere un peque\u00f1o cambio para estas m\u00e1quinas.<\/p>\n<p>El ticket debe colocarse en un lugar visible en el salpicadero.<\/p>\n<h2 id=\"t-1670245863419\">aplicaciones m\u00f3viles<\/h2>\n<p>Las aplicaciones de tel\u00e9fonos m\u00f3viles como Parkov\u00e1n\u00ed le muestran el pr\u00f3ximo espacio de estacionamiento gratuito y c\u00f3mo llegar utilizando la navegaci\u00f3n real y le brindan informaci\u00f3n sobre los costos por adelantado.<\/p>\n<p>El pago por tel\u00e9fono m\u00f3vil tambi\u00e9n es posible en muchos casos.<\/p>\n<h2 id=\"t-1670245863420\">Estacionamiento gratis<\/h2>\n<p>En el centro de la ciudad es muy dif\u00edcil, si no imposible, encontrar plazas de aparcamiento gratuitas. Un poco fuera del centro de la ciudad puedes aparcar gratis al lado de la carretera. Algunos hoteles tambi\u00e9n ofrecen estacionamiento gratuito para sus hu\u00e9spedes.<\/p>\n<h2 id=\"t-1670245863421\">M\u00e1s garajes en Praga<\/h2>\n<p>Puede encontrar una descripci\u00f3n general de las opciones de estacionamiento en estacionamientos vigilados <a data-id=\"www.bezpecneparkovani.cz\" data-type=\"URL\" href=\"https:\/\/www.bezpecneparkovani.cz\/Intro_en.cms?ActiveID=1071\" target=\"_blank\" style=\"outline: none;\" rel=\"noopener\">en este enlace<\/a> .<\/p>\n<h2 id=\"t-1670245863422\">remolcar<\/h2>\n<p>Si el autom\u00f3vil recibi\u00f3 una garra de estacionamiento o incluso fue remolcado, el centro de informaci\u00f3n de la polic\u00eda puede proporcionar informaci\u00f3n en el +42 156. Las tarifas de la pinza de estacionamiento comienzan en 50 euros.<\/p>\n","protected":false},"excerpt":{"rendered":"<p>Con tantos lugares de inter\u00e9s como hay en Praga , las plazas de aparcamiento son escasas. Para que pueda encontrar f\u00e1cilmente un lugar, hemos creado la siguiente descripci\u00f3n general para usted. Aparcamientos Park and Ride Hay instalaciones de Park and Ride en algunas estaciones de metro fuera del centro, alrededor de 20 en total. Estos [&hellip;]<\/p>\n","protected":false},"author":6,"featured_media":2377,"parent":769,"menu_order":0,"comment_status":"open","ping_status":"closed","template":"","meta":{"footnotes":""},"categories":[],"tags":[32,33],"class_list":["post-1086","page","type-page","status-publish","has-post-thumbnail","hentry","tag-planung","tag-verkehr","post-wrapper","thrv_wrapper"],"_links":{"self":[{"href":"https:\/\/praguetouristinformation.com\/es\/wp-json\/wp\/v2\/pages\/1086","targetHints":{"allow":["GET"]}}],"collection":[{"href":"https:\/\/praguetouristinformation.com\/es\/wp-json\/wp\/v2\/pages"}],"about":[{"href":"https:\/\/praguetouristinformation.com\/es\/wp-json\/wp\/v2\/types\/page"}],"author":[{"embeddable":true,"href":"https:\/\/praguetouristinformation.com\/es\/wp-json\/wp\/v2\/users\/6"}],"replies":[{"embeddable":true,"href":"https:\/\/praguetouristinformation.com\/es\/wp-json\/wp\/v2\/comments?post=1086"}],"version-history":[{"count":6,"href":"https:\/\/praguetouristinformation.com\/es\/wp-json\/wp\/v2\/pages\/1086\/revisions"}],"predecessor-version":[{"id":4820,"href":"https:\/\/praguetouristinformation.com\/es\/wp-json\/wp\/v2\/pages\/1086\/revisions\/4820"}],"up":[{"embeddable":true,"href":"https:\/\/praguetouristinformation.com\/es\/wp-json\/wp\/v2\/pages\/769"}],"wp:featuredmedia":[{"embeddable":true,"href":"https:\/\/praguetouristinformation.com\/es\/wp-json\/wp\/v2\/media\/2377"}],"wp:attachment":[{"href":"https:\/\/praguetouristinformation.com\/es\/wp-json\/wp\/v2\/media?parent=1086"}],"wp:term":[{"taxonomy":"category","embeddable":true,"href":"https:\/\/praguetouristinformation.com\/es\/wp-json\/wp\/v2\/categories?post=1086"},{"taxonomy":"post_tag","embeddable":true,"href":"https:\/\/praguetouristinformation.com\/es\/wp-json\/wp\/v2\/tags?post=1086"}],"curies":[{"name":"wp","href":"https:\/\/api.w.org\/{rel}","templated":true}]}}