{"id":95,"date":"2024-06-26T20:01:33","date_gmt":"2024-06-26T20:01:33","guid":{"rendered":"http:\/\/praguetouristinformation.com\/?page_id=95"},"modified":"2025-07-23T14:12:37","modified_gmt":"2025-07-23T14:12:37","slug":"parking","status":"publish","type":"page","link":"https:\/\/praguetouristinformation.com\/en\/planning\/arrival\/parking","title":{"rendered":"Parking in Prague: Zones, Garages &#038; Costs"},"content":{"rendered":"<p style=\"\">Although there is sometimes a bit of increased traffic, driving in Prague itself is usually not a problem, but parking is.&nbsp;<\/p>\n<p>As many sights as there are in Prague, there are very few parking spaces. There are approximately 90,000 parking spaces in the center of Prague and the surrounding area, which are far from sufficient.<\/p>\n<h2 style=\"\" id=\"t-1753279768733\">Prague Visitor Pass<\/h2>\n<p><a href=\"https:\/\/praguevisitorpass.eu\/\" style=\"outline: none;\" data-lt-tmp-id=\"lt-212860\" spellcheck=\"false\" target=\"_blank\" rel=\"nofollow noopener\">The <strong>Prague Visitor Pass<\/strong> gives you access to the city\u2019s top sights, museums, and public transport \u2013 perfect for exploring Prague flexibly and efficiently. &nbsp;Use our exclusive discount code <strong><em>pragueti5<\/em><\/strong> to get <strong>5% off!<\/strong><\/a><\/p>\n<p>__CONFIG_colors_palette__{&#8220;active_palette&#8221;:0,&#8221;config&#8221;:{&#8220;colors&#8221;:{&#8220;110d6&#8221;:{&#8220;name&#8221;:&#8221;Main Accent&#8221;,&#8221;parent&#8221;:-1}},&#8221;gradients&#8221;:[]},&#8221;palettes&#8221;:[{&#8220;name&#8221;:&#8221;Default Palette&#8221;,&#8221;value&#8221;:{&#8220;colors&#8221;:{&#8220;110d6&#8221;:{&#8220;val&#8221;:&#8221;var(e8c68)&#8221;}},&#8221;gradients&#8221;:[]},&#8221;original&#8221;:{&#8220;colors&#8221;:{&#8220;110d6&#8221;:{&#8220;val&#8221;:&#8221;rgb(19, 114, 211)&#8221;,&#8221;hsl&#8221;:{&#8220;h&#8221;:210,&#8221;s&#8221;:0.83,&#8221;l&#8221;:0.45}}},&#8221;gradients&#8221;:[]}}]}__CONFIG_colors_palette__ <a href=\"https:\/\/praguevisitorpass.eu\/\" style=\"font-size: var(--tve-font-size, 14px) !important;\" rel=\"nofollow noopener\" target=\"_blank\"><span style=\"\">    <\/span> <span style=\"\"><span>More Details<\/span><\/span> <\/a>  [tcb-script async=&#8221;&#8221; src=&#8221;https:\/\/pagead2.googlesyndication.com\/pagead\/js\/adsbygoogle.js?client=ca-pub-2544811981665443&#8243; crossorigin=&#8221;anonymous&#8221;][\/tcb-script]<!-- PRAGUE Parking EN -->[tcb-script]     (adsbygoogle = window.adsbygoogle || []).push({});[\/tcb-script]<\/p>\n<h2 id=\"t-1671645052347\">Parking Zones<\/h2>\n<p><span><img decoding=\"async\" alt=\"Blue Parking Zone in Prague\" data-id=\"4312\" width=\"885\" data-init-width=\"1000\" data-init-height=\"667\" title=\"Blue Parking Zone in Prague\" loading=\"lazy\" src=\"https:\/\/praguetouristinformation.com\/en\/wp-content\/uploads\/2022\/12\/Prague-Blue-Zone-Parking.jpg\" data-width=\"885\" height=\"667\" data-pinpro-key=\"bn5v9f3in\" style=\"aspect-ratio: auto 1000 \/ 667;\"><\/span><\/p>\n<p>The city center is divided into parking zones. These are marked on a board with the traffic sign P, in addition there are stripes on the street in the corresponding color.<\/p>\n<ul>\n<li><strong>Blue: <\/strong>The parking zones are reserved for residents. Avoid parking your vehicle here at all costs, otherwise you risk a parking claw or the car will even be towed away.<\/li>\n<li><strong>Orange:<\/strong> In the orange zones parking is allowed for a maximum of 2 hours. The fees are about 1.20 euros per hour.<\/li>\n<li><strong>Green:<\/strong> In the green zones parking is allowed for a maximum of 6 hours. The fees are about 1.60 euros per hour.<\/li>\n<\/ul>\n<p>[tcb-script async=&#8221;&#8221; src=&#8221;https:\/\/pagead2.googlesyndication.com\/pagead\/js\/adsbygoogle.js?client=ca-pub-2544811981665443&#8243; crossorigin=&#8221;anonymous&#8221;][\/tcb-script]<!-- PRAGUE Parking EN -->[tcb-script]     (adsbygoogle = window.adsbygoogle || []).push({});[\/tcb-script]<\/p>\n<h2 id=\"t-1671645052348\">Parking Ticket Sales<\/h2>\n<p><span><img decoding=\"async\" alt=\"Prague Parking Ticket Sales\" data-id=\"4313\" width=\"885\" data-init-width=\"1000\" data-init-height=\"662\" title=\"Prague Parking Ticket Sales\" loading=\"lazy\" src=\"https:\/\/praguetouristinformation.com\/en\/wp-content\/uploads\/2022\/12\/Prague-Parking-Ticket-Sales.jpg\" data-width=\"885\" height=\"662\" data-pinpro-key=\"8e25zihh0\" style=\"aspect-ratio: auto 1000 \/ 662;\"><\/span><\/p>\n<p>A parking ticket can be taken from the machines right next to the parking signs. Please pay attention to the information boards at the traffic sign.<\/p>\n<p>The expression &#8220;parkovac\u00ed l\u00edstek&#8221; or &#8220;parkovac\u00ed karta&#8221; means to get a parking ticket at the parking machine,the expression &#8220;Bez omezen\u00cd&#8221; means &#8220;unlimited.<\/p>\n<h2 id=\"t-1671645052349\">Valuables in the Car<\/h2>\n<p>Never leave any valuables in the car when parked on the street. Also make sure not to leave any luggage visible in the vehicle.<\/p>\n<p>Car burglary and theft are not uncommon in Prague.<\/p>\n<p>[tcb-script async=&#8221;&#8221; src=&#8221;https:\/\/pagead2.googlesyndication.com\/pagead\/js\/adsbygoogle.js?client=ca-pub-2544811981665443&#8243; crossorigin=&#8221;anonymous&#8221;][\/tcb-script]<!-- PRAGUE Parking EN -->[tcb-script]     (adsbygoogle = window.adsbygoogle || []).push({});[\/tcb-script]<\/p>\n<h2 id=\"t-1753279918960\">Popular Tickets for Transportation in Prague:<\/h2>\n<ul>\n<li><a href=\"#tve-jump-19837a1d935\" rel=\"nofollow noopener\" target=\"_blank\" style=\"outline: none;\" data-lt-tmp-id=\"lt-986131\" spellcheck=\"false\" jump-animation=\"smooth\">Prague Visitor Pass: Official City Pass with Public Transport<\/a>&nbsp;<em>(Recommended)<\/em><\/li>\n<li><a href=\"https:\/\/gyg.me\/NX4lim0W\" rel=\"nofollow noopener\" target=\"_blank\" style=\"outline: none;\">Prague Airport: Shared shuttle to\/from V\u00e1clav Havel Airport<\/a>&nbsp;<em>(Bestseller)<\/em><\/li>\n<li><a href=\"https:\/\/gyg.me\/O1B6qXQJ\" rel=\"nofollow noopener\" target=\"_blank\" style=\"outline: none;\">Prague: Private Transfer from V\u00e1clav Havel Airport<\/a><\/li>\n<li><a data-lt-tmp-id=\"lt-127273\" href=\"https:\/\/www.headout.com\/r\/most-amazing-placesrecommends-E6TTM\/\" rel=\"nofollow noopener\" spellcheck=\"false\" target=\"_blank\" style=\"outline: none;\">Best of Prague: City tour by boat, bus and on foot<\/a>&nbsp;<\/li>\n<li><a href=\"https:\/\/www.headout.com\/r\/most-amazing-placesrecommends-FSqS3\/\" rel=\"nofollow noopener\" target=\"_blank\" style=\"outline: none;\">City Sightseeing: 24\/48-hour hop-on hop-off city tour of Prague with optional boat tour<\/a><em>&nbsp;<\/em><\/li>\n<li><a href=\"https:\/\/gyg.me\/IJ7vWLr4\" rel=\"nofollow noopener\" target=\"_blank\" style=\"outline: none;\">Prague: Hop-on Hop-Off Ticket for the historic tram line 42<\/a><\/li>\n<\/ul>\n<h2 id=\"t-1671645052350\">Mobile Apps<\/h2>\n<p>The Mr.Parkit mobile app shows the next free parking space in a parking garage.<\/p>\n<p><span><img decoding=\"async\" alt=\"\" data-id=\"4226\" width=\"885\" data-init-width=\"1000\" data-init-height=\"667\" title=\"Park and Ride Parking Garages Prague, Czech Republic\" loading=\"lazy\" src=\"https:\/\/praguetouristinformation.com\/en\/wp-content\/uploads\/2022\/12\/parking-garage.jpg\" data-width=\"885\" height=\"667\" data-pinpro-key=\"392vmyjni\" style=\"aspect-ratio: auto 1000 \/ 667;\"><\/span>[tcb-script async=&#8221;&#8221; src=&#8221;https:\/\/pagead2.googlesyndication.com\/pagead\/js\/adsbygoogle.js?client=ca-pub-2544811981665443&#8243; crossorigin=&#8221;anonymous&#8221;][\/tcb-script]<!-- PRAGUE Parking EN -->[tcb-script]     (adsbygoogle = window.adsbygoogle || []).push({});[\/tcb-script]<\/p>\n<h2 id=\"t-1753279918961\">Parking Garages<\/h2>\n<p>There are paid parking garages all over the city, many of which are located near train stations, tourist attractions, shopping centers and large hotels. Parking garages are guarded. Prices start at 2, &#8212; Euro per hour, 24 hours cost from about 30 Euro.<\/p>\n<p>We have compiled a few of the largest and most central ones for you:<\/p>\n<ul>\n<li><strong>Palladium Underground Parking Garage:&nbsp;<\/strong>The largest public underground parking garage in the center is located under the Palladium shopping center, 1 Republic Square, Praha 1.<\/li>\n<li><strong>Parking Centrum: <\/strong>Next to the main railway station, the State Opera House and close to Wenceslas Square is the largest parking garage in Prague, Parking Centrum at 6 Wilsonov\u00e1 Street, with 440 parking spaces.<\/li>\n<li><strong>Millenium Underground Parking Garage:&nbsp;<\/strong>The Millenium underground parking garage under the Mariott Hotel offers 440 parking spaces and is centrally located near Prague&#8217;s Masarykovo N\u00e1dra\u017e\u00ed city railway station.<\/li>\n<li><strong><strong>Rudofinium&nbsp;<\/strong>Underground Parking:<\/strong> Directly on the Vltava River and near the Charles Bridge is Rudofinium underground parking garage with 450 parking spaces. The garage is under 24-hour camera surveillance and is located at Al\u0161ovo N\u00e1b\u0159e\u017e\u00ed 12, 11000 Prague 1.<\/li>\n<\/ul>\n<h2 id=\"t-1671645052352\">Hotel Parking<\/h2>\n<p>Many hotels in Prague offer private parking for a fee. These parking lots are often video monitored or even completely locked and are considered very safe.<\/p>\n<h2 id=\"t-1671645052353\">Park &amp; Ride<\/h2>\n<p>There are a total of 16 Park &amp; Ride lots in Prague, all located just outside the city limits. Many of them are video-monitored. Most of them are connected to the metro network, some to bus services. The parking lots are metered, but usually much cheaper than the parking garages in the city center, parking for less than 1 euro per day is possible.<\/p>\n<p>Park &amp; Ride parking is available at the following subway stations:<\/p>\n<ul>\n<li><strong>Line A<\/strong>: Skalka<\/li>\n<li><strong>Line B<\/strong>: \u010cern\u00fd Most, Nov\u00e9 Butovice, Palmovka, Rajsk\u00e1 zahrada, Zli\u010d\u00edn<\/li>\n<li><strong>Line C<\/strong>: Chodov, Depo Hostiva\u0159, L\u00e1dv\u00ed, Let\u0148any, N\u00e1dra\u017e\u00ed Hole\u0161ovice, Opatov<\/li>\n<\/ul>\n<p>These Park &amp; Ride parking lots close at 1 o&#8217;clock in the morning. After that, you can only pick up your vehicle again from 4 a.m. for an extra charge of 200 crowns (4 euros).&nbsp;<\/p>\n<p>Along with the parking ticket, you can also buy discounted tickets for public transport at the ticket machines in the parking lots, these are valid only on the same day.<\/p>\n<p>[tcb-script async=&#8221;&#8221; src=&#8221;https:\/\/pagead2.googlesyndication.com\/pagead\/js\/adsbygoogle.js?client=ca-pub-2544811981665443&#8243; crossorigin=&#8221;anonymous&#8221;][\/tcb-script]<!-- PRAGUE Parking EN -->[tcb-script]     (adsbygoogle = window.adsbygoogle || []).push({});[\/tcb-script]<\/p>\n<h2 id=\"t-1671645052354\">Free Parking<\/h2>\n<p>Outside the parking zones, parking is free of charge. Parking is also free of charge in the outdoor areas.<\/p>\n<p>Many hotels offer free parking.<\/p>\n<h2 id=\"t-1671645052355\">Towing<\/h2>\n<p><span><img decoding=\"async\" alt=\"Prague Car Towing\" data-id=\"4314\" width=\"690\" data-init-width=\"1000\" data-init-height=\"667\" title=\"Prague Car Towing\" loading=\"lazy\" src=\"https:\/\/praguetouristinformation.com\/en\/wp-content\/uploads\/2022\/12\/Prague-Car-Towing.jpg\" data-width=\"690\" height=\"667\" data-pinpro-key=\"0f0brx2tp\" style=\"aspect-ratio: auto 1000 \/ 667;\"><\/span><\/p>\n<p>If your car received a parking claw or even been towed, please call the Prague City Police at +420 156.<\/p>\n<p>They usually come relatively quickly and unblocks the car with payment. The fees for this start at a minimum of 50,&#8211; Euro.<\/p>\n<p>Towing is significantly more expensive.<\/p>\n<p>[tcb-script async=&#8221;&#8221; src=&#8221;https:\/\/pagead2.googlesyndication.com\/pagead\/js\/adsbygoogle.js?client=ca-pub-2544811981665443&#8243; crossorigin=&#8221;anonymous&#8221;][\/tcb-script]<!-- PRAGUE Parking EN -->[tcb-script]     (adsbygoogle = window.adsbygoogle || []).push({});[\/tcb-script]<\/p>\n<h3 style=\"\">Related Articles<\/h3>\n<p><a href=\"https:\/\/praguetouristinformation.com\/en\/planning\/public-transport\" dynamic-postlink=\"tcb_post_the_permalink\" data-shortcode-id=\"1086\"><\/a><\/p>\n<h2 style=\"padding-top: 0px !important; margin-top: 0px !important; text-align: center;\" id=\"t-1753279918962\"><span data-shortcode=\"tcb_post_title\" data-shortcode-name=\"Post title\" data-extra_key=\"\" data-attr-link=\"1\" data-attr-target=\"0\" data-attr-rel=\"0\" data-option-inline=\"1\" data-attr-static-link=\"{&quot;className&quot;:&quot;&quot;,&quot;href&quot;:&quot;https:\/\/praguetouristinformation.com\/en\/planning\/public-transport&quot;,&quot;title&quot;:&quot;Public Transport in Prague: Fares, Tickets &amp; Tips&quot;,&quot;class&quot;:&quot;&quot;}\" data-attr-css=\"\"><a href=\"https:\/\/praguetouristinformation.com\/en\/planning\/public-transport\" title=\"Public Transport in Prague: Fares, Tickets &amp; Tips\" data-css=\"\">Public Transport in Prague: Fares, Tickets &amp; Tips<\/a><\/span><\/h2>\n<p><a href=\"https:\/\/praguetouristinformation.com\/en\/planning\/arrival\/taxi\" dynamic-postlink=\"tcb_post_the_permalink\" data-shortcode-id=\"1086\"><\/a><\/p>\n<h2 style=\"padding-top: 0px !important; margin-top: 0px !important; text-align: center;\" id=\"t-1753279918962\"><span data-shortcode=\"tcb_post_title\" data-shortcode-name=\"Post title\" data-extra_key=\"\" data-attr-link=\"1\" data-attr-target=\"0\" data-attr-rel=\"0\" data-option-inline=\"1\" data-attr-static-link=\"{&quot;className&quot;:&quot;&quot;,&quot;href&quot;:&quot;https:\/\/praguetouristinformation.com\/en\/planning\/public-transport&quot;,&quot;title&quot;:&quot;Public Transport in Prague: Fares, Tickets &amp; Tips&quot;,&quot;class&quot;:&quot;&quot;}\" data-attr-css=\"\"><a href=\"https:\/\/praguetouristinformation.com\/en\/planning\/arrival\/taxi\" title=\"Taxis in Prague: Important Info, Fares &amp; Tips\" data-css=\"\">Taxis in Prague: Important Info, Fares &amp; Tips<\/a><\/span><\/h2>\n<p><a href=\"https:\/\/praguetouristinformation.com\/en\/planning\/arrival\/park-and-ride\" dynamic-postlink=\"tcb_post_the_permalink\" data-shortcode-id=\"1086\"><\/a><\/p>\n<h2 style=\"padding-top: 0px !important; margin-top: 0px !important; text-align: center;\" id=\"t-1753279918962\"><span data-shortcode=\"tcb_post_title\" data-shortcode-name=\"Post title\" data-extra_key=\"\" data-attr-link=\"1\" data-attr-target=\"0\" data-attr-rel=\"0\" data-option-inline=\"1\" data-attr-static-link=\"{&quot;className&quot;:&quot;&quot;,&quot;href&quot;:&quot;https:\/\/praguetouristinformation.com\/en\/planning\/public-transport&quot;,&quot;title&quot;:&quot;Public Transport in Prague: Fares, Tickets &amp; Tips&quot;,&quot;class&quot;:&quot;&quot;}\" data-attr-css=\"\"><a href=\"https:\/\/praguetouristinformation.com\/en\/planning\/arrival\/park-and-ride\" title=\"Prague Park and Ride: Info &amp; Tips\" data-css=\"\">Prague Park and Ride: Info &amp; Tips<\/a><\/span><\/h2>\n<p><a href=\"https:\/\/praguetouristinformation.com\/en\/planning\/arrival\" dynamic-postlink=\"tcb_post_the_permalink\" data-shortcode-id=\"1086\"><\/a><\/p>\n<h2 style=\"padding-top: 0px !important; margin-top: 0px !important; text-align: center;\" id=\"t-1753279918962\"><span data-shortcode=\"tcb_post_title\" data-shortcode-name=\"Post title\" data-extra_key=\"\" data-attr-link=\"1\" data-attr-target=\"0\" data-attr-rel=\"0\" data-option-inline=\"1\" data-attr-static-link=\"{&quot;className&quot;:&quot;&quot;,&quot;href&quot;:&quot;https:\/\/praguetouristinformation.com\/en\/planning\/public-transport&quot;,&quot;title&quot;:&quot;Public Transport in Prague: Fares, Tickets &amp; Tips&quot;,&quot;class&quot;:&quot;&quot;}\" data-attr-css=\"\"><a href=\"https:\/\/praguetouristinformation.com\/en\/planning\/arrival\" title=\"Guide to Arrival in Prague\" data-css=\"\">Guide to Arrival in Prague<\/a><\/span><\/h2>\n","protected":false},"excerpt":{"rendered":"<p>Although there is sometimes a bit of increased traffic, driving in Prague itself is usually not a problem, but parking is.&nbsp; As many sights as there are in Prague, there are very few parking spaces. There are approximately 90,000 parking spaces in the center of Prague and the surrounding area, which are far from sufficient. [&hellip;]<\/p>\n","protected":false},"author":6,"featured_media":2380,"parent":769,"menu_order":0,"comment_status":"closed","ping_status":"closed","template":"","meta":{"footnotes":""},"categories":[],"tags":[50,55],"class_list":["post-95","page","type-page","status-publish","has-post-thumbnail","hentry","tag-planning","tag-trrafic","post-wrapper","thrv_wrapper"],"_links":{"self":[{"href":"https:\/\/praguetouristinformation.com\/en\/wp-json\/wp\/v2\/pages\/95","targetHints":{"allow":["GET"]}}],"collection":[{"href":"https:\/\/praguetouristinformation.com\/en\/wp-json\/wp\/v2\/pages"}],"about":[{"href":"https:\/\/praguetouristinformation.com\/en\/wp-json\/wp\/v2\/types\/page"}],"author":[{"embeddable":true,"href":"https:\/\/praguetouristinformation.com\/en\/wp-json\/wp\/v2\/users\/6"}],"replies":[{"embeddable":true,"href":"https:\/\/praguetouristinformation.com\/en\/wp-json\/wp\/v2\/comments?post=95"}],"version-history":[{"count":17,"href":"https:\/\/praguetouristinformation.com\/en\/wp-json\/wp\/v2\/pages\/95\/revisions"}],"predecessor-version":[{"id":7489,"href":"https:\/\/praguetouristinformation.com\/en\/wp-json\/wp\/v2\/pages\/95\/revisions\/7489"}],"up":[{"embeddable":true,"href":"https:\/\/praguetouristinformation.com\/en\/wp-json\/wp\/v2\/pages\/769"}],"wp:featuredmedia":[{"embeddable":true,"href":"https:\/\/praguetouristinformation.com\/en\/wp-json\/wp\/v2\/media\/2380"}],"wp:attachment":[{"href":"https:\/\/praguetouristinformation.com\/en\/wp-json\/wp\/v2\/media?parent=95"}],"wp:term":[{"taxonomy":"category","embeddable":true,"href":"https:\/\/praguetouristinformation.com\/en\/wp-json\/wp\/v2\/categories?post=95"},{"taxonomy":"post_tag","embeddable":true,"href":"https:\/\/praguetouristinformation.com\/en\/wp-json\/wp\/v2\/tags?post=95"}],"curies":[{"name":"wp","href":"https:\/\/api.w.org\/{rel}","templated":true}]}}