{"id":838,"date":"2024-06-26T20:00:25","date_gmt":"2024-06-26T20:00:25","guid":{"rendered":"http:\/\/praguetouristinformation.com\/?page_id=838"},"modified":"2024-06-26T20:00:25","modified_gmt":"2024-06-26T20:00:25","slug":"petrin-hill","status":"publish","type":"page","link":"https:\/\/praguetouristinformation.com\/en\/sightseeing\/petrin-hill","title":{"rendered":"Guide to Petrin Hill: Sights, Things to Do &#038; Cable Car"},"content":{"rendered":"<h1>Guide to Petrin Hill: Sights, Things to Do &amp; Cable Car<\/h1>\n<p>Petrin is a wooded hill in <a href=\"https:\/\/praguetouristinformation.com\/en\/sightseeing\/lesser-town\" target=\"_blank\" style=\"outline: none;\" rel=\"noopener\">Prague&#8217;s Lesser Town<\/a> with landmarks such as Petrin Tower, the observatory and viewpoints.<\/p>\n<p>At 318 meters, Petrin Hill, also known as Laurenzi Hill, is the highest hill in Prague. It is located on the left bank of the Vltava River, to the west of the Prague city center, and is known mainly for its unique panorama as well as its extensive green areas.Petrin, which boasts numerous attractions and experiences, is one of the <a href=\"https:\/\/praguetouristinformation.com\/en\/sightseeing\" target=\"_blank\" style=\"outline: none;\" rel=\"noopener\">top sights in Prague.<\/a><\/p>\n<p><span><img decoding=\"async\" alt=\"Was kann ich auf dem Petrin H\u00fcgel machen\" data-id=\"1644\" width=\"1000\" data-init-width=\"1000\" height=\"667\" data-init-height=\"667\" title=\"Was kann ich auf dem Petrin H\u00fcgel machen\" loading=\"lazy\" src=\"\/\/praguetouristinformation.com\/wp-content\/uploads\/2020\/11\/Was-kann-ich-auf-dem-Petrin-Huegel-machen.jpg\" data-width=\"1000\" data-height=\"667\" data-pin-media=\"https:\/\/praguetouristinformation.com\/wp-content\/uploads\/2021\/01\/prag_petrin_huegel_pinterest.jpg\" data-pin-description=\"Petrin Hill in Prague | Sights and tips\" data-pin-url=\"https:\/\/praguetouristinformation.com\/en\/sightseeing\/petrin-hill?tve=true&amp;tcbf=f0f6125fd3\"><\/span><\/p>\n<h2>What Can I Do on Petrin Hill?<\/h2>\n<p>Petrin Hill near <a href=\"https:\/\/praguetouristinformation.com\/en\/sightseeing\/prague-castle\" target=\"_blank\" style=\"outline: none;\" rel=\"noopener\">Prague Castle<\/a> is a popular destination and is considered one of the most romantic places in Prague, especially in the spring. In the middle of the city, it offers an idyllic retreat with its parks and gardens and enjoys great popularity among tourists and locals alike.In addition to the green spaces, consisting of the Rose Garden, Kinsk\u00fd Garden, Strahov Garden and the Seminary Garden, you can also expect to see quite a few sights on the hill.<\/p>\n<h3>Places of Interest:<\/h3>\n<ul>\n<li style=\"\"><span style=\"\"><a href=\"https:\/\/praguetouristinformation.com\/en\/sightseeing\/best-viewpoints\" style=\"outline: none;\"><strong>Petrin Observation Tower:&nbsp;<\/strong>The top of the hill is dominated by the 63.5 meter high Petrin Observation Tower. It is a scaled-down replica of the Eiffel Tower in Paris and the highest lookout point in Prague. In the tower, in addition to a viewing platform at a height of 51 meters, there is a caf\u00e9, a souvenir shop and a small exhibition about the history of the observation tower and hill.<\/a><\/span><\/li>\n<li><span style=\"\"><strong>Observatory: <\/strong>The \u0160tef\u00e1nik Observatory, built in 1928, lets you look up at the starry sky. The observatory, named after the Slovak astronomer Milan Rastislav \u0160tef\u00e1nik, has three domes containing the main telescopes that allow you to look up at the starry sky. Furthermore, there is a permanent exhibition about astronomy.<\/span><\/li>\n<li><span style=\"\"><strong>Cable Car on the Hill:<\/strong> The cable car, which opened in 1891, takes you on a 510-meter route to Petrin Hill. The ride in the glazed cabin at a height of 130 meters is already a special experience thanks to the magnificent scenery.<\/span><\/li>\n<li><span style=\"\"><strong>Viewing Platform:&nbsp;<\/strong>In addition to the <a href=\"https:\/\/www.google.com\/maps\/place\/Petrin+G\u00f6zlem+Kulesi\/@50.0835039,14.3949968,21z\/data=!4m22!1m16!4m15!1m6!1m2!1s0x470b94fd0d4bbd77:0x71df31ffc1afc191!2zQXVzc2ljaHRzdHVybSBQZXTFmcOtbiwgUGV0xZnDrW5za8OpIHNhZHksIEtsZWluc2VpdGUsIFRzY2hlY2hpZW4!2m2!1d14.3950837!2d50.083527!1m6!1m2!1s0x470b94fc529c8599:0x8996723c37d91026!2sObservation+Deck,+Pet\u0159\u00ednsk\u00e9+sady+242,+150+00+Praha+5-Sm\u00edchov,+Tschechien!2m2!1d14.4010521!2d50.0802155!3e3!3m4!1s0x470b94fd0d4bbd77:0x71df31ffc1afc191!8m2!3d50.083527!4d14.3950837\" target=\"_blank\" style=\"outline: none;\" rel=\"noopener nofollow\">viewing platform<\/a> in Petrin Tower, there is another <a href=\"https:\/\/www.google.com\/maps\/place\/Observation+Deck\/@50.0804922,14.3983428,16z\/data=!4m12!1m6!3m5!1s0x470b94fc529c8599:0x8996723c37d91026!2sObservation+Deck!8m2!3d50.0802155!4d14.4010521!3m4!1s0x470b94fc529c8599:0x8996723c37d91026!8m2!3d50.0802155!4d14.4010521\" target=\"_blank\" rel=\"noopener nofollow\">viewing platform<\/a> on the southeast part of the hill.<\/span><\/li>\n<li><span style=\"\"><strong>Monument to the Victims of Communism: <\/strong>Still at the foot of the hill, not far from the bottom station of the cable car at \u00dajezd, there is the Monument to the Victims of Communism. The sculptural group of seven bronze figures commemorating the victims of the communist era in Czechoslovakia was made by the sculptor Olbram Zoubek.<\/span><\/li>\n<li><span style=\"\"><strong>Mirror Maze: <\/strong>A mirror maze near the lookout tower provides fun and entertainment, especially for children. It is the favorite for family outings.<\/span><\/li>\n<li><span style=\"\"><strong>Famine Wall: <\/strong>On the edge of the Kinsk\u00fd Garden you will come across the old Famine Wall. It is a city fortification from the 14th century, built during a famine at the behest of Charles IV.<\/span><\/li>\n<li><span style=\"\"><span style=\"font-weight: normal;\"><b>St. Lawrence Church:<\/b><\/span><b>&nbsp;<\/b><b>The baroque church dates back to the 10th century and is dedicated to St. Lawrence.<\/b><\/span><\/li>\n<li><span><b>Church of St. Michael the Archangel on Mount Petrin: <span style=\"font-weight: normal;\">The wooden church from the 18th century originally came from present-day Ukraine and was brought to its present location only in 1929.<\/span><\/b><\/span><\/li>\n<\/ul>\n<p><span><img decoding=\"async\" alt=\"Eintritt, Tickets und F\u00fchrungen\" data-id=\"1646\" width=\"1000\" data-init-width=\"1000\" height=\"667\" data-init-height=\"667\" title=\"Eintritt, Tickets und F\u00fchrungen\" loading=\"lazy\" src=\"\/\/praguetouristinformation.com\/wp-content\/uploads\/2020\/11\/Eintritt-Tickets-und-Fuehrungen-4.jpg\" data-width=\"1000\" data-height=\"667\" data-pin-media=\"https:\/\/praguetouristinformation.com\/wp-content\/uploads\/2021\/01\/prag_petrin_huegel_pinterest.jpg\" data-pin-description=\"Petrin Hill in Prague | Sights and tips\" data-pin-url=\"https:\/\/praguetouristinformation.com\/en\/sightseeing\/petrin-hill?tve=true&amp;tcbf=f0f6125fd3\"><\/span><\/p>\n<h2>Admission, Tickets and Guided Tours<\/h2>\n<ul>\n<li style=\"\"><span style=\"\"><b>Viewing Tower ticket: <span style=\"font-weight: normal;\">To visit the viewing tower, you must purchase an admission ticket. You can find an overview of the current admission prices <\/span><b><a href=\"http:\/\/en.muzeumprahy.cz\/opening-hours-and-admission\/\" target=\"_blank\" rel=\"noopener nofollow\"><span style=\"font-weight: normal;\">here<\/span><\/a><b><span style=\"font-weight: normal;\">.<\/span><\/b><\/b><\/b><\/span><\/li>\n<li><span><b>Ticket Mirror Maze: <span style=\"font-weight: normal;\">&nbsp;Visits to the Mirror Maze are possible after purchasing a single or combination ticket. Current prices can be found&nbsp;<\/span><b><a href=\"http:\/\/en.muzeumprahy.cz\/opening-hours-and-admission\/\" target=\"_blank\" style=\"outline: none;\" rel=\"noopener nofollow\"><span style=\"font-weight: normal;\">here<\/span><\/a><b><span style=\"font-weight: normal;\">.<\/span><\/b><\/b><\/b><\/span><\/li>\n<li><span><\/span><\/li>\n<li><span><\/span><\/li>\n<li><span><strong>Combined Ticket: <span style=\"font-weight: normal;\">A combined ticket that gives access to the Petrin Observation Tower as well as the mirror maze is also available.<\/span><\/strong><strong><\/strong><strong><\/strong><strong><\/strong><\/span><\/li>\n<li><span><strong><strong>Observatory Ticket: <\/strong><\/strong>The current entrance fees for the \u0160tef\u00e1nik Observatory can be found on the official <a href=\"https:\/\/www.planetum.cz\/stefanik_observatory\/\" target=\"_blank\" rel=\"noopener nofollow\">website<\/a>.<\/span><\/li>\n<li><span><b>Guided Tours:<span style=\"font-weight: normal;\"> Guided tours of Petrin and its sights are offered by various private operators.<\/span><\/b><\/span><\/li>\n<\/ul>\n<p><span><img decoding=\"async\" alt=\"Wie komme ich auf den H\u00fcgel\" data-id=\"1648\" width=\"1000\" data-init-width=\"1000\" height=\"667\" data-init-height=\"667\" title=\"Wie komme ich auf den H\u00fcgel\" loading=\"lazy\" src=\"\/\/praguetouristinformation.com\/wp-content\/uploads\/2020\/11\/Wie-komme-ich-auf-den-Huegel.jpg\" data-width=\"1000\" data-height=\"667\" style=\"\" data-pin-media=\"https:\/\/praguetouristinformation.com\/wp-content\/uploads\/2021\/01\/prag_petrin_huegel_pinterest.jpg\" data-pin-description=\"Petrin Hill in Prague | Sights and tips\" data-pin-url=\"https:\/\/praguetouristinformation.com\/en\/sightseeing\/petrin-hill?tve=true&amp;tcbf=f0f6125fd3\"><\/span><\/p>\n<h2>How Do I Get to Petrin Hill?<\/h2>\n<p>Petrin Hill is located in the Lesser Town of Prague. The easiest way to get to Petrin Hill is by cable car. To reach the &#8220;\u00dajezd&#8221; station, the bottom station of the cable car, it is best to take streetcar lines 9, 12, 15, 20 or 22. Once at the top of the hill, you will find yourself in a park. About 240 meters to the north is the Petrin Observation Tower.Alternatively, you can climb the hill on foot.<strong>Tip<\/strong><strong>: <\/strong>If you get off one stop earlier (&#8220;Neboz\u00edzek&#8221;), you can visit the Neboz\u00edzek restaurant, which also offers a unique view.<\/p>\n<h3>Petrin Cable Car<\/h3>\n<p>The Petrin cable car from 1891 runs along the route \u00dajezd &#8211; Neboz\u00edzek &#8211; Pet\u0159\u00edn. It is part of Prague&#8217;s <a href=\"https:\/\/praguetouristinformation.com\/en\/plannig\/public-transport\" target=\"_blank\" style=\"outline: none;\" rel=\"noopener\">public transport<\/a> system and runs every 15 minutes in the winter months and every 10 minutes in the summer months. The ride lasts about 5 minutes and opens up magnificent views of Prague.<\/p>\n<p><strong><span style=\"color: var(--tcb-skin-color-4);\">Tickets for the Cable Car:<\/span><\/strong><span style=\"color: var(--tcb-skin-color-4);\"> Cable car tickets can be reserved in advance. Booking in advance is recommended on weekends, vacations and vacations.<\/span><\/p>\n<p><span><img decoding=\"async\" alt=\"Geschichte\" data-id=\"1650\" width=\"1000\" data-init-width=\"1000\" height=\"667\" data-init-height=\"667\" title=\"Geschichte\" loading=\"lazy\" src=\"\/\/praguetouristinformation.com\/wp-content\/uploads\/2020\/11\/Geschichte-2.jpg\" data-width=\"1000\" data-height=\"667\" data-pin-media=\"https:\/\/praguetouristinformation.com\/wp-content\/uploads\/2021\/01\/prag_petrin_huegel_pinterest.jpg\" data-pin-description=\"Petrin Hill in Prague | Sights and tips\" data-pin-url=\"https:\/\/praguetouristinformation.com\/en\/sightseeing\/petrin-hill?tve=true&amp;tcbf=f0f6125fd3\"><\/span><\/p>\n<h2>FAQ (Frequently Asked Questions)<\/h2>\n<p><span><img decoding=\"async\" alt=\"Was kann ich im Aussichtsturm Petrin machen\" data-id=\"1597\" width=\"1000\" data-init-width=\"1000\" height=\"667\" data-init-height=\"667\" title=\"Was kann ich im Aussichtsturm Petrin machen\" loading=\"lazy\" src=\"https:\/\/praguetouristinformation.com\/wp-content\/uploads\/2020\/11\/Was-kann-ich-im-Aussichtsturm-Petrin-machen.jpg\" data-width=\"1000\" data-height=\"667\" data-pin-media=\"https:\/\/praguetouristinformation.com\/wp-content\/uploads\/2021\/01\/prag_petrin_huegel_pinterest.jpg\" data-pin-description=\"Petrin Hill in Prague | Sights and tips\" data-pin-url=\"https:\/\/praguetouristinformation.com\/en\/sightseeing\/petrin-hill?tve=true&amp;tcbf=f0f6125fd3\"><\/span><\/p>\n<h2>History of Petrin Hill<\/h2>\n<p>The first written mention of Petrin Hill dates back to 1108, when the hill was called Laurenziberg, derived from the 10th century St. Laurentius Church located on the hill. At that time the forest was heavily wooded.It is only from the 17th century that the name Petrin, probably from the Latin word petrus &#8211; rock, comes to the fore. This fact is due to the fact that in its early past the hill was used as a quarry.From the Middle Ages onwards, part of the heavily wooded hill had to give way to vineyards as well as cultivated land &#8211; even today, numerous vineyards can be found on Petrin Hill.From the 10th century the hill was additionally used as a place of execution. This is also evident from the first written record, when the last members of the Vr\u0161ovci ruling family were executed here.Over the centuries, buildings such as the Hunger Wall (14th century), the Petrin Observation Tower, the cable car and the Mirror Maze, which were built on the occasion of the Industrial Exhibition in 1891, the observatory (1929), and the Church of St. Archangel Michael on Pet\u0159\u00edn Hill, which was moved to the hill from Carpathian Ukraine in 1929, followed.Even today, Petrin Hill is very forested and is a popular recreation area for the locals as well as tourists from all over the world.<\/p>\n<p style=\"text-align: center;\">Also Interesting<\/p>\n<p><a href=\"https:\/\/praguetouristinformation.com\/en\/sightseeing\/kids-in-prague\" dynamic-postlink=\"tcb_post_the_permalink\" data-shortcode-id=\"256\"><\/a><\/p>\n<p style=\"text-align: center;\"><span data-attr-date-format=\"F j, Y\" data-attr-date-format-select=\"F j, Y\" data-attr-show-time=\"0\" data-attr-time-format=\"\" data-attr-time-format-select=\"g:i a\" data-attr-type=\"published\" data-extra_key=\"\" data-option-inline=\"1\" data-shortcode=\"tcb_post_published_date\" data-shortcode-name=\"Post date\">November 4, 2020 <\/span><\/p>\n<h3 style=\"text-align: center; padding-top: 0px !important; margin-top: 0px !important;\"><span data-attr-link=\"1\" data-attr-rel=\"0\" data-attr-target=\"0\" data-extra_key=\"\" data-option-inline=\"1\" data-shortcode=\"tcb_post_title\" data-shortcode-name=\"Post title\" data-attr-css=\"\" data-attr-static-link=\"{&quot;className&quot;:&quot;&quot;,&quot;href&quot;:&quot;https:\/\/praguetouristinformation.com\/en\/sightseeing\/kids-in-prague&quot;,&quot;title&quot;:&quot;15 Sights for Kids in Prague&quot;,&quot;class&quot;:&quot;&quot;}\" style=\"\"><a href=\"https:\/\/praguetouristinformation.com\/en\/sightseeing\/kids-in-prague\" title=\"15 Sights for Kids in Prague\" data-css=\"\">15 Sights for Kids in Prague<\/a><\/span><\/h3>\n<p>What can you do in Prague with children?During <a href=\"https:\/\/praguetouristinformation.com\/en\/sightseeing\/kids-in-prague#more-256\">&#8230;<\/a><\/p>\n<p><a href=\"https:\/\/praguetouristinformation.com\/en\/sightseeing\/kids-in-prague\" style=\"\"><span style=\"\"><span style=\"\">Weiterlesen<\/span><\/span><\/a><a href=\"https:\/\/praguetouristinformation.com\/en\/sightseeing\/attractions\" dynamic-postlink=\"tcb_post_the_permalink\" data-shortcode-id=\"256\"><\/a><\/p>\n<p style=\"text-align: center;\"><span data-attr-date-format=\"F j, Y\" data-attr-date-format-select=\"F j, Y\" data-attr-show-time=\"0\" data-attr-time-format=\"\" data-attr-time-format-select=\"g:i a\" data-attr-type=\"published\" data-extra_key=\"\" data-option-inline=\"1\" data-shortcode=\"tcb_post_published_date\" data-shortcode-name=\"Post date\">Oktober 26, 2020 <\/span><\/p>\n<h3 style=\"text-align: center; padding-top: 0px !important; margin-top: 0px !important;\"><span data-attr-link=\"1\" data-attr-rel=\"0\" data-attr-target=\"0\" data-extra_key=\"\" data-option-inline=\"1\" data-shortcode=\"tcb_post_title\" data-shortcode-name=\"Post title\" data-attr-css=\"\" data-attr-static-link=\"{&quot;className&quot;:&quot;&quot;,&quot;href&quot;:&quot;https:\/\/praguetouristinformation.com\/en\/sightseeing\/kids-in-prague&quot;,&quot;title&quot;:&quot;15 Sights for Kids in Prague&quot;,&quot;class&quot;:&quot;&quot;}\" style=\"\"><a href=\"https:\/\/praguetouristinformation.com\/en\/sightseeing\/attractions\" title=\"Top 12 Attractions in Prague\" data-css=\"\">Top 12 Attractions in Prague<\/a><\/span><\/h3>\n<p>What else is there to do in Prague? <a href=\"https:\/\/praguetouristinformation.com\/en\/sightseeing\/attractions#more-1090\">&#8230;<\/a><\/p>\n<p><a href=\"https:\/\/praguetouristinformation.com\/en\/sightseeing\/attractions\" style=\"\"><span style=\"\"><span style=\"\">Weiterlesen<\/span><\/span><\/a><a href=\"https:\/\/praguetouristinformation.com\/en\/sightseeing\/best-viewpoints\" dynamic-postlink=\"tcb_post_the_permalink\" data-shortcode-id=\"256\"><\/a><\/p>\n<p style=\"text-align: center;\"><span data-attr-date-format=\"F j, Y\" data-attr-date-format-select=\"F j, Y\" data-attr-show-time=\"0\" data-attr-time-format=\"\" data-attr-time-format-select=\"g:i a\" data-attr-type=\"published\" data-extra_key=\"\" data-option-inline=\"1\" data-shortcode=\"tcb_post_published_date\" data-shortcode-name=\"Post date\">Oktober 15, 2020 <\/span><\/p>\n<h3 style=\"text-align: center; padding-top: 0px !important; margin-top: 0px !important;\"><span data-attr-link=\"1\" data-attr-rel=\"0\" data-attr-target=\"0\" data-extra_key=\"\" data-option-inline=\"1\" data-shortcode=\"tcb_post_title\" data-shortcode-name=\"Post title\" data-attr-css=\"\" data-attr-static-link=\"{&quot;className&quot;:&quot;&quot;,&quot;href&quot;:&quot;https:\/\/praguetouristinformation.com\/en\/sightseeing\/kids-in-prague&quot;,&quot;title&quot;:&quot;15 Sights for Kids in Prague&quot;,&quot;class&quot;:&quot;&quot;}\" style=\"\"><a href=\"https:\/\/praguetouristinformation.com\/en\/sightseeing\/best-viewpoints\" title=\"12 Best Viewpoints in Prague\" data-css=\"\">12 Best Viewpoints in Prague<\/a><\/span><\/h3>\n<p>What are the best places to find beautiful <a href=\"https:\/\/praguetouristinformation.com\/en\/sightseeing\/best-viewpoints#more-713\">&#8230;<\/a><\/p>\n<p><a href=\"https:\/\/praguetouristinformation.com\/en\/sightseeing\/best-viewpoints\" style=\"\"><span style=\"\"><span style=\"\">Weiterlesen<\/span><\/span><\/a><a href=\"https:\/\/praguetouristinformation.com\/en\/sightseeing\" dynamic-postlink=\"tcb_post_the_permalink\" data-shortcode-id=\"256\"><\/a><\/p>\n<p style=\"text-align: center;\"><span data-attr-date-format=\"F j, Y\" data-attr-date-format-select=\"F j, Y\" data-attr-show-time=\"0\" data-attr-time-format=\"\" data-attr-time-format-select=\"g:i a\" data-attr-type=\"published\" data-extra_key=\"\" data-option-inline=\"1\" data-shortcode=\"tcb_post_published_date\" data-shortcode-name=\"Post date\">Oktober 9, 2020 <\/span><\/p>\n<h3 style=\"text-align: center; padding-top: 0px !important; margin-top: 0px !important;\"><span data-attr-link=\"1\" data-attr-rel=\"0\" data-attr-target=\"0\" data-extra_key=\"\" data-option-inline=\"1\" data-shortcode=\"tcb_post_title\" data-shortcode-name=\"Post title\" data-attr-css=\"\" data-attr-static-link=\"{&quot;className&quot;:&quot;&quot;,&quot;href&quot;:&quot;https:\/\/praguetouristinformation.com\/en\/sightseeing\/kids-in-prague&quot;,&quot;title&quot;:&quot;15 Sights for Kids in Prague&quot;,&quot;class&quot;:&quot;&quot;}\" style=\"\"><a href=\"https:\/\/praguetouristinformation.com\/en\/sightseeing\" title=\"50 Sights in Prague\" data-css=\"\">50 Sights in Prague<\/a><\/span><\/h3>\n<p>Prague is a unique city with medieval charm, <a href=\"https:\/\/praguetouristinformation.com\/en\/sightseeing#more-247\">&#8230;<\/a><\/p>\n<p><a href=\"https:\/\/praguetouristinformation.com\/en\/sightseeing\" style=\"\"><span style=\"\"><span style=\"\">Weiterlesen<\/span><\/span><\/a><a href=\"https:\/\/praguetouristinformation.com\/en\/sightseeing\/bad-weather\" dynamic-postlink=\"tcb_post_the_permalink\" data-shortcode-id=\"256\"><\/a><\/p>\n<p style=\"text-align: center;\"><span data-attr-date-format=\"F j, Y\" data-attr-date-format-select=\"F j, Y\" data-attr-show-time=\"0\" data-attr-time-format=\"\" data-attr-time-format-select=\"g:i a\" data-attr-type=\"published\" data-extra_key=\"\" data-option-inline=\"1\" data-shortcode=\"tcb_post_published_date\" data-shortcode-name=\"Post date\">August 27, 2020 <\/span><\/p>\n<h3 style=\"text-align: center; padding-top: 0px !important; margin-top: 0px !important;\"><span data-attr-link=\"1\" data-attr-rel=\"0\" data-attr-target=\"0\" data-extra_key=\"\" data-option-inline=\"1\" data-shortcode=\"tcb_post_title\" data-shortcode-name=\"Post title\" data-attr-css=\"\" data-attr-static-link=\"{&quot;className&quot;:&quot;&quot;,&quot;href&quot;:&quot;https:\/\/praguetouristinformation.com\/en\/sightseeing\/kids-in-prague&quot;,&quot;title&quot;:&quot;15 Sights for Kids in Prague&quot;,&quot;class&quot;:&quot;&quot;}\" style=\"\"><a href=\"https:\/\/praguetouristinformation.com\/en\/sightseeing\/bad-weather\" title=\"Prague in the Rain: 20 Bad Weather Activities\" data-css=\"\">Prague in the Rain: 20 Bad Weather Activities<\/a><\/span><\/h3>\n<p>What can you do in Prague in the <a href=\"https:\/\/praguetouristinformation.com\/en\/sightseeing\/bad-weather#more-249\">&#8230;<\/a><\/p>\n<p><a href=\"https:\/\/praguetouristinformation.com\/en\/sightseeing\/bad-weather\" style=\"\"><span style=\"\"><span style=\"\">Weiterlesen<\/span><\/span><\/a><a href=\"https:\/\/praguetouristinformation.com\/en\/sightseeing\/museum\" dynamic-postlink=\"tcb_post_the_permalink\" data-shortcode-id=\"256\"><\/a><\/p>\n<p style=\"text-align: center;\"><span data-attr-date-format=\"F j, Y\" data-attr-date-format-select=\"F j, Y\" data-attr-show-time=\"0\" data-attr-time-format=\"\" data-attr-time-format-select=\"g:i a\" data-attr-type=\"published\" data-extra_key=\"\" data-option-inline=\"1\" data-shortcode=\"tcb_post_published_date\" data-shortcode-name=\"Post date\">August 21, 2020 <\/span><\/p>\n<h3 style=\"text-align: center; padding-top: 0px !important; margin-top: 0px !important;\"><span data-attr-link=\"1\" data-attr-rel=\"0\" data-attr-target=\"0\" data-extra_key=\"\" data-option-inline=\"1\" data-shortcode=\"tcb_post_title\" data-shortcode-name=\"Post title\" data-attr-css=\"\" data-attr-static-link=\"{&quot;className&quot;:&quot;&quot;,&quot;href&quot;:&quot;https:\/\/praguetouristinformation.com\/en\/sightseeing\/kids-in-prague&quot;,&quot;title&quot;:&quot;15 Sights for Kids in Prague&quot;,&quot;class&quot;:&quot;&quot;}\" style=\"\"><a href=\"https:\/\/praguetouristinformation.com\/en\/sightseeing\/museum\" title=\"20 Best Museums in Prague\" data-css=\"\">20 Best Museums in Prague<\/a><\/span><\/h3>\n<p>The charming city of Prague is dotted with <a href=\"https:\/\/praguetouristinformation.com\/en\/sightseeing\/museum#more-137\">&#8230;<\/a><\/p>\n<p><a href=\"https:\/\/praguetouristinformation.com\/en\/sightseeing\/museum\" style=\"\"><span style=\"\"><span style=\"\">Weiterlesen<\/span><\/span><\/a><\/p>\n","protected":false},"excerpt":{"rendered":"<p>Guide to Petrin Hill: Sights, Things to Do &amp; Cable Car Petrin is a wooded hill in Prague&#8217;s Lesser Town with landmarks such as Petrin Tower, the observatory and viewpoints. At 318 meters, Petrin Hill, also known as Laurenzi Hill, is the highest hill in Prague. It is located on the left bank of the [&hellip;]<\/p>\n","protected":false},"author":6,"featured_media":1642,"parent":247,"menu_order":0,"comment_status":"open","ping_status":"closed","template":"","meta":{"footnotes":""},"categories":[],"tags":[51],"class_list":["post-838","page","type-page","status-publish","has-post-thumbnail","hentry","tag-sightseeing","post-wrapper","thrv_wrapper"],"_links":{"self":[{"href":"https:\/\/praguetouristinformation.com\/en\/wp-json\/wp\/v2\/pages\/838","targetHints":{"allow":["GET"]}}],"collection":[{"href":"https:\/\/praguetouristinformation.com\/en\/wp-json\/wp\/v2\/pages"}],"about":[{"href":"https:\/\/praguetouristinformation.com\/en\/wp-json\/wp\/v2\/types\/page"}],"author":[{"embeddable":true,"href":"https:\/\/praguetouristinformation.com\/en\/wp-json\/wp\/v2\/users\/6"}],"replies":[{"embeddable":true,"href":"https:\/\/praguetouristinformation.com\/en\/wp-json\/wp\/v2\/comments?post=838"}],"version-history":[{"count":36,"href":"https:\/\/praguetouristinformation.com\/en\/wp-json\/wp\/v2\/pages\/838\/revisions"}],"predecessor-version":[{"id":4951,"href":"https:\/\/praguetouristinformation.com\/en\/wp-json\/wp\/v2\/pages\/838\/revisions\/4951"}],"up":[{"embeddable":true,"href":"https:\/\/praguetouristinformation.com\/en\/wp-json\/wp\/v2\/pages\/247"}],"wp:featuredmedia":[{"embeddable":true,"href":"https:\/\/praguetouristinformation.com\/en\/wp-json\/wp\/v2\/media\/1642"}],"wp:attachment":[{"href":"https:\/\/praguetouristinformation.com\/en\/wp-json\/wp\/v2\/media?parent=838"}],"wp:term":[{"taxonomy":"category","embeddable":true,"href":"https:\/\/praguetouristinformation.com\/en\/wp-json\/wp\/v2\/categories?post=838"},{"taxonomy":"post_tag","embeddable":true,"href":"https:\/\/praguetouristinformation.com\/en\/wp-json\/wp\/v2\/tags?post=838"}],"curies":[{"name":"wp","href":"https:\/\/api.w.org\/{rel}","templated":true}]}}