{"id":836,"date":"2024-06-26T20:00:26","date_gmt":"2024-06-26T20:00:26","guid":{"rendered":"http:\/\/praguetouristinformation.com\/?page_id=836"},"modified":"2024-06-26T20:00:26","modified_gmt":"2024-06-26T20:00:26","slug":"observation-tower","status":"publish","type":"page","link":"https:\/\/praguetouristinformation.com\/en\/sightseeing\/petrin-hill\/observation-tower","title":{"rendered":"Petrin Lookout Tower: How to reach, Attractions &#038; Tickets"},"content":{"rendered":"<h3>The 63.5-meter-high Petrin lookout tower on the hill with the same name is one of the <a href=\"https:\/\/praguetouristinformation.com\/en\/sightseeing\/best-viewpoints\" style=\"outline: none;\">most beautiful viewpoints in Prague<\/a>.<\/h3>\n<p>In this complete guide to the lookout tower, you will learn everything about the sights, history, and helpful information about how to get there and tickets.<\/p>\n<h2 id=\"t-1638965445374\">What Can I Do at the Petrin Lookout Tower?<\/h2>\n<p><img decoding=\"async\" src=\"http:\/\/praguetouristinformation.com\/wp-content\/uploads\/2020\/11\/Was-kann-ich-im-Aussichtsturm-Petrin-machen.jpg\" alt=\"Was kann ich im Aussichtsturm Petrin machen\" style=\"\" data-pin-media=\"https:\/\/praguetouristinformation.com\/wp-content\/uploads\/2021\/02\/28-1.jpg\" data-pin-description=\"Petrin Lookout Tower in Prague | View, Entrance &amp; Ticket\" data-pin-url=\"https:\/\/praguetouristinformation.com\/en\/sightseeing\/petrin-hill\/observation-tower?tve=true&amp;tcbf=98dc5482e0\"><\/p>\n<ul>\n<li><a rel=\"nofollow noopener\" href=\"https:\/\/pinterest.com\/pin\/create\/button\/?url=https:\/\/praguetouristinformation.com\/en\/sightseeing\/petrin-hill\/observation-tower?tve=true&amp;tcbf=505bb606b4&amp;is_video=false&amp;media=http:\/\/praguetouristinformation.com\/wp-content\/uploads\/2020\/11\/Was-kann-ich-im-Aussichtsturm-Petrin-machen.jpg&amp;description=Petrin%20Lookout%20Tower%20in%20Prague%20%7C%20View%2C%20Entrance%20%26%20Ticket%20%7C%20Prague%20Tourist%20Information\" onclick=\"essb.window('https:\/\/pinterest.com\/pin\/create\/button\/?url=https:\/\/praguetouristinformation.com\/en\/sightseeing\/petrin-hill\/observation-tower?tve=true&amp;tcbf=505bb606b4&amp;is_video=false&amp;media=http:\/\/praguetouristinformation.com\/wp-content\/uploads\/2020\/11\/Was-kann-ich-im-Aussichtsturm-Petrin-machen.jpg&amp;description=Petrin%20Lookout%20Tower%20in%20Prague%20%7C%20View%2C%20Entrance%20%26%20Ticket%20%7C%20Prague%20Tourist%20Information','pinpro','kwxhroqw'); return false;\" target=\"_blank\"><span>Pin<\/span><\/a><\/li>\n<\/ul>\n<p>The Petrin lookout tower is modeled after the Eiffel Tower in Paris. As the highest lookout point in Prague, it offers a magnificent panorama. The tower rises above one of <a href=\"https:\/\/praguetouristinformation.com\/en\/sightseeing\/parks\" style=\"outline: none;\">Prague&#8217;s most beautiful parks<\/a>, which invites picnics in good weather and is located at the top of the 318-meter Petrin Hill.<\/p>\n<p>After 299 steps or a short ride in the elevator, visitors can reach the top of the two viewing platforms, which are located at a height of 51 meters. From here, visitors can enjoy a panoramic view of the Czech capital, the Vltava River and &#8211; on a clear day &#8211; the neighboring Bohemian midlands.<\/p>\n<p>The first floor of the steel structure houses a small <a href=\"https:\/\/praguetouristinformation.com\/en\/shopping\/souvenirs\" style=\"outline: none;\">souvenir <\/a>store with typical souvenirs from Prague, as well as an exhibition that focuses on the past of the observation tower and the hill.<\/p>\n<p>Additionally, visitors can rest in the caf\u00e9 in the lower part of the lookout tower with coffee and cake.<\/p>\n<h2 id=\"t-1638965445375\">Admission, Tickets, and Guided Tours<\/h2>\n<p><img decoding=\"async\" src=\"http:\/\/praguetouristinformation.com\/wp-content\/uploads\/2020\/11\/Eintritt-Tickets-und-Fuehrungen-3.jpg\" alt=\"Eintritt, Tickets und F\u00fchrungen\" style=\"\" data-pin-media=\"https:\/\/praguetouristinformation.com\/wp-content\/uploads\/2021\/02\/28-1.jpg\" data-pin-description=\"Petrin Lookout Tower in Prague | View, Entrance &amp; Ticket\" data-pin-url=\"https:\/\/praguetouristinformation.com\/en\/sightseeing\/petrin-hill\/observation-tower?tve=true&amp;tcbf=98dc5482e0\"><\/p>\n<ul>\n<li><a rel=\"nofollow noopener\" href=\"https:\/\/pinterest.com\/pin\/create\/button\/?url=https:\/\/praguetouristinformation.com\/en\/sightseeing\/petrin-hill\/observation-tower?tve=true&amp;tcbf=505bb606b4&amp;is_video=false&amp;media=http:\/\/praguetouristinformation.com\/wp-content\/uploads\/2020\/11\/Eintritt-Tickets-und-Fuehrungen-3.jpg&amp;description=Petrin%20Lookout%20Tower%20in%20Prague%20%7C%20View%2C%20Entrance%20%26%20Ticket%20%7C%20Prague%20Tourist%20Information\" onclick=\"essb.window('https:\/\/pinterest.com\/pin\/create\/button\/?url=https:\/\/praguetouristinformation.com\/en\/sightseeing\/petrin-hill\/observation-tower?tve=true&amp;tcbf=505bb606b4&amp;is_video=false&amp;media=http:\/\/praguetouristinformation.com\/wp-content\/uploads\/2020\/11\/Eintritt-Tickets-und-Fuehrungen-3.jpg&amp;description=Petrin%20Lookout%20Tower%20in%20Prague%20%7C%20View%2C%20Entrance%20%26%20Ticket%20%7C%20Prague%20Tourist%20Information','pinpro','kwxhror3'); return false;\" target=\"_blank\"><span>Pin<\/span><\/a><\/li>\n<\/ul>\n<ul>\n<li><strong>Admission:<\/strong> An overview of the current admission prices can be found <a href=\"http:\/\/en.muzeumprahy.cz\/opening-hours-and-admission\/\" style=\"outline: none;\" target=\"_blank\" rel=\"noopener nofollow\">here<\/a>.<\/li>\n<li><strong>Combination Ticket: <\/strong>A combination ticket that grants access to the Petrin lookout tower, as well as the mirror labyrinth is also available.<\/li>\n<li><strong>Ticket for the Elevator:<\/strong> There is an additional fee for using the elevator to the observation deck.<\/li>\n<\/ul>\n<h2 id=\"t-1638965445376\">How Do I Get to the Petrin Lookout Tower?<\/h2>\n<p><img decoding=\"async\" src=\"http:\/\/praguetouristinformation.com\/wp-content\/uploads\/2020\/11\/Wie-komme-ich-zum-Aussichtsturm-Petrin.jpg\" alt=\"Wie komme ich zum Aussichtsturm Petrin\" style=\"\" data-pin-media=\"https:\/\/praguetouristinformation.com\/wp-content\/uploads\/2021\/02\/28-1.jpg\" data-pin-description=\"Petrin Lookout Tower in Prague | View, Entrance &amp; Ticket\" data-pin-url=\"https:\/\/praguetouristinformation.com\/en\/sightseeing\/petrin-hill\/observation-tower?tve=true&amp;tcbf=98dc5482e0\"><\/p>\n<ul>\n<li><a rel=\"nofollow noopener\" href=\"https:\/\/pinterest.com\/pin\/create\/button\/?url=https:\/\/praguetouristinformation.com\/en\/sightseeing\/petrin-hill\/observation-tower?tve=true&amp;tcbf=505bb606b4&amp;is_video=false&amp;media=http:\/\/praguetouristinformation.com\/wp-content\/uploads\/2020\/11\/Wie-komme-ich-zum-Aussichtsturm-Petrin.jpg&amp;description=Petrin%20Lookout%20Tower%20in%20Prague%20%7C%20View%2C%20Entrance%20%26%20Ticket%20%7C%20Prague%20Tourist%20Information\" onclick=\"essb.window(&#039;https:\/\/pinterest.com\/pin\/create\/button\/?url=https:\/\/praguetouristinformation.com\/en\/sightseeing\/petrin-hill\/observation-tower?tve=true&amp;tcbf=505bb606b4&amp;is_video=false&amp;media=http:\/\/praguetouristinformation.com\/wp-content\/uploads\/2020\/11\/Wie-komme-ich-zum-Aussichtsturm-Petrin.jpg&amp;description=Petrin%20Lookout%20Tower%20in%20Prague%20%7C%20View%2C%20Entrance%20%26%20Ticket%20%7C%20Prague%20Tourist%20Information&#039;,&#039;pinpro&#039;,&#039;kwxhror9&#039;); return false;\" target=\"_blank\"><span>Pin<\/span><\/a><\/li>\n<\/ul>\n<p>The lookout tower is located on <a href=\"https:\/\/praguetouristinformation.com\/en\/sightseeing\/petrin-hill\" style=\"outline: none;\">Petrin Hill<\/a> in Prague&#8217;s Lesser Town district. The easiest way to get to the top of the hill is by funicular. To reach the cable car, take streetcar line 12, 20, or 22 and get off at the \u00dajezd station. After a short ride on the cable car to the Pet\u0159\u00edn station you are on the hill Petrin.<\/p>\n<p>Tip: If you get off one station earlier, you can visit Neboz\u00edzek restaurant, which also offers a unique view.<\/p>\n<p>Alternatively, you can also climb the hill on foot.<\/p>\n<h2 id=\"t-1638965445377\">History of the Petrin Lookout Tower<\/h2>\n<p><img decoding=\"async\" src=\"http:\/\/praguetouristinformation.com\/wp-content\/uploads\/2020\/11\/Geschichte-des-Aussichtsturms-Petrin.jpg\" alt=\"Geschichte des Aussichtsturms Petrin\" style=\"\" data-pin-media=\"https:\/\/praguetouristinformation.com\/wp-content\/uploads\/2021\/02\/28-1.jpg\" data-pin-description=\"Petrin Lookout Tower in Prague | View, Entrance &amp; Ticket\" data-pin-url=\"https:\/\/praguetouristinformation.com\/en\/sightseeing\/petrin-hill\/observation-tower?tve=true&amp;tcbf=98dc5482e0\"><\/p>\n<ul>\n<li><a rel=\"nofollow noopener\" href=\"https:\/\/pinterest.com\/pin\/create\/button\/?url=https:\/\/praguetouristinformation.com\/en\/sightseeing\/petrin-hill\/observation-tower?tve=true&amp;tcbf=505bb606b4&amp;is_video=false&amp;media=http:\/\/praguetouristinformation.com\/wp-content\/uploads\/2020\/11\/Geschichte-des-Aussichtsturms-Petrin.jpg&amp;description=Petrin%20Lookout%20Tower%20in%20Prague%20%7C%20View%2C%20Entrance%20%26%20Ticket%20%7C%20Prague%20Tourist%20Information\" onclick=\"essb.window(&#039;https:\/\/pinterest.com\/pin\/create\/button\/?url=https:\/\/praguetouristinformation.com\/en\/sightseeing\/petrin-hill\/observation-tower?tve=true&amp;tcbf=505bb606b4&amp;is_video=false&amp;media=http:\/\/praguetouristinformation.com\/wp-content\/uploads\/2020\/11\/Geschichte-des-Aussichtsturms-Petrin.jpg&amp;description=Petrin%20Lookout%20Tower%20in%20Prague%20%7C%20View%2C%20Entrance%20%26%20Ticket%20%7C%20Prague%20Tourist%20Information&#039;,&#039;pinpro&#039;,&#039;kwxhrore&#039;); return false;\" target=\"_blank\"><span>Pin<\/span><\/a><\/li>\n<\/ul>\n<p>The history of the Petrin lookout tower dates back to 1891. At that time it was built on the occasion of the Industrial Exhibition in 1891 by engineers, Julius Soucek and Frantiek Pr\u00e1il.<\/p>\n<p>The fact that the tower resembles the Eiffel Tower in Paris is due to the fact that members of the Club of Czech Tourists were so enchanted by the Eiffel Tower when they visited the Paris World Exhibition in 1889 that they decided to build a similar structure. Unlike the Eiffel Tower, however, the 175-ton Petrin has an octagonal cross-section rather than a square one.<\/p>\n<p>After only five months of construction, the observation tower was officially opened on August 20, 1891.<\/p>\n<p>On May 1, 1953, a television antenna was installed on the observation tower, which is why it served as a television tower from 1953 to 1992.<\/p>\n<p>In 1980, the tower was closed to the public due to the dangerous condition of the spiral staircase and the elevator. It was not until 1991 that the lookout tower was reopened after extensive repair work. Since then it has been one of the most&nbsp;<a href=\"https:\/\/praguetouristinformation.com\/en\/sightseeing\/petrin-hill\" style=\"outline: none;\">popular sights in Prague<\/a>.<\/p>\n<h2 id=\"t-1638965445378\">Contact<\/h2>\n<ul>\n<li><strong>Address:<\/strong> Pet\u0159\u00ednsk\u00e9 sady, 118 00 Praha 1- Mal\u00e1 Strana<\/li>\n<li><strong>Website:<\/strong><a data-id=\"http:\/\/en.muzeumprahy.cz\/198-the-petrin-observation-tower\/\" data-type=\"URL\" href=\"http:\/\/en.muzeumprahy.cz\/198-the-petrin-observation-tower\/\" target=\"_blank\" style=\"outline: none;\" rel=\"noopener nofollow\">Muzeumprahy.cz<\/a><\/li>\n<li><strong>Public Transport:<\/strong> By Streetcar line 12, 20, 22 to the \u00dajezd station, then cable car to &#8220;Pet\u0159\u00edn&#8221;.<\/li>\n<li><strong>Opening Hours<\/strong>: The current opening hours can be found on the <a href=\"http:\/\/en.muzeumprahy.cz\/opening-hours-and-admission\/\" style=\"outline: none;\" target=\"_blank\" rel=\"noopener nofollow\">website <\/a>of the tower.<\/li>\n<\/ul>\n<h3 style=\"\">Related Articles<\/h3>\n<p><a href=\"https:\/\/praguetouristinformation.com\/en\/audio-guide-prague\" dynamic-postlink=\"tcb_post_the_permalink\" data-shortcode-id=\"4052\"><\/a><\/p>\n<h2 style=\"padding-top: 0px !important; margin-top: 0px !important; text-align: center;\" id=\"t-1679660444206\" data-hide=\"true\"><span data-shortcode=\"tcb_post_title\" data-shortcode-name=\"Post title\" data-extra_key=\"\" data-attr-link=\"1\" data-attr-target=\"0\" data-attr-rel=\"0\" data-option-inline=\"1\" data-attr-static-link=\"{&quot;className&quot;:&quot;&quot;,&quot;href&quot;:&quot;https:\/\/praguetouristinformation.com\/en\/sightseeing\/parks&quot;,&quot;title&quot;:&quot;10 Beautiful Parks in the Center of Prague&quot;,&quot;class&quot;:&quot;&quot;}\" data-attr-css=\"\"><a href=\"https:\/\/praguetouristinformation.com\/en\/audio-guide-prague\" title=\"3 Best Audio Guides to Discover Prague\" data-css=\"\">3 Best Audio Guides to Discover Prague<\/a><\/span><\/h2>\n<p><a href=\"https:\/\/praguetouristinformation.com\/en\/sightseeing\/attractions\" dynamic-postlink=\"tcb_post_the_permalink\" data-shortcode-id=\"4052\"><\/a><\/p>\n<h2 style=\"padding-top: 0px !important; margin-top: 0px !important; text-align: center;\" id=\"t-1679660444206\" data-hide=\"true\"><span data-shortcode=\"tcb_post_title\" data-shortcode-name=\"Post title\" data-extra_key=\"\" data-attr-link=\"1\" data-attr-target=\"0\" data-attr-rel=\"0\" data-option-inline=\"1\" data-attr-static-link=\"{&quot;className&quot;:&quot;&quot;,&quot;href&quot;:&quot;https:\/\/praguetouristinformation.com\/en\/sightseeing\/parks&quot;,&quot;title&quot;:&quot;10 Beautiful Parks in the Center of Prague&quot;,&quot;class&quot;:&quot;&quot;}\" data-attr-css=\"\"><a href=\"https:\/\/praguetouristinformation.com\/en\/sightseeing\/attractions\" title=\"12 Exceptional Attractions in Prague\" data-css=\"\">12 Exceptional Attractions in Prague<\/a><\/span><\/h2>\n<p><a href=\"https:\/\/praguetouristinformation.com\/en\/sightseeing\/parks\" dynamic-postlink=\"tcb_post_the_permalink\" data-shortcode-id=\"4052\"><\/a><\/p>\n<h2 style=\"padding-top: 0px !important; margin-top: 0px !important; text-align: center;\" id=\"t-1679660444206\" data-hide=\"true\"><span data-shortcode=\"tcb_post_title\" data-shortcode-name=\"Post title\" data-extra_key=\"\" data-attr-link=\"1\" data-attr-target=\"0\" data-attr-rel=\"0\" data-option-inline=\"1\" data-attr-static-link=\"{&quot;className&quot;:&quot;&quot;,&quot;href&quot;:&quot;https:\/\/praguetouristinformation.com\/en\/sightseeing\/parks&quot;,&quot;title&quot;:&quot;10 Beautiful Parks in the Center of Prague&quot;,&quot;class&quot;:&quot;&quot;}\" data-attr-css=\"\"><a href=\"https:\/\/praguetouristinformation.com\/en\/sightseeing\/parks\" title=\"10 Beautiful Parks in the Center of Prague\" data-css=\"\">10 Beautiful Parks in the Center of Prague<\/a><\/span><\/h2>\n<p><a href=\"https:\/\/praguetouristinformation.com\/en\/sightseeing\/best-viewpoints\" dynamic-postlink=\"tcb_post_the_permalink\" data-shortcode-id=\"4052\"><\/a><\/p>\n<h2 style=\"padding-top: 0px !important; margin-top: 0px !important; text-align: center;\" id=\"t-1679660444206\" data-hide=\"true\"><span data-shortcode=\"tcb_post_title\" data-shortcode-name=\"Post title\" data-extra_key=\"\" data-attr-link=\"1\" data-attr-target=\"0\" data-attr-rel=\"0\" data-option-inline=\"1\" data-attr-static-link=\"{&quot;className&quot;:&quot;&quot;,&quot;href&quot;:&quot;https:\/\/praguetouristinformation.com\/en\/sightseeing\/parks&quot;,&quot;title&quot;:&quot;10 Beautiful Parks in the Center of Prague&quot;,&quot;class&quot;:&quot;&quot;}\" data-attr-css=\"\"><a href=\"https:\/\/praguetouristinformation.com\/en\/sightseeing\/best-viewpoints\" title=\"12 Best Viewpoints in Prague\" data-css=\"\">12 Best Viewpoints in Prague<\/a><\/span><\/h2>\n","protected":false},"excerpt":{"rendered":"<p>The 63.5-meter-high Petrin lookout tower on the hill with the same name is one of the most beautiful viewpoints in Prague. In this complete guide to the lookout tower, you will learn everything about the sights, history, and helpful information about how to get there and tickets. What Can I Do at the Petrin Lookout [&hellip;]<\/p>\n","protected":false},"author":6,"featured_media":1595,"parent":838,"menu_order":0,"comment_status":"closed","ping_status":"closed","template":"","meta":{"footnotes":""},"categories":[],"tags":[51],"class_list":["post-836","page","type-page","status-publish","has-post-thumbnail","hentry","tag-sightseeing","post-wrapper","thrv_wrapper"],"_links":{"self":[{"href":"https:\/\/praguetouristinformation.com\/en\/wp-json\/wp\/v2\/pages\/836","targetHints":{"allow":["GET"]}}],"collection":[{"href":"https:\/\/praguetouristinformation.com\/en\/wp-json\/wp\/v2\/pages"}],"about":[{"href":"https:\/\/praguetouristinformation.com\/en\/wp-json\/wp\/v2\/types\/page"}],"author":[{"embeddable":true,"href":"https:\/\/praguetouristinformation.com\/en\/wp-json\/wp\/v2\/users\/6"}],"replies":[{"embeddable":true,"href":"https:\/\/praguetouristinformation.com\/en\/wp-json\/wp\/v2\/comments?post=836"}],"version-history":[{"count":17,"href":"https:\/\/praguetouristinformation.com\/en\/wp-json\/wp\/v2\/pages\/836\/revisions"}],"predecessor-version":[{"id":4953,"href":"https:\/\/praguetouristinformation.com\/en\/wp-json\/wp\/v2\/pages\/836\/revisions\/4953"}],"up":[{"embeddable":true,"href":"https:\/\/praguetouristinformation.com\/en\/wp-json\/wp\/v2\/pages\/838"}],"wp:featuredmedia":[{"embeddable":true,"href":"https:\/\/praguetouristinformation.com\/en\/wp-json\/wp\/v2\/media\/1595"}],"wp:attachment":[{"href":"https:\/\/praguetouristinformation.com\/en\/wp-json\/wp\/v2\/media?parent=836"}],"wp:term":[{"taxonomy":"category","embeddable":true,"href":"https:\/\/praguetouristinformation.com\/en\/wp-json\/wp\/v2\/categories?post=836"},{"taxonomy":"post_tag","embeddable":true,"href":"https:\/\/praguetouristinformation.com\/en\/wp-json\/wp\/v2\/tags?post=836"}],"curies":[{"name":"wp","href":"https:\/\/api.w.org\/{rel}","templated":true}]}}