{"id":828,"date":"2024-06-26T20:00:36","date_gmt":"2024-06-26T20:00:36","guid":{"rendered":"http:\/\/praguetouristinformation.com\/?page_id=828"},"modified":"2024-06-26T20:00:36","modified_gmt":"2024-06-26T20:00:36","slug":"strahov-monastery","status":"publish","type":"page","link":"https:\/\/praguetouristinformation.com\/en\/sightseeing\/lesser-town\/strahov-monastery","title":{"rendered":"Guide to Strahov Monastery: Attractions, Admission &#038; Beer Garden"},"content":{"rendered":"<h3>Founded in 1143, Strahov Monastery is still inhabited by about 70 monks from the Premonstratensian Order.<\/h3>\n<p>It offers numerous attractions, which is why it is considered one of the <a href=\"https:\/\/praguetouristinformation.com\/en\/sightseeing\" style=\"outline: none;\" target=\"_blank\" rel=\"noopener\">most popular sights in Prague.<\/a><\/p>\n<p>In this complete guide to Strahov Monastery, you&#8217;ll learn all about the exhibition, history, and helpful information about directions and tickets.<\/p>\n<h2 id=\"t-1639127948729\">What Can I Do at Strahov Monastery?<\/h2>\n<p><span><img decoding=\"async\" alt=\"Bibliothek, Strahov Kloster, Prague\" data-id=\"1820\" width=\"702\" data-init-width=\"1000\" height=\"468\" data-init-height=\"667\" title=\"Bibliothek, Strahov Kloster, Prague\" src=\"https:\/\/praguetouristinformation.com\/wp-content\/uploads\/2020\/11\/Bibliothek-Strahov-Kloster.jpg\" data-width=\"702\" data-height=\"468\" loading=\"lazy\" data-pin-media=\"https:\/\/praguetouristinformation.com\/wp-content\/uploads\/2021\/02\/45.jpg\" data-pin-description=\"Strahov Monastery | Prague Tourist Information\" data-pin-url=\"https:\/\/praguetouristinformation.com\/en\/sightseeing\/lesser-town\/strahov-monastery?tve=true&amp;tcbf=11edb9df31\" data-pinpro-key=\"founr3ls6\"><\/span><\/p>\n<h3>Library<\/h3>\n<p><a href=\"https:\/\/praguetouristinformation.com\/en\/sightseeing\/lesser-town\/strahov-monastery\" style=\"outline: none;\">The Strahov Monastery<\/a>, located near Prague Castle, is particularly famous for its splendidly furnished Baroque library. It is considered to be one of the most valuable and best preserved historical libraries.<\/p>\n<p>The monastery library contains over 200,000 volumes, 3000 original manuscripts from the Middle Ages, artifacts, first prints, manuscripts, and curiosities. It consists mainly of the following three halls.<\/p>\n<ul>\n<li style=\"\"><span style=\"\"><strong><strong><strong><strong>Theology Hall:<\/strong> <\/strong><\/strong><\/strong>This hall was built between 1671 and 1674 and is the oldest part of Strahov Library. The Baroque hall houses about 18,000 books of mostly theological writings, as well as countless editions of the Bible.<\/span><\/li>\n<li style=\"\"><span style=\"\"><strong><strong><strong><strong>Philosophical Hall:<\/strong> <\/strong><\/strong><\/strong>The Philosophical Hall in the monastery library from 1794 is also worth seeing. The magnificent ceiling frescoes by Anton Maulbertsch and Siard Noseck\u00fd are particularly impressive. The classicist hall with ceiling-high walnut bookshelves covers two floors and contains philosophical, legal, medical, pharmaceutical, mathematical, geographical, and astronomical books.<\/span><\/li>\n<li style=\"\"><span style=\"\"><strong><strong><strong><strong>Cabinet of Curiosities:&nbsp;<\/strong><\/strong><\/strong><\/strong>The library houses a Cabinet of Curiosities, also known as the Wunderkammer. It presents rarities, archaeological excavations, as well as natural science collections.<\/span><\/li>\n<\/ul>\n<h3>Picture Gallery<\/h3>\n<p>Additionally, the monastery houses an important painting gallery with one of the most valuable monastery collections in Central Europe. The collections consist of about 1,500 paintings and other exhibits from the Gothic and Romantic periods.<\/p>\n<p>The collections can be divided into the following sections.<\/p>\n<ul>\n<li>Painting and Sculpture between 1300 &#8211; 1500<\/li>\n<li>Rudolfin Paintings<\/li>\n<li>Flemish Paintings<\/li>\n<li>Central European paintings from the 17th to the 19th centuries<\/li>\n<\/ul>\n<h3>Treasury<\/h3>\n<p>The Treasury of Strahov Monastery presents a variety of different liturgical objects in a permanent exhibition. The exhibition includes unique handicrafts of Czech origin, as well as those from different parts of Europe. Visitors can admire, among other things, chalices, reliquaries, and vestments from the Middle Ages to the beginning of the 20th century.<\/p>\n<h3>Monastery Church of the Assumption of the Virgin Mary<\/h3>\n<p>The original Romanesque three-nave basilica of the Assumption of the Virgin Mary from 1148 is located in the center of the monastery. The Roman Catholic church acquired its present appearance, in the Baroque style, during reconstruction between the years 1742 to 1758.<\/p>\n<p>Magnificent wall paintings and ceiling frescoes decorate the interior of the church. The founders of the monastery, Prince Vladislav II and Bishop Jind\u0159ich Zd\u00edk, were buried in an unknown place in the church.<\/p>\n<p>In 1787, no less than Mozart is said to have played the organ in the monastery church.<\/p>\n<h3>St. Rochus Church<\/h3>\n<p>The second church in the area of the monastery is the Church of St. Roch. Visitors can find it in the forecourt of the monastery. The church, dedicated to St. Roch, the saint of the plague, was donated by Emperor Rudolf II in 1603 in gratitude for being spared from the plague. Since the 20th century, the former parish church has served as an exhibition hall.<\/p>\n<p><span><img decoding=\"async\" alt=\"Bier im Kloster, Strahov Kloster in Prague\" data-id=\"1822\" width=\"702\" data-init-width=\"1000\" height=\"468\" data-init-height=\"667\" title=\"Bier im Kloster, Strahov Kloster in Prague\" src=\"https:\/\/praguetouristinformation.com\/wp-content\/uploads\/2020\/11\/Bier-im-Kloster-Strahov-Kloster.jpg\" data-width=\"702\" data-height=\"468\" loading=\"lazy\" data-pin-media=\"https:\/\/praguetouristinformation.com\/wp-content\/uploads\/2021\/02\/45.jpg\" data-pin-description=\"Strahov Monastery | Prague Tourist Information\" data-pin-url=\"https:\/\/praguetouristinformation.com\/en\/sightseeing\/lesser-town\/strahov-monastery?tve=true&amp;tcbf=11edb9df31\" data-pinpro-key=\"ng6d6dklh\"><\/span><\/p>\n<h2 id=\"t-1639127948730\">Beer in the Monastery<\/h2>\n<p>Strahov Monastery is also home to a famous monastery brewery. The brewery has been brewing beer since the 13th century.<\/p>\n<p>St. Norbert beer, named after the founder of the Premonstratensian Order, is produced here in various variations in this family business. There are also seasonal beer offerings, including a bock beer with a 6.3% alcohol content, which is served from the end of September, and the Easter beer with a 5.3% alcohol content, which is available on the Friday before Good Friday.<\/p>\n<p>According to surveys, this monastery brewery produces the best beer in the whole Czech Republic. More about the best beer in Prague you can find in our list:&nbsp;<a href=\"https:\/\/praguetouristinformation.com\/en\/restaurant\/beer\" style=\"outline: none;\">Where can I drink good beer in Prague?<\/a><\/p>\n<p><span><img decoding=\"async\" alt=\"Biergarten mit Restaurant, Strahov Kloster in Prague\" data-id=\"1823\" width=\"702\" data-init-width=\"1000\" height=\"468\" data-init-height=\"667\" title=\"Biergarten mit Restaurant, Strahov Kloster in Prague\" src=\"https:\/\/praguetouristinformation.com\/wp-content\/uploads\/2020\/11\/Biergarten-mit-Restaurant-Strahov-Kloster.jpg\" data-width=\"702\" data-height=\"468\" loading=\"lazy\" style=\"\" data-pin-media=\"https:\/\/praguetouristinformation.com\/wp-content\/uploads\/2021\/02\/45.jpg\" data-pin-description=\"Strahov Monastery | Prague Tourist Information\" data-pin-url=\"https:\/\/praguetouristinformation.com\/en\/sightseeing\/lesser-town\/strahov-monastery?tve=true&amp;tcbf=11edb9df31\" data-pinpro-key=\"rx6xj40ab\"><\/span><\/p>\n<h2 id=\"t-1639127948731\">Beer Garden and Restaurant<\/h2>\n<p>The beer garden in the monastery attracts both locals and tourists from all over the world. It is the ideal place to taste <a href=\"https:\/\/praguetouristinformation.com\/en\/restaurant\/czech-beer\" style=\"outline: none;\">famous Czech beer<\/a>. The popular beer garden in the monastery is especially attractive when the weather is nice.<\/p>\n<p>Equally popular is the restaurant in the monastery brewery, which is one of the top restaurants in Prague with <a href=\"https:\/\/praguetouristinformation.com\/en\/restaurant\/bohemian-kitchen\" style=\"outline: none;\">Czech cuisine<\/a>.<\/p>\n<p><span><img decoding=\"async\" alt=\"Eintritt, Tickets und F\u00fchrungen, Strahov Kloster in Prague\" data-id=\"1825\" width=\"702\" data-init-width=\"1000\" height=\"468\" data-init-height=\"667\" title=\"Eintritt, Tickets und F\u00fchrungen, Strahov Kloster in Prague\" src=\"https:\/\/praguetouristinformation.com\/wp-content\/uploads\/2020\/11\/Eintritt-Tickets-und-Fuehrungen-Strahov-Kloster.jpg\" data-width=\"702\" data-height=\"468\" loading=\"lazy\" data-pin-media=\"https:\/\/praguetouristinformation.com\/wp-content\/uploads\/2021\/02\/45.jpg\" data-pin-description=\"Strahov Monastery | Prague Tourist Information\" data-pin-url=\"https:\/\/praguetouristinformation.com\/en\/sightseeing\/lesser-town\/strahov-monastery?tve=true&amp;tcbf=11edb9df31\" data-pinpro-key=\"i3unt00r1\"><\/span><\/p>\n<h2 id=\"t-1639127948732\">Admission, Tickets, and Guided Tours<\/h2>\n<ul>\n<li style=\"\"><span style=\"\"><strong><strong><strong>Admission:<\/strong> <\/strong><\/strong>The library of the monastery and the picture gallery have separate entrances and tickets.<\/span><\/li>\n<li style=\"\"><span style=\"\"><strong><strong><strong>Strahov Library + Picture Gallery&nbsp;<strong><strong><strong>Ticket&nbsp;<\/strong><\/strong><\/strong>:<\/strong> <\/strong><\/strong>The monastery offers a combined ticket that gives access to both the Picture Gallery and the Strahov Monastery Library. A family ticket (2 adults, 3 children under 15) is also available.<\/span><\/li>\n<li style=\"\"><span style=\"\"><strong><strong><strong>One-way Ticket for the Strahov Library:<\/strong> <\/strong><\/strong>For visitors who only want to explore the Strahov Library, the one-way ticket for the library is recommended. The current prices are available <a href=\"https:\/\/www.strahovskyklaster.cz\/en\/picture-gallery1\" style=\"outline: none;\" target=\"_blank\" rel=\"noopener nofollow\">here<\/a>.<\/span><\/li>\n<li style=\"\"><span style=\"\"><strong><strong><strong><strong>One-way Ticket the Strahov Picture Gallery:<\/strong> <\/strong><\/strong><\/strong>For visitors who, on the other hand, only want to visit the Picture Gallery, the one-way ticket for the Strahov Picture Gallery is an option. An overview of the current admission prices can be found <a href=\"https:\/\/www.strahovskyklaster.cz\/en\/strahov-library\" style=\"outline: none;\" target=\"_blank\" rel=\"noopener nofollow\">here<\/a>.<\/span><\/li>\n<li style=\"\"><span style=\"\"><strong><strong><strong><strong><strong>Photo Permission:<\/strong> <\/strong><\/strong><\/strong><\/strong>A photo permit is required to take photos in the library and gallery. Information about this can be found on the monastery&#8217;s&nbsp;<a href=\"https:\/\/www.strahovskyklaster.cz\/en\/strahov-library\" style=\"outline: none;\" target=\"_blank\" rel=\"noopener nofollow\">website<\/a>.<\/span><\/li>\n<li style=\"\"><span style=\"\"><strong><strong><strong><strong><strong><strong>Guided Tours:<\/strong> <\/strong><\/strong><\/strong><\/strong><\/strong>During a guided tour, visitors can experience deep insights into the library and the gallery i the Strahov Monastery.<\/span><\/li>\n<\/ul>\n<p><span><img decoding=\"async\" alt=\"Wie komme ich zum Strahov Kloster in Prague\" data-id=\"1829\" width=\"702\" data-init-width=\"1000\" height=\"468\" data-init-height=\"667\" title=\"Wie komme ich zum Strahov Kloster in Prague\" src=\"https:\/\/praguetouristinformation.com\/wp-content\/uploads\/2020\/11\/Wie-komme-ich-zum-Strahov-Kloster.jpg\" data-width=\"702\" data-height=\"468\" loading=\"lazy\" data-pin-media=\"https:\/\/praguetouristinformation.com\/wp-content\/uploads\/2021\/02\/45.jpg\" data-pin-description=\"Strahov Monastery | Prague Tourist Information\" data-pin-url=\"https:\/\/praguetouristinformation.com\/en\/sightseeing\/lesser-town\/strahov-monastery?tve=true&amp;tcbf=11edb9df31\" data-pinpro-key=\"oy1fvtbc1\"><\/span><\/p>\n<h2 id=\"t-1639127948733\">How to Get to Strahov Monastery?<\/h2>\n<p>Strahov Monastery is located in the Hrad\u010dany district in Prague. It is located the <a href=\"https:\/\/praguetouristinformation.com\/en\/sightseeing\/petrin-hill\" style=\"outline: none;\">Petrin Hill<\/a> near the Prague Castle.<\/p>\n<p>The best way to reach it from the city center is by streetcar line 22 to the Poho\u0159elec station.<\/p>\n<p><span><img decoding=\"async\" alt=\"Geschichte des Strahov Kloster in Prague\" data-id=\"1830\" width=\"702\" data-init-width=\"1000\" height=\"468\" data-init-height=\"667\" title=\"Geschichte des Strahov Kloster in Prague\" src=\"https:\/\/praguetouristinformation.com\/wp-content\/uploads\/2020\/11\/Geschichte-des-Strahov-Kloster.jpg\" data-width=\"702\" data-height=\"468\" loading=\"lazy\" data-pin-media=\"https:\/\/praguetouristinformation.com\/wp-content\/uploads\/2021\/02\/45.jpg\" data-pin-description=\"Strahov Monastery | Prague Tourist Information\" data-pin-url=\"https:\/\/praguetouristinformation.com\/en\/sightseeing\/lesser-town\/strahov-monastery?tve=true&amp;tcbf=11edb9df31\" data-pinpro-key=\"oy7i8jts3\"><\/span><\/p>\n<h2 id=\"t-1639127948734\">History of Strahov Monastery<\/h2>\n<p>Strahov Monastery was built in 1140 on Petrin Hill. The foundation of the Premonstratensian monastery took place through the cooperation of Olomouc Bishop, Henry Zd\u00edk, and Bohemian King, Vladislav II.<\/p>\n<p>In 1142, a group of members of the Premonstratensian Order settled in the building and further expanded the area.<\/p>\n<p>Over the centuries, the monastery withstood several battles, fires, and revolutions. The most devastating fire happened early in the history of the monastery, in 1258. A large part of the monastery, including the library as well as a church, fell victim to the fire.<\/p>\n<p>Several repair and reconstruction works took place over the years. The monastery got its present appearance in the Baroque style during reconstruction in the 17th century. The magnificent baroque library dates from the time.<\/p>\n<p>An absolute standstill came in 1950 with the communist occupation. For the first time since its foundation, the monks had to leave the monastery. Many were expelled or arrested, and the monastery itself was closed.<\/p>\n<p>Only with the collapse of the communist regime in 1989, could the monks return to the monastery.<\/p>\n<p>Even today the monastery is the seat of the Premonstratensian Order.<\/p>\n<h2 id=\"t-1639127948735\">Contact<\/h2>\n<ul>\n<li><span style=\"\"><strong>Addresse:&nbsp;<\/strong>Strahov Kloster, Strahovsk\u00e9 n\u00e1dvo\u0159\u00ed 1\/132, 118 00<\/span><\/li>\n<li><span style=\"\"><strong><strong>Opening Hours:<\/strong> <\/strong>The current opening hours can be found on the <a href=\"https:\/\/www.strahovskyklaster.cz\/en\/basic-information\" style=\"outline: none;\" target=\"_blank\" rel=\"noopener nofollow\">website<\/a> of the monastery.<\/span><\/li>\n<li><span style=\"\"><strong><strong>Public Transport:<\/strong> <\/strong>By streetcar line 22 to the Poho\u0159elec stop<\/span><\/li>\n<li style=\"\"><span style=\"\"><strong>Website:&nbsp;<\/strong><a href=\"https:\/\/www.strahovskyklaster.cz\/en\/\" style=\"outline: none;\" target=\"_blank\" rel=\"noopener nofollow\">Strahovskyklaster.cz<\/a><\/span><\/li>\n<\/ul>\n<h3 style=\"\">Related Articles<\/h3>\n<p><a href=\"https:\/\/praguetouristinformation.com\/en\/sightseeing\/petrin-hill\" dynamic-postlink=\"tcb_post_the_permalink\" data-shortcode-id=\"838\"><\/a><\/p>\n<h2 style=\"padding-top: 0px !important; margin-top: 0px !important; text-align: center;\" id=\"t-1679565490081\"><span data-shortcode=\"tcb_post_title\" data-shortcode-name=\"Post title\" data-extra_key=\"\" data-attr-link=\"1\" data-attr-target=\"0\" data-attr-rel=\"0\" data-option-inline=\"1\" data-attr-static-link=\"{&quot;className&quot;:&quot;&quot;,&quot;href&quot;:&quot;https:\/\/praguetouristinformation.com\/en\/sightseeing\/parks&quot;,&quot;title&quot;:&quot;10 Beautiful Parks in the Center of Prague&quot;,&quot;class&quot;:&quot;&quot;}\" data-attr-css=\"\"><a href=\"https:\/\/praguetouristinformation.com\/en\/sightseeing\/petrin-hill\" title=\"Guide to Petrin Hill: Sights, Things to Do &amp; Cable Car\" data-css=\"\">Guide to Petrin Hill: Sights, Things to Do &amp; Cable Car<\/a><\/span><\/h2>\n<p><a href=\"https:\/\/praguetouristinformation.com\/en\/restaurant\/czech-beer\" dynamic-postlink=\"tcb_post_the_permalink\" data-shortcode-id=\"838\"><\/a><\/p>\n<h2 style=\"padding-top: 0px !important; margin-top: 0px !important; text-align: center;\" id=\"t-1679565490081\"><span data-shortcode=\"tcb_post_title\" data-shortcode-name=\"Post title\" data-extra_key=\"\" data-attr-link=\"1\" data-attr-target=\"0\" data-attr-rel=\"0\" data-option-inline=\"1\" data-attr-static-link=\"{&quot;className&quot;:&quot;&quot;,&quot;href&quot;:&quot;https:\/\/praguetouristinformation.com\/en\/sightseeing\/parks&quot;,&quot;title&quot;:&quot;10 Beautiful Parks in the Center of Prague&quot;,&quot;class&quot;:&quot;&quot;}\" data-attr-css=\"\"><a href=\"https:\/\/praguetouristinformation.com\/en\/restaurant\/czech-beer\" title=\"Czech Beer: 8 Famous Brands\" data-css=\"\">Czech Beer: 8 Famous Brands<\/a><\/span><\/h2>\n<p><a href=\"https:\/\/praguetouristinformation.com\/en\/restaurant\/beer\" dynamic-postlink=\"tcb_post_the_permalink\" data-shortcode-id=\"838\"><\/a><\/p>\n<h2 style=\"padding-top: 0px !important; margin-top: 0px !important; text-align: center;\" id=\"t-1679565490081\"><span data-shortcode=\"tcb_post_title\" data-shortcode-name=\"Post title\" data-extra_key=\"\" data-attr-link=\"1\" data-attr-target=\"0\" data-attr-rel=\"0\" data-option-inline=\"1\" data-attr-static-link=\"{&quot;className&quot;:&quot;&quot;,&quot;href&quot;:&quot;https:\/\/praguetouristinformation.com\/en\/sightseeing\/parks&quot;,&quot;title&quot;:&quot;10 Beautiful Parks in the Center of Prague&quot;,&quot;class&quot;:&quot;&quot;}\" data-attr-css=\"\"><a href=\"https:\/\/praguetouristinformation.com\/en\/restaurant\/beer\" title=\"Where Can I Drink Good Beer in Prague?\" data-css=\"\">Where Can I Drink Good Beer in Prague?<\/a><\/span><\/h2>\n<p><a href=\"https:\/\/praguetouristinformation.com\/en\/restaurant\/popular-dishes\" dynamic-postlink=\"tcb_post_the_permalink\" data-shortcode-id=\"838\"><\/a><\/p>\n<h2 style=\"padding-top: 0px !important; margin-top: 0px !important; text-align: center;\" id=\"t-1679565490081\"><span data-shortcode=\"tcb_post_title\" data-shortcode-name=\"Post title\" data-extra_key=\"\" data-attr-link=\"1\" data-attr-target=\"0\" data-attr-rel=\"0\" data-option-inline=\"1\" data-attr-static-link=\"{&quot;className&quot;:&quot;&quot;,&quot;href&quot;:&quot;https:\/\/praguetouristinformation.com\/en\/sightseeing\/parks&quot;,&quot;title&quot;:&quot;10 Beautiful Parks in the Center of Prague&quot;,&quot;class&quot;:&quot;&quot;}\" data-attr-css=\"\"><a href=\"https:\/\/praguetouristinformation.com\/en\/restaurant\/popular-dishes\" title=\"Czech Cuisine: 25 Popular Dishes\" data-css=\"\">Czech Cuisine: 25 Popular Dishes<\/a><\/span><\/h2>\n","protected":false},"excerpt":{"rendered":"<p>Founded in 1143, Strahov Monastery is still inhabited by about 70 monks from the Premonstratensian Order. It offers numerous attractions, which is why it is considered one of the most popular sights in Prague. In this complete guide to Strahov Monastery, you&#8217;ll learn all about the exhibition, history, and helpful information about directions and tickets. [&hellip;]<\/p>\n","protected":false},"author":6,"featured_media":1819,"parent":740,"menu_order":0,"comment_status":"closed","ping_status":"closed","template":"","meta":{"footnotes":""},"categories":[],"tags":[58,51],"class_list":["post-828","page","type-page","status-publish","has-post-thumbnail","hentry","tag-beer","tag-sightseeing","post-wrapper","thrv_wrapper"],"_links":{"self":[{"href":"https:\/\/praguetouristinformation.com\/en\/wp-json\/wp\/v2\/pages\/828","targetHints":{"allow":["GET"]}}],"collection":[{"href":"https:\/\/praguetouristinformation.com\/en\/wp-json\/wp\/v2\/pages"}],"about":[{"href":"https:\/\/praguetouristinformation.com\/en\/wp-json\/wp\/v2\/types\/page"}],"author":[{"embeddable":true,"href":"https:\/\/praguetouristinformation.com\/en\/wp-json\/wp\/v2\/users\/6"}],"replies":[{"embeddable":true,"href":"https:\/\/praguetouristinformation.com\/en\/wp-json\/wp\/v2\/comments?post=828"}],"version-history":[{"count":28,"href":"https:\/\/praguetouristinformation.com\/en\/wp-json\/wp\/v2\/pages\/828\/revisions"}],"predecessor-version":[{"id":4965,"href":"https:\/\/praguetouristinformation.com\/en\/wp-json\/wp\/v2\/pages\/828\/revisions\/4965"}],"up":[{"embeddable":true,"href":"https:\/\/praguetouristinformation.com\/en\/wp-json\/wp\/v2\/pages\/740"}],"wp:featuredmedia":[{"embeddable":true,"href":"https:\/\/praguetouristinformation.com\/en\/wp-json\/wp\/v2\/media\/1819"}],"wp:attachment":[{"href":"https:\/\/praguetouristinformation.com\/en\/wp-json\/wp\/v2\/media?parent=828"}],"wp:term":[{"taxonomy":"category","embeddable":true,"href":"https:\/\/praguetouristinformation.com\/en\/wp-json\/wp\/v2\/categories?post=828"},{"taxonomy":"post_tag","embeddable":true,"href":"https:\/\/praguetouristinformation.com\/en\/wp-json\/wp\/v2\/tags?post=828"}],"curies":[{"name":"wp","href":"https:\/\/api.w.org\/{rel}","templated":true}]}}