{"id":820,"date":"2024-06-26T20:00:18","date_gmt":"2024-06-26T20:00:18","guid":{"rendered":"http:\/\/praguetouristinformation.com\/?page_id=820"},"modified":"2024-06-26T20:00:18","modified_gmt":"2024-06-26T20:00:18","slug":"salm-palace","status":"publish","type":"page","link":"https:\/\/praguetouristinformation.com\/en\/sightseeing\/museum\/salm-palace","title":{"rendered":"Guide to Salm Palace National Gallery: Exhibition, Tickets &#038; History"},"content":{"rendered":"<h3>Salm Palace is part of the Prague National Gallery and one of the <a href=\"https:\/\/praguetouristinformation.com\/en\/sightseeing\/museum\" style=\"outline: none;\">most important museums<\/a> in Prague.<\/h3>\n<p>It presents works of art from the 19th century in its historic rooms.<\/p>\n<p>In this complete guide to Salm Palace National Gallery, you will learn everything about the exhibition, history, and helpful information about directions and tickets.<\/p>\n<h2 id=\"t-1639234643415\">What Can I Do in at Salm Palace National Gallery?<\/h2>\n<p><span><img decoding=\"async\" alt=\"\" data-id=\"4238\" width=\"688\" data-init-width=\"1000\" height=\"475\" data-init-height=\"690\" title=\"Salm Palace National Gallery, Prague Czech Republic\" loading=\"lazy\" src=\"https:\/\/praguetouristinformation.com\/en\/wp-content\/uploads\/2022\/12\/salm-palace-Prague-Czech-Republic1.jpg\" data-width=\"688\" data-height=\"475\" data-pin-media=\"https:\/\/praguetouristinformation.com\/wp-content\/uploads\/2021\/01\/16.jpg\" data-pin-description=\"Salm Palace National Gallery | Prague Tourist Information\" data-pin-url=\"https:\/\/praguetouristinformation.com\/en\/sightseeing\/museum\/salm-palace?tve=true&amp;tcbf=6b97c21991\" data-pinpro-key=\"f1gle5nls\"><\/span><\/p>\n<p>The neoclassical building of the Salm Palace National Gallery on the premises of <a href=\"https:\/\/praguetouristinformation.com\/en\/sightseeing\/prague-castle\" style=\"outline: none;\">Prague Castle<\/a> houses an exhibition of Central European art from the 19th century.<\/p>\n<p>You can see not only Czech art, but also Austrian and German art from the 19th century. The paintings of Josef M\u00e1nes, Adolf Kos\u00e1rek, Anton\u00edn Machek, Caspar David Friedrich, and Carl Spitzweg, for example, deserve special mention.<\/p>\n<p>Visitors can also see the various thematic exhibitions, which show international contemporary art and put it in dialogue with Czech contemporary art.<\/p>\n<h2 id=\"t-1639234643416\">Changing Exhibitions<\/h2>\n<p>A current overview and preview of the changing exhibitions can be found <a href=\"https:\/\/www.ngprague.cz\/en\/exhibitions-and-events\/exhibitions\" style=\"outline: none;\" target=\"_blank\" rel=\"noopener nofollow\">here<\/a>.&nbsp;<\/p>\n<h2 id=\"t-1639234643417\">Admission, Tickets, and Guided Tours<\/h2>\n<ul>\n<li><strong>Tickets: <\/strong>Children and young people under 26 years of age enjoy free admission. The current admission prices for the permanent exhibition at Salm Palace National Gallery can be found on their official <a href=\"https:\/\/www.ngprague.cz\/en\/about\/admission\" style=\"outline: none;\" target=\"_blank\" rel=\"noopener nofollow\">website<\/a>.<\/li>\n<li><strong>&nbsp;Guided tours: <\/strong>There are currently no guided tours of Salm Palace.<\/li>\n<\/ul>\n<h2 id=\"t-1639234643418\">How Do I Get to Salm Palace National Gallery?<\/h2>\n<p>Salm Palace National Gallery is located on the premises of Prague Castle. The easiest way to get to the castle is by streetcar line 22, which will take you from <a href=\"https:\/\/praguetouristinformation.com\/en\/sightseeing\/old-town\" style=\"outline: none;\">Prague Old Town<\/a> to the Pra\u017esk\u00fd hrad (Prague Castle) stop.<\/p>\n<p>You can find Salm Palace at the Castle Square in Prague Castle.<\/p>\n<h2 id=\"t-1639234643419\">History of Salm Palace National Gallery<\/h2>\n<p>Salm Palace was built between 1800 and 1810 at the behest of the then Archbishop of Prague, Vil\u00e9m Florentin, Count of Salm.<\/p>\n<p>The architect, Franz Pawj\u010dek, was commissioned to build the neoclassical building. The Schwarzenberg family acquired the three-winged palace only a few years after its completion and connected it with their own neighboring palace on Prague Castle Square.<\/p>\n<p>Until 2002, the magnificent building was owned by the noble Schwarzenberg family. Along with Schwarzenberg Palace, it now belongs to the Prague National Gallery and is used for exhibition purposes.<\/p>\n<h2 id=\"t-1639234643420\">Contact<\/h2>\n<ul>\n<li><strong>Address:<\/strong> Salm Palace National Gallery (Salmovsk\u00fd pal\u00e1c), Hrad\u010dansk\u00e9 n\u00e1m\u011bst\u00ed 1, 110 00 Praha 1- Hrad\u010dany<\/li>\n<li><strong>Website:<\/strong> &nbsp;<a href=\"http:\/\/www.ngprague.cz\/en\/about\/buildings\/salm-palace\" style=\"outline: none;\" target=\"_blank\" rel=\"noopener nofollow\">http:\/\/www.ngprague.cz\/en\/about\/buildings\/salm-palace<\/a><\/li>\n<li><strong>Public Transport:<\/strong> Streetcar line 22 to Pra\u017esk\u00fd hrad<\/li>\n<li><strong>Opening Hours: <\/strong>The current opening hours can be found on the <a href=\"https:\/\/www.ngprague.cz\/en\/about\/buildings\/salm-palace\" style=\"outline: none;\" target=\"_blank\" rel=\"noopener nofollow\">website <\/a>of the National Gallery.<\/li>\n<\/ul>\n<h3 style=\"\">Related Articles<\/h3>\n<p><a href=\"https:\/\/praguetouristinformation.com\/en\/sightseeing\/old-town\" dynamic-postlink=\"tcb_post_the_permalink\" data-shortcode-id=\"742\"><\/a><\/p>\n<h2 style=\"padding-top: 0px !important; margin-top: 0px !important; text-align: center;\" id=\"t-1679565490081\"><span data-shortcode=\"tcb_post_title\" data-shortcode-name=\"Post title\" data-extra_key=\"\" data-attr-link=\"1\" data-attr-target=\"0\" data-attr-rel=\"0\" data-option-inline=\"1\" data-attr-static-link=\"{&quot;className&quot;:&quot;&quot;,&quot;href&quot;:&quot;https:\/\/praguetouristinformation.com\/en\/sightseeing\/parks&quot;,&quot;title&quot;:&quot;10 Beautiful Parks in the Center of Prague&quot;,&quot;class&quot;:&quot;&quot;}\" data-attr-css=\"\"><a href=\"https:\/\/praguetouristinformation.com\/en\/sightseeing\/old-town\" title=\"Prague Old Town: Shopping, Sightseeing &amp; Restaurants\" data-css=\"\">Prague Old Town: Shopping, Sightseeing &amp; Restaurants<\/a><\/span><\/h2>\n<p><a href=\"https:\/\/praguetouristinformation.com\/en\/sightseeing\/prague-castle\" dynamic-postlink=\"tcb_post_the_permalink\" data-shortcode-id=\"742\"><\/a><\/p>\n<h2 style=\"padding-top: 0px !important; margin-top: 0px !important; text-align: center;\" id=\"t-1679565490081\"><span data-shortcode=\"tcb_post_title\" data-shortcode-name=\"Post title\" data-extra_key=\"\" data-attr-link=\"1\" data-attr-target=\"0\" data-attr-rel=\"0\" data-option-inline=\"1\" data-attr-static-link=\"{&quot;className&quot;:&quot;&quot;,&quot;href&quot;:&quot;https:\/\/praguetouristinformation.com\/en\/sightseeing\/parks&quot;,&quot;title&quot;:&quot;10 Beautiful Parks in the Center of Prague&quot;,&quot;class&quot;:&quot;&quot;}\" data-attr-css=\"\"><a href=\"https:\/\/praguetouristinformation.com\/en\/sightseeing\/prague-castle\" title=\"Prague Castle: Complete Guide with Tickets\" data-css=\"\">Prague Castle: Complete Guide with Tickets<\/a><\/span><\/h2>\n<p><a href=\"https:\/\/praguetouristinformation.com\/en\/sightseeing\/prague-castle\/golden-lane\" dynamic-postlink=\"tcb_post_the_permalink\" data-shortcode-id=\"742\"><\/a><\/p>\n<h2 style=\"padding-top: 0px !important; margin-top: 0px !important; text-align: center;\" id=\"t-1679565490081\"><span data-shortcode=\"tcb_post_title\" data-shortcode-name=\"Post title\" data-extra_key=\"\" data-attr-link=\"1\" data-attr-target=\"0\" data-attr-rel=\"0\" data-option-inline=\"1\" data-attr-static-link=\"{&quot;className&quot;:&quot;&quot;,&quot;href&quot;:&quot;https:\/\/praguetouristinformation.com\/en\/sightseeing\/parks&quot;,&quot;title&quot;:&quot;10 Beautiful Parks in the Center of Prague&quot;,&quot;class&quot;:&quot;&quot;}\" data-attr-css=\"\"><a href=\"https:\/\/praguetouristinformation.com\/en\/sightseeing\/prague-castle\/golden-lane\" title=\"Golden Lane in Prague Castle: Things to Do, Tickets &amp; History\" data-css=\"\">Golden Lane in Prague Castle: Things to Do, Tickets &amp; History<\/a><\/span><\/h2>\n<p><a href=\"https:\/\/praguetouristinformation.com\/en\/sightseeing\/museum\" dynamic-postlink=\"tcb_post_the_permalink\" data-shortcode-id=\"742\"><\/a><\/p>\n<h2 style=\"padding-top: 0px !important; margin-top: 0px !important; text-align: center;\" id=\"t-1679565490081\"><span data-shortcode=\"tcb_post_title\" data-shortcode-name=\"Post title\" data-extra_key=\"\" data-attr-link=\"1\" data-attr-target=\"0\" data-attr-rel=\"0\" data-option-inline=\"1\" data-attr-static-link=\"{&quot;className&quot;:&quot;&quot;,&quot;href&quot;:&quot;https:\/\/praguetouristinformation.com\/en\/sightseeing\/parks&quot;,&quot;title&quot;:&quot;10 Beautiful Parks in the Center of Prague&quot;,&quot;class&quot;:&quot;&quot;}\" data-attr-css=\"\"><a href=\"https:\/\/praguetouristinformation.com\/en\/sightseeing\/museum\" title=\"20 Best Museums in Prague\" data-css=\"\">20 Best Museums in Prague<\/a><\/span><\/h2>\n","protected":false},"excerpt":{"rendered":"<p>Salm Palace is part of the Prague National Gallery and one of the most important museums in Prague. It presents works of art from the 19th century in its historic rooms. In this complete guide to Salm Palace National Gallery, you will learn everything about the exhibition, history, and helpful information about directions and tickets. [&hellip;]<\/p>\n","protected":false},"author":6,"featured_media":1519,"parent":137,"menu_order":0,"comment_status":"closed","ping_status":"closed","template":"","meta":{"footnotes":""},"categories":[],"tags":[22,51],"class_list":["post-820","page","type-page","status-publish","has-post-thumbnail","hentry","tag-museum","tag-sightseeing","post-wrapper","thrv_wrapper"],"_links":{"self":[{"href":"https:\/\/praguetouristinformation.com\/en\/wp-json\/wp\/v2\/pages\/820","targetHints":{"allow":["GET"]}}],"collection":[{"href":"https:\/\/praguetouristinformation.com\/en\/wp-json\/wp\/v2\/pages"}],"about":[{"href":"https:\/\/praguetouristinformation.com\/en\/wp-json\/wp\/v2\/types\/page"}],"author":[{"embeddable":true,"href":"https:\/\/praguetouristinformation.com\/en\/wp-json\/wp\/v2\/users\/6"}],"replies":[{"embeddable":true,"href":"https:\/\/praguetouristinformation.com\/en\/wp-json\/wp\/v2\/comments?post=820"}],"version-history":[{"count":18,"href":"https:\/\/praguetouristinformation.com\/en\/wp-json\/wp\/v2\/pages\/820\/revisions"}],"predecessor-version":[{"id":4944,"href":"https:\/\/praguetouristinformation.com\/en\/wp-json\/wp\/v2\/pages\/820\/revisions\/4944"}],"up":[{"embeddable":true,"href":"https:\/\/praguetouristinformation.com\/en\/wp-json\/wp\/v2\/pages\/137"}],"wp:featuredmedia":[{"embeddable":true,"href":"https:\/\/praguetouristinformation.com\/en\/wp-json\/wp\/v2\/media\/1519"}],"wp:attachment":[{"href":"https:\/\/praguetouristinformation.com\/en\/wp-json\/wp\/v2\/media?parent=820"}],"wp:term":[{"taxonomy":"category","embeddable":true,"href":"https:\/\/praguetouristinformation.com\/en\/wp-json\/wp\/v2\/categories?post=820"},{"taxonomy":"post_tag","embeddable":true,"href":"https:\/\/praguetouristinformation.com\/en\/wp-json\/wp\/v2\/tags?post=820"}],"curies":[{"name":"wp","href":"https:\/\/api.w.org\/{rel}","templated":true}]}}