{"id":769,"date":"2024-06-26T20:01:31","date_gmt":"2024-06-26T20:01:31","guid":{"rendered":"http:\/\/praguetouristinformation.com\/?page_id=769"},"modified":"2024-06-26T20:01:31","modified_gmt":"2024-06-26T20:01:31","slug":"arrival","status":"publish","type":"page","link":"https:\/\/praguetouristinformation.com\/en\/planning\/arrival","title":{"rendered":"Guide to Arrival in Prague"},"content":{"rendered":"<h1>Guide to Arrival in Prague<\/h1>\n<p style=\"\">Learn about flights, trains, buses, and driving your own car to Prague.&nbsp;<\/p>\n<p style=\"text-align: center;\">How to Get to Prague<\/p>\n<p style=\"text-align: center;\">&#8230; and move around the city easily<\/p>\n<h3 style=\"\"><span data-attr-css=\"tve-u-173e7860be8\" data-attr-link=\"1\" data-attr-rel=\"0\" data-attr-target=\"0\" data-extra_key=\"\" data-option-inline=\"1\" data-shortcode=\"tcb_post_title\" data-shortcode-name=\"Post title\" data-attr-static-link=\"{&quot;className&quot;:&quot;&quot;,&quot;href&quot;:&quot;https:\/\/praguetouristinformation.com\/en\/planning\/public-transport&quot;,&quot;title&quot;:&quot;Public Transport in Prague: Fares, Tickets &amp; Tips&quot;,&quot;data-css&quot;:&quot;tve-u-173e7860be8&quot;,&quot;class&quot;:&quot;&quot;}\" style=\"\"><a href=\"https:\/\/praguetouristinformation.com\/en\/planning\/public-transport\" title=\"Public Transport in Prague: Fares, Tickets &amp; Tips\">Public Transport in Prague: Fares, Tickets &amp; Tips<\/a><\/span><\/h3>\n<p><a href=\"https:\/\/praguetouristinformation.com\/en\/planning\/arrival\/bus-station\" dynamic-postlink=\"tcb_post_the_permalink\" data-shortcode-id=\"98\"><\/a><\/p>\n<h3 style=\"text-align: center; padding-top: 0px !important; margin-top: 0px !important;\"><span data-attr-link=\"1\" data-attr-rel=\"0\" data-attr-target=\"0\" data-extra_key=\"\" data-option-inline=\"1\" data-shortcode=\"tcb_post_title\" data-shortcode-name=\"Post title\" data-attr-css=\"\" data-attr-static-link=\"{&quot;className&quot;:&quot;&quot;,&quot;href&quot;:&quot;https:\/\/praguetouristinformation.com\/en\/planning\/arrival\/bus-station&quot;,&quot;title&quot;:&quot;Guide to Prague Bus Station: Timetable, Bus Connections &amp; Flixbus&quot;,&quot;class&quot;:&quot;&quot;}\" style=\"\"><a href=\"https:\/\/praguetouristinformation.com\/en\/planning\/arrival\/bus-station\" title=\"Guide to Prague Bus Station: Timetable, Bus Connections &amp; Flixbus\" data-css=\"\">Guide to Prague Bus Station: Timetable, Bus Connections &amp; Flixbus<\/a><\/span><\/h3>\n<p>The Central Bus Station Prague is called, Praha <a href=\"https:\/\/praguetouristinformation.com\/en\/planning\/arrival\/bus-station#more-92\">&#8230;<\/a><\/p>\n<p><a href=\"https:\/\/praguetouristinformation.com\/en\/planning\/arrival\/bus-station\" style=\"\"><span style=\"\"><span style=\"\">Read More&#8230;<\/span><\/span><\/a><a href=\"https:\/\/praguetouristinformation.com\/en\/planning\/arrival\/train-station\" dynamic-postlink=\"tcb_post_the_permalink\" data-shortcode-id=\"98\"><\/a><\/p>\n<h3 style=\"text-align: center; padding-top: 0px !important; margin-top: 0px !important;\"><span data-attr-link=\"1\" data-attr-rel=\"0\" data-attr-target=\"0\" data-extra_key=\"\" data-option-inline=\"1\" data-shortcode=\"tcb_post_title\" data-shortcode-name=\"Post title\" data-attr-css=\"\" data-attr-static-link=\"{&quot;className&quot;:&quot;&quot;,&quot;href&quot;:&quot;https:\/\/praguetouristinformation.com\/en\/planning\/arrival\/bus-station&quot;,&quot;title&quot;:&quot;Guide to Prague Bus Station: Timetable, Bus Connections &amp; Flixbus&quot;,&quot;class&quot;:&quot;&quot;}\" style=\"\"><a href=\"https:\/\/praguetouristinformation.com\/en\/planning\/arrival\/train-station\" title=\"Guide to Prague Train Station (Hlavn\u00ed N\u00e1dra\u017e)\" data-css=\"\">Guide to Prague Train Station (Hlavn\u00ed N\u00e1dra\u017e)<\/a><\/span><\/h3>\n<p>Prague Main Railway Station, Praha hlavn\u00ed n\u00e1dra\u017e, is <a href=\"https:\/\/praguetouristinformation.com\/en\/planning\/arrival\/train-station#more-98\">&#8230;<\/a><\/p>\n<p><a href=\"https:\/\/praguetouristinformation.com\/en\/planning\/arrival\/train-station\" style=\"\"><span style=\"\"><span style=\"\">Read More&#8230;<\/span><\/span><\/a><a href=\"https:\/\/praguetouristinformation.com\/en\/planning\/arrival\/parking\" dynamic-postlink=\"tcb_post_the_permalink\" data-shortcode-id=\"98\"><\/a><\/p>\n<h3 style=\"text-align: center; padding-top: 0px !important; margin-top: 0px !important;\"><span data-attr-link=\"1\" data-attr-rel=\"0\" data-attr-target=\"0\" data-extra_key=\"\" data-option-inline=\"1\" data-shortcode=\"tcb_post_title\" data-shortcode-name=\"Post title\" data-attr-css=\"\" data-attr-static-link=\"{&quot;className&quot;:&quot;&quot;,&quot;href&quot;:&quot;https:\/\/praguetouristinformation.com\/en\/planning\/arrival\/bus-station&quot;,&quot;title&quot;:&quot;Guide to Prague Bus Station: Timetable, Bus Connections &amp; Flixbus&quot;,&quot;class&quot;:&quot;&quot;}\" style=\"\"><a href=\"https:\/\/praguetouristinformation.com\/en\/planning\/arrival\/parking\" title=\"Parking in Prague: Zones, Garages &amp; Costs\" data-css=\"\">Parking in Prague: Zones, Garages &amp; Costs<\/a><\/span><\/h3>\n<p>Although there is sometimes a bit of increased <a href=\"https:\/\/praguetouristinformation.com\/en\/planning\/arrival\/parking#more-95\">&#8230;<\/a><\/p>\n<p><a href=\"https:\/\/praguetouristinformation.com\/en\/planning\/arrival\/parking\" style=\"\"><span style=\"\"><span style=\"\">Read More&#8230;<\/span><\/span><\/a><a href=\"https:\/\/praguetouristinformation.com\/en\/planning\/arrival\/park-and-ride\" dynamic-postlink=\"tcb_post_the_permalink\" data-shortcode-id=\"98\"><\/a><\/p>\n<h3 style=\"text-align: center; padding-top: 0px !important; margin-top: 0px !important;\"><span data-attr-link=\"1\" data-attr-rel=\"0\" data-attr-target=\"0\" data-extra_key=\"\" data-option-inline=\"1\" data-shortcode=\"tcb_post_title\" data-shortcode-name=\"Post title\" data-attr-css=\"\" data-attr-static-link=\"{&quot;className&quot;:&quot;&quot;,&quot;href&quot;:&quot;https:\/\/praguetouristinformation.com\/en\/planning\/arrival\/bus-station&quot;,&quot;title&quot;:&quot;Guide to Prague Bus Station: Timetable, Bus Connections &amp; Flixbus&quot;,&quot;class&quot;:&quot;&quot;}\" style=\"\"><a href=\"https:\/\/praguetouristinformation.com\/en\/planning\/arrival\/park-and-ride\" title=\"Prague Park and Ride: Info &amp; Tips\" data-css=\"\">Prague Park and Ride: Info &amp; Tips<\/a><\/span><\/h3>\n<p>As many sights as there are in Prague, <a href=\"https:\/\/praguetouristinformation.com\/en\/planning\/arrival\/park-and-ride#more-1086\">&#8230;<\/a><\/p>\n<p><a href=\"https:\/\/praguetouristinformation.com\/en\/planning\/arrival\/park-and-ride\" style=\"\"><span style=\"\"><span style=\"\">Read More&#8230;<\/span><\/span><\/a><a href=\"https:\/\/praguetouristinformation.com\/en\/planning\/arrival\/vaclav-havel-airport\" dynamic-postlink=\"tcb_post_the_permalink\" data-shortcode-id=\"98\"><\/a><\/p>\n<h3 style=\"text-align: center; padding-top: 0px !important; margin-top: 0px !important;\"><span data-attr-link=\"1\" data-attr-rel=\"0\" data-attr-target=\"0\" data-extra_key=\"\" data-option-inline=\"1\" data-shortcode=\"tcb_post_title\" data-shortcode-name=\"Post title\" data-attr-css=\"\" data-attr-static-link=\"{&quot;className&quot;:&quot;&quot;,&quot;href&quot;:&quot;https:\/\/praguetouristinformation.com\/en\/planning\/arrival\/bus-station&quot;,&quot;title&quot;:&quot;Guide to Prague Bus Station: Timetable, Bus Connections &amp; Flixbus&quot;,&quot;class&quot;:&quot;&quot;}\" style=\"\"><a href=\"https:\/\/praguetouristinformation.com\/en\/planning\/arrival\/vaclav-havel-airport\" title=\"Prague V\u00e1clav Havel Airport [PRG]: Complete Guide with Flights, Hotels &amp; Transfers\" data-css=\"\">Prague V\u00e1clav Havel Airport [PRG]: Complete Guide with Flights, Hotels &amp; Transfers<\/a><\/span><\/h3>\n<p>V\u00e1clav Havel Airport is Prague&#8217;s international commercial airport. <a href=\"https:\/\/praguetouristinformation.com\/en\/planning\/arrival\/vaclav-havel-airport#more-86\">&#8230;<\/a><\/p>\n<p><a href=\"https:\/\/praguetouristinformation.com\/en\/planning\/arrival\/vaclav-havel-airport\" style=\"\"><span style=\"\"><span style=\"\">Read More&#8230;<\/span><\/span><\/a><a href=\"https:\/\/praguetouristinformation.com\/en\/planning\/arrival\/taxi\" dynamic-postlink=\"tcb_post_the_permalink\" data-shortcode-id=\"98\"><\/a><\/p>\n<h3 style=\"text-align: center; padding-top: 0px !important; margin-top: 0px !important;\"><span data-attr-link=\"1\" data-attr-rel=\"0\" data-attr-target=\"0\" data-extra_key=\"\" data-option-inline=\"1\" data-shortcode=\"tcb_post_title\" data-shortcode-name=\"Post title\" data-attr-css=\"\" data-attr-static-link=\"{&quot;className&quot;:&quot;&quot;,&quot;href&quot;:&quot;https:\/\/praguetouristinformation.com\/en\/planning\/arrival\/bus-station&quot;,&quot;title&quot;:&quot;Guide to Prague Bus Station: Timetable, Bus Connections &amp; Flixbus&quot;,&quot;class&quot;:&quot;&quot;}\" style=\"\"><a href=\"https:\/\/praguetouristinformation.com\/en\/planning\/arrival\/taxi\" title=\"Taxis in Prague: Important Info, Fares &amp; Tips\" data-css=\"\">Taxis in Prague: Important Info, Fares &amp; Tips<\/a><\/span><\/h3>\n<p>There are many different taxi companies in Prague. <a href=\"https:\/\/praguetouristinformation.com\/en\/planning\/arrival\/taxi#more-89\">&#8230;<\/a><\/p>\n<p><a href=\"https:\/\/praguetouristinformation.com\/en\/planning\/arrival\/taxi\" style=\"\"><span style=\"\"><span style=\"\">Read More&#8230;<\/span><\/span><\/a><a href=\"javascript:void(0)\" style=\"\"><span style=\"\"><span style=\"\">Load More<\/span><\/span><\/a><\/p>\n<p style=\"text-align: center;\">Explore the City<\/p>\n<p style=\"text-align: center;\">Tickets, Tours, and Audio Guides<\/p>\n<h3 style=\"\"><span data-attr-css=\"tve-u-173e7904c02\" data-attr-link=\"1\" data-attr-rel=\"0\" data-attr-target=\"0\" data-extra_key=\"\" data-option-inline=\"1\" data-shortcode=\"tcb_post_title\" data-shortcode-name=\"Post title\" data-attr-static-link=\"{&quot;className&quot;:&quot;&quot;,&quot;href&quot;:&quot;https:\/\/praguetouristinformation.com\/en\/shop&quot;,&quot;title&quot;:&quot;Shop Coming Soon&quot;,&quot;data-css&quot;:&quot;tve-u-173e7904c02&quot;,&quot;class&quot;:&quot;&quot;}\" style=\"\"><a href=\"https:\/\/praguetouristinformation.com\/en\/shop\" title=\"Shop Coming Soon\">Shop Coming Soon<\/a><\/span><\/h3>\n<p><a href=\"javascript:void(0)\" style=\"\"><span style=\"\"><span style=\"\">Load More<\/span><\/span><\/a><\/p>\n<h2>When do city break tickets pay off?<\/h2>\n<p>The purchase of a day ticket pays off in Prague from three single trips at the normal price. This applies to the entire public transport network.&nbsp;<\/p>\n<p>A day ticket also pays off after 3 reduced-price trips in Prague, there are also reduced-price day tickets.<\/p>\n<h3>Transfers<\/h3>\n<ul>\n<li style=\"\"><span style=\"\"><strong>V\u00e1clav-Havel Airport (PRG):<\/strong> The capital airport is publicly connected to the city by buses, there is no direct the suburban train connection, but buses run regularly from 2 central metro stations. In addition, there are Uber, shared buses, <a href=\"https:\/\/gyg.me\/O1B6qXQJ\" rel=\"nofollow noopener\" target=\"_blank\" style=\"outline: none;\" data-lt-tmp-id=\"lt-886663\" spellcheck=\"false\">Private Transfer service providers<\/a>, and executive transfers as an option.<strong> <\/strong><\/span><\/li>\n<li><span><strong>Prague Central Station: <\/strong>The station is located directly in the city center, with a connection to the Prague metro network. Cabs are usually available at the exit, but are better ordered by phone.<strong><\/strong><\/span><\/li>\n<li><span><strong>Bus Terminal:&nbsp;<\/strong>The central bus terminal is also located near a metro station and is easily accessible by public transport.<\/span><\/li>\n<\/ul>\n<p style=\"text-align: center;\">Airport Transfers<\/p>\n<p style=\"text-align: center;\">Uber, Shuttle Buses, and Private Transfers<\/p>\n<h3 style=\"\"><span data-attr-css=\"tve-u-175028fc266\" data-attr-link=\"1\" data-attr-rel=\"0\" data-attr-target=\"0\" data-extra_key=\"\" data-option-inline=\"1\" data-shortcode=\"tcb_post_title\" data-shortcode-name=\"Post title\" data-attr-static-link=\"{&quot;className&quot;:&quot;&quot;,&quot;href&quot;:&quot;https:\/\/praguetouristinformation.com\/en\/shop&quot;,&quot;title&quot;:&quot;Shop Coming Soon&quot;,&quot;data-css&quot;:&quot;tve-u-175028fc266&quot;,&quot;class&quot;:&quot;&quot;}\" style=\"\"><a href=\"https:\/\/praguetouristinformation.com\/en\/shop\" title=\"Shop Coming Soon\">Shop Coming Soon<\/a><\/span><\/h3>\n<p><a href=\"javascript:void(0)\" style=\"\"><span style=\"\"><span style=\"\">Load More<\/span><\/span><\/a><\/p>\n<p style=\"text-align: center;\">Group Travel<\/p>\n<p style=\"text-align: center;\">Conferences, Meetings, Fairs, Club Trips, and Events<\/p>\n<h3 style=\"\"><span data-attr-css=\"tve-u-173e791164f\" data-attr-link=\"1\" data-attr-rel=\"0\" data-attr-target=\"0\" data-extra_key=\"\" data-option-inline=\"1\" data-shortcode=\"tcb_post_title\" data-shortcode-name=\"Post title\" data-attr-static-link=\"{&quot;className&quot;:&quot;&quot;,&quot;href&quot;:&quot;https:\/\/praguetouristinformation.com\/en\/group-tour&quot;,&quot;title&quot;:&quot;M.I.C.E. Services in Prague: Group Travel, Incentives &amp; Events&quot;,&quot;data-css&quot;:&quot;tve-u-173e791164f&quot;,&quot;class&quot;:&quot;&quot;}\" style=\"\"><a href=\"https:\/\/praguetouristinformation.com\/en\/group-tour\" title=\"M.I.C.E. Services in Prague: Group Travel, Incentives &amp; Events\">M.I.C.E. Services in Prague: Group Travel, Incentives &amp; Events<\/a><\/span><\/h3>\n<p><a href=\"javascript:void(0)\" style=\"\"><span style=\"\"><span style=\"\">Load More<\/span><\/span><\/a><\/p>\n<h2>Conferences, Fairs, and Group Travel<\/h2>\n<p>Pragu TouristInformation.com is a full-service agency and organizes all parts of group travel.<\/p>\n<\/p>\n<p>This includes conference hotels, buses for a group transfers from the airport, executive transfers, catering, incentives, and of course the entire social program.&nbsp;<\/p>\n<\/p>\n<p>During a free initial consultation, we will be happy to review your requirements for meetings, group travel, and events in Prague.<\/p>\n<h3>From One Source<\/h3>\n<ul>\n<li style=\"\"><span style=\"\"><strong>24-hour Support:&nbsp;<\/strong>Continuously available during the planning, preparation, and implementation of group tours.<strong> <\/strong><\/span><\/li>\n<li><span><strong>From One Source:&nbsp;<\/strong>Complete handling including the social program from one source with one contact person.<strong> <\/strong><\/span><\/li>\n<li><span><strong>Free Initial Consultation:&nbsp;<\/strong>We are happy to check if we can meet your requirements in a free initial consultation.<\/span><\/li>\n<\/ul>\n<h2 style=\"text-align: center;\">Free Initial Consultations for Group Travel<\/h2>\n<p style=\"text-align: center;\">We are happy to talk about your expectations. You can contact us by email to <em>support@praguetouristinformation.com<\/em> or with our contact form.&nbsp;<\/p>\n","protected":false},"excerpt":{"rendered":"<p>Guide to Arrival in Prague Learn about flights, trains, buses, and driving your own car to Prague.&nbsp; How to Get to Prague &#8230; and move around the city easily Public Transport in Prague: Fares, Tickets &amp; Tips Guide to Prague Bus Station: Timetable, Bus Connections &amp; Flixbus The Central Bus Station Prague is called, Praha [&hellip;]<\/p>\n","protected":false},"author":6,"featured_media":2351,"parent":767,"menu_order":0,"comment_status":"closed","ping_status":"closed","template":"","meta":{"footnotes":""},"categories":[],"tags":[50,49],"class_list":["post-769","page","type-page","status-publish","has-post-thumbnail","hentry","tag-planning","tag-traffic","post-wrapper","thrv_wrapper"],"_links":{"self":[{"href":"https:\/\/praguetouristinformation.com\/en\/wp-json\/wp\/v2\/pages\/769","targetHints":{"allow":["GET"]}}],"collection":[{"href":"https:\/\/praguetouristinformation.com\/en\/wp-json\/wp\/v2\/pages"}],"about":[{"href":"https:\/\/praguetouristinformation.com\/en\/wp-json\/wp\/v2\/types\/page"}],"author":[{"embeddable":true,"href":"https:\/\/praguetouristinformation.com\/en\/wp-json\/wp\/v2\/users\/6"}],"replies":[{"embeddable":true,"href":"https:\/\/praguetouristinformation.com\/en\/wp-json\/wp\/v2\/comments?post=769"}],"version-history":[{"count":58,"href":"https:\/\/praguetouristinformation.com\/en\/wp-json\/wp\/v2\/pages\/769\/revisions"}],"predecessor-version":[{"id":5700,"href":"https:\/\/praguetouristinformation.com\/en\/wp-json\/wp\/v2\/pages\/769\/revisions\/5700"}],"up":[{"embeddable":true,"href":"https:\/\/praguetouristinformation.com\/en\/wp-json\/wp\/v2\/pages\/767"}],"wp:featuredmedia":[{"embeddable":true,"href":"https:\/\/praguetouristinformation.com\/en\/wp-json\/wp\/v2\/media\/2351"}],"wp:attachment":[{"href":"https:\/\/praguetouristinformation.com\/en\/wp-json\/wp\/v2\/media?parent=769"}],"wp:term":[{"taxonomy":"category","embeddable":true,"href":"https:\/\/praguetouristinformation.com\/en\/wp-json\/wp\/v2\/categories?post=769"},{"taxonomy":"post_tag","embeddable":true,"href":"https:\/\/praguetouristinformation.com\/en\/wp-json\/wp\/v2\/tags?post=769"}],"curies":[{"name":"wp","href":"https:\/\/api.w.org\/{rel}","templated":true}]}}