{"id":767,"date":"2024-06-26T20:01:30","date_gmt":"2024-06-26T20:01:30","guid":{"rendered":"http:\/\/praguetouristinformation.com\/?page_id=767"},"modified":"2024-06-26T20:01:30","modified_gmt":"2024-06-26T20:01:30","slug":"planning","status":"publish","type":"page","link":"https:\/\/praguetouristinformation.com\/en\/planning","title":{"rendered":"Travel Planning: The Complete Guide"},"content":{"rendered":"<h1 style=\"\">Plan a Trip to Prague<\/h1>\n<p>Read more about easy traveling, the central districts, sightseeing, general travel tips, and the most important questions to ask before a trip to Prague.<\/p>\n<h2 style=\"text-align: center;\" id=\"t-1601911056482\">How to Get to Prague?<\/h2>\n<p style=\"text-align: center;\">Train, Bus, Car, and Plane<\/p>\n<h3 style=\"\" id=\"t-1601911056457\"><span data-attr-css=\"tve-u-172a53df671\" data-attr-link=\"1\" data-attr-rel=\"0\" data-attr-target=\"0\" data-extra_key=\"\" data-option-inline=\"1\" data-shortcode=\"tcb_post_title\" data-shortcode-name=\"Post title\" data-attr-static-link=\"{&quot;className&quot;:&quot;&quot;,&quot;href&quot;:&quot;https:\/\/praguetouristinformation.com\/en\/planning\/arrival&quot;,&quot;title&quot;:&quot;Guide to Arrival in Prague&quot;,&quot;data-css&quot;:&quot;tve-u-172a53df671&quot;,&quot;class&quot;:&quot;&quot;}\" style=\"\"><a href=\"https:\/\/praguetouristinformation.com\/en\/planning\/arrival\" title=\"Guide to Arrival in Prague\">Guide to Arrival in Prague<\/a><\/span><\/h3>\n<p><a href=\"https:\/\/praguetouristinformation.com\/en\/planning\/arrival\/bus-station\" dynamic-postlink=\"tcb_post_the_permalink\" data-shortcode-id=\"98\"><\/a><\/p>\n<h3 style=\"text-align: center; padding-top: 0px !important; margin-top: 0px !important;\" id=\"t-1601911056458\"><span data-attr-link=\"1\" data-attr-rel=\"0\" data-attr-target=\"0\" data-extra_key=\"\" data-option-inline=\"1\" data-shortcode=\"tcb_post_title\" data-shortcode-name=\"Post title\" data-attr-css=\"\" data-attr-static-link=\"{&quot;className&quot;:&quot;&quot;,&quot;href&quot;:&quot;https:\/\/praguetouristinformation.com\/en\/planning\/arrival\/bus-station&quot;,&quot;title&quot;:&quot;Guide to Prague Bus Station: Timetable, Bus Connections &amp; Flixbus&quot;,&quot;class&quot;:&quot;&quot;}\"><a href=\"https:\/\/praguetouristinformation.com\/en\/planning\/arrival\/bus-station\" title=\"Guide to Prague Bus Station: Timetable, Bus Connections &amp; Flixbus\" data-css=\"\">Guide to Prague Bus Station: Timetable, Bus Connections &amp; Flixbus<\/a><\/span><\/h3>\n<p>The Central Bus Station Prague is called, Praha <a href=\"https:\/\/praguetouristinformation.com\/en\/planning\/arrival\/bus-station#more-92\">&#8230;<\/a><\/p>\n<p><a href=\"https:\/\/praguetouristinformation.com\/en\/planning\/arrival\/bus-station\" style=\"\"><span style=\"\"><span style=\"\"><strong>Read More&#8230;<\/strong><\/span><\/span><\/a><a href=\"https:\/\/praguetouristinformation.com\/en\/planning\/arrival\/train-station\" dynamic-postlink=\"tcb_post_the_permalink\" data-shortcode-id=\"98\"><\/a><\/p>\n<h3 style=\"text-align: center; padding-top: 0px !important; margin-top: 0px !important;\" id=\"t-1601911056458\"><span data-attr-link=\"1\" data-attr-rel=\"0\" data-attr-target=\"0\" data-extra_key=\"\" data-option-inline=\"1\" data-shortcode=\"tcb_post_title\" data-shortcode-name=\"Post title\" data-attr-css=\"\" data-attr-static-link=\"{&quot;className&quot;:&quot;&quot;,&quot;href&quot;:&quot;https:\/\/praguetouristinformation.com\/en\/planning\/arrival\/bus-station&quot;,&quot;title&quot;:&quot;Guide to Prague Bus Station: Timetable, Bus Connections &amp; Flixbus&quot;,&quot;class&quot;:&quot;&quot;}\"><a href=\"https:\/\/praguetouristinformation.com\/en\/planning\/arrival\/train-station\" title=\"Guide to Prague Train Station (Hlavn\u00ed N\u00e1dra\u017e)\" data-css=\"\">Guide to Prague Train Station (Hlavn\u00ed N\u00e1dra\u017e)<\/a><\/span><\/h3>\n<p>Prague Main Railway Station, Praha hlavn\u00ed n\u00e1dra\u017e, is <a href=\"https:\/\/praguetouristinformation.com\/en\/planning\/arrival\/train-station#more-98\">&#8230;<\/a><\/p>\n<p><a href=\"https:\/\/praguetouristinformation.com\/en\/planning\/arrival\/train-station\" style=\"\"><span style=\"\"><span style=\"\"><strong>Read More&#8230;<\/strong><\/span><\/span><\/a><a href=\"https:\/\/praguetouristinformation.com\/en\/planning\/arrival\/parking\" dynamic-postlink=\"tcb_post_the_permalink\" data-shortcode-id=\"98\"><\/a><\/p>\n<h3 style=\"text-align: center; padding-top: 0px !important; margin-top: 0px !important;\" id=\"t-1601911056458\"><span data-attr-link=\"1\" data-attr-rel=\"0\" data-attr-target=\"0\" data-extra_key=\"\" data-option-inline=\"1\" data-shortcode=\"tcb_post_title\" data-shortcode-name=\"Post title\" data-attr-css=\"\" data-attr-static-link=\"{&quot;className&quot;:&quot;&quot;,&quot;href&quot;:&quot;https:\/\/praguetouristinformation.com\/en\/planning\/arrival\/bus-station&quot;,&quot;title&quot;:&quot;Guide to Prague Bus Station: Timetable, Bus Connections &amp; Flixbus&quot;,&quot;class&quot;:&quot;&quot;}\"><a href=\"https:\/\/praguetouristinformation.com\/en\/planning\/arrival\/parking\" title=\"Parking in Prague: Zones, Garages &amp; Costs\" data-css=\"\">Parking in Prague: Zones, Garages &amp; Costs<\/a><\/span><\/h3>\n<p>Although there is sometimes a bit of increased <a href=\"https:\/\/praguetouristinformation.com\/en\/planning\/arrival\/parking#more-95\">&#8230;<\/a><\/p>\n<p><a href=\"https:\/\/praguetouristinformation.com\/en\/planning\/arrival\/parking\" style=\"\"><span style=\"\"><span style=\"\"><strong>Read More&#8230;<\/strong><\/span><\/span><\/a><a href=\"https:\/\/praguetouristinformation.com\/en\/planning\/arrival\/park-and-ride\" dynamic-postlink=\"tcb_post_the_permalink\" data-shortcode-id=\"98\"><\/a><\/p>\n<h3 style=\"text-align: center; padding-top: 0px !important; margin-top: 0px !important;\" id=\"t-1601911056458\"><span data-attr-link=\"1\" data-attr-rel=\"0\" data-attr-target=\"0\" data-extra_key=\"\" data-option-inline=\"1\" data-shortcode=\"tcb_post_title\" data-shortcode-name=\"Post title\" data-attr-css=\"\" data-attr-static-link=\"{&quot;className&quot;:&quot;&quot;,&quot;href&quot;:&quot;https:\/\/praguetouristinformation.com\/en\/planning\/arrival\/bus-station&quot;,&quot;title&quot;:&quot;Guide to Prague Bus Station: Timetable, Bus Connections &amp; Flixbus&quot;,&quot;class&quot;:&quot;&quot;}\"><a href=\"https:\/\/praguetouristinformation.com\/en\/planning\/arrival\/park-and-ride\" title=\"Prague Park and Ride: Info &amp; Tips\" data-css=\"\">Prague Park and Ride: Info &amp; Tips<\/a><\/span><\/h3>\n<p>As many sights as there are in Prague, <a href=\"https:\/\/praguetouristinformation.com\/en\/planning\/arrival\/park-and-ride#more-1086\">&#8230;<\/a><\/p>\n<p><a href=\"https:\/\/praguetouristinformation.com\/en\/planning\/arrival\/park-and-ride\" style=\"\"><span style=\"\"><span style=\"\"><strong>Read More&#8230;<\/strong><\/span><\/span><\/a><a href=\"https:\/\/praguetouristinformation.com\/en\/planning\/arrival\/vaclav-havel-airport\" dynamic-postlink=\"tcb_post_the_permalink\" data-shortcode-id=\"98\"><\/a><\/p>\n<h3 style=\"text-align: center; padding-top: 0px !important; margin-top: 0px !important;\" id=\"t-1601911056458\"><span data-attr-link=\"1\" data-attr-rel=\"0\" data-attr-target=\"0\" data-extra_key=\"\" data-option-inline=\"1\" data-shortcode=\"tcb_post_title\" data-shortcode-name=\"Post title\" data-attr-css=\"\" data-attr-static-link=\"{&quot;className&quot;:&quot;&quot;,&quot;href&quot;:&quot;https:\/\/praguetouristinformation.com\/en\/planning\/arrival\/bus-station&quot;,&quot;title&quot;:&quot;Guide to Prague Bus Station: Timetable, Bus Connections &amp; Flixbus&quot;,&quot;class&quot;:&quot;&quot;}\"><a href=\"https:\/\/praguetouristinformation.com\/en\/planning\/arrival\/vaclav-havel-airport\" title=\"Prague V\u00e1clav Havel Airport [PRG]: Complete Guide with Flights, Hotels &amp; Transfers\" data-css=\"\">Prague V\u00e1clav Havel Airport [PRG]: Complete Guide with Flights, Hotels &amp; Transfers<\/a><\/span><\/h3>\n<p>V\u00e1clav Havel Airport is Prague&#8217;s international commercial airport. <a href=\"https:\/\/praguetouristinformation.com\/en\/planning\/arrival\/vaclav-havel-airport#more-86\">&#8230;<\/a><\/p>\n<p><a href=\"https:\/\/praguetouristinformation.com\/en\/planning\/arrival\/vaclav-havel-airport\" style=\"\"><span style=\"\"><span style=\"\"><strong>Read More&#8230;<\/strong><\/span><\/span><\/a><a href=\"https:\/\/praguetouristinformation.com\/en\/planning\/arrival\/taxi\" dynamic-postlink=\"tcb_post_the_permalink\" data-shortcode-id=\"98\"><\/a><\/p>\n<h3 style=\"text-align: center; padding-top: 0px !important; margin-top: 0px !important;\" id=\"t-1601911056458\"><span data-attr-link=\"1\" data-attr-rel=\"0\" data-attr-target=\"0\" data-extra_key=\"\" data-option-inline=\"1\" data-shortcode=\"tcb_post_title\" data-shortcode-name=\"Post title\" data-attr-css=\"\" data-attr-static-link=\"{&quot;className&quot;:&quot;&quot;,&quot;href&quot;:&quot;https:\/\/praguetouristinformation.com\/en\/planning\/arrival\/bus-station&quot;,&quot;title&quot;:&quot;Guide to Prague Bus Station: Timetable, Bus Connections &amp; Flixbus&quot;,&quot;class&quot;:&quot;&quot;}\"><a href=\"https:\/\/praguetouristinformation.com\/en\/planning\/arrival\/taxi\" title=\"Taxis in Prague: Important Info, Fares &amp; Tips\" data-css=\"\">Taxis in Prague: Important Info, Fares &amp; Tips<\/a><\/span><\/h3>\n<p>There are many different taxi companies in Prague. <a href=\"https:\/\/praguetouristinformation.com\/en\/planning\/arrival\/taxi#more-89\">&#8230;<\/a><\/p>\n<p><a href=\"https:\/\/praguetouristinformation.com\/en\/planning\/arrival\/taxi\" style=\"\"><span style=\"\"><span style=\"\"><strong>Read More&#8230;<\/strong><\/span><\/span><\/a><a href=\"javascript:void(0)\" style=\"\"><span style=\"\"><span style=\"\">Load More<\/span><\/span><\/a><\/p>\n<h3 style=\"\" id=\"t-1601911056464\">Prague Guide<\/h3>\n<p>Get This Audio Guide App with More Than 50 Sights, Tours, and Tickets.<\/p>\n<h2 style=\"text-align: center;\" id=\"t-1601911056483\">Where Should I Stay in Prague?<\/h2>\n<p style=\"text-align: center;\">Districts, Hotels, Apartments, and More&#8230;<\/p>\n<p style=\"padding: 0px !important; margin: 0px !important; text-align: center;\">1.3&nbsp;<\/p>\n<p style=\"padding: 0px !important; margin: 0px !important; text-align: center;\">Million People<\/p>\n<p style=\"padding: 0px !important; margin: 0px !important; line-height: 1.4em !important; text-align: center;\">10<\/p>\n<p style=\"padding: 0px !important; margin: 0px !important; text-align: center;\">Municipalities<\/p>\n<p style=\"padding: 0px !important; margin: 0px !important; line-height: 1.4em !important; text-align: center;\">146<\/p>\n<p style=\"padding: 0px !important; margin: 0px !important; text-align: center;\">Local Districts<\/p>\n<p style=\"padding: 0px !important; margin: 0px !important; line-height: 1.4em !important; text-align: center;\">3,789+<\/p>\n<p style=\"padding: 0px !important; margin: 0px !important; text-align: center;\">Accommodations<\/p>\n<h3 style=\"\" id=\"t-1601911056465\"><span data-attr-css=\"tve-u-172a53ab909\" data-attr-link=\"1\" data-attr-rel=\"0\" data-attr-target=\"0\" data-extra_key=\"\" data-option-inline=\"1\" data-shortcode=\"tcb_post_title\" data-shortcode-name=\"Post title\" data-attr-static-link=\"{&quot;className&quot;:&quot;&quot;,&quot;href&quot;:&quot;#&quot;,&quot;title&quot;:&quot;Travel Planning: The Complete Guide&quot;,&quot;data-css&quot;:&quot;tve-u-172a53ab909&quot;,&quot;class&quot;:&quot;&quot;}\" style=\"\"><\/span><\/h3>\n<p><a href=\"https:\/\/praguetouristinformation.com\/en\/hotel\/3-star-hotels\" dynamic-postlink=\"tcb_post_the_permalink\" data-shortcode-id=\"6\"><\/a><\/p>\n<h3 style=\"text-align: center; padding-top: 0px !important; margin-top: 0px !important;\" id=\"t-1601911056466\"><span data-attr-link=\"1\" data-attr-rel=\"0\" data-attr-target=\"0\" data-extra_key=\"\" data-option-inline=\"1\" data-shortcode=\"tcb_post_title\" data-shortcode-name=\"Post title\" data-attr-css=\"\" data-attr-static-link=\"{&quot;className&quot;:&quot;&quot;,&quot;href&quot;:&quot;https:\/\/praguetouristinformation.com\/en\/hotel\/3-star-hotels&quot;,&quot;title&quot;:&quot;15 Affordable 3-Star Hotels in Prague&quot;,&quot;class&quot;:&quot;&quot;}\"><a href=\"https:\/\/praguetouristinformation.com\/en\/hotel\/3-star-hotels\" title=\"15 Affordable 3-Star Hotels in Prague\" data-css=\"\">15 Affordable 3-Star Hotels in Prague<\/a><\/span><\/h3>\n<p>On this page, you will find good 3 <a href=\"https:\/\/praguetouristinformation.com\/en\/hotel\/3-star-hotels#more-6\">&#8230;<\/a><\/p>\n<p><a href=\"https:\/\/praguetouristinformation.com\/en\/hotel\/3-star-hotels\" style=\"\"><span style=\"\"><span style=\"\"><strong>Read More&#8230;<\/strong><\/span><\/span><\/a><a href=\"https:\/\/praguetouristinformation.com\/en\/hotel\/5-star-hotels\" dynamic-postlink=\"tcb_post_the_permalink\" data-shortcode-id=\"6\"><\/a><\/p>\n<h3 style=\"text-align: center; padding-top: 0px !important; margin-top: 0px !important;\" id=\"t-1601911056466\"><span data-attr-link=\"1\" data-attr-rel=\"0\" data-attr-target=\"0\" data-extra_key=\"\" data-option-inline=\"1\" data-shortcode=\"tcb_post_title\" data-shortcode-name=\"Post title\" data-attr-css=\"\" data-attr-static-link=\"{&quot;className&quot;:&quot;&quot;,&quot;href&quot;:&quot;https:\/\/praguetouristinformation.com\/en\/hotel\/3-star-hotels&quot;,&quot;title&quot;:&quot;15 Affordable 3-Star Hotels in Prague&quot;,&quot;class&quot;:&quot;&quot;}\"><a href=\"https:\/\/praguetouristinformation.com\/en\/hotel\/5-star-hotels\" title=\"20 Best 5-Star Hotels in Prague\" data-css=\"\">20 Best 5-Star Hotels in Prague<\/a><\/span><\/h3>\n<p>On this page you will find the best <a href=\"https:\/\/praguetouristinformation.com\/en\/hotel\/5-star-hotels#more-10\">&#8230;<\/a><\/p>\n<p><a href=\"https:\/\/praguetouristinformation.com\/en\/hotel\/5-star-hotels\" style=\"\"><span style=\"\"><span style=\"\"><strong>Read More&#8230;<\/strong><\/span><\/span><\/a><a href=\"https:\/\/praguetouristinformation.com\/en\/hotel\/4-star-hotels\" dynamic-postlink=\"tcb_post_the_permalink\" data-shortcode-id=\"6\"><\/a><\/p>\n<h3 style=\"text-align: center; padding-top: 0px !important; margin-top: 0px !important;\" id=\"t-1601911056466\"><span data-attr-link=\"1\" data-attr-rel=\"0\" data-attr-target=\"0\" data-extra_key=\"\" data-option-inline=\"1\" data-shortcode=\"tcb_post_title\" data-shortcode-name=\"Post title\" data-attr-css=\"\" data-attr-static-link=\"{&quot;className&quot;:&quot;&quot;,&quot;href&quot;:&quot;https:\/\/praguetouristinformation.com\/en\/hotel\/3-star-hotels&quot;,&quot;title&quot;:&quot;15 Affordable 3-Star Hotels in Prague&quot;,&quot;class&quot;:&quot;&quot;}\"><a href=\"https:\/\/praguetouristinformation.com\/en\/hotel\/4-star-hotels\" title=\"25 Good 4-Star Hotels in Prague\" data-css=\"\">25 Good 4-Star Hotels in Prague<\/a><\/span><\/h3>\n<p>On this page you will find the best <a href=\"https:\/\/praguetouristinformation.com\/en\/hotel\/4-star-hotels#more-19\">&#8230;<\/a><\/p>\n<p><a href=\"https:\/\/praguetouristinformation.com\/en\/hotel\/4-star-hotels\" style=\"\"><span style=\"\"><span style=\"\"><strong>Read More&#8230;<\/strong><\/span><\/span><\/a><a href=\"javascript:void(0)\" style=\"\"><span style=\"\"><span style=\"\">Load More<\/span><\/span><\/a><\/p>\n<h3 style=\"\" id=\"t-1601911056469\"><span style=\"\">Full Service M.I.C.E.&nbsp;<\/span><\/h3>\n<p>We can provide the complete supporting program from one source from incentives to conference hotels with 24-hour support.<\/p>\n<h2 style=\"text-align: center;\" id=\"t-1601911056484\">What Can I Do in Prague?<\/h2>\n<p style=\"text-align: center;\">Landmarks, Sights, and Attractions&#8230;<\/p>\n<h3 style=\"\" id=\"t-1601911056470\"><span data-attr-css=\"tve-u-172a5436fb6\" data-attr-link=\"1\" data-attr-rel=\"0\" data-attr-target=\"0\" data-extra_key=\"\" data-option-inline=\"1\" data-shortcode=\"tcb_post_title\" data-shortcode-name=\"Post title\" data-attr-static-link=\"{&quot;className&quot;:&quot;&quot;,&quot;href&quot;:&quot;https:\/\/praguetouristinformation.com\/en\/sightseeing&quot;,&quot;title&quot;:&quot;50 Top Sights in Prague&quot;,&quot;data-css&quot;:&quot;tve-u-172a5436fb6&quot;,&quot;class&quot;:&quot;&quot;}\"><a href=\"https:\/\/praguetouristinformation.com\/en\/sightseeing\" title=\"50 Top Sights in Prague\">50 Top Sights in Prague<\/a><\/span><\/h3>\n<p><a href=\"https:\/\/praguetouristinformation.com\/en\/sightseeing\/best-viewpoints\" dynamic-postlink=\"tcb_post_the_permalink\" data-shortcode-id=\"1090\"><\/a><\/p>\n<h3 style=\"text-align: center; padding-top: 0px !important; margin-top: 0px !important;\" id=\"t-1601911056471\"><span data-attr-link=\"1\" data-attr-rel=\"0\" data-attr-target=\"0\" data-extra_key=\"\" data-option-inline=\"1\" data-shortcode=\"tcb_post_title\" data-shortcode-name=\"Post title\" data-attr-css=\"\" data-attr-static-link=\"{&quot;className&quot;:&quot;&quot;,&quot;href&quot;:&quot;https:\/\/praguetouristinformation.com\/en\/sightseeing\/best-viewpoints&quot;,&quot;title&quot;:&quot;12 Best Viewpoints in Prague&quot;,&quot;class&quot;:&quot;&quot;}\"><a href=\"https:\/\/praguetouristinformation.com\/en\/sightseeing\/best-viewpoints\" title=\"12 Best Viewpoints in Prague\" data-css=\"\">12 Best Viewpoints in Prague<\/a><\/span><\/h3>\n<p>What are the best places to find beautiful <a href=\"https:\/\/praguetouristinformation.com\/en\/sightseeing\/best-viewpoints#more-713\">&#8230;<\/a><\/p>\n<p><a href=\"https:\/\/praguetouristinformation.com\/en\/sightseeing\/best-viewpoints\" style=\"\"><span style=\"\"><span style=\"\"><strong>Read More&#8230;<\/strong><\/span><\/span><\/a><a href=\"https:\/\/praguetouristinformation.com\/en\/sightseeing\/attractions\" dynamic-postlink=\"tcb_post_the_permalink\" data-shortcode-id=\"1090\"><\/a><\/p>\n<h3 style=\"text-align: center; padding-top: 0px !important; margin-top: 0px !important;\" id=\"t-1601911056471\"><span data-attr-link=\"1\" data-attr-rel=\"0\" data-attr-target=\"0\" data-extra_key=\"\" data-option-inline=\"1\" data-shortcode=\"tcb_post_title\" data-shortcode-name=\"Post title\" data-attr-css=\"\" data-attr-static-link=\"{&quot;className&quot;:&quot;&quot;,&quot;href&quot;:&quot;https:\/\/praguetouristinformation.com\/en\/sightseeing\/best-viewpoints&quot;,&quot;title&quot;:&quot;12 Best Viewpoints in Prague&quot;,&quot;class&quot;:&quot;&quot;}\"><a href=\"https:\/\/praguetouristinformation.com\/en\/sightseeing\/attractions\" title=\"12 Exceptional Attractions in Prague\" data-css=\"\">12 Exceptional Attractions in Prague<\/a><\/span><\/h3>\n<p>What else is there to do in Prague?Besides <a href=\"https:\/\/praguetouristinformation.com\/en\/sightseeing\/attractions#more-1090\">&#8230;<\/a><\/p>\n<p><a href=\"https:\/\/praguetouristinformation.com\/en\/sightseeing\/attractions\" style=\"\"><span style=\"\"><span style=\"\"><strong>Read More&#8230;<\/strong><\/span><\/span><\/a><a href=\"https:\/\/praguetouristinformation.com\/en\/sightseeing\/kids-in-prague\" dynamic-postlink=\"tcb_post_the_permalink\" data-shortcode-id=\"1090\"><\/a><\/p>\n<h3 style=\"text-align: center; padding-top: 0px !important; margin-top: 0px !important;\" id=\"t-1601911056471\"><span data-attr-link=\"1\" data-attr-rel=\"0\" data-attr-target=\"0\" data-extra_key=\"\" data-option-inline=\"1\" data-shortcode=\"tcb_post_title\" data-shortcode-name=\"Post title\" data-attr-css=\"\" data-attr-static-link=\"{&quot;className&quot;:&quot;&quot;,&quot;href&quot;:&quot;https:\/\/praguetouristinformation.com\/en\/sightseeing\/best-viewpoints&quot;,&quot;title&quot;:&quot;12 Best Viewpoints in Prague&quot;,&quot;class&quot;:&quot;&quot;}\"><a href=\"https:\/\/praguetouristinformation.com\/en\/sightseeing\/kids-in-prague\" title=\"15 Top Things to Do for Kids in Prague\" data-css=\"\">15 Top Things to Do for Kids in Prague<\/a><\/span><\/h3>\n<p>What can you do in Prague with children?During <a href=\"https:\/\/praguetouristinformation.com\/en\/sightseeing\/kids-in-prague#more-256\">&#8230;<\/a><\/p>\n<p><a href=\"https:\/\/praguetouristinformation.com\/en\/sightseeing\/kids-in-prague\" style=\"\"><span style=\"\"><span style=\"\"><strong>Read More&#8230;<\/strong><\/span><\/span><\/a><a href=\"https:\/\/praguetouristinformation.com\/en\/sightseeing\/museum\" dynamic-postlink=\"tcb_post_the_permalink\" data-shortcode-id=\"1090\"><\/a><\/p>\n<h3 style=\"text-align: center; padding-top: 0px !important; margin-top: 0px !important;\" id=\"t-1601911056471\"><span data-attr-link=\"1\" data-attr-rel=\"0\" data-attr-target=\"0\" data-extra_key=\"\" data-option-inline=\"1\" data-shortcode=\"tcb_post_title\" data-shortcode-name=\"Post title\" data-attr-css=\"\" data-attr-static-link=\"{&quot;className&quot;:&quot;&quot;,&quot;href&quot;:&quot;https:\/\/praguetouristinformation.com\/en\/sightseeing\/best-viewpoints&quot;,&quot;title&quot;:&quot;12 Best Viewpoints in Prague&quot;,&quot;class&quot;:&quot;&quot;}\"><a href=\"https:\/\/praguetouristinformation.com\/en\/sightseeing\/museum\" title=\"20 Best Museums in Prague\" data-css=\"\">20 Best Museums in Prague<\/a><\/span><\/h3>\n<p>The charming city of Prague is dotted with <a href=\"https:\/\/praguetouristinformation.com\/en\/sightseeing\/museum#more-137\">&#8230;<\/a><\/p>\n<p><a href=\"https:\/\/praguetouristinformation.com\/en\/sightseeing\/museum\" style=\"\"><span style=\"\"><span style=\"\"><strong>Read More&#8230;<\/strong><\/span><\/span><\/a><a href=\"https:\/\/praguetouristinformation.com\/en\/sightseeing\/theater\" dynamic-postlink=\"tcb_post_the_permalink\" data-shortcode-id=\"1090\"><\/a><\/p>\n<h3 style=\"text-align: center; padding-top: 0px !important; margin-top: 0px !important;\" id=\"t-1601911056471\"><span data-attr-link=\"1\" data-attr-rel=\"0\" data-attr-target=\"0\" data-extra_key=\"\" data-option-inline=\"1\" data-shortcode=\"tcb_post_title\" data-shortcode-name=\"Post title\" data-attr-css=\"\" data-attr-static-link=\"{&quot;className&quot;:&quot;&quot;,&quot;href&quot;:&quot;https:\/\/praguetouristinformation.com\/en\/sightseeing\/best-viewpoints&quot;,&quot;title&quot;:&quot;12 Best Viewpoints in Prague&quot;,&quot;class&quot;:&quot;&quot;}\"><a href=\"https:\/\/praguetouristinformation.com\/en\/sightseeing\/theater\" title=\"7 Best Theaters in Prague [with Map]\" data-css=\"\">7 Best Theaters in Prague [with Map]<\/a><\/span><\/h3>\n<p>Opera and classical music play a major role <a href=\"https:\/\/praguetouristinformation.com\/en\/sightseeing\/theater#more-892\">&#8230;<\/a><\/p>\n<p><a href=\"https:\/\/praguetouristinformation.com\/en\/sightseeing\/theater\" style=\"\"><span style=\"\"><span style=\"\"><strong>Read More&#8230;<\/strong><\/span><\/span><\/a><a href=\"https:\/\/praguetouristinformation.com\/en\/sightseeing\/bad-weather\" dynamic-postlink=\"tcb_post_the_permalink\" data-shortcode-id=\"1090\"><\/a><\/p>\n<h3 style=\"text-align: center; padding-top: 0px !important; margin-top: 0px !important;\" id=\"t-1601911056471\"><span data-attr-link=\"1\" data-attr-rel=\"0\" data-attr-target=\"0\" data-extra_key=\"\" data-option-inline=\"1\" data-shortcode=\"tcb_post_title\" data-shortcode-name=\"Post title\" data-attr-css=\"\" data-attr-static-link=\"{&quot;className&quot;:&quot;&quot;,&quot;href&quot;:&quot;https:\/\/praguetouristinformation.com\/en\/sightseeing\/best-viewpoints&quot;,&quot;title&quot;:&quot;12 Best Viewpoints in Prague&quot;,&quot;class&quot;:&quot;&quot;}\"><a href=\"https:\/\/praguetouristinformation.com\/en\/sightseeing\/bad-weather\" title=\"Prague in the Rain: 20 Bad Weather Activities\" data-css=\"\">Prague in the Rain: 20 Bad Weather Activities<\/a><\/span><\/h3>\n<p>What can you do in Prague in the <a href=\"https:\/\/praguetouristinformation.com\/en\/sightseeing\/bad-weather#more-249\">&#8230;<\/a><\/p>\n<p><a href=\"https:\/\/praguetouristinformation.com\/en\/sightseeing\/bad-weather\" style=\"\"><span style=\"\"><span style=\"\"><strong>Read More&#8230;<\/strong><\/span><\/span><\/a><a href=\"javascript:void(0)\" style=\"\"><span style=\"\"><span style=\"\">Load More<\/span><\/span><\/a><\/p>\n<h3 style=\"\" id=\"t-1601911056477\"><span style=\"\">Ticket Shop<\/span><\/h3>\n","protected":false},"excerpt":{"rendered":"<p>Plan a Trip to Prague Read more about easy traveling, the central districts, sightseeing, general travel tips, and the most important questions to ask before a trip to Prague. How to Get to Prague? Train, Bus, Car, and Plane Guide to Arrival in Prague Guide to Prague Bus Station: Timetable, Bus Connections &amp; Flixbus The [&hellip;]<\/p>\n","protected":false},"author":6,"featured_media":2325,"parent":0,"menu_order":0,"comment_status":"closed","ping_status":"closed","template":"","meta":{"footnotes":""},"categories":[],"tags":[],"class_list":["post-767","page","type-page","status-publish","has-post-thumbnail","hentry","post-wrapper","thrv_wrapper"],"_links":{"self":[{"href":"https:\/\/praguetouristinformation.com\/en\/wp-json\/wp\/v2\/pages\/767","targetHints":{"allow":["GET"]}}],"collection":[{"href":"https:\/\/praguetouristinformation.com\/en\/wp-json\/wp\/v2\/pages"}],"about":[{"href":"https:\/\/praguetouristinformation.com\/en\/wp-json\/wp\/v2\/types\/page"}],"author":[{"embeddable":true,"href":"https:\/\/praguetouristinformation.com\/en\/wp-json\/wp\/v2\/users\/6"}],"replies":[{"embeddable":true,"href":"https:\/\/praguetouristinformation.com\/en\/wp-json\/wp\/v2\/comments?post=767"}],"version-history":[{"count":24,"href":"https:\/\/praguetouristinformation.com\/en\/wp-json\/wp\/v2\/pages\/767\/revisions"}],"predecessor-version":[{"id":4999,"href":"https:\/\/praguetouristinformation.com\/en\/wp-json\/wp\/v2\/pages\/767\/revisions\/4999"}],"wp:featuredmedia":[{"embeddable":true,"href":"https:\/\/praguetouristinformation.com\/en\/wp-json\/wp\/v2\/media\/2325"}],"wp:attachment":[{"href":"https:\/\/praguetouristinformation.com\/en\/wp-json\/wp\/v2\/media?parent=767"}],"wp:term":[{"taxonomy":"category","embeddable":true,"href":"https:\/\/praguetouristinformation.com\/en\/wp-json\/wp\/v2\/categories?post=767"},{"taxonomy":"post_tag","embeddable":true,"href":"https:\/\/praguetouristinformation.com\/en\/wp-json\/wp\/v2\/tags?post=767"}],"curies":[{"name":"wp","href":"https:\/\/api.w.org\/{rel}","templated":true}]}}