{"id":765,"date":"2024-06-26T20:01:20","date_gmt":"2024-06-26T20:01:20","guid":{"rendered":"http:\/\/praguetouristinformation.com\/?page_id=765"},"modified":"2024-06-26T20:01:20","modified_gmt":"2024-06-26T20:01:20","slug":"shopping","status":"publish","type":"page","link":"https:\/\/praguetouristinformation.com\/en\/shopping","title":{"rendered":"Prague Shopping Guide: Where &#038; what to shop?"},"content":{"rendered":"<h1 style=\"\">Prague Shopping Guide<\/h1>\n<p>Where to shop and what you can find in Prague?<\/p>\n<\/p>\n<p>Here is our list of the best shopping streets, shopping centers, and markets in Prague.<\/p>\n<h2 id=\"t-1594796653444\" style=\"\">Shopping Tips<\/h2>\n<p>Prague is the shopping metropolis of the Czech Republic. You can find shopping malls, shopping streets, small boutiques, and markets here. There is everything from funky items to designer fashion and luxury labels. The greatest density of hip shopping addresses can be found at the &#8220;Golden Cross&#8221; not far from Wenceslas Square and Old Town Square. Luxury labels have set up shop on Paris Street, the famous shopping street that forms a transition between the Old and New Towns.Just off Republic Square is the Palladium, Prague&#8217;s largest and best-known shopping center. Unique fashion can be found in small boutiques around Wenceslas Square. Famous is the Havel Market, Havelsk\u00e9 tr\u017ei\u0161t\u011b, with its stalls, cafes, and restaurants.<\/p>\n<h3 id=\"t-1594796653445\">Opening Hours in Prague<\/h3>\n<p>Stores in Prague are generally open from Monday to Saturday, many are also open on Sundays. Supermarkets often open at 07:00, fashion stores at 09:00. Supermarkets close at 20:00 at the latest, sometimes as early as 19:00. Normal stores close at 20:00 at the latest.<\/p>\n<p><strong><span style=\"color: var(ca1c1);\">Weekends:&nbsp;<\/span><\/strong>Since there is no store closing law, stores may also be open on Sundays. Large shopping centers and boutiques in the city center are usually open from noon until late in the evening. <\/p>\n<p>\u200b<\/p>\n<h2 style=\"text-align: center;\" id=\"t-1594796653446\">Popular Places to Shop<\/h2>\n<p style=\"text-align: center;\">An Overview of Shopping Streets, Shopping Centers, and Markets<\/p>\n<p><a href=\"https:\/\/praguetouristinformation.com\/en\/shopping\/shopping-center\" dynamic-postlink=\"tcb_post_the_permalink\" data-shortcode-id=\"200\"><\/a><\/p>\n<h3 style=\"text-align: center; padding-top: 0px !important; margin-top: 0px !important;\"><span data-attr-link=\"1\" data-attr-rel=\"0\" data-attr-target=\"0\" data-extra_key=\"\" data-option-inline=\"1\" data-shortcode=\"tcb_post_title\" data-shortcode-name=\"Post title\" data-attr-css=\"\" style=\"\" data-attr-static-link=\"{&quot;className&quot;:&quot;&quot;,&quot;href&quot;:&quot;https:\/\/praguetouristinformation.com\/en\/shopping\/shopping-center&quot;,&quot;title&quot;:&quot;9 Best Shopping Centers in Prague&quot;,&quot;class&quot;:&quot;&quot;}\"><a href=\"https:\/\/praguetouristinformation.com\/en\/shopping\/shopping-center\" title=\"9 Best Shopping Centers in Prague\" data-css=\"\">9 Best Shopping Centers in Prague<\/a><\/span><\/h3>\n<p>Here is a selection with interesting shopping centers in Prague. <a href=\"https:\/\/praguetouristinformation.com\/en\/shopping\/shopping-center#more-200\">&#8230;<\/a><\/p>\n<p><a href=\"https:\/\/praguetouristinformation.com\/en\/shopping\/shopping-center\"><span style=\"\"><span style=\"\"><strong>Read More&#8230;<\/strong><\/span><\/span><\/a><a href=\"https:\/\/praguetouristinformation.com\/en\/shopping\/shopping-streets\" dynamic-postlink=\"tcb_post_the_permalink\" data-shortcode-id=\"200\"><\/a><\/p>\n<h3 style=\"text-align: center; padding-top: 0px !important; margin-top: 0px !important;\"><span data-attr-link=\"1\" data-attr-rel=\"0\" data-attr-target=\"0\" data-extra_key=\"\" data-option-inline=\"1\" data-shortcode=\"tcb_post_title\" data-shortcode-name=\"Post title\" data-attr-css=\"\" style=\"\" data-attr-static-link=\"{&quot;className&quot;:&quot;&quot;,&quot;href&quot;:&quot;https:\/\/praguetouristinformation.com\/en\/shopping\/shopping-center&quot;,&quot;title&quot;:&quot;9 Best Shopping Centers in Prague&quot;,&quot;class&quot;:&quot;&quot;}\"><a href=\"https:\/\/praguetouristinformation.com\/en\/shopping\/shopping-streets\" title=\"6 Best Shopping Streets in Prague\" data-css=\"\">6 Best Shopping Streets in Prague<\/a><\/span><\/h3>\n<p>Shopping is possible everywhere in Prague and there is something <a href=\"https:\/\/praguetouristinformation.com\/en\/shopping\/shopping-streets#more-202\">&#8230;<\/a><\/p>\n<p><a href=\"https:\/\/praguetouristinformation.com\/en\/shopping\/shopping-streets\"><span style=\"\"><span style=\"\"><strong>Read More&#8230;<\/strong><\/span><\/span><\/a><a href=\"https:\/\/praguetouristinformation.com\/en\/shopping\/market\" dynamic-postlink=\"tcb_post_the_permalink\" data-shortcode-id=\"200\"><\/a><\/p>\n<h3 style=\"text-align: center; padding-top: 0px !important; margin-top: 0px !important;\"><span data-attr-link=\"1\" data-attr-rel=\"0\" data-attr-target=\"0\" data-extra_key=\"\" data-option-inline=\"1\" data-shortcode=\"tcb_post_title\" data-shortcode-name=\"Post title\" data-attr-css=\"\" style=\"\" data-attr-static-link=\"{&quot;className&quot;:&quot;&quot;,&quot;href&quot;:&quot;https:\/\/praguetouristinformation.com\/en\/shopping\/shopping-center&quot;,&quot;title&quot;:&quot;9 Best Shopping Centers in Prague&quot;,&quot;class&quot;:&quot;&quot;}\"><a href=\"https:\/\/praguetouristinformation.com\/en\/shopping\/market\" title=\"5 Best Markets in Prague | Shopping &amp; Eating\" data-css=\"\">5 Best Markets in Prague | Shopping &amp; Eating<\/a><\/span><\/h3>\n<p>The markets in Prague have a lot to offer: fresh <a href=\"https:\/\/praguetouristinformation.com\/en\/shopping\/market#more-1109\">&#8230;<\/a><\/p>\n<p><a href=\"https:\/\/praguetouristinformation.com\/en\/shopping\/market\"><span style=\"\"><span style=\"\"><strong>Read More&#8230;<\/strong><\/span><\/span><\/a><a href=\"javascript:void(0)\"><span style=\"\"><span style=\"\">Load More<\/span><\/span><\/a><\/p>\n<h2 style=\"text-align: center; font-size: 34px !important;\">Souvenirs from Prague<\/h2>\n<p style=\"text-align: center;\">What Can I Take Home from Prague?<\/p>\n<h3 id=\"t-1594796653443\" style=\"\"><span data-attr-css=\"tve-u-1735135c571\" data-attr-link=\"1\" data-attr-rel=\"0\" data-attr-target=\"0\" data-extra_key=\"\" data-option-inline=\"1\" data-shortcode=\"tcb_post_title\" data-shortcode-name=\"Post title\" data-attr-static-link=\"{&quot;className&quot;:&quot;&quot;,&quot;href&quot;:&quot;https:\/\/praguetouristinformation.com\/en\/shopping\/souvenirs&quot;,&quot;title&quot;:&quot;18 Unique Souvenirs from Prague&quot;,&quot;data-css&quot;:&quot;tve-u-1735135c571&quot;,&quot;class&quot;:&quot;&quot;}\" style=\"\"><a href=\"https:\/\/praguetouristinformation.com\/en\/shopping\/souvenirs\" title=\"18 Unique Souvenirs from Prague\">18 Unique Souvenirs from Prague<\/a><\/span><\/h3>\n<p><a href=\"javascript:void(0)\"><span style=\"\"><span style=\"\">Load More<\/span><\/span><\/a><\/p>\n<h2 style=\"text-align: center; font-size: 34px !important;\" id=\"t-1594796653442\">Best Known Places to Shop<\/h2>\n<p style=\"text-align: center;\">The largest shopping street. The most famous shopping center. The most important market.<\/p>\n<h4 style=\"\">Na Prikope<\/h4>\n<p>The main shopping street in Prague with shopping centers, international brand stores, and small boutiques in the side streets.<\/p>\n<h4 style=\"\">Palladium<\/h4>\n<p>With 170 stores, the Palladium is the largest shopping center in Prague and also one of the largest in the Czech Republic. Branches of well-known chains mix with smaller boutiques. Numerous restaurants provide for the physical well-being of visitors. <\/p>\n<h4>Havel Market<\/h4>\n<p>Havel Market near Wenceslas Square is one of the &#8220;originals&#8221; in the capital. It dates back to 1232 and is the only permanent market in the city center. The lively market atmosphere, as well as national and international gastronomic offerings attract visitors from all over the world. The Havel Market is also easy to combine with sightseeing. If you are looking for a typical Czech souvenir, this is the place to be.<\/p>\n<p><span><img decoding=\"async\" alt=\"Wochenmarkt am Maybachufer in Berlin in Deutschland\" data-id=\"884\" data-init-width=\"1000\" data-init-height=\"667\" title=\"Wochenmarkt am Maybachufer in Berlin in Deutschland\" src=\"https:\/\/praguetouristinformation.com\/wp-content\/uploads\/2020\/10\/Wochenmarkt-am-Maybachufer-in-Berlin-in-Deutschland.jpg\" data-width=\"1080\" loading=\"lazy\" width=\"1080\" height=\"667\" data-pin-media=\"https:\/\/praguetouristinformation.com\/wp-content\/uploads\/2021\/02\/34.jpg\" data-pin-description=\"Prag Shopping Guide | Die komplette Anleitung zum Einkaufen\" data-pin-url=\"https:\/\/praguetouristinformation.com\/en\/shopping?tve=true&amp;tcbf=2bd0897223\" style=\"aspect-ratio: auto 1000 \/ 667;\"><\/span><\/p>\n<h2 style=\"text-align: center;\">What Can I Do While Shopping?<\/h2>\n<p>Prague is a capital city with almost 1.3 million inhabitants. That is why the shopping streets, neighborhoods, and centers are distributed throughout the city, and there are numerous pedestrian zones in Prague. This makes it easy to combine a visit to the main sights with a short shopping break. Examples include Graben near Wenceslas Square and N\u00e1rodn\u00ed T\u0159\u00edda with the National Theater, as well as Paris Street, which runs directly through the Jewish Quarter. Additionally, there are the Prague shopping centers.<\/p>\n<h3>Places to Shop Near Attractions<\/h3>\n<ul>\n<li style=\"\"><span style=\"\"><strong>Golden Cross, Moat, National Avenue, and Paris Street: <\/strong>This location in the city center also makes these important shopping areas in Prague the best place for shopping during a city trip. For those who like to find alternatives to international brand stores, stroll through the side streets.<strong> <\/strong><\/span><\/li>\n<li><span><strong>Palladium:<\/strong> Palladium department store is located just a few minutes walk from Republic Square. It stands close to the main attractions in the center of Prague, making it the ideal place for shopping in a mall, especially during rainy weather.<\/span><\/li>\n<li><span><strong>Havel Market:<\/strong> Close to the sights in central Prague, Havel Market is a good place to stroll along side street performers, street food, craft stalls, and typical souvenirs from Prague.<\/span><\/li>\n<\/ul>\n<h2 style=\"text-align: center; font-size: 34px !important;\">More Ideas<\/h2>\n<p style=\"text-align: center;\">What Else Can I Do in Prague?<\/p>\n<h3 style=\"\"><span data-attr-css=\"tve-u-173517fc1cb\" data-attr-link=\"1\" data-attr-rel=\"0\" data-attr-target=\"0\" data-extra_key=\"\" data-option-inline=\"1\" data-shortcode=\"tcb_post_title\" data-shortcode-name=\"Post title\" data-attr-static-link=\"{&quot;className&quot;:&quot;&quot;,&quot;href&quot;:&quot;https:\/\/praguetouristinformation.com\/en\/sightseeing&quot;,&quot;title&quot;:&quot;50 Best Things to Do in Prague ((with Tickets &amp; Map))&quot;,&quot;data-css&quot;:&quot;tve-u-173517fc1cb&quot;,&quot;class&quot;:&quot;&quot;}\"><a href=\"https:\/\/praguetouristinformation.com\/en\/sightseeing\" title=\"50 Best Things to Do in Prague [with Tickets &amp; Map]\">50 Best Things to Do in Prague [with Tickets &amp; Map]<\/a><\/span><\/h3>\n<p><a href=\"https:\/\/praguetouristinformation.com\/en\/sightseeing\/bad-weather\" dynamic-postlink=\"tcb_post_the_permalink\" data-shortcode-id=\"249\"><\/a><\/p>\n<h3 id=\"t-1594796653438\" style=\"text-align: center; padding-top: 0px !important; margin-top: 0px !important;\"><span data-attr-link=\"1\" data-attr-rel=\"0\" data-attr-target=\"0\" data-extra_key=\"\" data-option-inline=\"1\" data-shortcode=\"tcb_post_title\" data-shortcode-name=\"Post title\" data-attr-css=\"\" style=\"\" data-attr-static-link=\"{&quot;className&quot;:&quot;&quot;,&quot;href&quot;:&quot;https:\/\/praguetouristinformation.com\/en\/sightseeing\/bad-weather&quot;,&quot;title&quot;:&quot;Prague in the Rain: 20 Bad Weather Activities&quot;,&quot;class&quot;:&quot;&quot;}\"><a href=\"https:\/\/praguetouristinformation.com\/en\/sightseeing\/bad-weather\" title=\"Prague in the Rain: 20 Bad Weather Activities\" data-css=\"\">Prague in the Rain: 20 Bad Weather Activities<\/a><\/span><\/h3>\n<p>What can you do in Prague in the rain?To help <a href=\"https:\/\/praguetouristinformation.com\/en\/sightseeing\/bad-weather#more-249\">&#8230;<\/a><\/p>\n<p><a href=\"https:\/\/praguetouristinformation.com\/en\/sightseeing\/bad-weather\"><span style=\"\"><span style=\"\"><strong>Read More&#8230;<\/strong><\/span><\/span><\/a><a href=\"https:\/\/praguetouristinformation.com\/en\/sightseeing\/museum\" dynamic-postlink=\"tcb_post_the_permalink\" data-shortcode-id=\"249\"><\/a><\/p>\n<h3 id=\"t-1594796653438\" style=\"text-align: center; padding-top: 0px !important; margin-top: 0px !important;\"><span data-attr-link=\"1\" data-attr-rel=\"0\" data-attr-target=\"0\" data-extra_key=\"\" data-option-inline=\"1\" data-shortcode=\"tcb_post_title\" data-shortcode-name=\"Post title\" data-attr-css=\"\" style=\"\" data-attr-static-link=\"{&quot;className&quot;:&quot;&quot;,&quot;href&quot;:&quot;https:\/\/praguetouristinformation.com\/en\/sightseeing\/bad-weather&quot;,&quot;title&quot;:&quot;Prague in the Rain: 20 Bad Weather Activities&quot;,&quot;class&quot;:&quot;&quot;}\"><a href=\"https:\/\/praguetouristinformation.com\/en\/sightseeing\/museum\" title=\"20 Best Museums in Prague [+Tickets &amp; Map]\" data-css=\"\">20 Best Museums in Prague [+Tickets &amp; Map]<\/a><\/span><\/h3>\n<p>The charming city of Prague is dotted with interesting museums <a href=\"https:\/\/praguetouristinformation.com\/en\/sightseeing\/museum#more-137\">&#8230;<\/a><\/p>\n<p><a href=\"https:\/\/praguetouristinformation.com\/en\/sightseeing\/museum\"><span style=\"\"><span style=\"\"><strong>Read More&#8230;<\/strong><\/span><\/span><\/a><a href=\"https:\/\/praguetouristinformation.com\/en\/sightseeing\/kids-in-prague\" dynamic-postlink=\"tcb_post_the_permalink\" data-shortcode-id=\"249\"><\/a><\/p>\n<h3 id=\"t-1594796653438\" style=\"text-align: center; padding-top: 0px !important; margin-top: 0px !important;\"><span data-attr-link=\"1\" data-attr-rel=\"0\" data-attr-target=\"0\" data-extra_key=\"\" data-option-inline=\"1\" data-shortcode=\"tcb_post_title\" data-shortcode-name=\"Post title\" data-attr-css=\"\" style=\"\" data-attr-static-link=\"{&quot;className&quot;:&quot;&quot;,&quot;href&quot;:&quot;https:\/\/praguetouristinformation.com\/en\/sightseeing\/bad-weather&quot;,&quot;title&quot;:&quot;Prague in the Rain: 20 Bad Weather Activities&quot;,&quot;class&quot;:&quot;&quot;}\"><a href=\"https:\/\/praguetouristinformation.com\/en\/sightseeing\/kids-in-prague\" title=\"15 Top Things to Do for Kids in Prague [+ Tickets &amp; Map]\" data-css=\"\">15 Top Things to Do for Kids in Prague [+ Tickets &amp; Map]<\/a><\/span><\/h3>\n<p>Welcome to the enchanting city of Prague, where history, culture, <a href=\"https:\/\/praguetouristinformation.com\/en\/sightseeing\/kids-in-prague#more-256\">&#8230;<\/a><\/p>\n<p><a href=\"https:\/\/praguetouristinformation.com\/en\/sightseeing\/kids-in-prague\"><span style=\"\"><span style=\"\"><strong>Read More&#8230;<\/strong><\/span><\/span><\/a><a href=\"https:\/\/praguetouristinformation.com\/en\/sightseeing\/attractions\" dynamic-postlink=\"tcb_post_the_permalink\" data-shortcode-id=\"249\"><\/a><\/p>\n<h3 id=\"t-1594796653438\" style=\"text-align: center; padding-top: 0px !important; margin-top: 0px !important;\"><span data-attr-link=\"1\" data-attr-rel=\"0\" data-attr-target=\"0\" data-extra_key=\"\" data-option-inline=\"1\" data-shortcode=\"tcb_post_title\" data-shortcode-name=\"Post title\" data-attr-css=\"\" style=\"\" data-attr-static-link=\"{&quot;className&quot;:&quot;&quot;,&quot;href&quot;:&quot;https:\/\/praguetouristinformation.com\/en\/sightseeing\/bad-weather&quot;,&quot;title&quot;:&quot;Prague in the Rain: 20 Bad Weather Activities&quot;,&quot;class&quot;:&quot;&quot;}\"><a href=\"https:\/\/praguetouristinformation.com\/en\/sightseeing\/attractions\" title=\"12 Exceptional Attractions in Prague [with Map]\" data-css=\"\">12 Exceptional Attractions in Prague [with Map]<\/a><\/span><\/h3>\n<p>With its medieval architecture, rich history, and vibrant culture, it&#8217;s <a href=\"https:\/\/praguetouristinformation.com\/en\/sightseeing\/attractions#more-1090\">&#8230;<\/a><\/p>\n<p><a href=\"https:\/\/praguetouristinformation.com\/en\/sightseeing\/attractions\"><span style=\"\"><span style=\"\"><strong>Read More&#8230;<\/strong><\/span><\/span><\/a><a href=\"javascript:void(0)\" style=\"\"><span style=\"\"><span style=\"\">Load More<\/span><\/span><\/a><\/p>\n<p style=\"text-align: center;\">Shopping Faq<\/p>\n","protected":false},"excerpt":{"rendered":"<p>Prague Shopping Guide Where to shop and what you can find in Prague? Here is our list of the best shopping streets, shopping centers, and markets in Prague. Shopping Tips Prague is the shopping metropolis of the Czech Republic. You can find shopping malls, shopping streets, small boutiques, and markets here. There is everything from [&hellip;]<\/p>\n","protected":false},"author":6,"featured_media":2465,"parent":0,"menu_order":0,"comment_status":"closed","ping_status":"closed","template":"","meta":{"footnotes":""},"categories":[],"tags":[30,34],"class_list":["post-765","page","type-page","status-publish","has-post-thumbnail","hentry","tag-lifestyle","tag-shopping","post-wrapper","thrv_wrapper"],"_links":{"self":[{"href":"https:\/\/praguetouristinformation.com\/en\/wp-json\/wp\/v2\/pages\/765","targetHints":{"allow":["GET"]}}],"collection":[{"href":"https:\/\/praguetouristinformation.com\/en\/wp-json\/wp\/v2\/pages"}],"about":[{"href":"https:\/\/praguetouristinformation.com\/en\/wp-json\/wp\/v2\/types\/page"}],"author":[{"embeddable":true,"href":"https:\/\/praguetouristinformation.com\/en\/wp-json\/wp\/v2\/users\/6"}],"replies":[{"embeddable":true,"href":"https:\/\/praguetouristinformation.com\/en\/wp-json\/wp\/v2\/comments?post=765"}],"version-history":[{"count":44,"href":"https:\/\/praguetouristinformation.com\/en\/wp-json\/wp\/v2\/pages\/765\/revisions"}],"predecessor-version":[{"id":5672,"href":"https:\/\/praguetouristinformation.com\/en\/wp-json\/wp\/v2\/pages\/765\/revisions\/5672"}],"wp:featuredmedia":[{"embeddable":true,"href":"https:\/\/praguetouristinformation.com\/en\/wp-json\/wp\/v2\/media\/2465"}],"wp:attachment":[{"href":"https:\/\/praguetouristinformation.com\/en\/wp-json\/wp\/v2\/media?parent=765"}],"wp:term":[{"taxonomy":"category","embeddable":true,"href":"https:\/\/praguetouristinformation.com\/en\/wp-json\/wp\/v2\/categories?post=765"},{"taxonomy":"post_tag","embeddable":true,"href":"https:\/\/praguetouristinformation.com\/en\/wp-json\/wp\/v2\/tags?post=765"}],"curies":[{"name":"wp","href":"https:\/\/api.w.org\/{rel}","templated":true}]}}