{"id":724,"date":"2024-06-26T20:01:20","date_gmt":"2024-06-26T20:01:20","guid":{"rendered":"http:\/\/praguetouristinformation.com\/?page_id=724"},"modified":"2025-08-07T09:58:32","modified_gmt":"2025-08-07T09:58:32","slug":"beer","status":"publish","type":"page","link":"https:\/\/praguetouristinformation.com\/en\/restaurant\/beer","title":{"rendered":"Where Can I Drink Good Beer in Prague?"},"content":{"rendered":"<p style=\"\">The best beer is said to be brewed in the Czech Republic, and there are about 40,000 pubs throughout the country where it is served.<\/p>\n<p>Statistically, each inhabitant drinks 140 liters of beer per year, which is the highest beer consumption in the world. The pub is still considered the most popular public meeting place for Czechs.<\/p>\n<p>If you would like to try a beer from the Czech Republic, you will find plenty of opportunities to do so in Prague. Here we have compiled a small selection of beer pubs.<\/p>\n<h2 style=\"\" id=\"t-1753279768733\">Prague Visitor Pass<\/h2>\n<p><a href=\"https:\/\/praguevisitorpass.eu\/\" style=\"outline: none;\" data-lt-tmp-id=\"lt-212860\" spellcheck=\"false\" target=\"_blank\" rel=\"nofollow noopener\">The <strong>Prague Visitor Pass<\/strong> gives you access to the city\u2019s top sights, museums, and public transport \u2013 perfect for exploring Prague flexibly and efficiently. &nbsp;Use our exclusive discount code <strong><em>pragueti5<\/em><\/strong> to get <strong>5% off!<\/strong><\/a><\/p>\n<p>__CONFIG_colors_palette__{&#8220;active_palette&#8221;:0,&#8221;config&#8221;:{&#8220;colors&#8221;:{&#8220;110d6&#8221;:{&#8220;name&#8221;:&#8221;Main Accent&#8221;,&#8221;parent&#8221;:-1}},&#8221;gradients&#8221;:[]},&#8221;palettes&#8221;:[{&#8220;name&#8221;:&#8221;Default Palette&#8221;,&#8221;value&#8221;:{&#8220;colors&#8221;:{&#8220;110d6&#8221;:{&#8220;val&#8221;:&#8221;var(e8c68)&#8221;}},&#8221;gradients&#8221;:[]},&#8221;original&#8221;:{&#8220;colors&#8221;:{&#8220;110d6&#8221;:{&#8220;val&#8221;:&#8221;rgb(19, 114, 211)&#8221;,&#8221;hsl&#8221;:{&#8220;h&#8221;:210,&#8221;s&#8221;:0.83,&#8221;l&#8221;:0.45}}},&#8221;gradients&#8221;:[]}}]}__CONFIG_colors_palette__ <a href=\"https:\/\/praguevisitorpass.eu\/\" style=\"font-size: var(--tve-font-size, 14px) !important;\" rel=\"nofollow noopener\" target=\"_blank\"><span style=\"\">    <\/span> <span style=\"\"><span>More Details<\/span><\/span> <\/a>  <\/p>\n<h2 id=\"t-1639046469003\">1. Strahov Monastery Brewery<\/h2>\n<p>You are currently viewing a placeholder content from <strong>Instagram<\/strong>. To access the actual content, click the button below. Please note that doing so will share data with third-party providers.<\/p>\n<p> <a href=\"#\" data-borlabs-cookie-show-provider-information=\"\" role=\"button\">More Information<\/a>   <a href=\"#\" data-borlabs-cookie-unblock=\"\" role=\"button\">Unblock content<\/a> <a href=\"#\" data-borlabs-cookie-accept-service=\"\" role=\"button\" style=\"display: inherit\">Accept required service and unblock content<\/a>    [tcb-script async=&#8221;&#8221; src=&#8221;\/\/www.instagram.com\/embed.js&#8221;][\/tcb-script]<\/p>\n<p>Very close to Prague Castle is the Strahov Monastery Brewery, where beer has been brewed since the 13th century. Here, in the family business, St. Norbert beer is produced in many variations. The regular pale beer has an original gravity of 13% and an alcohol content of 5.3%.<\/p>\n<p>The seasonal beer selections are interesting, including St. Norbert autumn beer, a bock beer with 6.3% alcohol, which is served from the end of September, and the Easter beer with 5.3%, which is served on the Friday before Good Friday.<\/p>\n<p>If you get hungry, try one of the <a href=\"https:\/\/praguetouristinformation.com\/en\/restaurant\/bohemian-kitchen\">Czech dishes<\/a>.<\/p>\n<p>Here is more about the <a href=\"https:\/\/praguetouristinformation.com\/en\/sightseeing\/lesser-town\/strahov-monastery\" style=\"outline: none;\">Strahov Monastery.<\/a><\/p>\n<p><strong>Address:&nbsp; Klosterbrauerei Strahov, Strahovsk\u00e9 n\u00e1dvo\u0159\u00ed 1\/132, Strahov, 118 00 Prague<\/strong><\/p>\n<h2 id=\"t-1639046469004\">2. Beer Museum<\/h2>\n<p>You are currently viewing a placeholder content from <strong>Instagram<\/strong>. To access the actual content, click the button below. Please note that doing so will share data with third-party providers.<\/p>\n<p> <a href=\"#\" data-borlabs-cookie-show-provider-information=\"\" role=\"button\">More Information<\/a>   <a href=\"#\" data-borlabs-cookie-unblock=\"\" role=\"button\">Unblock content<\/a> <a href=\"#\" data-borlabs-cookie-accept-service=\"\" role=\"button\" style=\"display: inherit\">Accept required service and unblock content<\/a>    [tcb-script async=&#8221;&#8221; src=&#8221;\/\/www.instagram.com\/embed.js&#8221;][\/tcb-script]<\/p>\n<p>In cellars from the 13th century, a model of a brewery is used to show how malt is produced and hops are processed; the smell of hops and malt alone is intoxicating. As a typical souvenir from Prague, you can take home a bottle of beer that you bottled yourself. The guest room is located in a vaulted cellar and conveys an atmosphere like 200 years ago.<\/p>\n<p><strong>Address: Biermuseum, Husova 7, Star\u00e9 M\u011bsto, 11000 Prague<\/strong><\/p>\n<h2 id=\"t-1639046469005\">3. U Medvidku &nbsp;\u2013 At the Bear<\/h2>\n<p>You are currently viewing a placeholder content from <strong>Instagram<\/strong>. To access the actual content, click the button below. Please note that doing so will share data with third-party providers.<\/p>\n<p> <a href=\"#\" data-borlabs-cookie-show-provider-information=\"\" role=\"button\">More Information<\/a>   <a href=\"#\" data-borlabs-cookie-unblock=\"\" role=\"button\">Unblock content<\/a> <a href=\"#\" data-borlabs-cookie-accept-service=\"\" role=\"button\" style=\"display: inherit\">Accept required service and unblock content<\/a>    [tcb-script async=&#8221;&#8221; src=&#8221;\/\/www.instagram.com\/embed.js&#8221;][\/tcb-script]<\/p>\n<p>The U Medvidku brewery with an incorporated restaurant is one of the oldest and largest beer houses in Prague and, apart from its excellent cuisine, is best known for its Budweiser.<\/p>\n<p>Although it&#8217;s now very popular with tourists, the pub has retained its original charm. X-Beer 33 is produced here, which is said to be the strongest beer in the world with an alcohol content of 11.8%.<\/p>\n<p><strong>Address: U Medvidku, Na Per\u0161t\u00fdn\u011b 5, Star\u00e9 M\u011bsto, 110 00 Prague<\/strong><\/p>\n<h2 id=\"t-1639046469006\">4. Pivovarsk\u00fd d\u016fm \u2013 Brewery House<\/h2>\n<p>You are currently viewing a placeholder content from <strong>Instagram<\/strong>. To access the actual content, click the button below. Please note that doing so will share data with third-party providers.<\/p>\n<p> <a href=\"#\" data-borlabs-cookie-show-provider-information=\"\" role=\"button\">More Information<\/a>   <a href=\"#\" data-borlabs-cookie-unblock=\"\" role=\"button\">Unblock content<\/a> <a href=\"#\" data-borlabs-cookie-accept-service=\"\" role=\"button\" style=\"display: inherit\">Accept required service and unblock content<\/a>    [tcb-script async=&#8221;&#8221; src=&#8221;\/\/www.instagram.com\/embed.js&#8221;][\/tcb-script]<\/p>\n<p>Pivovarsk\u00fd d\u016fm was opened in 1998. The mini-brewery always taps at least 8 types of beer, from light to dark to wheat beer and beers with special flavors. A real rarity is the sparkling \u0160amp beer, the first beer to be fermented in the bottle.<\/p>\n<p>Traditional <a href=\"https:\/\/praguetouristinformation.com\/en\/restaurant\/bohemian-kitchen\">Czech cuisine<\/a> is offered, some dishes are prepared with beer.<\/p>\n<p><strong>Address: Pivovarsk\u00fd d\u016fm, Je\u010dn\u00e1\/ Lipov\u00e1 15, Vinohrady, 120 00 Prague<\/strong><\/p>\n<h2 id=\"t-1707421078290\"><strong>Popular Beer Experiences in Prague:<\/strong><\/h2>\n<ul>\n<li><a href=\"https:\/\/www.headout.com\/r\/most-amazing-placesrecommends-5B6VN\/\" rel=\"nofollow noopener\" target=\"_blank\" style=\"outline: none;\">Beer Spa with unlimited beer + optional massage<\/a><\/li>\n<li><a href=\"https:\/\/gyg.me\/7gPy040G\" rel=\"nofollow noopener\" target=\"_blank\" style=\"outline: none;\">Prague: Czech Beer-Tasting Experience with Snacks<\/a><\/li>\n<li><a href=\"https:\/\/www.headout.com\/r\/most-amazing-placesrecommends-5BtZX\/\" rel=\"nofollow noopener\" target=\"_blank\">Brewery Tour with Lunch and Beer Tasting<\/a><\/li>\n<li><a href=\"https:\/\/www.headout.com\/r\/most-amazing-placesrecommends-5C5TV\/\" rel=\"nofollow noopener\" target=\"_blank\">Prague Cycle Boat &#8211; The Swimming Beer Bike<\/a><\/li>\n<li><a href=\"https:\/\/www.tiqets.com\/en\/prague-attractions-c64162\/tickets-for-prague-pilsner-urquell-experience-entry-ticket-with-3-beers-p1066068?partner=most_amazing_places&amp;tq_campaign=PragueTouristInformation\" rel=\"nofollow noopener\" target=\"_blank\" style=\"outline: none;\">Tickets for Pilsner Urquell &#8211; The Original Beer Experience: Tour + Beer Tasting<\/a><\/li>\n<li><a href=\"https:\/\/www.tiqets.com\/en\/prague-attractions-c64162\/tickets-for-prague-pilsner-urquell-experience-entry-ticket-self-guided-beer-tour-p1084937?partner=most_amazing_places&amp;tq_campaign=PragueTouristInformation\" rel=\"nofollow noopener\" target=\"_blank\">Prague: City Brewery Tour with Audio Guide + Pilsner Urquell Experience Ticket<\/a><\/li>\n<li><a data-lt-tmp-id=\"lt-350623\" href=\"https:\/\/praguemedievaldinner.com\/\" spellcheck=\"false\" target=\"_blank\" style=\"outline: none;\" rel=\"nofollow noopener\">Ticket Overview for a Medieval Dinner with Drinks<\/a><\/li>\n<\/ul>\n<h2 id=\"t-1639046469007\">5. U Flek\u016f \u2013 At the Spot<\/h2>\n<p>You are currently viewing a placeholder content from <strong>Instagram<\/strong>. To access the actual content, click the button below. Please note that doing so will share data with third-party providers.<\/p>\n<p> <a href=\"#\" data-borlabs-cookie-show-provider-information=\"\" role=\"button\">More Information<\/a>   <a href=\"#\" data-borlabs-cookie-unblock=\"\" role=\"button\">Unblock content<\/a> <a href=\"#\" data-borlabs-cookie-accept-service=\"\" role=\"button\" style=\"display: inherit\">Accept required service and unblock content<\/a>    [tcb-script async=&#8221;&#8221; src=&#8221;\/\/www.instagram.com\/embed.js&#8221;][\/tcb-script]<\/p>\n<p>Founded in 1499, U Flek\u016f is one of the oldest breweries in Prague. The historical clock on the facade is a landmark. The dark lager brewed here with 13% original gravity is brewed and drunk exclusively in the Spot.<\/p>\n<p>U Flek\u016f has 8 guest rooms, each decorated in a different style, in the summer you sit outside in the beer garden. On the menu you will find dishes from the <a href=\"https:\/\/praguetouristinformation.com\/en\/restaurant\/bohemian-kitchen\">Czech cuisine.<\/a><\/p>\n<p>Until the mid-80s, U Flek\u016f was a meeting place for the blues scene of the GDR, a mixture of blues or rock fans and flower children.<\/p>\n<p><strong>Address: U Flek\u016f, K\u0159emencova 11, Nov\u00e9 M\u011bsto, 110 00 Prague<\/strong><\/p>\n<h2 id=\"t-1639046469008\">6. U T\u0159\u00ed r\u016f\u017e\u00ed &nbsp; \u2013 At the Three Roses<\/h2>\n<p>You are currently viewing a placeholder content from <strong>Instagram<\/strong>. To access the actual content, click the button below. Please note that doing so will share data with third-party providers.<\/p>\n<p> <a href=\"#\" data-borlabs-cookie-show-provider-information=\"\" role=\"button\">More Information<\/a>   <a href=\"#\" data-borlabs-cookie-unblock=\"\" role=\"button\">Unblock content<\/a> <a href=\"#\" data-borlabs-cookie-accept-service=\"\" role=\"button\" style=\"display: inherit\">Accept required service and unblock content<\/a>    [tcb-script async=&#8221;&#8221; src=&#8221;\/\/www.instagram.com\/embed.js&#8221;][\/tcb-script]<\/p>\n<p>The history of this brewery, which is one of the oldest in the country, began as early as 1405. The interior is adapted to the historical background and the wall paintings tell about the eventful history of beer brewing in the Czech Republic. Several types of beer and 6 different special beers are brewed here, the most famous is the &#8220;Vienna Red&#8221; beer.<\/p>\n<p><strong>Address: U T\u0159\u00ed r\u016f\u017e\u00ed, Husova 10\/232, Star\u00e9 M\u011bsto, 110 00 Prague<\/strong><\/p>\n<h2 id=\"t-1639046469009\">7. Craft House Prague<\/h2>\n<p>You are currently viewing a placeholder content from <strong>Instagram<\/strong>. To access the actual content, click the button below. Please note that doing so will share data with third-party providers.<\/p>\n<p> <a href=\"#\" data-borlabs-cookie-show-provider-information=\"\" role=\"button\">More Information<\/a>   <a href=\"#\" data-borlabs-cookie-unblock=\"\" role=\"button\">Unblock content<\/a> <a href=\"#\" data-borlabs-cookie-accept-service=\"\" role=\"button\" style=\"display: inherit\">Accept required service and unblock content<\/a>    [tcb-script async=&#8221;&#8221; src=&#8221;\/\/www.instagram.com\/embed.js&#8221;][\/tcb-script]<\/p>\n<p>Craft House Prague is a modern multi-tap beer pub in Prague&#8217;s New Town. It offers 27 beers on tap, as well as more than 100 varieties of bottled beer from around the world. At the standalone Imperial Bar, with its six taps, you&#8217;ll find stronger varieties such as Russian Imperial Stouts, Double IPA, and Quadruples.<\/p>\n<p>If you&#8217;re hungry, try one of the 4 types of Scandinavian open-faced sandwiches, called Sm\u00f8rrebr\u00f8d.<\/p>\n<p><strong>Address: Craft House Prague, Navr\u00e1tilova 1421\/11, Nov\u00e9 M\u011bsto, 110 00 Prague<\/strong><\/p>\n<h2 id=\"t-1639046469010\">8. B\u0159evnov Brewery<\/h2>\n<p>You are currently viewing a placeholder content from <strong>Instagram<\/strong>. To access the actual content, click the button below. Please note that doing so will share data with third-party providers.<\/p>\n<p> <a href=\"#\" data-borlabs-cookie-show-provider-information=\"\" role=\"button\">More Information<\/a>   <a href=\"#\" data-borlabs-cookie-unblock=\"\" role=\"button\">Unblock content<\/a> <a href=\"#\" data-borlabs-cookie-accept-service=\"\" role=\"button\" style=\"display: inherit\">Accept required service and unblock content<\/a>    [tcb-script async=&#8221;&#8221; src=&#8221;\/\/www.instagram.com\/embed.js&#8221;][\/tcb-script]<\/p>\n<p>B\u0159evnov Brewery is the oldest brewery in the whole of the Czech Republic. Its history is inextricably linked with that of the monastery founded in 993, it is assumed that soon after the foundation the brewery was also built.<\/p>\n<p>Today the brewery is located in the Baroque building of the former stables. In the stylish monastery pub, in addition to the brewery&#8217;s own Benedict beer, classic Czech beers and specialty beers are served.<\/p>\n<p><strong>Address: B\u0159enov Brewery, Mark\u00e9tsk\u00e1 1\/28, 169 00 Praha<\/strong><\/p>\n<h2 id=\"t-1639046469011\">9. Dno Pytle \u2013 Bottom of the Bag<\/h2>\n<p>You are currently viewing a placeholder content from <strong>Instagram<\/strong>. To access the actual content, click the button below. Please note that doing so will share data with third-party providers.<\/p>\n<p> <a href=\"#\" data-borlabs-cookie-show-provider-information=\"\" role=\"button\">More Information<\/a>   <a href=\"#\" data-borlabs-cookie-unblock=\"\" role=\"button\">Unblock content<\/a> <a href=\"#\" data-borlabs-cookie-accept-service=\"\" role=\"button\" style=\"display: inherit\">Accept required service and unblock content<\/a>    [tcb-script async=&#8221;&#8221; src=&#8221;\/\/www.instagram.com\/embed.js&#8221;][\/tcb-script]<\/p>\n<p>This cozy pub is unique, as it is the only pub in the country where beer flows only by its own gradient and gravity from the wooden barrels to the taps. On offer are Czech lagers and ales, as well as Bavarian cellar beers and wheat beer.<\/p>\n<p>The menu includes small dishes, including grilled Bavarian bratwursts.<\/p>\n<p><strong>Address: Dno Pytle, Vinohradsk\u00e1 63, Vinohrady, 120 00 Praha<\/strong><\/p>\n<h2 id=\"t-1639046469012\">10. U Zlat\u00e9ho Tygra \u2013 At the Golden Tiger<\/h2>\n<p>You are currently viewing a placeholder content from <strong>Instagram<\/strong>. To access the actual content, click the button below. Please note that doing so will share data with third-party providers.<\/p>\n<p> <a href=\"#\" data-borlabs-cookie-show-provider-information=\"\" role=\"button\">More Information<\/a>   <a href=\"#\" data-borlabs-cookie-unblock=\"\" role=\"button\">Unblock content<\/a> <a href=\"#\" data-borlabs-cookie-accept-service=\"\" role=\"button\" style=\"display: inherit\">Accept required service and unblock content<\/a>    [tcb-script async=&#8221;&#8221; src=&#8221;\/\/www.instagram.com\/embed.js&#8221;][\/tcb-script]<\/p>\n<p>Not far from the Old Town Square, near Charles Street, lies U Zlat\u00e9ho Tygra. It used to be a meeting place of the literary scene and it was the favorite pub of the famous Czech writer, Bohumil Hrabal.<\/p>\n<p>In 1994, President V\u00e1clav Havel invited Bill Clinton here for a drink. The Golden Tiger consists of a single room with long wooden tables and benches. Pilsner beer is served, and the menu includes small snacks.<\/p>\n<p><strong>Address: U Zlat\u00e9ho Tygra, Husova 17, 110 00 Prague<\/strong><\/p>\n<h3 style=\"\">Related Articles<\/h3>\n<p><a href=\"https:\/\/praguetouristinformation.com\/en\/restaurant\/popular-dishes\" dynamic-postlink=\"tcb_post_the_permalink\" data-shortcode-id=\"887\"><\/a><\/p>\n<h2 style=\"padding-top: 0px !important; margin-top: 0px !important; text-align: center;\" id=\"t-1707421078291\" data-hide=\"true\"><span data-shortcode=\"tcb_post_title\" data-shortcode-name=\"Post title\" data-extra_key=\"\" data-attr-link=\"1\" data-attr-target=\"0\" data-attr-rel=\"0\" data-option-inline=\"1\" data-attr-static-link=\"{&quot;className&quot;:&quot;&quot;,&quot;href&quot;:&quot;https:\/\/praguetouristinformation.com\/en\/restaurant\/popular-dishes&quot;,&quot;title&quot;:&quot;Czech Cuisine: 25 Popular Dishes ((+ Food Tours))&quot;,&quot;class&quot;:&quot;&quot;}\" data-attr-css=\"\"><a href=\"https:\/\/praguetouristinformation.com\/en\/restaurant\/popular-dishes\" title=\"Czech Cuisine: 25 Popular Dishes [+ Food Tours]\" data-css=\"\">Czech Cuisine: 25 Popular Dishes [+ Food Tours]<\/a><\/span><\/h2>\n<p><a href=\"https:\/\/praguetouristinformation.com\/en\/restaurant\/bohemian-kitchen\" dynamic-postlink=\"tcb_post_the_permalink\" data-shortcode-id=\"887\"><\/a><\/p>\n<h2 style=\"padding-top: 0px !important; margin-top: 0px !important; text-align: center;\" id=\"t-1707421078291\" data-hide=\"true\"><span data-shortcode=\"tcb_post_title\" data-shortcode-name=\"Post title\" data-extra_key=\"\" data-attr-link=\"1\" data-attr-target=\"0\" data-attr-rel=\"0\" data-option-inline=\"1\" data-attr-static-link=\"{&quot;className&quot;:&quot;&quot;,&quot;href&quot;:&quot;https:\/\/praguetouristinformation.com\/en\/restaurant\/popular-dishes&quot;,&quot;title&quot;:&quot;Czech Cuisine: 25 Popular Dishes ((+ Food Tours))&quot;,&quot;class&quot;:&quot;&quot;}\" data-attr-css=\"\"><a href=\"https:\/\/praguetouristinformation.com\/en\/restaurant\/bohemian-kitchen\" title=\"13 Restaurants in Prague with Bohemian Cuisine\" data-css=\"\">13 Restaurants in Prague with Bohemian Cuisine<\/a><\/span><\/h2>\n<p><a href=\"https:\/\/praguetouristinformation.com\/en\/sightseeing\/lesser-town\/strahov-monastery\" dynamic-postlink=\"tcb_post_the_permalink\" data-shortcode-id=\"887\"><\/a><\/p>\n<h2 style=\"padding-top: 0px !important; margin-top: 0px !important; text-align: center;\" id=\"t-1707421078291\" data-hide=\"true\"><span data-shortcode=\"tcb_post_title\" data-shortcode-name=\"Post title\" data-extra_key=\"\" data-attr-link=\"1\" data-attr-target=\"0\" data-attr-rel=\"0\" data-option-inline=\"1\" data-attr-static-link=\"{&quot;className&quot;:&quot;&quot;,&quot;href&quot;:&quot;https:\/\/praguetouristinformation.com\/en\/restaurant\/popular-dishes&quot;,&quot;title&quot;:&quot;Czech Cuisine: 25 Popular Dishes ((+ Food Tours))&quot;,&quot;class&quot;:&quot;&quot;}\" data-attr-css=\"\"><a href=\"https:\/\/praguetouristinformation.com\/en\/sightseeing\/lesser-town\/strahov-monastery\" title=\"Guide to Strahov Monastery: Attractions, Admission &amp; Beer Garden\" data-css=\"\">Guide to Strahov Monastery: Attractions, Admission &amp; Beer Garden<\/a><\/span><\/h2>\n<p><a href=\"https:\/\/praguetouristinformation.com\/en\/sightseeing\/museum\/beer-museum\" dynamic-postlink=\"tcb_post_the_permalink\" data-shortcode-id=\"887\"><\/a><\/p>\n<h2 style=\"padding-top: 0px !important; margin-top: 0px !important; text-align: center;\" id=\"t-1707421078291\" data-hide=\"true\"><span data-shortcode=\"tcb_post_title\" data-shortcode-name=\"Post title\" data-extra_key=\"\" data-attr-link=\"1\" data-attr-target=\"0\" data-attr-rel=\"0\" data-option-inline=\"1\" data-attr-static-link=\"{&quot;className&quot;:&quot;&quot;,&quot;href&quot;:&quot;https:\/\/praguetouristinformation.com\/en\/restaurant\/popular-dishes&quot;,&quot;title&quot;:&quot;Czech Cuisine: 25 Popular Dishes ((+ Food Tours))&quot;,&quot;class&quot;:&quot;&quot;}\" data-attr-css=\"\"><a href=\"https:\/\/praguetouristinformation.com\/en\/sightseeing\/museum\/beer-museum\" title=\"Guide to Beer Museum in Prague: Info, Tickets &amp; History\" data-css=\"\">Guide to Beer Museum in Prague: Info, Tickets &amp; History<\/a><\/span><\/h2>\n","protected":false},"excerpt":{"rendered":"<p>The best beer is said to be brewed in the Czech Republic, and there are about 40,000 pubs throughout the country where it is served. Statistically, each inhabitant drinks 140 liters of beer per year, which is the highest beer consumption in the world. The pub is still considered the most popular public meeting place [&hellip;]<\/p>\n","protected":false},"author":6,"featured_media":2160,"parent":761,"menu_order":0,"comment_status":"closed","ping_status":"closed","template":"","meta":{"footnotes":""},"categories":[],"tags":[58,57,30],"class_list":["post-724","page","type-page","status-publish","has-post-thumbnail","hentry","tag-beer","tag-food","tag-lifestyle","post-wrapper","thrv_wrapper"],"_links":{"self":[{"href":"https:\/\/praguetouristinformation.com\/en\/wp-json\/wp\/v2\/pages\/724","targetHints":{"allow":["GET"]}}],"collection":[{"href":"https:\/\/praguetouristinformation.com\/en\/wp-json\/wp\/v2\/pages"}],"about":[{"href":"https:\/\/praguetouristinformation.com\/en\/wp-json\/wp\/v2\/types\/page"}],"author":[{"embeddable":true,"href":"https:\/\/praguetouristinformation.com\/en\/wp-json\/wp\/v2\/users\/6"}],"replies":[{"embeddable":true,"href":"https:\/\/praguetouristinformation.com\/en\/wp-json\/wp\/v2\/comments?post=724"}],"version-history":[{"count":34,"href":"https:\/\/praguetouristinformation.com\/en\/wp-json\/wp\/v2\/pages\/724\/revisions"}],"predecessor-version":[{"id":7527,"href":"https:\/\/praguetouristinformation.com\/en\/wp-json\/wp\/v2\/pages\/724\/revisions\/7527"}],"up":[{"embeddable":true,"href":"https:\/\/praguetouristinformation.com\/en\/wp-json\/wp\/v2\/pages\/761"}],"wp:featuredmedia":[{"embeddable":true,"href":"https:\/\/praguetouristinformation.com\/en\/wp-json\/wp\/v2\/media\/2160"}],"wp:attachment":[{"href":"https:\/\/praguetouristinformation.com\/en\/wp-json\/wp\/v2\/media?parent=724"}],"wp:term":[{"taxonomy":"category","embeddable":true,"href":"https:\/\/praguetouristinformation.com\/en\/wp-json\/wp\/v2\/categories?post=724"},{"taxonomy":"post_tag","embeddable":true,"href":"https:\/\/praguetouristinformation.com\/en\/wp-json\/wp\/v2\/tags?post=724"}],"curies":[{"name":"wp","href":"https:\/\/api.w.org\/{rel}","templated":true}]}}