{"id":723,"date":"2024-06-26T20:01:18","date_gmt":"2024-06-26T20:01:18","guid":{"rendered":"http:\/\/praguetouristinformation.com\/?page_id=723"},"modified":"2024-06-26T20:01:18","modified_gmt":"2024-06-26T20:01:18","slug":"czech-beer","status":"publish","type":"page","link":"https:\/\/praguetouristinformation.com\/en\/restaurant\/czech-beer","title":{"rendered":"Czech Beer: 8 Famous Brands"},"content":{"rendered":"<p><span style=\"font-size: 21px !important;\">The Czech Republic drinks the most beer in the world.<\/span><\/p>\n<p><span style=\"font-weight: normal;\">Czech breweries can count on an incredible consumption of 140 liters per inhabitant per year.If you would like to try a beer from the Czech Republic, you will find plenty of opportunities to do so in Prague.Here we have collected the most famous Czech beer brands for inspiration:<\/span><strong>8 Brands of Beer from the Czech Republic<\/strong><span style=\"font-weight: normal;\">Beer is called <em>Pivo<\/em> in Czech and is considered the national drink.If you order a beer, you say <em>jedno pivo<\/em> or <em>velk\u00e9 pivo<\/em> and get a half-liter glass. If you want less, you say <em>mal\u00e9 pivo<\/em> and get a 0.3 liter glass.<\/span><strong><em>Na zdrav\u00ed!<\/em> &#8211; Cheers!<\/strong><\/p>\n<h2 id=\"t-1639134553987\">1. Pilsner Urquell<\/h2>\n<h2 id=\"t-1639134553988\" data-hide=\"true\"><img decoding=\"async\" src=\"https:\/\/praguetouristinformation.com\/wp-content\/uploads\/2020\/11\/Pilsner-Urquell.jpg\" alt=\"Pilsner Urquell, Prag\" data-pin-media=\"https:\/\/praguetouristinformation.com\/wp-content\/uploads\/2021\/02\/16.jpg\" data-pin-description=\"Best Brands of Czech Beer | Prague Tourist Information\" data-pin-url=\"https:\/\/praguetouristinformation.com\/en\/restaurant\/czech-beer?tve=true&amp;tcbf=870fe73478\"><\/p>\n<ul>\n<li><a rel=\"nofollow noopener\" href=\"https:\/\/pinterest.com\/pin\/create\/button\/?url=https:\/\/praguetouristinformation.com\/en\/restaurant\/czech-beer?tve=true&amp;tcbf=0288b911b9&amp;is_video=false&amp;media=https:\/\/praguetouristinformation.com\/wp-content\/uploads\/2020\/11\/Pilsner-Urquell.jpg&amp;description=Czech%20Beer%3A%208%20Famous%20Brands%20%7C%20Prague%20Tourist%20Information\" onclick=\"essb.window('https:\/\/pinterest.com\/pin\/create\/button\/?url=https:\/\/praguetouristinformation.com\/en\/restaurant\/czech-beer?tve=true&amp;tcbf=0288b911b9&amp;is_video=false&amp;media=https:\/\/praguetouristinformation.com\/wp-content\/uploads\/2020\/11\/Pilsner-Urquell.jpg&amp;description=Czech%20Beer%3A%208%20Famous%20Brands%20%7C%20Prague%20Tourist%20Information','pinpro','kx0afm9g'); return false;\" target=\"_blank\" style=\"outline: none;\"><span>Pin<\/span><\/a><\/li>\n<\/ul>\n<\/h2>\n<p>Pilsner Urquell has been produced in Pilsen since 1842. Due to the poor quality of beer at the beginning of the 19th century, the citizens built the brewery in Pilsen in 1842, which was then called the &#8220;Civic Brewery&#8221;. Today, the Pilsner Urquell Brewery is the largest in the Czech Republic.Hops from the traditional growing areas in northern Bohemia are used for production. The bottom-fermented pale beer is brewed with an original gravity of 11.75% and has an alcohol content of 4.4%.<\/p>\n<h3>Popular Ticket Options:<\/h3>\n<ul>\n<li><a href=\"https:\/\/www.tiqets.com\/en\/prague-attractions-c64162\/tickets-for-prague-pilsner-urquell-experience-entry-ticket-with-3-beers-p1066068?partner=most_amazing_places&amp;tq_campaign=PragueTouristInformation\" rel=\"nofollow noopener\" target=\"_blank\" style=\"outline: none;\">Tickets for Pilsner Urquell &#8211; The Original Beer Experience: Tour + Beer Tasting<\/a><\/li>\n<li><a href=\"https:\/\/www.tiqets.com\/en\/prague-attractions-c64162\/tickets-for-prague-pilsner-urquell-experience-entry-ticket-self-guided-beer-tour-p1084937?partner=most_amazing_places&amp;tq_campaign=PragueTouristInformation\" rel=\"nofollow noopener\" target=\"_blank\" style=\"outline: none;\">Prague: City Brewery Tour with Audio Guide + Pilsner Urquell Experience Ticket<\/a><\/li>\n<\/ul>\n<h2 id=\"t-1639134553989\">2. Budweiser<\/h2>\n<p><img decoding=\"async\" src=\"https:\/\/praguetouristinformation.com\/wp-content\/uploads\/2020\/11\/Budweiser.jpg\" alt=\"Budweiser, Prag\" data-pin-media=\"https:\/\/praguetouristinformation.com\/wp-content\/uploads\/2021\/02\/16.jpg\" data-pin-description=\"Best Brands of Czech Beer | Prague Tourist Information\" data-pin-url=\"https:\/\/praguetouristinformation.com\/en\/restaurant\/czech-beer?tve=true&amp;tcbf=870fe73478\"><\/p>\n<ul>\n<li><a rel=\"nofollow noopener\" href=\"https:\/\/pinterest.com\/pin\/create\/button\/?url=https:\/\/praguetouristinformation.com\/en\/restaurant\/czech-beer?tve=true&amp;tcbf=0288b911b9&amp;is_video=false&amp;media=https:\/\/praguetouristinformation.com\/wp-content\/uploads\/2020\/11\/Budweiser.jpg&amp;description=Czech%20Beer%3A%208%20Famous%20Brands%20%7C%20Prague%20Tourist%20Information\" onclick=\"essb.window(&#039;https:\/\/pinterest.com\/pin\/create\/button\/?url=https:\/\/praguetouristinformation.com\/en\/restaurant\/czech-beer?tve=true&amp;tcbf=0288b911b9&amp;is_video=false&amp;media=https:\/\/praguetouristinformation.com\/wp-content\/uploads\/2020\/11\/Budweiser.jpg&amp;description=Czech%20Beer%3A%208%20Famous%20Brands%20%7C%20Prague%20Tourist%20Information&#039;,&#039;pinpro&#039;,&#039;kx0afm9l&#039;); return false;\" target=\"_blank\"><span>Pin<\/span><\/a><\/li>\n<\/ul>\n<p>Budweiser beer is brewed in the Budvar brewery in \u010cesk\u00e9 Bud\u011bjovice, which was founded by Czech citizens in 1895. However, the tradition of brewing beer in \u010cesk\u00e9 Bud\u011bjovice dates back to the 13th century, when monks brewed beer in monasteries.Budweiser bottom-fermented beer is brewed with an original gravity of 11.90% and has an alcohol content of 5.0%. It is a light beer.<\/p>\n<h2 id=\"t-1639134553990\">3. Gambrinus<\/h2>\n<h2 id=\"t-1639134553991\" data-hide=\"true\"><img decoding=\"async\" src=\"https:\/\/praguetouristinformation.com\/wp-content\/uploads\/2020\/11\/Gambrinus.jpg\" alt=\"Gambrinus, Prag\" data-pin-media=\"https:\/\/praguetouristinformation.com\/wp-content\/uploads\/2021\/02\/16.jpg\" data-pin-description=\"Best Brands of Czech Beer | Prague Tourist Information\" data-pin-url=\"https:\/\/praguetouristinformation.com\/en\/restaurant\/czech-beer?tve=true&amp;tcbf=870fe73478\"><\/p>\n<ul>\n<li><a rel=\"nofollow noopener\" href=\"https:\/\/pinterest.com\/pin\/create\/button\/?url=https:\/\/praguetouristinformation.com\/en\/restaurant\/czech-beer?tve=true&amp;tcbf=0288b911b9&amp;is_video=false&amp;media=https:\/\/praguetouristinformation.com\/wp-content\/uploads\/2020\/11\/Gambrinus.jpg&amp;description=Czech%20Beer%3A%208%20Famous%20Brands%20%7C%20Prague%20Tourist%20Information\" onclick=\"essb.window(&#039;https:\/\/pinterest.com\/pin\/create\/button\/?url=https:\/\/praguetouristinformation.com\/en\/restaurant\/czech-beer?tve=true&amp;tcbf=0288b911b9&amp;is_video=false&amp;media=https:\/\/praguetouristinformation.com\/wp-content\/uploads\/2020\/11\/Gambrinus.jpg&amp;description=Czech%20Beer%3A%208%20Famous%20Brands%20%7C%20Prague%20Tourist%20Information&#039;,&#039;pinpro&#039;,&#039;kx0afm9u&#039;); return false;\" target=\"_blank\"><span>Pin<\/span><\/a><\/li>\n<\/ul>\n<\/h2>\n<p>Gambrinus has been brewed since 1869 in Pilsen, in the same brewery that produces Pilsner Urquell. The beer is named after Gambrinus, a legendary king who was considered the inventor of beer brewing.Gambrinus is a bottom-fermented beer brewed with an original gravity of 11.00%. It has an alcohol content of 5.0% and is a light beer, but it has a rather dark color.<\/p>\n<h2 id=\"t-1639134553992\">4. Strahov Monastery Brewery<\/h2>\n<p><img decoding=\"async\" src=\"https:\/\/praguetouristinformation.com\/wp-content\/uploads\/2020\/11\/Klosterbrauerei-Strahov.jpg\" alt=\"Klosterbrauerei Strahov, Prag\" data-pin-media=\"https:\/\/praguetouristinformation.com\/wp-content\/uploads\/2021\/02\/16.jpg\" data-pin-description=\"Best Brands of Czech Beer | Prague Tourist Information\" data-pin-url=\"https:\/\/praguetouristinformation.com\/en\/restaurant\/czech-beer?tve=true&amp;tcbf=870fe73478\"><\/p>\n<ul>\n<li><a rel=\"nofollow noopener\" href=\"https:\/\/pinterest.com\/pin\/create\/button\/?url=https:\/\/praguetouristinformation.com\/en\/restaurant\/czech-beer?tve=true&amp;tcbf=0288b911b9&amp;is_video=false&amp;media=https:\/\/praguetouristinformation.com\/wp-content\/uploads\/2020\/11\/Klosterbrauerei-Strahov.jpg&amp;description=Czech%20Beer%3A%208%20Famous%20Brands%20%7C%20Prague%20Tourist%20Information\" onclick=\"essb.window(&#039;https:\/\/pinterest.com\/pin\/create\/button\/?url=https:\/\/praguetouristinformation.com\/en\/restaurant\/czech-beer?tve=true&amp;tcbf=0288b911b9&amp;is_video=false&amp;media=https:\/\/praguetouristinformation.com\/wp-content\/uploads\/2020\/11\/Klosterbrauerei-Strahov.jpg&amp;description=Czech%20Beer%3A%208%20Famous%20Brands%20%7C%20Prague%20Tourist%20Information&#039;,&#039;pinpro&#039;,&#039;kx0afma0&#039;); return false;\" target=\"_blank\"><span>Pin<\/span><\/a><\/li>\n<\/ul>\n<p tve-droppable\"\"=\"\">Very close to <a href=\"https:\/\/praguetouristinformation.com\/en\/sightseeing\/prague-castle\" style=\"outline: none;\">Prague Castle<\/a> and is Strahov Monastery Brewery, where beer has been brewed since the 13th century. Here, St. Norbert beer is produced in this family business. It has an original gravity of 13% and an alcohol content of 5.3%.The seasonal beer selections are interesting, including St. Norbert autumn beer, a bock beer with 6.3% alcohol, which is served from the end of September, and the Easter beer with 5.3%, which is served on the Friday before Good Friday.Here, you can read more about <a href=\"https:\/\/praguetouristinformation.com\/en\/sightseeing\/lesser-town\/strahov-monastery\">Strahov Monastery.<\/a><\/p>\n<h3>Popular Ticket Options:<\/h3>\n<ul>\n<li><a href=\"https:\/\/www.headout.com\/r\/most-amazing-placesrecommends-5B6VN\/\" rel=\"nofollow noopener\" target=\"_blank\" style=\"outline: none;\">Beer Spa with unlimited beer + optional massage<\/a><\/li>\n<li><a href=\"https:\/\/gyg.me\/7gPy040G\" rel=\"nofollow noopener\" target=\"_blank\" style=\"outline: none;\">Prague: Czech Beer-Tasting Experience with Snacks<\/a><\/li>\n<li><a href=\"https:\/\/www.headout.com\/r\/most-amazing-placesrecommends-5BtZX\/\" rel=\"nofollow noopener\" target=\"_blank\" style=\"outline: none;\">Brewery Tour with Lunch and Beer Tasting<\/a><\/li>\n<li><a href=\"https:\/\/www.headout.com\/r\/most-amazing-placesrecommends-5C5TV\/\" rel=\"nofollow noopener\" target=\"_blank\" style=\"outline: none;\">Prague Cycle Boat &#8211; The Swimming Beer Bike<\/a><\/li>\n<li><a href=\"https:\/\/www.tiqets.com\/en\/prague-attractions-c64162\/tickets-for-prague-pilsner-urquell-experience-entry-ticket-with-3-beers-p1066068?partner=most_amazing_places&amp;tq_campaign=PragueTouristInformation\" rel=\"nofollow noopener\" target=\"_blank\" style=\"outline: none;\">Tickets for Pilsner Urquell &#8211; The Original Beer Experience: Tour + Beer Tasting<\/a><\/li>\n<li><a href=\"https:\/\/www.tiqets.com\/en\/prague-attractions-c64162\/tickets-for-prague-pilsner-urquell-experience-entry-ticket-self-guided-beer-tour-p1084937?partner=most_amazing_places&amp;tq_campaign=PragueTouristInformation\" rel=\"nofollow noopener\" target=\"_blank\" style=\"outline: none;\">Prague: City Brewery Tour with Audio Guide + Pilsner Urquell Experience Ticket<\/a><\/li>\n<li><a data-lt-tmp-id=\"lt-350623\" href=\"https:\/\/praguemedievaldinner.com\/\" spellcheck=\"false\" target=\"_blank\" style=\"outline: none;\" rel=\"noopener nofollow\">Ticket Overview for a Medieval Dinner with Drinks<\/a><\/li>\n<\/ul>\n<h2 id=\"t-1639134553993\">5. Starobrno<\/h2>\n<h2 id=\"t-1639134553994\" data-hide=\"true\"><img decoding=\"async\" src=\"https:\/\/praguetouristinformation.com\/wp-content\/uploads\/2020\/11\/Starobrno.jpg\" alt=\"Starobrno, Prag\" data-pin-media=\"https:\/\/praguetouristinformation.com\/wp-content\/uploads\/2021\/02\/16.jpg\" data-pin-description=\"Best Brands of Czech Beer | Prague Tourist Information\" data-pin-url=\"https:\/\/praguetouristinformation.com\/en\/restaurant\/czech-beer?tve=true&amp;tcbf=870fe73478\"><\/p>\n<ul>\n<li><a rel=\"nofollow noopener\" href=\"https:\/\/pinterest.com\/pin\/create\/button\/?url=https:\/\/praguetouristinformation.com\/en\/restaurant\/czech-beer?tve=true&amp;tcbf=0288b911b9&amp;is_video=false&amp;media=https:\/\/praguetouristinformation.com\/wp-content\/uploads\/2020\/11\/Starobrno.jpg&amp;description=Czech%20Beer%3A%208%20Famous%20Brands%20%7C%20Prague%20Tourist%20Information\" onclick=\"essb.window(&#039;https:\/\/pinterest.com\/pin\/create\/button\/?url=https:\/\/praguetouristinformation.com\/en\/restaurant\/czech-beer?tve=true&amp;tcbf=0288b911b9&amp;is_video=false&amp;media=https:\/\/praguetouristinformation.com\/wp-content\/uploads\/2020\/11\/Starobrno.jpg&amp;description=Czech%20Beer%3A%208%20Famous%20Brands%20%7C%20Prague%20Tourist%20Information&#039;,&#039;pinpro&#039;,&#039;kx0afma4&#039;); return false;\" target=\"_blank\"><span>Pin<\/span><\/a><\/li>\n<\/ul>\n<\/h2>\n<p>As early as 1243, the city of Brno was granted the right to brew beer by the Bohemian King, Wenceslas I. The brewery was built in the town of Starobrno. In 1872, the then owners of the former monastery brewery built a large, modern brewery, which they called the Old Brno Brewery.Starobrno is still brewed here today by a subsidiary of the Heineken brewery. The pale lager has an original gravity of 11% and an alcohol content of 4%.<\/p>\n<h2 id=\"t-1639134553995\">6. Radegast<\/h2>\n<h2 id=\"t-1639134553996\" data-hide=\"true\"><img decoding=\"async\" src=\"https:\/\/praguetouristinformation.com\/wp-content\/uploads\/2020\/11\/Radegast.jpg\" alt=\"Radegast, Prag\" data-pin-media=\"https:\/\/praguetouristinformation.com\/wp-content\/uploads\/2021\/02\/16.jpg\" data-pin-description=\"Best Brands of Czech Beer | Prague Tourist Information\" data-pin-url=\"https:\/\/praguetouristinformation.com\/en\/restaurant\/czech-beer?tve=true&amp;tcbf=870fe73478\"><\/p>\n<ul>\n<li><a rel=\"nofollow noopener\" href=\"https:\/\/pinterest.com\/pin\/create\/button\/?url=https:\/\/praguetouristinformation.com\/en\/restaurant\/czech-beer?tve=true&amp;tcbf=0288b911b9&amp;is_video=false&amp;media=https:\/\/praguetouristinformation.com\/wp-content\/uploads\/2020\/11\/Radegast.jpg&amp;description=Czech%20Beer%3A%208%20Famous%20Brands%20%7C%20Prague%20Tourist%20Information\" onclick=\"essb.window(&#039;https:\/\/pinterest.com\/pin\/create\/button\/?url=https:\/\/praguetouristinformation.com\/en\/restaurant\/czech-beer?tve=true&amp;tcbf=0288b911b9&amp;is_video=false&amp;media=https:\/\/praguetouristinformation.com\/wp-content\/uploads\/2020\/11\/Radegast.jpg&amp;description=Czech%20Beer%3A%208%20Famous%20Brands%20%7C%20Prague%20Tourist%20Information&#039;,&#039;pinpro&#039;,&#039;kx0afma8&#039;); return false;\" target=\"_blank\"><span>Pin<\/span><\/a><\/li>\n<\/ul>\n<\/h2>\n<p>Radegast is produced in a brewery with the same name in No\u0161ovice, a town near the Polish border. The brewery was founded in 1965. Radegast is a pale beer brewed with an original gravity of 10% and has an alcohol content of 4%. It has a slightly bitter taste.<\/p>\n<h2 id=\"t-1639134553997\">7. Breznak<\/h2>\n<h2 id=\"t-1639134553998\" data-hide=\"true\"><img decoding=\"async\" src=\"https:\/\/praguetouristinformation.com\/wp-content\/uploads\/2020\/11\/Breznak.jpg\" alt=\"Breznak, Prag\" data-pin-media=\"https:\/\/praguetouristinformation.com\/wp-content\/uploads\/2021\/02\/16.jpg\" data-pin-description=\"Best Brands of Czech Beer | Prague Tourist Information\" data-pin-url=\"https:\/\/praguetouristinformation.com\/en\/restaurant\/czech-beer?tve=true&amp;tcbf=870fe73478\"><\/p>\n<ul>\n<li><a rel=\"nofollow noopener\" href=\"https:\/\/pinterest.com\/pin\/create\/button\/?url=https:\/\/praguetouristinformation.com\/en\/restaurant\/czech-beer?tve=true&amp;tcbf=0288b911b9&amp;is_video=false&amp;media=https:\/\/praguetouristinformation.com\/wp-content\/uploads\/2020\/11\/Breznak.jpg&amp;description=Czech%20Beer%3A%208%20Famous%20Brands%20%7C%20Prague%20Tourist%20Information\" onclick=\"essb.window(&#039;https:\/\/pinterest.com\/pin\/create\/button\/?url=https:\/\/praguetouristinformation.com\/en\/restaurant\/czech-beer?tve=true&amp;tcbf=0288b911b9&amp;is_video=false&amp;media=https:\/\/praguetouristinformation.com\/wp-content\/uploads\/2020\/11\/Breznak.jpg&amp;description=Czech%20Beer%3A%208%20Famous%20Brands%20%7C%20Prague%20Tourist%20Information&#039;,&#039;pinpro&#039;,&#039;kx0afmaf&#039;); return false;\" target=\"_blank\"><span>Pin<\/span><\/a><\/li>\n<\/ul>\n<\/h2>\n<p>Breznak is produced in a brewery built in 1753 in Velk\u00e9 B\u0159ezno in northern Bohemia. The portrait of Viktor Cibich, a former stationmaster in Velk\u00e9 B\u0159ezno, adorns Breznak beer labels and glasses to this day.As compensation for permission to use his image, Viktor Cibich received a lifetime pension in the form of 30 beers a week in a pub in Velk\u00e9 B\u0159ezno, which can be considered one of the first advertising contracts.Breznak is a bottom-fermented beer brewed with an original gravity of 12.00%. It has an alcohol content of 5.1% and is a light beer.<\/p>\n<h2 id=\"t-1639134553999\">8. Staropramen<\/h2>\n<h2 id=\"t-1639134554000\" data-hide=\"true\"><img decoding=\"async\" src=\"https:\/\/praguetouristinformation.com\/wp-content\/uploads\/2020\/11\/Staropramen.jpg\" alt=\"Staropramen, Prag\" data-pin-media=\"https:\/\/praguetouristinformation.com\/wp-content\/uploads\/2021\/02\/16.jpg\" data-pin-description=\"Best Brands of Czech Beer | Prague Tourist Information\" data-pin-url=\"https:\/\/praguetouristinformation.com\/en\/restaurant\/czech-beer?tve=true&amp;tcbf=870fe73478\"><\/p>\n<ul>\n<li><a rel=\"nofollow noopener\" href=\"https:\/\/pinterest.com\/pin\/create\/button\/?url=https:\/\/praguetouristinformation.com\/en\/restaurant\/czech-beer?tve=true&amp;tcbf=0288b911b9&amp;is_video=false&amp;media=https:\/\/praguetouristinformation.com\/wp-content\/uploads\/2020\/11\/Staropramen.jpg&amp;description=Czech%20Beer%3A%208%20Famous%20Brands%20%7C%20Prague%20Tourist%20Information\" onclick=\"essb.window(&#039;https:\/\/pinterest.com\/pin\/create\/button\/?url=https:\/\/praguetouristinformation.com\/en\/restaurant\/czech-beer?tve=true&amp;tcbf=0288b911b9&amp;is_video=false&amp;media=https:\/\/praguetouristinformation.com\/wp-content\/uploads\/2020\/11\/Staropramen.jpg&amp;description=Czech%20Beer%3A%208%20Famous%20Brands%20%7C%20Prague%20Tourist%20Information&#039;,&#039;pinpro&#039;,&#039;kx0afmaj&#039;); return false;\" target=\"_blank\"><span>Pin<\/span><\/a><\/li>\n<\/ul>\n<\/h2>\n<p>The second largest brewery in the Czech Republic was founded in Prague in 1869. Even Emperor Franz Josef I was impressed by the art of brewers here.The logo for the brewery was designed by a Czech avant-garde artist. In Czech, <em>Staropramen<\/em> means &#8220;Old Spring&#8221;. It is a bottom-fermented pale beer brewed with an original wort of 12.00% and has an alcohol content of 5.0%.<\/p>\n<h3 style=\"\">Related Articles<\/h3>\n<p><a href=\"https:\/\/praguetouristinformation.com\/en\/sightseeing\/museum\/beer-museum\" dynamic-postlink=\"tcb_post_the_permalink\" data-shortcode-id=\"887\"><\/a><\/p>\n<h2 style=\"padding-top: 0px !important; margin-top: 0px !important; text-align: center;\" id=\"t-1700817084844\"><span data-shortcode=\"tcb_post_title\" data-shortcode-name=\"Post title\" data-extra_key=\"\" data-attr-link=\"1\" data-attr-target=\"0\" data-attr-rel=\"0\" data-option-inline=\"1\" data-attr-static-link=\"{&quot;className&quot;:&quot;&quot;,&quot;href&quot;:&quot;https:\/\/praguetouristinformation.com\/en\/sightseeing\/museum\/beer-museum&quot;,&quot;title&quot;:&quot;Guide to Beer Museum in Prague: Info, Tickets &amp; History&quot;,&quot;class&quot;:&quot;&quot;}\" data-attr-css=\"\"><a href=\"https:\/\/praguetouristinformation.com\/en\/sightseeing\/museum\/beer-museum\" title=\"Guide to Beer Museum in Prague: Info, Tickets &amp; History\" data-css=\"\">Guide to Beer Museum in Prague: Info, Tickets &amp; History<\/a><\/span><\/h2>\n<p><a href=\"https:\/\/praguetouristinformation.com\/en\/sightseeing\/lesser-town\/strahov-monastery\" dynamic-postlink=\"tcb_post_the_permalink\" data-shortcode-id=\"887\"><\/a><\/p>\n<h2 style=\"padding-top: 0px !important; margin-top: 0px !important; text-align: center;\" id=\"t-1700817084844\"><span data-shortcode=\"tcb_post_title\" data-shortcode-name=\"Post title\" data-extra_key=\"\" data-attr-link=\"1\" data-attr-target=\"0\" data-attr-rel=\"0\" data-option-inline=\"1\" data-attr-static-link=\"{&quot;className&quot;:&quot;&quot;,&quot;href&quot;:&quot;https:\/\/praguetouristinformation.com\/en\/sightseeing\/museum\/beer-museum&quot;,&quot;title&quot;:&quot;Guide to Beer Museum in Prague: Info, Tickets &amp; History&quot;,&quot;class&quot;:&quot;&quot;}\" data-attr-css=\"\"><a href=\"https:\/\/praguetouristinformation.com\/en\/sightseeing\/lesser-town\/strahov-monastery\" title=\"Guide to Strahov Monastery: Attractions, Admission &amp; Beer Garden\" data-css=\"\">Guide to Strahov Monastery: Attractions, Admission &amp; Beer Garden<\/a><\/span><\/h2>\n<p><a href=\"https:\/\/praguetouristinformation.com\/en\/nightlife\" dynamic-postlink=\"tcb_post_the_permalink\" data-shortcode-id=\"887\"><\/a><\/p>\n<h2 style=\"padding-top: 0px !important; margin-top: 0px !important; text-align: center;\" id=\"t-1700817084844\"><span data-shortcode=\"tcb_post_title\" data-shortcode-name=\"Post title\" data-extra_key=\"\" data-attr-link=\"1\" data-attr-target=\"0\" data-attr-rel=\"0\" data-option-inline=\"1\" data-attr-static-link=\"{&quot;className&quot;:&quot;&quot;,&quot;href&quot;:&quot;https:\/\/praguetouristinformation.com\/en\/sightseeing\/museum\/beer-museum&quot;,&quot;title&quot;:&quot;Guide to Beer Museum in Prague: Info, Tickets &amp; History&quot;,&quot;class&quot;:&quot;&quot;}\" data-attr-css=\"\"><a href=\"https:\/\/praguetouristinformation.com\/en\/nightlife\" title=\"Prague Nightlife Guide: Bars, Clubs, Party Districts\u2026\" data-css=\"\">Prague Nightlife Guide: Bars, Clubs, Party Districts\u2026<\/a><\/span><\/h2>\n<p><a href=\"https:\/\/praguetouristinformation.com\/en\/restaurant\/popular-dishes\" dynamic-postlink=\"tcb_post_the_permalink\" data-shortcode-id=\"887\"><\/a><\/p>\n<h2 style=\"padding-top: 0px !important; margin-top: 0px !important; text-align: center;\" id=\"t-1700817084844\"><span data-shortcode=\"tcb_post_title\" data-shortcode-name=\"Post title\" data-extra_key=\"\" data-attr-link=\"1\" data-attr-target=\"0\" data-attr-rel=\"0\" data-option-inline=\"1\" data-attr-static-link=\"{&quot;className&quot;:&quot;&quot;,&quot;href&quot;:&quot;https:\/\/praguetouristinformation.com\/en\/sightseeing\/museum\/beer-museum&quot;,&quot;title&quot;:&quot;Guide to Beer Museum in Prague: Info, Tickets &amp; History&quot;,&quot;class&quot;:&quot;&quot;}\" data-attr-css=\"\"><a href=\"https:\/\/praguetouristinformation.com\/en\/restaurant\/popular-dishes\" title=\"Czech Cuisine: 25 Popular Dishes\" data-css=\"\">Czech Cuisine: 25 Popular Dishes<\/a><\/span><\/h2>\n","protected":false},"excerpt":{"rendered":"<p>The Czech Republic drinks the most beer in the world. Czech breweries can count on an incredible consumption of 140 liters per inhabitant per year.If you would like to try a beer from the Czech Republic, you will find plenty of opportunities to do so in Prague.Here we have collected the most famous Czech beer [&hellip;]<\/p>\n","protected":false},"author":6,"featured_media":2172,"parent":761,"menu_order":0,"comment_status":"closed","ping_status":"closed","template":"","meta":{"footnotes":""},"categories":[],"tags":[58,57,30],"class_list":["post-723","page","type-page","status-publish","has-post-thumbnail","hentry","tag-beer","tag-food","tag-lifestyle","post-wrapper","thrv_wrapper"],"_links":{"self":[{"href":"https:\/\/praguetouristinformation.com\/en\/wp-json\/wp\/v2\/pages\/723","targetHints":{"allow":["GET"]}}],"collection":[{"href":"https:\/\/praguetouristinformation.com\/en\/wp-json\/wp\/v2\/pages"}],"about":[{"href":"https:\/\/praguetouristinformation.com\/en\/wp-json\/wp\/v2\/types\/page"}],"author":[{"embeddable":true,"href":"https:\/\/praguetouristinformation.com\/en\/wp-json\/wp\/v2\/users\/6"}],"replies":[{"embeddable":true,"href":"https:\/\/praguetouristinformation.com\/en\/wp-json\/wp\/v2\/comments?post=723"}],"version-history":[{"count":22,"href":"https:\/\/praguetouristinformation.com\/en\/wp-json\/wp\/v2\/pages\/723\/revisions"}],"predecessor-version":[{"id":5463,"href":"https:\/\/praguetouristinformation.com\/en\/wp-json\/wp\/v2\/pages\/723\/revisions\/5463"}],"up":[{"embeddable":true,"href":"https:\/\/praguetouristinformation.com\/en\/wp-json\/wp\/v2\/pages\/761"}],"wp:featuredmedia":[{"embeddable":true,"href":"https:\/\/praguetouristinformation.com\/en\/wp-json\/wp\/v2\/media\/2172"}],"wp:attachment":[{"href":"https:\/\/praguetouristinformation.com\/en\/wp-json\/wp\/v2\/media?parent=723"}],"wp:term":[{"taxonomy":"category","embeddable":true,"href":"https:\/\/praguetouristinformation.com\/en\/wp-json\/wp\/v2\/categories?post=723"},{"taxonomy":"post_tag","embeddable":true,"href":"https:\/\/praguetouristinformation.com\/en\/wp-json\/wp\/v2\/tags?post=723"}],"curies":[{"name":"wp","href":"https:\/\/api.w.org\/{rel}","templated":true}]}}