{"id":690,"date":"2024-06-26T20:00:33","date_gmt":"2024-06-26T20:00:33","guid":{"rendered":"http:\/\/praguetouristinformation.com\/?page_id=690"},"modified":"2024-06-26T20:00:33","modified_gmt":"2024-06-26T20:00:33","slug":"st-george-basilica","status":"publish","type":"page","link":"https:\/\/praguetouristinformation.com\/en\/sightseeing\/prague-castle\/st-george-basilica","title":{"rendered":"St. George Basilica in Prague Castle: Info, History, Tickets"},"content":{"rendered":"<p style=\"\">St. George&#8217;s Basilica, built in 920, is the second oldest church in Prague.<\/p>\n<p>St. George&#8217;s Basilica with its associated monastery belongs to Prague Castle and is dedicated to St. George.<\/p>\n<p>In this guide to St. George&#8217;s Basilica, learn all about the attractions, history, and helpful information on how to get there, tickets, and guided tours.<\/p>\n<h2 id=\"t-1639228843439\">What Can I Do at St. George&#8217;s Basilica?<\/h2>\n<p><img decoding=\"async\" src=\"http:\/\/praguetouristinformation.com\/wp-content\/uploads\/2020\/11\/Was-kann-ich-in-der-St.-Georgs-Basilika-machen.jpg\" alt=\"Was kann ich in der St. Georgs Basilika machen\" style=\"\" data-pin-media=\"https:\/\/praguetouristinformation.com\/wp-content\/uploads\/2021\/02\/30.jpg\" data-pin-description=\"St. George\u2019s Basilica Prague | Admission, Tickets &amp; Exhibition\" data-pin-url=\"https:\/\/praguetouristinformation.com\/en\/sightseeing\/prague-castle\/st-george-basilica?tve=true&amp;tcbf=dfef050704\"><\/p>\n<ul>\n<li><a rel=\"nofollow noopener\" href=\"https:\/\/pinterest.com\/pin\/create\/button\/?url=https:\/\/praguetouristinformation.com\/en\/sightseeing\/prague-castle\/st-george-basilica?tve=true&amp;tcbf=66344ad39f&amp;is_video=false&amp;media=http:\/\/praguetouristinformation.com\/wp-content\/uploads\/2020\/11\/Was-kann-ich-in-der-St.-Georgs-Basilika-machen.jpg&amp;description=St.%20George%E2%80%99s%20Basilica%20Prague%20%7C%20Admission%2C%20Tickets%20%26%20Exhibition\" onclick=\"essb.window('https:\/\/pinterest.com\/pin\/create\/button\/?url=https:\/\/praguetouristinformation.com\/en\/sightseeing\/prague-castle\/st-george-basilica?tve=true&amp;tcbf=66344ad39f&amp;is_video=false&amp;media=http:\/\/praguetouristinformation.com\/wp-content\/uploads\/2020\/11\/Was-kann-ich-in-der-St.-Georgs-Basilika-machen.jpg&amp;description=St.%20George%E2%80%99s%20Basilica%20Prague%20%7C%20Admission%2C%20Tickets%20%26%20Exhibition','pinpro','kx1ujr3h'); return false;\" target=\"_blank\"><span>Pin<\/span><\/a><\/li>\n<\/ul>\n<p><span style=\"color: var(--tcb-skin-color-4); font-weight: var(--g-regular-weight,normal);\">The basilica,<\/span>&nbsp;one of the oldest preserved parts of <a href=\"https:\/\/praguetouristinformation.com\/en\/sightseeing\/prague-castle\">Prague Castle<\/a>, is&nbsp;<span style=\"color: var(--tcb-skin-color-4); font-weight: var(--g-regular-weight,normal);\">the best preserved Romanesque building in all of Bohemia. For this reason, it is considered one of&nbsp;<\/span><a href=\"https:\/\/praguetouristinformation.com\/en\/sightseeing\" target=\"_blank\" style=\"font-weight: var(--g-regular-weight,normal); background-color: rgb(255, 255, 255); outline: none;\" rel=\"noopener\">the most important sights<\/a><span style=\"color: var(--tcb-skin-color-4); font-weight: var(--g-regular-weight,normal);\"> and Romanesque monuments in the Czech Republic.<\/span><\/p>\n<p>But the church is also of special historical importance because of the shrines and tombs inside. The remains of St. Ludmila, the first martyr for Bohemia, are buried in the Gothic Ludmilla Chapel. This is considered the main attraction of many visitors. Also worth mentioning are the shrines of Boleslaus II and the church founder Vratislav I, located in the nave.<\/p>\n<p>Visitors can also admire the unique interior, which impresses with simplicity and monumentality. This contrasts with the precious frescoes that adorn the dome and the elaborate decorations of the altar.<\/p>\n<p>In the Baroque St. John Nepomuk Chapel, visitors come across the remarkable statue of St. John of Nepomuk, designed by the sculptor Ferdinand Maximilian Brokoff.<\/p>\n<p>Today, the basilica houses the Bohemian Art Collection from the National Gallery.<\/p>\n<p>The Benedictine monastery with the same name, located right next to the basilica, is also worthy of note. For many centuries it was considered one of the most important monasteries in Bohemia. Today, however, it is no longer active.<\/p>\n<h2 id=\"t-1639228843440\">Admission, Tickets, and Guided Tours<\/h2>\n<p><img decoding=\"async\" src=\"http:\/\/praguetouristinformation.com\/wp-content\/uploads\/2020\/11\/Eintritt-Tickets-und-Fuehrungen-6.jpg\" alt=\"Eintritt, Tickets und F\u00fchrungen\" style=\"\" data-pin-media=\"https:\/\/praguetouristinformation.com\/wp-content\/uploads\/2021\/02\/30.jpg\" data-pin-description=\"St. George\u2019s Basilica Prague | Admission, Tickets &amp; Exhibition\" data-pin-url=\"https:\/\/praguetouristinformation.com\/en\/sightseeing\/prague-castle\/st-george-basilica?tve=true&amp;tcbf=dfef050704\"><\/p>\n<ul>\n<li><a rel=\"nofollow noopener\" href=\"https:\/\/pinterest.com\/pin\/create\/button\/?url=https:\/\/praguetouristinformation.com\/en\/sightseeing\/prague-castle\/st-george-basilica?tve=true&amp;tcbf=66344ad39f&amp;is_video=false&amp;media=http:\/\/praguetouristinformation.com\/wp-content\/uploads\/2020\/11\/Eintritt-Tickets-und-Fuehrungen-6.jpg&amp;description=St.%20George%E2%80%99s%20Basilica%20Prague%20%7C%20Admission%2C%20Tickets%20%26%20Exhibition\" onclick=\"essb.window('https:\/\/pinterest.com\/pin\/create\/button\/?url=https:\/\/praguetouristinformation.com\/en\/sightseeing\/prague-castle\/st-george-basilica?tve=true&amp;tcbf=66344ad39f&amp;is_video=false&amp;media=http:\/\/praguetouristinformation.com\/wp-content\/uploads\/2020\/11\/Eintritt-Tickets-und-Fuehrungen-6.jpg&amp;description=St.%20George%E2%80%99s%20Basilica%20Prague%20%7C%20Admission%2C%20Tickets%20%26%20Exhibition','pinpro','kx1ujr3n'); return false;\" target=\"_blank\"><span>Pin<\/span><\/a><\/li>\n<\/ul>\n<ul>\n<li><strong>Admission:&nbsp;<\/strong>St. George&#8217;s Basilica is located in Prague Castle and can be visited with a regular Prague Castle entrance ticket.&nbsp;<strong>Please note:<\/strong> At the entrance to the Prague Castle area, there is a security check that all visitors must undergo.<\/li>\n<li><strong>Tickets:<\/strong> Admission to St. George&#8217;s Basilica is included in the Prague Castle admission ticket. The ticket is valid for two consecutive days. Each attraction, can be visited only once. Buy a <a href=\"https:\/\/praguecastleticket.com\" target=\"_blank\" style=\"outline: none;\" data-lt-tmp-id=\"lt-518846\" spellcheck=\"false\" rel=\"noopener nofollow\"><strong>skip the line ticket for Prague Castle here<\/strong><\/a> in advance and avoid standing in line!<\/li>\n<li><strong>Guided Tour: <\/strong>Several tour operators offer guided tours of Prague Castle. Book here the most popular&nbsp;<a href=\"https:\/\/gyg.me\/60M7efaL\" target=\"_blank\" style=\"outline: none;\" data-lt-tmp-id=\"lt-194602\" spellcheck=\"false\" rel=\"noopener nofollow\">guided tour of Prague Castle<\/a>, including entrance ticket.<\/li>\n<li><strong>Tip: <\/strong>Since there is always a big crowd in front of the ticket counters on site, it is recommended to buy an<strong>&nbsp;<a href=\"https:\/\/praguecastleticket.com\" target=\"_blank\" style=\"outline: none;\" data-lt-tmp-id=\"lt-372167\" spellcheck=\"false\" rel=\"noopener nofollow\"><strong>online ticket in advance<\/strong><\/a><\/strong>.&nbsp;<\/li>\n<\/ul>\n<h2 id=\"t-1639228843441\">How Do I Get to St. George&#8217;s Basilica?<\/h2>\n<p><img decoding=\"async\" src=\"http:\/\/praguetouristinformation.com\/wp-content\/uploads\/2020\/11\/Wie-komme-ich-zur-St.-Georgs-Basilika.jpg\" alt=\"Wie komme ich zur St. Georgs Basilika\" style=\"\" data-pin-media=\"https:\/\/praguetouristinformation.com\/wp-content\/uploads\/2021\/02\/30.jpg\" data-pin-description=\"St. George\u2019s Basilica Prague | Admission, Tickets &amp; Exhibition\" data-pin-url=\"https:\/\/praguetouristinformation.com\/en\/sightseeing\/prague-castle\/st-george-basilica?tve=true&amp;tcbf=dfef050704\"><\/p>\n<ul>\n<li><a rel=\"nofollow noopener\" href=\"https:\/\/pinterest.com\/pin\/create\/button\/?url=https:\/\/praguetouristinformation.com\/en\/sightseeing\/prague-castle\/st-george-basilica?tve=true&amp;tcbf=66344ad39f&amp;is_video=false&amp;media=http:\/\/praguetouristinformation.com\/wp-content\/uploads\/2020\/11\/Wie-komme-ich-zur-St.-Georgs-Basilika.jpg&amp;description=St.%20George%E2%80%99s%20Basilica%20Prague%20%7C%20Admission%2C%20Tickets%20%26%20Exhibition\" onclick=\"essb.window(&#039;https:\/\/pinterest.com\/pin\/create\/button\/?url=https:\/\/praguetouristinformation.com\/en\/sightseeing\/prague-castle\/st-george-basilica?tve=true&amp;tcbf=66344ad39f&amp;is_video=false&amp;media=http:\/\/praguetouristinformation.com\/wp-content\/uploads\/2020\/11\/Wie-komme-ich-zur-St.-Georgs-Basilika.jpg&amp;description=St.%20George%E2%80%99s%20Basilica%20Prague%20%7C%20Admission%2C%20Tickets%20%26%20Exhibition&#039;,&#039;pinpro&#039;,&#039;kx1ujr3s&#039;); return false;\" target=\"_blank\"><span>Pin<\/span><\/a><\/li>\n<\/ul>\n<p>St. George&#8217;s Basilica is located in Prague Castle, which stands on a hill in the center of Prague.<\/p>\n<p>The easiest way to reach the castle is by <a href=\"https:\/\/praguetouristinformation.com\/en\/planning\/public-transport\" style=\"outline: none;\">public transport<\/a>, taking streetcar line 22. You can take it from the Old Town of Prague to the Pra\u017esk\u00fd hrad (Prague Castle) stop.<\/p>\n<p>You can find the basilica east of <a href=\"https:\/\/praguetouristinformation.com\/en\/sightseeing\/prague-castle\/st-vitus-cathedral\" style=\"outline: none;\">St. Vitus Cathedral<\/a> on St. George&#8217;s Square.<\/p>\n<h2 id=\"t-1639228843442\">History<\/h2>\n<p><img decoding=\"async\" src=\"http:\/\/praguetouristinformation.com\/wp-content\/uploads\/2020\/11\/Geschichte-4.jpg\" alt=\"Geschichte\" style=\"\" data-pin-media=\"https:\/\/praguetouristinformation.com\/wp-content\/uploads\/2021\/02\/30.jpg\" data-pin-description=\"St. George\u2019s Basilica Prague | Admission, Tickets &amp; Exhibition\" data-pin-url=\"https:\/\/praguetouristinformation.com\/en\/sightseeing\/prague-castle\/st-george-basilica?tve=true&amp;tcbf=dfef050704\"><\/p>\n<ul>\n<li><a rel=\"nofollow noopener\" href=\"https:\/\/pinterest.com\/pin\/create\/button\/?url=https:\/\/praguetouristinformation.com\/en\/sightseeing\/prague-castle\/st-george-basilica?tve=true&amp;tcbf=66344ad39f&amp;is_video=false&amp;media=http:\/\/praguetouristinformation.com\/wp-content\/uploads\/2020\/11\/Geschichte-4.jpg&amp;description=St.%20George%E2%80%99s%20Basilica%20Prague%20%7C%20Admission%2C%20Tickets%20%26%20Exhibition\" onclick=\"essb.window(&#039;https:\/\/pinterest.com\/pin\/create\/button\/?url=https:\/\/praguetouristinformation.com\/en\/sightseeing\/prague-castle\/st-george-basilica?tve=true&amp;tcbf=66344ad39f&amp;is_video=false&amp;media=http:\/\/praguetouristinformation.com\/wp-content\/uploads\/2020\/11\/Geschichte-4.jpg&amp;description=St.%20George%E2%80%99s%20Basilica%20Prague%20%7C%20Admission%2C%20Tickets%20%26%20Exhibition&#039;,&#039;pinpro&#039;,&#039;kx1ujr3y&#039;); return false;\" target=\"_blank\"><span>Pin<\/span><\/a><\/li>\n<\/ul>\n<p>St. George&#8217;s Basilica was built in 920 as the second church building in Prague Castle. The Romanesque sacral building was founded at the behest of Prince Vratislav I and expanded in 973 by the Benedictine monastery with the same name. Today, only the foundation walls of the original building remain.<\/p>\n<p>After a fire in 1142 the church was rebuilt. During this reconstruction it came to the present Romanesque shape with the main apse and two towers. Over the centuries, the chapel of St. Ludmilla, the entrance portico on the west side, the Baroque facade and the chapel of St. John of Nepomuk were added.<\/p>\n<p>From 1887 to 1908 the church was renovated after soldiers severely damaged it during their stay in the monastery. Great care was taken to restore the basilica to its Romanesque appearance.<\/p>\n<p>Today, St. George&#8217;s Basilica houses the National Gallery&#8217;s exhibition of old Czech art. Occasionally concerts are held in the premises of the church.<\/p>\n<h2 id=\"t-1639228843443\">Contact<\/h2>\n<ul>\n<li><strong>Address: <\/strong>Ji\u0159sk\u00e9 n\u00e1m\u011bst\u00ed, Pra\u017esk\u00fd hrad, 119 01 Praha 1 &#8211; Hrad\u010dany<\/li>\n<li><strong>Website: <\/strong><a href=\"https:\/\/www.hrad.cz\/en\/prague-castle-for-visitors\/objects-for-visitors\/st.-georges-basilica-and-convent-10333#from-list\" style=\"outline: none;\" target=\"_blank\" rel=\"noopener nofollow\">https:\/\/www.hrad.cz\/en\/prague-castle-for-visitors\/objects-for-visitors\/st.-georges-basilica-and-convent-10333#from-list<\/a><\/li>\n<li><strong>Public Transport:<\/strong> Streetcar Line 22 bis \u201ePra\u017esk\u00fd hrad\u201c<\/li>\n<li><strong>Ticket: \u2026 Link own ticket\u2026<\/strong><\/li>\n<li><strong>Opening Hours: <\/strong>The opening hours of St. George&#8217;s Basilica can be found on the Prague Castle <a href=\"https:\/\/www.hrad.cz\/en\/prague-castle-for-visitors\" style=\"outline: none;\" target=\"_blank\" rel=\"noopener nofollow\">website<\/a>.<\/li>\n<\/ul>\n<h3 style=\"\">Related Articles<\/h3>\n<p><a href=\"https:\/\/praguetouristinformation.com\/en\/sightseeing\/prague-castle\" dynamic-postlink=\"tcb_post_the_permalink\" data-shortcode-id=\"738\"><\/a><\/p>\n<h2 style=\"padding-top: 0px !important; margin-top: 0px !important; text-align: center;\" id=\"t-1715099672542\"><span data-shortcode=\"tcb_post_title\" data-shortcode-name=\"Post title\" data-extra_key=\"\" data-attr-link=\"1\" data-attr-target=\"0\" data-attr-rel=\"0\" data-option-inline=\"1\" data-attr-static-link=\"{&quot;className&quot;:&quot;&quot;,&quot;href&quot;:&quot;https:\/\/praguetouristinformation.com\/en\/sightseeing\/prague-castle&quot;,&quot;title&quot;:&quot;Prague Castle: Complete Guide with Tickets&quot;,&quot;class&quot;:&quot;&quot;}\" data-attr-css=\"\"><a href=\"https:\/\/praguetouristinformation.com\/en\/sightseeing\/prague-castle\" title=\"Prague Castle: Complete Guide with Tickets\" data-css=\"\">Prague Castle: Complete Guide with Tickets<\/a><\/span><\/h2>\n<p><a href=\"https:\/\/praguetouristinformation.com\/en\/sightseeing\/old-town\/agnes-monastery\" dynamic-postlink=\"tcb_post_the_permalink\" data-shortcode-id=\"738\"><\/a><\/p>\n<h2 style=\"padding-top: 0px !important; margin-top: 0px !important; text-align: center;\" id=\"t-1715099672542\"><span data-shortcode=\"tcb_post_title\" data-shortcode-name=\"Post title\" data-extra_key=\"\" data-attr-link=\"1\" data-attr-target=\"0\" data-attr-rel=\"0\" data-option-inline=\"1\" data-attr-static-link=\"{&quot;className&quot;:&quot;&quot;,&quot;href&quot;:&quot;https:\/\/praguetouristinformation.com\/en\/sightseeing\/prague-castle&quot;,&quot;title&quot;:&quot;Prague Castle: Complete Guide with Tickets&quot;,&quot;class&quot;:&quot;&quot;}\" data-attr-css=\"\"><a href=\"https:\/\/praguetouristinformation.com\/en\/sightseeing\/old-town\/agnes-monastery\" title=\"Guide to Agnes Monastery: Exhibition, Admission &amp; History\" data-css=\"\">Guide to Agnes Monastery: Exhibition, Admission &amp; History<\/a><\/span><\/h2>\n<p><a href=\"https:\/\/praguetouristinformation.com\/en\/sightseeing\/bad-weather\" dynamic-postlink=\"tcb_post_the_permalink\" data-shortcode-id=\"738\"><\/a><\/p>\n<h2 style=\"padding-top: 0px !important; margin-top: 0px !important; text-align: center;\" id=\"t-1715099672542\"><span data-shortcode=\"tcb_post_title\" data-shortcode-name=\"Post title\" data-extra_key=\"\" data-attr-link=\"1\" data-attr-target=\"0\" data-attr-rel=\"0\" data-option-inline=\"1\" data-attr-static-link=\"{&quot;className&quot;:&quot;&quot;,&quot;href&quot;:&quot;https:\/\/praguetouristinformation.com\/en\/sightseeing\/prague-castle&quot;,&quot;title&quot;:&quot;Prague Castle: Complete Guide with Tickets&quot;,&quot;class&quot;:&quot;&quot;}\" data-attr-css=\"\"><a href=\"https:\/\/praguetouristinformation.com\/en\/sightseeing\/bad-weather\" title=\"Prague in the Rain: 20 Bad Weather Activities\" data-css=\"\">Prague in the Rain: 20 Bad Weather Activities<\/a><\/span><\/h2>\n<p><a href=\"https:\/\/praguetouristinformation.com\/en\/sightseeing\/museum\" dynamic-postlink=\"tcb_post_the_permalink\" data-shortcode-id=\"738\"><\/a><\/p>\n<h2 style=\"padding-top: 0px !important; margin-top: 0px !important; text-align: center;\" id=\"t-1715099672542\"><span data-shortcode=\"tcb_post_title\" data-shortcode-name=\"Post title\" data-extra_key=\"\" data-attr-link=\"1\" data-attr-target=\"0\" data-attr-rel=\"0\" data-option-inline=\"1\" data-attr-static-link=\"{&quot;className&quot;:&quot;&quot;,&quot;href&quot;:&quot;https:\/\/praguetouristinformation.com\/en\/sightseeing\/prague-castle&quot;,&quot;title&quot;:&quot;Prague Castle: Complete Guide with Tickets&quot;,&quot;class&quot;:&quot;&quot;}\" data-attr-css=\"\"><a href=\"https:\/\/praguetouristinformation.com\/en\/sightseeing\/museum\" title=\"20 Best Museums in Prague [+Tickets &amp; Map]\" data-css=\"\">20 Best Museums in Prague [+Tickets &amp; Map]<\/a><\/span><\/h2>\n","protected":false},"excerpt":{"rendered":"<p>St. George&#8217;s Basilica, built in 920, is the second oldest church in Prague. St. George&#8217;s Basilica with its associated monastery belongs to Prague Castle and is dedicated to St. George. In this guide to St. George&#8217;s Basilica, learn all about the attractions, history, and helpful information on how to get there, tickets, and guided tours. [&hellip;]<\/p>\n","protected":false},"author":6,"featured_media":1754,"parent":738,"menu_order":0,"comment_status":"closed","ping_status":"closed","template":"","meta":{"footnotes":""},"categories":[],"tags":[51],"class_list":["post-690","page","type-page","status-publish","has-post-thumbnail","hentry","tag-sightseeing","post-wrapper","thrv_wrapper"],"_links":{"self":[{"href":"https:\/\/praguetouristinformation.com\/en\/wp-json\/wp\/v2\/pages\/690","targetHints":{"allow":["GET"]}}],"collection":[{"href":"https:\/\/praguetouristinformation.com\/en\/wp-json\/wp\/v2\/pages"}],"about":[{"href":"https:\/\/praguetouristinformation.com\/en\/wp-json\/wp\/v2\/types\/page"}],"author":[{"embeddable":true,"href":"https:\/\/praguetouristinformation.com\/en\/wp-json\/wp\/v2\/users\/6"}],"replies":[{"embeddable":true,"href":"https:\/\/praguetouristinformation.com\/en\/wp-json\/wp\/v2\/comments?post=690"}],"version-history":[{"count":22,"href":"https:\/\/praguetouristinformation.com\/en\/wp-json\/wp\/v2\/pages\/690\/revisions"}],"predecessor-version":[{"id":5675,"href":"https:\/\/praguetouristinformation.com\/en\/wp-json\/wp\/v2\/pages\/690\/revisions\/5675"}],"up":[{"embeddable":true,"href":"https:\/\/praguetouristinformation.com\/en\/wp-json\/wp\/v2\/pages\/738"}],"wp:featuredmedia":[{"embeddable":true,"href":"https:\/\/praguetouristinformation.com\/en\/wp-json\/wp\/v2\/media\/1754"}],"wp:attachment":[{"href":"https:\/\/praguetouristinformation.com\/en\/wp-json\/wp\/v2\/media?parent=690"}],"wp:term":[{"taxonomy":"category","embeddable":true,"href":"https:\/\/praguetouristinformation.com\/en\/wp-json\/wp\/v2\/categories?post=690"},{"taxonomy":"post_tag","embeddable":true,"href":"https:\/\/praguetouristinformation.com\/en\/wp-json\/wp\/v2\/tags?post=690"}],"curies":[{"name":"wp","href":"https:\/\/api.w.org\/{rel}","templated":true}]}}