{"id":6310,"date":"2024-08-08T10:53:53","date_gmt":"2024-08-08T10:53:53","guid":{"rendered":"https:\/\/praguetouristinformation.com\/en\/?page_id=6310"},"modified":"2026-04-13T07:42:22","modified_gmt":"2026-04-13T07:42:22","slug":"aquapalace-prague-ticket","status":"publish","type":"page","link":"https:\/\/praguetouristinformation.com\/en\/aquapalace-prague-ticket","title":{"rendered":"Aquapalace Praha Tickets"},"content":{"rendered":"<p><span><img decoding=\"async\" alt=\"Aquapalace Praha: Entry Ticket\" data-id=\"6312\" width=\"753\" height=\"665\" title=\"Aquapalace Praha: Entry Ticket\" src=\"https:\/\/praguetouristinformation.com\/en\/wp-content\/uploads\/2024\/08\/Ekran-Resmi-2024-08-08-12.34.04.png\" data-src=\"https:\/\/praguetouristinformation.com\/en\/wp-content\/uploads\/2024\/08\/Ekran-Resmi-2024-08-08-12.34.04-300x265.png\" loading=\"lazy\" data-sizes=\"{&quot;thumbnail&quot;:{&quot;url&quot;:&quot;https:\/\/praguetouristinformation.com\/en\/wp-content\/uploads\/2024\/08\/Ekran-Resmi-2024-08-08-12.34.04-150x150.png&quot;,&quot;height&quot;:150,&quot;width&quot;:150,&quot;orientation&quot;:&quot;landscape&quot;},&quot;medium&quot;:{&quot;url&quot;:&quot;https:\/\/praguetouristinformation.com\/en\/wp-content\/uploads\/2024\/08\/Ekran-Resmi-2024-08-08-12.34.04-300x265.png&quot;,&quot;height&quot;:265,&quot;width&quot;:300,&quot;orientation&quot;:&quot;landscape&quot;},&quot;full&quot;:{&quot;url&quot;:&quot;https:\/\/praguetouristinformation.com\/en\/wp-content\/uploads\/2024\/08\/Ekran-Resmi-2024-08-08-12.34.04.png&quot;,&quot;height&quot;:665,&quot;width&quot;:753,&quot;orientation&quot;:&quot;landscape&quot;}}\"><\/span><span><img decoding=\"async\" alt=\"Aquapalace Praha: Entry Ticket 2\" data-id=\"6313\" width=\"721\" height=\"683\" title=\"Aquapalace Praha: Entry Ticket 2\" src=\"https:\/\/praguetouristinformation.com\/en\/wp-content\/uploads\/2024\/08\/Ekran-Resmi-2024-08-08-12.34.20.png\" data-src=\"https:\/\/praguetouristinformation.com\/en\/wp-content\/uploads\/2024\/08\/Ekran-Resmi-2024-08-08-12.34.20-300x284.png\" loading=\"lazy\" data-sizes=\"{&quot;thumbnail&quot;:{&quot;url&quot;:&quot;https:\/\/praguetouristinformation.com\/en\/wp-content\/uploads\/2024\/08\/Ekran-Resmi-2024-08-08-12.34.20-150x150.png&quot;,&quot;height&quot;:150,&quot;width&quot;:150,&quot;orientation&quot;:&quot;landscape&quot;},&quot;medium&quot;:{&quot;url&quot;:&quot;https:\/\/praguetouristinformation.com\/en\/wp-content\/uploads\/2024\/08\/Ekran-Resmi-2024-08-08-12.34.20-300x284.png&quot;,&quot;height&quot;:284,&quot;width&quot;:300,&quot;orientation&quot;:&quot;landscape&quot;},&quot;full&quot;:{&quot;url&quot;:&quot;https:\/\/praguetouristinformation.com\/en\/wp-content\/uploads\/2024\/08\/Ekran-Resmi-2024-08-08-12.34.20.png&quot;,&quot;height&quot;:683,&quot;width&quot;:721,&quot;orientation&quot;:&quot;landscape&quot;}}\"><\/span><span><img decoding=\"async\" alt=\"Aquapalace Praha: Entry Ticket 3\" data-id=\"6314\" width=\"740\" height=\"666\" title=\"Aquapalace Praha: Entry Ticket 3\" src=\"https:\/\/praguetouristinformation.com\/en\/wp-content\/uploads\/2024\/08\/Ekran-Resmi-2024-08-08-12.34.33.png\" data-src=\"https:\/\/praguetouristinformation.com\/en\/wp-content\/uploads\/2024\/08\/Ekran-Resmi-2024-08-08-12.34.33-300x270.png\" loading=\"lazy\" data-sizes=\"{&quot;thumbnail&quot;:{&quot;url&quot;:&quot;https:\/\/praguetouristinformation.com\/en\/wp-content\/uploads\/2024\/08\/Ekran-Resmi-2024-08-08-12.34.33-150x150.png&quot;,&quot;height&quot;:150,&quot;width&quot;:150,&quot;orientation&quot;:&quot;landscape&quot;},&quot;medium&quot;:{&quot;url&quot;:&quot;https:\/\/praguetouristinformation.com\/en\/wp-content\/uploads\/2024\/08\/Ekran-Resmi-2024-08-08-12.34.33-300x270.png&quot;,&quot;height&quot;:270,&quot;width&quot;:300,&quot;orientation&quot;:&quot;landscape&quot;},&quot;full&quot;:{&quot;url&quot;:&quot;https:\/\/praguetouristinformation.com\/en\/wp-content\/uploads\/2024\/08\/Ekran-Resmi-2024-08-08-12.34.33.png&quot;,&quot;height&quot;:666,&quot;width&quot;:740,&quot;orientation&quot;:&quot;landscape&quot;}}\"><\/span><span><img decoding=\"async\" alt=\"Aquapalace Praha: Entry Ticket 4\" data-id=\"6315\" width=\"744\" height=\"684\" title=\"Aquapalace Praha: Entry Ticket 4\" src=\"https:\/\/praguetouristinformation.com\/en\/wp-content\/uploads\/2024\/08\/Ekran-Resmi-2024-08-08-12.34.47.png\" data-src=\"https:\/\/praguetouristinformation.com\/en\/wp-content\/uploads\/2024\/08\/Ekran-Resmi-2024-08-08-12.34.47-300x276.png\" loading=\"lazy\" data-sizes=\"{&quot;thumbnail&quot;:{&quot;url&quot;:&quot;https:\/\/praguetouristinformation.com\/en\/wp-content\/uploads\/2024\/08\/Ekran-Resmi-2024-08-08-12.34.47-150x150.png&quot;,&quot;height&quot;:150,&quot;width&quot;:150,&quot;orientation&quot;:&quot;landscape&quot;},&quot;medium&quot;:{&quot;url&quot;:&quot;https:\/\/praguetouristinformation.com\/en\/wp-content\/uploads\/2024\/08\/Ekran-Resmi-2024-08-08-12.34.47-300x276.png&quot;,&quot;height&quot;:276,&quot;width&quot;:300,&quot;orientation&quot;:&quot;landscape&quot;},&quot;full&quot;:{&quot;url&quot;:&quot;https:\/\/praguetouristinformation.com\/en\/wp-content\/uploads\/2024\/08\/Ekran-Resmi-2024-08-08-12.34.47.png&quot;,&quot;height&quot;:684,&quot;width&quot;:744,&quot;orientation&quot;:&quot;landscape&quot;}}\"><\/span><\/p>\n<h1 dir=\"ltr\">Aquapalace Praha: Entry Ticket<\/h1>\n<h2><a href=\"https:\/\/www.tiqets.com\/en\/prague-attractions-c64162\/tickets-for-aquapalace-praha-p974167\/?partner=praguetouristinformation&amp;tq_campaign=AquapalacePragueGttd\" target=\"_blank\" rel=\"nofollow noopener\" style=\"outline: none;\" data-lt-tmp-id=\"lt-57266\" spellcheck=\"false\">Make a Reservation<\/a><\/h2>\n<h1><a href=\"https:\/\/www.tiqets.com\/en\/prague-attractions-c64162\/tickets-for-aquapalace-praha-p974167\/?partner=praguetouristinformation&amp;tq_campaign=AquapalacePragueGttd\" target=\"_blank\" rel=\"nofollow noopener\" style=\"outline: none;\" spellcheck=\"false\">From \u20ac43.04<\/a><\/h1>\n<p dir=\"ltr\">Dive into fun at Aquapalace Praha, the largest indoor aqua park in Central Europe. Enjoy thrilling rides, relaxing pools, and themed adventures for all ages with access to the Palace of Treasures, Palace of Adventures, and Palace of Relaxation.<\/p>\n<ul>\n<li style=\"\"><span>Handpicked ticket<\/span><\/li>\n<li style=\"\"><span>Mobile ticket<\/span><\/li>\n<li style=\"\"><span>Instant confirmation<\/span><\/li>\n<li style=\"\"><span>Non-refundable<\/span><\/li>\n<\/ul>\n<h2>What&#8217;s included<\/h2>\n<ul>\n<li style=\"\">                    <span>Access to the Palace of Treasures<\/span><\/li>\n<li style=\"\">                    <span>Access to the Palace of Adventures<\/span><\/li>\n<\/ul>\n<ul>\n<li style=\"\">                    <span>Access to the Palace of Relaxation<\/span><\/li>\n<\/ul>\n<h2>What&#8217;s not included<\/h2>\n<ul>\n<li style=\"\"><span>Access to Sauna World<\/span><\/li>\n<li><span>Additional fees for some rides<\/span><\/li>\n<li style=\"\"><span>VR ride (available onsite for an additional cost)<\/span><\/li>\n<\/ul>\n<h2>Important information<\/h2>\n<ul>\n<li style=\"\"><span>Onsite daycare available<\/span><\/li>\n<li><span>Show your smartphone ticket at the entrance to receive a wristband, which you can use for onsite purchases-<\/span><\/li>\n<li><span>Children 12 and under must be accompanied and closely supervised by an adult at all times.<\/span><\/li>\n<\/ul>\n<h2>Description:<\/h2>\n<p dir=\"ltr\">Experience the ultimate combination of watery fun and relaxation at Aquapalace Praha. This <strong>expansive indoor aqua park <\/strong>offers something for everyone. Thrill-seekers can head to the <strong>Palace of Adventure <\/strong>for toboggan slides, fast rivers, and the exciting Space Bowl. For a gentler experience, the <strong>Palace of Treasures <\/strong>provides seafaring-themed adventures with pirates, shipwrecks, and gentle waves. If relaxation is what you seek, the Palace of Relaxation features tranquil areas with <strong>massage benches and whirlpools.<\/strong><\/p>\n<h2>Highlights:<\/h2>\n<ul>\n<li dir=\"ltr\">Thrill rides and fast rivers at the Palace of Adventure<\/li>\n<li dir=\"ltr\">Seafaring-themed adventures at the Palace of Treasures<\/li>\n<li dir=\"ltr\">Tranquil relaxation zones at the Palace of Relaxation<\/li>\n<li dir=\"ltr\">Fun for all ages, from toddlers to adults<\/li>\n<\/ul>\n<h2>Aquapalace Praha&nbsp;<\/h2>\n<p dir=\"ltr\">Pra\u017esk\u00e1 138, 251 01 \u010cestlice-\u0158\u00ed\u010dany u Prahy<\/p>\n<h2>Cancellation Policy<\/h2>\n<p>Non-refundable unless you select a refundable ticket during check-out.<\/p>\n<h2>Meeting point &amp; Instructions<\/h2>\n<p data-pm-slice=\"1 1 []\">Show your smartphone at the entrance to receive a wristband. Use the wristband to make purchases inside the venue by scanning it at bars and shops.<\/p>\n<p><a href=\"https:\/\/www.google.com\/maps\/place\/Aquapalace+Prag\/@50.0077129,14.5694112,17z\/data=!3m1!4b1!4m9!3m8!1s0x470b8e76418e011d:0x8a27f18ad906b5c5!5m2!4m1!1i2!8m2!3d50.0077095!4d14.5719861!16s%2Fg%2F11b6sf2v85?entry=ttu&amp;g_ep=EgoyMDI0MDgyMS4wIKXMDSoASAFQAw%3D%3D\" style=\"outline: none;\" data-lt-tmp-id=\"lt-493778\" spellcheck=\"false\" target=\"_blank\" rel=\"nofollow noopener\">Open in Maps<\/a><\/p>\n<h2>Reviews &amp; Rating<\/h2>\n<p><strong>4.6\/ 5&nbsp;<\/strong><strong>(227 Reviews)<\/strong><\/p>\n<p dir=\"ltr\">\u201c<em>Very nice place for adults and teenagers. We spend almost entire day. Very tasty restaurant for lunch.<\/em>\u201d Anna, Aug. 2025 [Source: Tiqets] <a href=\"https:\/\/www.tiqets.com\/en\/prague-attractions-c64162\/tickets-for-aquapalace-praha-p974167\/?partner=praguetouristinformation&amp;tq_campaign=AquapalacePragueGttd\" target=\"_blank\" rel=\"nofollow noopener\" style=\"outline: none;\" data-lt-tmp-id=\"lt-572467\" spellcheck=\"false\">&gt;&gt; See More Reviews<\/a><\/p>\n<h2>Some activities you might like<\/h2>\n<p><span>#<\/span><strong><span>2<\/span><\/strong><span>#<\/span><strong><span>2<\/span><\/strong><span><img decoding=\"async\" alt=\"From Prague: Sazava River Canoe Day Trip for All Levels\" data-id=\"6319\" width=\"159\" data-init-width=\"956\" height=\"106\" data-init-height=\"640\" title=\"From Prague: Sazava River Canoe Day Trip for All Levels\" loading=\"lazy\" src=\"https:\/\/praguetouristinformation.com\/en\/wp-content\/uploads\/2024\/08\/145.jpeg\" data-width=\"159\" data-height=\"106\" style=\"aspect-ratio: auto 956 \/ 640;\"><\/span><\/p>\n<table>\n<tbody>\n<tr>\n<td><a href=\"https:\/\/gyg.me\/NEgt7rzH\" target=\"_blank\" rel=\"nofollow noopener\" style=\"outline: none;\">From Prague: Sazava River Canoe Day Trip for All Levels<\/a><\/td>\n<\/tr>\n<\/tbody>\n<\/table>\n<p dir=\"ltr\">Enjoy a Canadian-style canoe tour just outside Prague and immerse yourself in nature on this exciting adventure.<\/p>\n<h3 style=\"\">Total Price<\/h3>\n<h3 style=\"\">You won&#8217;t be charged yet<\/h3>\n<p><span>#<\/span><strong><span>2<\/span><\/strong><span><img decoding=\"async\" alt=\"Prague: 5-Course Medieval Dinner with Show &amp; Unlimited Drinks\" data-id=\"6320\" width=\"159\" data-init-width=\"760\" height=\"95\" data-init-height=\"454\" title=\"Prague: 5-Course Medieval Dinner with Show &amp; Unlimited Drinks\" loading=\"lazy\" src=\"https:\/\/praguetouristinformation.com\/en\/wp-content\/uploads\/2024\/08\/Ekran-Resmi-2024-08-08-12.52.07.png\" data-width=\"159\" data-height=\"95\" style=\"aspect-ratio: auto 760 \/ 454;\"><\/span><\/p>\n<table>\n<tbody>\n<tr>\n<td><a href=\"https:\/\/www.headout.com\/r\/most-amazing-placesrecommends-Yl1KP\/\" target=\"_blank\" rel=\"nofollow noopener\" style=\"outline: none;\" data-lt-tmp-id=\"lt-163467\" spellcheck=\"false\">Prague: 5-Course Medieval Dinner with Show &amp; Unlimited Drinks<\/a><\/td>\n<\/tr>\n<\/tbody>\n<\/table>\n<p dir=\"ltr\">Immerse yourself in a unique medieval banquet featuring a 5-course tavern dinner, drinks, and an entertaining show.<\/p>\n<h3 style=\"\">Total Price<\/h3>\n<h3 style=\"\">You won&#8217;t be charged yet<\/h3>\n<p><\/p>\n<h2><a href=\"https:\/\/www.tiqets.com\/en\/prague-attractions-c64162\/tickets-for-aquapalace-praha-p974167\/?partner=praguetouristinformation&amp;tq_campaign=AquapalacePragueGttd\" target=\"_blank\" rel=\"nofollow noopener\" style=\"outline: none;\">Make a Reservation<\/a><\/h2>\n<h1><a href=\"https:\/\/www.tiqets.com\/en\/prague-attractions-c64162\/tickets-for-aquapalace-praha-p974167\/?partner=praguetouristinformation&amp;tq_campaign=AquapalacePragueGttd\" target=\"_blank\" rel=\"nofollow noopener\" style=\"outline: none;\" spellcheck=\"false\">From \u20ac43.04<\/a><\/h1>\n<p style=\"\">You won\u2019t be charged yet<\/p>\n","protected":false},"excerpt":{"rendered":"<p>Aquapalace Praha: Entry Ticket Make a Reservation From \u20ac43.04 Dive into fun at Aquapalace Praha, the largest indoor aqua park in Central Europe. Enjoy thrilling rides, relaxing pools, and themed adventures for all ages with access to the Palace of Treasures, Palace of Adventures, and Palace of Relaxation. Handpicked ticket Mobile ticket Instant confirmation Non-refundable [&hellip;]<\/p>\n","protected":false},"author":17,"featured_media":6312,"parent":0,"menu_order":0,"comment_status":"closed","ping_status":"closed","template":"","meta":{"footnotes":""},"categories":[],"tags":[68],"class_list":["post-6310","page","type-page","status-publish","has-post-thumbnail","hentry","tag-sales-page","post-wrapper","thrv_wrapper"],"_links":{"self":[{"href":"https:\/\/praguetouristinformation.com\/en\/wp-json\/wp\/v2\/pages\/6310","targetHints":{"allow":["GET"]}}],"collection":[{"href":"https:\/\/praguetouristinformation.com\/en\/wp-json\/wp\/v2\/pages"}],"about":[{"href":"https:\/\/praguetouristinformation.com\/en\/wp-json\/wp\/v2\/types\/page"}],"author":[{"embeddable":true,"href":"https:\/\/praguetouristinformation.com\/en\/wp-json\/wp\/v2\/users\/17"}],"replies":[{"embeddable":true,"href":"https:\/\/praguetouristinformation.com\/en\/wp-json\/wp\/v2\/comments?post=6310"}],"version-history":[{"count":150,"href":"https:\/\/praguetouristinformation.com\/en\/wp-json\/wp\/v2\/pages\/6310\/revisions"}],"predecessor-version":[{"id":8910,"href":"https:\/\/praguetouristinformation.com\/en\/wp-json\/wp\/v2\/pages\/6310\/revisions\/8910"}],"wp:featuredmedia":[{"embeddable":true,"href":"https:\/\/praguetouristinformation.com\/en\/wp-json\/wp\/v2\/media\/6312"}],"wp:attachment":[{"href":"https:\/\/praguetouristinformation.com\/en\/wp-json\/wp\/v2\/media?parent=6310"}],"wp:term":[{"taxonomy":"category","embeddable":true,"href":"https:\/\/praguetouristinformation.com\/en\/wp-json\/wp\/v2\/categories?post=6310"},{"taxonomy":"post_tag","embeddable":true,"href":"https:\/\/praguetouristinformation.com\/en\/wp-json\/wp\/v2\/tags?post=6310"}],"curies":[{"name":"wp","href":"https:\/\/api.w.org\/{rel}","templated":true}]}}