{"id":628,"date":"2024-06-26T20:00:41","date_gmt":"2024-06-26T20:00:41","guid":{"rendered":"http:\/\/praguetouristinformation.com\/?page_id=628"},"modified":"2024-06-26T20:00:41","modified_gmt":"2024-06-26T20:00:41","slug":"old-town-hall","status":"publish","type":"page","link":"https:\/\/praguetouristinformation.com\/en\/sightseeing\/old-town\/old-town-hall","title":{"rendered":"Guide to Old Town Hall: History, Astronomical Clock &#038; more"},"content":{"rendered":"<h3>The impressive Old Town Hall building, with the world famous Astronomical Clock on its south side, dates back to 1338.<\/h3>\n<p>It is located on the southeast corner of the Old Town Square in the very center of the city and is one of the main attractions in Prague. Its tower offers the best view over Prague.<\/p>\n<p>Today, the Town Hall serves representative purposes and as a setting for various cultural events. Wedding couples like to have their pictures taken here.<\/p>\n<p>The Tourist Information Center is also located in the Town Hall.<\/p>\n<h2 id=\"t-1639129011818\">What Can I Do at the City Hall?<\/h2>\n<p><span><img decoding=\"async\" alt=\"Was kann ich im Rathaus machen Altstadter Rathaus in Prague\" data-id=\"1843\" width=\"702\" data-init-width=\"1000\" height=\"468\" data-init-height=\"667\" title=\"Was kann ich im Rathaus machen Altstadter Rathaus in Prague\" src=\"https:\/\/praguetouristinformation.com\/wp-content\/uploads\/2020\/11\/Was-kann-ich-im-Rathaus-machen-Altstadter-Rathaus.jpg\" data-width=\"702\" data-height=\"468\" loading=\"lazy\" data-pin-media=\"https:\/\/praguetouristinformation.com\/wp-content\/uploads\/2021\/02\/9.jpg\" data-pin-description=\"Old Town Hall | Prague Tourist Information\" data-pin-url=\"https:\/\/praguetouristinformation.com\/en\/sightseeing\/old-town\/old-town-hall?tve=true&amp;tcbf=11edb9df31\" data-pinpro-key=\"ngf3de3v3\"><\/span><\/p>\n<ul>\n<li style=\"\"><span style=\"\"><strong><strong><strong>Town Hall Tower: <\/strong><\/strong><\/strong>The Gothic Town Hall Tower offers the best view of Prague&#8217;s Old Town. At a height of 41 meters, there is a spiral walkway, which can be reached by elevator.<\/span><\/li>\n<li style=\"\"><span style=\"\"><strong><a href=\"https:\/\/praguetouristinformation.com\/sehenswuerdigkeiten\/altstadt\/astronomische-rathausuhr\" style=\"outline: none;\"><strong><strong>Astronomical Clock:<\/strong> <\/strong>The world famous Astronomical Clock, from 1410, is located on the south side of the Town Hall. Every hour on the hour, between 09:00 and 23:00, it rings a 45-second spectacle of the apostles.<\/a><\/strong><\/span><\/li>\n<li style=\"\"><span style=\"\"><strong><strong>Gothic Chapel:<\/strong> <\/strong>Offers a view of the apostle figures on the Astronomical Clock from the other side.<\/span><\/li>\n<li style=\"\"><span style=\"\"><strong><strong><strong>Catacombs:<\/strong> <\/strong><\/strong>Used to be a camp and prison and today can be visited with a guided tour.<\/span><\/li>\n<li><span><strong><strong><strong><strong>Exhibitions:<\/strong> <\/strong><\/strong><\/strong>There are regularly changing exhibitions in the town hall.<\/span><\/li>\n<li><span><strong><strong><strong><strong><strong>Historic Halls:<\/strong> <\/strong><\/strong><\/strong><\/strong>Are open to the public and are also worth seeing.<\/span><\/li>\n<\/ul>\n<p><span><img decoding=\"async\" alt=\"Eintritt, Tickets und F\u00fchrungen Altst\u00e4dter Rathaus in Prague\" data-id=\"1845\" width=\"702\" data-init-width=\"1000\" height=\"468\" data-init-height=\"667\" title=\"Eintritt, Tickets und F\u00fchrungen Altst\u00e4dter Rathaus in Prague\" src=\"https:\/\/praguetouristinformation.com\/wp-content\/uploads\/2020\/11\/Eintritt-Tickets-und-Fuehrungen-Altstaedter-Rathaus.jpg\" data-width=\"702\" data-height=\"468\" loading=\"lazy\" data-pin-media=\"https:\/\/praguetouristinformation.com\/wp-content\/uploads\/2021\/02\/9.jpg\" data-pin-description=\"Old Town Hall | Prague Tourist Information\" data-pin-url=\"https:\/\/praguetouristinformation.com\/en\/sightseeing\/old-town\/old-town-hall?tve=true&amp;tcbf=11edb9df31\" data-pinpro-key=\"h1mlxl7bm\"><\/span><\/p>\n<h2 id=\"t-1639129011819\">Admission, Tickets, and Guided Tours<\/h2>\n<ul>\n<li style=\"\"><span style=\"\"><strong><strong>Ticket:&nbsp;<\/strong><\/strong>The tickets are valid for all the above activities.<\/span><\/li>\n<li style=\"\"><span style=\"\"><strong><strong><strong>Admission:<\/strong> <\/strong><\/strong>The entrance is on the Old Town Square. The ticket office is on the south side of the Town Hall.<\/span><\/li>\n<li><span><strong><strong>Guided Tours:<\/strong> <\/strong><span style=\"font-weight: normal;\">A<\/span><strong>&nbsp;<\/strong>group<strong>&nbsp;<\/strong>tour of the City Hall is possible.<\/span><\/li>\n<\/ul>\n<p><span><img decoding=\"async\" alt=\"Wie komme ich zum Altst\u00e4dter Rathaus in Prague\" data-id=\"1846\" width=\"702\" data-init-width=\"1000\" height=\"468\" data-init-height=\"667\" title=\"Wie komme ich zum Altst\u00e4dter Rathaus in Prague\" src=\"https:\/\/praguetouristinformation.com\/wp-content\/uploads\/2020\/11\/Wie-komme-ich-zum-Altstaedter-Rathaus.jpg\" data-width=\"702\" data-height=\"468\" loading=\"lazy\" data-pin-media=\"https:\/\/praguetouristinformation.com\/wp-content\/uploads\/2021\/02\/9.jpg\" data-pin-description=\"Old Town Hall | Prague Tourist Information\" data-pin-url=\"https:\/\/praguetouristinformation.com\/en\/sightseeing\/old-town\/old-town-hall?tve=true&amp;tcbf=11edb9df31\" data-pinpro-key=\"gyp1svmlk\"><\/span><\/p>\n<h2 id=\"t-1639129011820\">How Do I Get to the Old Town Hall?<\/h2>\n<p>The Old Town Hall is located in the very center of Prague.<\/p>\n<p>The Old Town Hall can be reached by Metro A, green line, Starom\u011bstsk\u00e1 stop, which means &#8220;Old Town.&#8221;&nbsp;<\/p>\n<p><img decoding=\"async\" loading=\"lazy\" title=\"Geschichte des Altst\u00e4dter Rathaus in Prague\" src=\"https:\/\/praguetouristinformation.com\/wp-content\/uploads\/2020\/11\/Geschichte-des-Altstaedter-Rathaus.jpg\" alt=\"Geschichte des Altst\u00e4dter Rathaus in Prague\" width=\"702\" height=\"468\" data-id=\"1847\" data-init-width=\"1000\" data-init-height=\"667\" data-width=\"702\" data-height=\"468\" style=\"\" data-pin-media=\"https:\/\/praguetouristinformation.com\/wp-content\/uploads\/2021\/02\/9.jpg\" data-pin-description=\"Old Town Hall | Prague Tourist Information\" data-pin-url=\"https:\/\/praguetouristinformation.com\/en\/sightseeing\/old-town\/old-town-hall?tve=true&amp;tcbf=0288b911b9\"><\/p>\n<ul>\n<li><a rel=\"nofollow noopener\" href=\"https:\/\/pinterest.com\/pin\/create\/button\/?url=https:\/\/praguetouristinformation.com\/en\/sightseeing\/old-town\/old-town-hall?tve=true&amp;tcbf=11edb9df31&amp;is_video=false&amp;media=https:\/\/praguetouristinformation.com\/wp-content\/uploads\/2020\/11\/Geschichte-des-Altstaedter-Rathaus.jpg&amp;description=Old%20Town%20Hall%20%7C%20Prague%20Tourist%20Information\" onclick=\"essb.window('https:\/\/pinterest.com\/pin\/create\/button\/?url=https:\/\/praguetouristinformation.com\/en\/sightseeing\/old-town\/old-town-hall?tve=true&amp;tcbf=11edb9df31&amp;is_video=false&amp;media=https:\/\/praguetouristinformation.com\/wp-content\/uploads\/2020\/11\/Geschichte-des-Altstaedter-Rathaus.jpg&amp;description=Old%20Town%20Hall%20%7C%20Prague%20Tourist%20Information','pinpro','kwyqogd8'); return false;\" target=\"_blank\"><span>Pin<\/span><\/a><\/li>\n<\/ul>\n<h2 id=\"t-1639129011821\">History of the Old Town Hall<\/h2>\n<p>When King John of Bohemia allowed the citizens to build a town hall in 1338, they financed it from the wine tax.<\/p>\n<p>The Old Town Court had its seat here, and in 1458 George of Podebrady was elected as the king of the Kingdom of Bohemia here. 27 Crosses in the pavement commemorate the Bohemian rebels executed in front of the Town Hall in 1621. However, the Old Town Town Hall gained its greatest importance in the 18th century, when in 1784 it became the administrative seat of the four previously independent Prague towns of Old Town, New Town, Lesser Town, and Hradcany.<\/p>\n<p>In the various historical halls in the Town Hall, the Council Hall from the 15th century with its richly painted coffered ceiling is the oldest. In the past, the city council and the city court met here. The largest hall is the so-called Bro\u017e\u00edk Hall.<\/p>\n<p>Since 1945, the town hall no longer served as such. A cross made of burnt beams in the basement is supposed to commemorate the last days of the Second World War, when the Old Town Hall was severely damaged.<\/p>\n<p>Under the town hall are catacombs, which once served as a warehouse and prison and can be visited today on a guided tour.<\/p>\n<h2 id=\"t-1639129011822\">Contact<\/h2>\n<ul>\n<li><span style=\"\"><strong><strong>Address:<\/strong> <\/strong>Starom\u011bstsk\u00e9 n\u00e1m. 1\/3, 110 00 Star\u00e9 M\u011bsto, Prague<\/span><\/li>\n<li><span><strong>Opening hours:<\/strong>&nbsp;For exact opening hours please see the following&nbsp;<a href=\"https:\/\/www.google.com\/search?q=rathaus%20prag&amp;oq=rathaus+prag&amp;aqs=chrome.0.0i20i263j0l4j69i60l3.1629j0j7&amp;sourceid=chrome&amp;ie=UTF-8&amp;tbs=lrf:!1m4!1u3!2m2!3m1!1e1!1m4!1u2!2m2!2m1!1e1!2m1!1e2!2m1!1e3!3sIAE,lf:1,lf_ui:1&amp;tbm=lcl&amp;sxsrf=ALeKk00s8l5GdRHS7CaBrBWikBXCvYrOuA:1605607851071&amp;rflfq=1&amp;num=10&amp;rldimm=793689164428437717&amp;lqi=CgxyYXRoYXVzIHByYWdaFwoHcmF0aGF1cyIMcmF0aGF1cyBwcmFn&amp;phdesc=iukZGD0byf0&amp;ved=2ahUKEwjr4vGsq4ntAhVChlwKHQHhCLUQvS4wBXoECAsQKw&amp;rlst=f&amp;fll=0,0&amp;fspn=0.00991069999999894,0.0038058000000003034&amp;fz=0&amp;sll=0,0&amp;sspn=0.00991069999999894,0.0038058000000003034&amp;sz=0#rlfi=hd:;si:793689164428437717,l,CgxyYXRoYXVzIHByYWdaFwoHcmF0aGF1cyIMcmF0aGF1cyBwcmFn,y,iukZGD0byf0;mv:[];tbs:lrf:!1m4!1u3!2m2!3m1!1e1!1m4!1u2!2m2!2m1!1e1!2m1!1e2!2m1!1e3!3sIAE,lf:1,lf_ui:1\" style=\"outline: none;\" target=\"_blank\" rel=\"noopener nofollow\">website<\/a>.<\/span><\/li>\n<li><span style=\"\"><strong><strong>Public Transport:<\/strong> <\/strong>Metro line A, green line, Starom\u011bstsk\u00e1 stop<\/span><\/li>\n<\/ul>\n<h3 style=\"\">Related Articles<\/h3>\n<p><a href=\"https:\/\/praguetouristinformation.com\/en\/sightseeing\/jewish-quarter\" dynamic-postlink=\"tcb_post_the_permalink\" data-shortcode-id=\"612\"><\/a><\/p>\n<h2 style=\"padding-top: 0px !important; margin-top: 0px !important; text-align: center;\" id=\"t-1679579890241\" data-hide=\"true\"><span data-shortcode=\"tcb_post_title\" data-shortcode-name=\"Post title\" data-extra_key=\"\" data-attr-link=\"1\" data-attr-target=\"0\" data-attr-rel=\"0\" data-option-inline=\"1\" data-attr-static-link=\"{&quot;className&quot;:&quot;&quot;,&quot;href&quot;:&quot;https:\/\/praguetouristinformation.com\/en\/sightseeing\/parks&quot;,&quot;title&quot;:&quot;10 Beautiful Parks in the Center of Prague&quot;,&quot;class&quot;:&quot;&quot;}\" data-attr-css=\"\"><a href=\"https:\/\/praguetouristinformation.com\/en\/sightseeing\/jewish-quarter\" title=\"Jewish Quarter in Prague: Synagogues, Cemetery, History\u2026\" data-css=\"\">Jewish Quarter in Prague: Synagogues, Cemetery, History\u2026<\/a><\/span><\/h2>\n<p><a href=\"https:\/\/praguetouristinformation.com\/en\/sightseeing\/old-town\/old-town-square\" dynamic-postlink=\"tcb_post_the_permalink\" data-shortcode-id=\"612\"><\/a><\/p>\n<h2 style=\"padding-top: 0px !important; margin-top: 0px !important; text-align: center;\" id=\"t-1679579890241\" data-hide=\"true\"><span data-shortcode=\"tcb_post_title\" data-shortcode-name=\"Post title\" data-extra_key=\"\" data-attr-link=\"1\" data-attr-target=\"0\" data-attr-rel=\"0\" data-option-inline=\"1\" data-attr-static-link=\"{&quot;className&quot;:&quot;&quot;,&quot;href&quot;:&quot;https:\/\/praguetouristinformation.com\/en\/sightseeing\/parks&quot;,&quot;title&quot;:&quot;10 Beautiful Parks in the Center of Prague&quot;,&quot;class&quot;:&quot;&quot;}\" data-attr-css=\"\"><a href=\"https:\/\/praguetouristinformation.com\/en\/sightseeing\/old-town\/old-town-square\" title=\"Old Town Square: Attractions, Shopping &amp; History\" data-css=\"\">Old Town Square: Attractions, Shopping &amp; History<\/a><\/span><\/h2>\n<p><a href=\"https:\/\/praguetouristinformation.com\/en\/sightseeing\/old-town\/astronomical-clock\" dynamic-postlink=\"tcb_post_the_permalink\" data-shortcode-id=\"612\"><\/a><\/p>\n<h2 style=\"padding-top: 0px !important; margin-top: 0px !important; text-align: center;\" id=\"t-1679579890241\" data-hide=\"true\"><span data-shortcode=\"tcb_post_title\" data-shortcode-name=\"Post title\" data-extra_key=\"\" data-attr-link=\"1\" data-attr-target=\"0\" data-attr-rel=\"0\" data-option-inline=\"1\" data-attr-static-link=\"{&quot;className&quot;:&quot;&quot;,&quot;href&quot;:&quot;https:\/\/praguetouristinformation.com\/en\/sightseeing\/parks&quot;,&quot;title&quot;:&quot;10 Beautiful Parks in the Center of Prague&quot;,&quot;class&quot;:&quot;&quot;}\" data-attr-css=\"\"><a href=\"https:\/\/praguetouristinformation.com\/en\/sightseeing\/old-town\/astronomical-clock\" title=\"Prague City Hall Clock (Astronomical Clock): Info, History &amp; Spectacle\" data-css=\"\">Prague City Hall Clock (Astronomical Clock): Info, History &amp; Spectacle<\/a><\/span><\/h2>\n<p><a href=\"https:\/\/praguetouristinformation.com\/en\/sightseeing\/museum\" dynamic-postlink=\"tcb_post_the_permalink\" data-shortcode-id=\"612\"><\/a><\/p>\n<h2 style=\"padding-top: 0px !important; margin-top: 0px !important; text-align: center;\" id=\"t-1679579890241\" data-hide=\"true\"><span data-shortcode=\"tcb_post_title\" data-shortcode-name=\"Post title\" data-extra_key=\"\" data-attr-link=\"1\" data-attr-target=\"0\" data-attr-rel=\"0\" data-option-inline=\"1\" data-attr-static-link=\"{&quot;className&quot;:&quot;&quot;,&quot;href&quot;:&quot;https:\/\/praguetouristinformation.com\/en\/sightseeing\/parks&quot;,&quot;title&quot;:&quot;10 Beautiful Parks in the Center of Prague&quot;,&quot;class&quot;:&quot;&quot;}\" data-attr-css=\"\"><a href=\"https:\/\/praguetouristinformation.com\/en\/sightseeing\/museum\" title=\"20 Best Museums in Prague\" data-css=\"\">20 Best Museums in Prague<\/a><\/span><\/h2>\n","protected":false},"excerpt":{"rendered":"<p>The impressive Old Town Hall building, with the world famous Astronomical Clock on its south side, dates back to 1338. It is located on the southeast corner of the Old Town Square in the very center of the city and is one of the main attractions in Prague. Its tower offers the best view over [&hellip;]<\/p>\n","protected":false},"author":6,"featured_media":1841,"parent":742,"menu_order":0,"comment_status":"closed","ping_status":"closed","template":"","meta":{"footnotes":""},"categories":[],"tags":[22,51,24],"class_list":["post-628","page","type-page","status-publish","has-post-thumbnail","hentry","tag-museum","tag-sightseeing","tag-top-10","post-wrapper","thrv_wrapper"],"_links":{"self":[{"href":"https:\/\/praguetouristinformation.com\/en\/wp-json\/wp\/v2\/pages\/628","targetHints":{"allow":["GET"]}}],"collection":[{"href":"https:\/\/praguetouristinformation.com\/en\/wp-json\/wp\/v2\/pages"}],"about":[{"href":"https:\/\/praguetouristinformation.com\/en\/wp-json\/wp\/v2\/types\/page"}],"author":[{"embeddable":true,"href":"https:\/\/praguetouristinformation.com\/en\/wp-json\/wp\/v2\/users\/6"}],"replies":[{"embeddable":true,"href":"https:\/\/praguetouristinformation.com\/en\/wp-json\/wp\/v2\/comments?post=628"}],"version-history":[{"count":21,"href":"https:\/\/praguetouristinformation.com\/en\/wp-json\/wp\/v2\/pages\/628\/revisions"}],"predecessor-version":[{"id":4971,"href":"https:\/\/praguetouristinformation.com\/en\/wp-json\/wp\/v2\/pages\/628\/revisions\/4971"}],"up":[{"embeddable":true,"href":"https:\/\/praguetouristinformation.com\/en\/wp-json\/wp\/v2\/pages\/742"}],"wp:featuredmedia":[{"embeddable":true,"href":"https:\/\/praguetouristinformation.com\/en\/wp-json\/wp\/v2\/media\/1841"}],"wp:attachment":[{"href":"https:\/\/praguetouristinformation.com\/en\/wp-json\/wp\/v2\/media?parent=628"}],"wp:term":[{"taxonomy":"category","embeddable":true,"href":"https:\/\/praguetouristinformation.com\/en\/wp-json\/wp\/v2\/categories?post=628"},{"taxonomy":"post_tag","embeddable":true,"href":"https:\/\/praguetouristinformation.com\/en\/wp-json\/wp\/v2\/tags?post=628"}],"curies":[{"name":"wp","href":"https:\/\/api.w.org\/{rel}","templated":true}]}}