{"id":617,"date":"2024-06-26T20:00:28","date_gmt":"2024-06-26T20:00:28","guid":{"rendered":"http:\/\/praguetouristinformation.com\/?page_id=617"},"modified":"2024-06-26T20:00:28","modified_gmt":"2024-06-26T20:00:28","slug":"old-new-synagogue","status":"publish","type":"page","link":"https:\/\/praguetouristinformation.com\/en\/sightseeing\/jewish-quarter\/old-new-synagogue","title":{"rendered":"Guide to the Old New Synagogue: Info, Admission &#038; History"},"content":{"rendered":"<h3>The Old New Synagogue is called Staronov\u00e1 Synagog in Czech.<\/h3>\n<p>It stands in the Josefov district, the former <a href=\"https:\/\/praguetouristinformation.com\/en\/sightseeing\/jewish-quarter\" style=\"outline: none;\" target=\"_blank\" rel=\"noopener\">Jewish quarter<\/a>&nbsp;in Prague, in the immediate vicinity of the center on <a href=\"https:\/\/praguetouristinformation.com\/en\/sightseeing\/old-town\" style=\"outline: none;\">Old Town Square<\/a>.<\/p>\n<p>It was built around 1270 and is the oldest preserved synagogue in Europe.<\/p>\n<p>It is still used for religious services, but is open to the public and can be visited from the inside.<\/p>\n<h2 id=\"t-1639400586371\">What Can I Do at the Old New Synagogue?<\/h2>\n<h2 id=\"t-1639400586372\" data-hide=\"true\"><img decoding=\"async\" src=\"http:\/\/praguetouristinformation.com\/wp-content\/uploads\/2020\/11\/Was-kann-ich-in-der-Alt-Neu-Synagoge-machen.jpg\" alt=\"Was kann ich in der Alt Neu Synagoge machen\" style=\"\" data-pin-media=\"https:\/\/praguetouristinformation.com\/wp-content\/uploads\/2021\/01\/prag_alt_neu_synagoge_pinterest.jpg\" data-pin-description=\"Old New Synagogue in Prague | Admission, Ticket &amp; Exhibition\" data-pin-url=\"https:\/\/praguetouristinformation.com\/en\/sightseeing\/jewish-quarter\/old-new-synagogue?tve=true&amp;tcbf=7749606e5b\"><\/p>\n<ul>\n<li><a rel=\"nofollow noopener\" href=\"https:\/\/pinterest.com\/pin\/create\/button\/?url=https:\/\/praguetouristinformation.com\/en\/sightseeing\/jewish-quarter\/old-new-synagogue?tve=true&amp;tcbf=64eb9fe6d9&amp;is_video=false&amp;media=http:\/\/praguetouristinformation.com\/wp-content\/uploads\/2020\/11\/Was-kann-ich-in-der-Alt-Neu-Synagoge-machen.jpg&amp;description=Old%20New%20Synagogue%20in%20Prague%20%7C%20Admission%2C%20Ticket%20%26%20Exhibition%20%7C%20Prague%20Tourist%20Information\" onclick=\"essb.window('https:\/\/pinterest.com\/pin\/create\/button\/?url=https:\/\/praguetouristinformation.com\/en\/sightseeing\/jewish-quarter\/old-new-synagogue?tve=true&amp;tcbf=64eb9fe6d9&amp;is_video=false&amp;media=http:\/\/praguetouristinformation.com\/wp-content\/uploads\/2020\/11\/Was-kann-ich-in-der-Alt-Neu-Synagoge-machen.jpg&amp;description=Old%20New%20Synagogue%20in%20Prague%20%7C%20Admission%2C%20Ticket%20%26%20Exhibition%20%7C%20Prague%20Tourist%20Information','pinpro','kx4osyk7'); return false;\" target=\"_blank\"><span><\/span><span>Pin<\/span><\/a><\/li>\n<\/ul>\n<\/h2>\n<h3>Visit the Old New Synagogue<\/h3>\n<p>Since the Old New Synagogue is still actively used for worship today, there are no exhibitions in the synagogue, but the synagogue can be visited from the outside and inside, also as part of a guided tour.<\/p>\n<h3>Visit the Jewish Quarter<\/h3>\n<p>Combine your visit to the Old New Synagogue with a visit to the Jewish Quarter in Prague, where the Old New Synagogue is located.<\/p>\n<h3>Shopping in the Parizska<\/h3>\n<p>Since the Old New Synagogue is located directly on Parizska Street, a stroll along the most expensive and luxurious <a href=\"https:\/\/praguetouristinformation.com\/en\/shopping\/shopping-streets\" style=\"outline: none;\">shopping<\/a> street in Prague is a good idea afterwards. In the stores and boutiques in the Art Nouveau and Neo-Baroque houses you can find many luxury brands, such as Cartier, Dior, Gucci, Burberry, Hermes, Rolex, Prada, Boss, Armani, Louis Vuitton, and more. The numerous restaurants and caf\u00e9s along the boulevard are also in the upper price range.<\/p>\n<h2 id=\"t-1639400586373\">Admission, Tickets, and Guided Tours<\/h2>\n<p><img decoding=\"async\" src=\"http:\/\/praguetouristinformation.com\/wp-content\/uploads\/2020\/11\/Eintritt-Tickets-und-Fuehrungen-2.jpg\" alt=\"Eintritt, Tickets und F\u00fchrungen\" style=\"\" data-pin-media=\"https:\/\/praguetouristinformation.com\/wp-content\/uploads\/2021\/01\/prag_alt_neu_synagoge_pinterest.jpg\" data-pin-description=\"Old New Synagogue in Prague | Admission, Ticket &amp; Exhibition\" data-pin-url=\"https:\/\/praguetouristinformation.com\/en\/sightseeing\/jewish-quarter\/old-new-synagogue?tve=true&amp;tcbf=7749606e5b\"><\/p>\n<ul>\n<li><a rel=\"nofollow noopener\" href=\"https:\/\/pinterest.com\/pin\/create\/button\/?url=https:\/\/praguetouristinformation.com\/en\/sightseeing\/jewish-quarter\/old-new-synagogue?tve=true&amp;tcbf=64eb9fe6d9&amp;is_video=false&amp;media=http:\/\/praguetouristinformation.com\/wp-content\/uploads\/2020\/11\/Eintritt-Tickets-und-Fuehrungen-2.jpg&amp;description=Old%20New%20Synagogue%20in%20Prague%20%7C%20Admission%2C%20Ticket%20%26%20Exhibition%20%7C%20Prague%20Tourist%20Information\" onclick=\"essb.window('https:\/\/pinterest.com\/pin\/create\/button\/?url=https:\/\/praguetouristinformation.com\/en\/sightseeing\/jewish-quarter\/old-new-synagogue?tve=true&amp;tcbf=64eb9fe6d9&amp;is_video=false&amp;media=http:\/\/praguetouristinformation.com\/wp-content\/uploads\/2020\/11\/Eintritt-Tickets-und-Fuehrungen-2.jpg&amp;description=Old%20New%20Synagogue%20in%20Prague%20%7C%20Admission%2C%20Ticket%20%26%20Exhibition%20%7C%20Prague%20Tourist%20Information','pinpro','kx4osykl'); return false;\" target=\"_blank\"><span><\/span><span>Pin<\/span><\/a><\/li>\n<\/ul>\n<ul>\n<li><strong>Tickets:<\/strong> Tickets can be purchased directly at the entrance of the Old New Synagogue or beforehand as part of a booked guided tour.<\/li>\n<li><strong>Guided Tours:<\/strong> The synagogue is still actively used for worship. It is the only one of the synagogues in the Jewish Quarter not included in the Prague Jewish Museum. Although a separate entrance ticket is required, there are guided tours that include the Old New Synagogue.<\/li>\n<li><strong>Admission:<\/strong> No security check or pre-registration is required to enter the synagogue as in other European cities.<\/li>\n<\/ul>\n<h2 id=\"t-1639400586382\">How Do I Get to the Old New Synagogue?<\/h2>\n<h2 id=\"t-1639400586383\" data-hide=\"true\"><img decoding=\"async\" src=\"http:\/\/praguetouristinformation.com\/wp-content\/uploads\/2020\/11\/Wie-komme-ich-zur-Alt-Neu-Synagoge.jpg\" alt=\"Wie komme ich zur Alt Neu Synagoge\" style=\"\" data-pin-media=\"https:\/\/praguetouristinformation.com\/wp-content\/uploads\/2021\/01\/prag_alt_neu_synagoge_pinterest.jpg\" data-pin-description=\"Old New Synagogue in Prague | Admission, Ticket &amp; Exhibition\" data-pin-url=\"https:\/\/praguetouristinformation.com\/en\/sightseeing\/jewish-quarter\/old-new-synagogue?tve=true&amp;tcbf=7749606e5b\"><\/p>\n<ul>\n<li><a rel=\"nofollow noopener\" href=\"https:\/\/pinterest.com\/pin\/create\/button\/?url=https:\/\/praguetouristinformation.com\/en\/sightseeing\/jewish-quarter\/old-new-synagogue?tve=true&amp;tcbf=64eb9fe6d9&amp;is_video=false&amp;media=http:\/\/praguetouristinformation.com\/wp-content\/uploads\/2020\/11\/Wie-komme-ich-zur-Alt-Neu-Synagoge.jpg&amp;description=Old%20New%20Synagogue%20in%20Prague%20%7C%20Admission%2C%20Ticket%20%26%20Exhibition%20%7C%20Prague%20Tourist%20Information\" onclick=\"essb.window('https:\/\/pinterest.com\/pin\/create\/button\/?url=https:\/\/praguetouristinformation.com\/en\/sightseeing\/jewish-quarter\/old-new-synagogue?tve=true&amp;tcbf=64eb9fe6d9&amp;is_video=false&amp;media=http:\/\/praguetouristinformation.com\/wp-content\/uploads\/2020\/11\/Wie-komme-ich-zur-Alt-Neu-Synagoge.jpg&amp;description=Old%20New%20Synagogue%20in%20Prague%20%7C%20Admission%2C%20Ticket%20%26%20Exhibition%20%7C%20Prague%20Tourist%20Information','pinpro','kx4osykw'); return false;\" target=\"_blank\"><span><\/span><span>Pin<\/span><\/a><\/li>\n<\/ul>\n<\/h2>\n<p>The Old New Synagogue is located in the Jewish Quarter in the middle of Parizska Street, Paris Street.<\/p>\n<p>It can be reached by <a href=\"https:\/\/praguetouristinformation.com\/en\/planning\/public-transport\" style=\"outline: none;\">public transport<\/a> either by metro, line A, Green Line, Starom\u011bstsk\u00e1 stop or from the Old Town Square in about 10 minutes on foot.<\/p>\n<h2 id=\"t-1639400586375\">History of the Old New Synagogue<\/h2>\n<p><img decoding=\"async\" src=\"http:\/\/praguetouristinformation.com\/wp-content\/uploads\/2020\/11\/Geschichte-1.jpg\" alt=\"Geschichte\" style=\"\" data-pin-media=\"https:\/\/praguetouristinformation.com\/wp-content\/uploads\/2021\/01\/prag_alt_neu_synagoge_pinterest.jpg\" data-pin-description=\"Old New Synagogue in Prague | Admission, Ticket &amp; Exhibition\" data-pin-url=\"https:\/\/praguetouristinformation.com\/en\/sightseeing\/jewish-quarter\/old-new-synagogue?tve=true&amp;tcbf=7749606e5b\"><\/p>\n<ul>\n<li><a rel=\"nofollow noopener\" href=\"https:\/\/pinterest.com\/pin\/create\/button\/?url=https:\/\/praguetouristinformation.com\/en\/sightseeing\/jewish-quarter\/old-new-synagogue?tve=true&amp;tcbf=64eb9fe6d9&amp;is_video=false&amp;media=http:\/\/praguetouristinformation.com\/wp-content\/uploads\/2020\/11\/Geschichte-1.jpg&amp;description=Old%20New%20Synagogue%20in%20Prague%20%7C%20Admission%2C%20Ticket%20%26%20Exhibition%20%7C%20Prague%20Tourist%20Information\" onclick=\"essb.window('https:\/\/pinterest.com\/pin\/create\/button\/?url=https:\/\/praguetouristinformation.com\/en\/sightseeing\/jewish-quarter\/old-new-synagogue?tve=true&amp;tcbf=64eb9fe6d9&amp;is_video=false&amp;media=http:\/\/praguetouristinformation.com\/wp-content\/uploads\/2020\/11\/Geschichte-1.jpg&amp;description=Old%20New%20Synagogue%20in%20Prague%20%7C%20Admission%2C%20Ticket%20%26%20Exhibition%20%7C%20Prague%20Tourist%20Information','pinpro','kx4osyl3'); return false;\" target=\"_blank\"><span><\/span><span>Pin<\/span><\/a><\/li>\n<\/ul>\n<p>The synagogue was built around 1270 in the early Gothic style. Over the course of time, the building has almost not changed at all. The early Gothic, massive, stone rectangular building has a high gable roof with large late Gothic gables. There are later additions on three sides, which were used as an anteroom and a gallery for women. The ancient interior decoration is also largely original. Noteworthy are the forged Gothic lattices and the chandelier.<\/p>\n<p>Due to its solid construction and the fact that the synagogue was never connected to another building, but always stood isolated, it was able to withstand all the discontinuities of the centuries, including several large fires in the Jewish quarter.<\/p>\n<p>There are several myths concerning its name, one of which says that during its construction, the remains of an even older synagogue were found, on the foundations of which the new synagogue was built.<\/p>\n<p>Since the Nazis planned to turn the synagogue into a &#8220;Museum of the Exterminated Race&#8221;, it was not destroyed during the occupation of Prague.<\/p>\n<p>Legend has it that in its attic are the clay remains of a golem created by Rabbi L\u00f6w from dust and earth 400 years ago. As a silent servant, he protected the Jews, but when he became too powerful over time, Rabbi L\u00f6w turned him back into dust and clay in the attic of the Old New Synagogue. From then on, no one was allowed to enter the attic.<\/p>\n<p>Today, the Old New Synagogue is the center of Prague&#8217;s Jewish District and one of the three synagogues in Prague where services are held to this day.<\/p>\n<h2 id=\"t-1639400586376\">Contact<\/h2>\n<ul>\n<li><strong>Address:<\/strong> Staronov\u00e1 Synagoga, \u010cerven\u00e1, 110 00 Prague 1<\/li>\n<li><strong>Public Transport:<\/strong> Subway line A, green line,Starom\u011bstsk\u00e1 stop<\/li>\n<li><strong>Opening Hours:<\/strong> For exact opening hours, please refer to the following <a href=\"http:\/\/www.synagogue.cz\" style=\"outline: none;\" target=\"_blank\" rel=\"noopener nofollow\">website<\/a><\/li>\n<\/ul>\n<h3 style=\"\">Related Articles<\/h3>\n<p><a href=\"https:\/\/praguetouristinformation.com\/en\/sightseeing\/top-10-attractions\" dynamic-postlink=\"tcb_post_the_permalink\" data-shortcode-id=\"1092\"><\/a><\/p>\n<h2 style=\"padding-top: 0px !important; margin-top: 0px !important; text-align: center;\" id=\"t-1679565490081\"><span data-shortcode=\"tcb_post_title\" data-shortcode-name=\"Post title\" data-extra_key=\"\" data-attr-link=\"1\" data-attr-target=\"0\" data-attr-rel=\"0\" data-option-inline=\"1\" data-attr-static-link=\"{&quot;className&quot;:&quot;&quot;,&quot;href&quot;:&quot;https:\/\/praguetouristinformation.com\/en\/sightseeing\/parks&quot;,&quot;title&quot;:&quot;10 Beautiful Parks in the Center of Prague&quot;,&quot;class&quot;:&quot;&quot;}\" data-attr-css=\"\"><a href=\"https:\/\/praguetouristinformation.com\/en\/sightseeing\/top-10-attractions\" title=\"Top 10 Attractions in Prague: Must See &amp; Sightseeing Tips\" data-css=\"\">Top 10 Attractions in Prague: Must See &amp; Sightseeing Tips<\/a><\/span><\/h2>\n<p><a href=\"https:\/\/praguetouristinformation.com\/en\/sightseeing\/jewish-quarter\" dynamic-postlink=\"tcb_post_the_permalink\" data-shortcode-id=\"1092\"><\/a><\/p>\n<h2 style=\"padding-top: 0px !important; margin-top: 0px !important; text-align: center;\" id=\"t-1679565490081\"><span data-shortcode=\"tcb_post_title\" data-shortcode-name=\"Post title\" data-extra_key=\"\" data-attr-link=\"1\" data-attr-target=\"0\" data-attr-rel=\"0\" data-option-inline=\"1\" data-attr-static-link=\"{&quot;className&quot;:&quot;&quot;,&quot;href&quot;:&quot;https:\/\/praguetouristinformation.com\/en\/sightseeing\/parks&quot;,&quot;title&quot;:&quot;10 Beautiful Parks in the Center of Prague&quot;,&quot;class&quot;:&quot;&quot;}\" data-attr-css=\"\"><a href=\"https:\/\/praguetouristinformation.com\/en\/sightseeing\/jewish-quarter\" title=\"Jewish Quarter in Prague: Synagogues, Cemetery, History\u2026\" data-css=\"\">Jewish Quarter in Prague: Synagogues, Cemetery, History\u2026<\/a><\/span><\/h2>\n<p><a href=\"https:\/\/praguetouristinformation.com\/en\/sightseeing\/old-town\/jerusalem-synagogue\" dynamic-postlink=\"tcb_post_the_permalink\" data-shortcode-id=\"1092\"><\/a><\/p>\n<h2 style=\"padding-top: 0px !important; margin-top: 0px !important; text-align: center;\" id=\"t-1679565490081\"><span data-shortcode=\"tcb_post_title\" data-shortcode-name=\"Post title\" data-extra_key=\"\" data-attr-link=\"1\" data-attr-target=\"0\" data-attr-rel=\"0\" data-option-inline=\"1\" data-attr-static-link=\"{&quot;className&quot;:&quot;&quot;,&quot;href&quot;:&quot;https:\/\/praguetouristinformation.com\/en\/sightseeing\/parks&quot;,&quot;title&quot;:&quot;10 Beautiful Parks in the Center of Prague&quot;,&quot;class&quot;:&quot;&quot;}\" data-attr-css=\"\"><a href=\"https:\/\/praguetouristinformation.com\/en\/sightseeing\/old-town\/jerusalem-synagogue\" title=\"Guide to Jerusalem Synagogue: Exhibition, History &amp; Admission\" data-css=\"\">Guide to Jerusalem Synagogue: Exhibition, History &amp; Admission<\/a><\/span><\/h2>\n<p><a href=\"https:\/\/praguetouristinformation.com\/en\/sightseeing\/old-town\/old-town-square\" dynamic-postlink=\"tcb_post_the_permalink\" data-shortcode-id=\"1092\"><\/a><\/p>\n<h2 style=\"padding-top: 0px !important; margin-top: 0px !important; text-align: center;\" id=\"t-1679565490081\"><span data-shortcode=\"tcb_post_title\" data-shortcode-name=\"Post title\" data-extra_key=\"\" data-attr-link=\"1\" data-attr-target=\"0\" data-attr-rel=\"0\" data-option-inline=\"1\" data-attr-static-link=\"{&quot;className&quot;:&quot;&quot;,&quot;href&quot;:&quot;https:\/\/praguetouristinformation.com\/en\/sightseeing\/parks&quot;,&quot;title&quot;:&quot;10 Beautiful Parks in the Center of Prague&quot;,&quot;class&quot;:&quot;&quot;}\" data-attr-css=\"\"><a href=\"https:\/\/praguetouristinformation.com\/en\/sightseeing\/old-town\/old-town-square\" title=\"Old Town Square: Attractions, Shopping &amp; History\" data-css=\"\">Old Town Square: Attractions, Shopping &amp; History<\/a><\/span><\/h2>\n","protected":false},"excerpt":{"rendered":"<p>The Old New Synagogue is called Staronov\u00e1 Synagog in Czech. It stands in the Josefov district, the former Jewish quarter&nbsp;in Prague, in the immediate vicinity of the center on Old Town Square. It was built around 1270 and is the oldest preserved synagogue in Europe. It is still used for religious services, but is open [&hellip;]<\/p>\n","protected":false},"author":6,"featured_media":1584,"parent":612,"menu_order":0,"comment_status":"closed","ping_status":"closed","template":"","meta":{"footnotes":""},"categories":[],"tags":[51],"class_list":["post-617","page","type-page","status-publish","has-post-thumbnail","hentry","tag-sightseeing","post-wrapper","thrv_wrapper"],"_links":{"self":[{"href":"https:\/\/praguetouristinformation.com\/en\/wp-json\/wp\/v2\/pages\/617","targetHints":{"allow":["GET"]}}],"collection":[{"href":"https:\/\/praguetouristinformation.com\/en\/wp-json\/wp\/v2\/pages"}],"about":[{"href":"https:\/\/praguetouristinformation.com\/en\/wp-json\/wp\/v2\/types\/page"}],"author":[{"embeddable":true,"href":"https:\/\/praguetouristinformation.com\/en\/wp-json\/wp\/v2\/users\/6"}],"replies":[{"embeddable":true,"href":"https:\/\/praguetouristinformation.com\/en\/wp-json\/wp\/v2\/comments?post=617"}],"version-history":[{"count":18,"href":"https:\/\/praguetouristinformation.com\/en\/wp-json\/wp\/v2\/pages\/617\/revisions"}],"predecessor-version":[{"id":4956,"href":"https:\/\/praguetouristinformation.com\/en\/wp-json\/wp\/v2\/pages\/617\/revisions\/4956"}],"up":[{"embeddable":true,"href":"https:\/\/praguetouristinformation.com\/en\/wp-json\/wp\/v2\/pages\/612"}],"wp:featuredmedia":[{"embeddable":true,"href":"https:\/\/praguetouristinformation.com\/en\/wp-json\/wp\/v2\/media\/1584"}],"wp:attachment":[{"href":"https:\/\/praguetouristinformation.com\/en\/wp-json\/wp\/v2\/media?parent=617"}],"wp:term":[{"taxonomy":"category","embeddable":true,"href":"https:\/\/praguetouristinformation.com\/en\/wp-json\/wp\/v2\/categories?post=617"},{"taxonomy":"post_tag","embeddable":true,"href":"https:\/\/praguetouristinformation.com\/en\/wp-json\/wp\/v2\/tags?post=617"}],"curies":[{"name":"wp","href":"https:\/\/api.w.org\/{rel}","templated":true}]}}