{"id":6093,"date":"2024-08-07T12:06:28","date_gmt":"2024-08-07T12:06:28","guid":{"rendered":"https:\/\/praguetouristinformation.com\/en\/?page_id=6093"},"modified":"2025-11-27T07:41:27","modified_gmt":"2025-11-27T07:41:27","slug":"prague-iam-illusion-museum-ticket","status":"publish","type":"page","link":"https:\/\/praguetouristinformation.com\/en\/prague-iam-illusion-museum-ticket","title":{"rendered":"Prague: IAM Illusion Art Museum Entry Ticket"},"content":{"rendered":"<p><span><img decoding=\"async\" alt=\"Prague: IAM Illusion Art Museum Entry Ticket\" data-id=\"6096\" width=\"960\" height=\"639\" title=\"Prague- IAM Illusion Art Museum Entry Ticket 1\" src=\"https:\/\/praguetouristinformation.com\/en\/wp-content\/uploads\/2024\/08\/Prague-IAM-Illusion-Art-Museum-Entry-Ticket-1.jpeg\" data-src=\"https:\/\/praguetouristinformation.com\/en\/wp-content\/uploads\/2024\/08\/Prague-IAM-Illusion-Art-Museum-Entry-Ticket-1-300x200.jpeg\" loading=\"lazy\" data-sizes=\"{&quot;thumbnail&quot;:{&quot;url&quot;:&quot;https:\/\/praguetouristinformation.com\/en\/wp-content\/uploads\/2024\/08\/Prague-IAM-Illusion-Art-Museum-Entry-Ticket-1-150x150.jpeg&quot;,&quot;height&quot;:150,&quot;width&quot;:150,&quot;orientation&quot;:&quot;landscape&quot;},&quot;medium&quot;:{&quot;url&quot;:&quot;https:\/\/praguetouristinformation.com\/en\/wp-content\/uploads\/2024\/08\/Prague-IAM-Illusion-Art-Museum-Entry-Ticket-1-300x200.jpeg&quot;,&quot;height&quot;:200,&quot;width&quot;:300,&quot;orientation&quot;:&quot;landscape&quot;},&quot;full&quot;:{&quot;url&quot;:&quot;https:\/\/praguetouristinformation.com\/en\/wp-content\/uploads\/2024\/08\/Prague-IAM-Illusion-Art-Museum-Entry-Ticket-1.jpeg&quot;,&quot;height&quot;:639,&quot;width&quot;:960,&quot;orientation&quot;:&quot;landscape&quot;}}\"><\/span><span><img decoding=\"async\" alt=\"Prague: IAM Illusion Art Museum Entry Ticket2\" data-id=\"6097\" width=\"913\" height=\"640\" title=\"Prague- IAM Illusion Art Museum Entry Ticket 2\" src=\"https:\/\/praguetouristinformation.com\/en\/wp-content\/uploads\/2024\/08\/Prague-IAM-Illusion-Art-Museum-Entry-Ticket-2.jpeg\" data-src=\"https:\/\/praguetouristinformation.com\/en\/wp-content\/uploads\/2024\/08\/Prague-IAM-Illusion-Art-Museum-Entry-Ticket-2-300x210.jpeg\" loading=\"lazy\" data-sizes=\"{&quot;thumbnail&quot;:{&quot;url&quot;:&quot;https:\/\/praguetouristinformation.com\/en\/wp-content\/uploads\/2024\/08\/Prague-IAM-Illusion-Art-Museum-Entry-Ticket-2-150x150.jpeg&quot;,&quot;height&quot;:150,&quot;width&quot;:150,&quot;orientation&quot;:&quot;landscape&quot;},&quot;medium&quot;:{&quot;url&quot;:&quot;https:\/\/praguetouristinformation.com\/en\/wp-content\/uploads\/2024\/08\/Prague-IAM-Illusion-Art-Museum-Entry-Ticket-2-300x210.jpeg&quot;,&quot;height&quot;:210,&quot;width&quot;:300,&quot;orientation&quot;:&quot;landscape&quot;},&quot;full&quot;:{&quot;url&quot;:&quot;https:\/\/praguetouristinformation.com\/en\/wp-content\/uploads\/2024\/08\/Prague-IAM-Illusion-Art-Museum-Entry-Ticket-2.jpeg&quot;,&quot;height&quot;:640,&quot;width&quot;:913,&quot;orientation&quot;:&quot;landscape&quot;}}\"><\/span><span><img decoding=\"async\" alt=\"Prague: IAM Illusion Art Museum Entry Ticket 3\" data-id=\"6098\" width=\"960\" height=\"463\" title=\"Prague- IAM Illusion Art Museum Entry Ticket 3\" src=\"https:\/\/praguetouristinformation.com\/en\/wp-content\/uploads\/2024\/08\/Prague-IAM-Illusion-Art-Museum-Entry-Ticket-3.jpeg\" data-src=\"https:\/\/praguetouristinformation.com\/en\/wp-content\/uploads\/2024\/08\/Prague-IAM-Illusion-Art-Museum-Entry-Ticket-3-300x145.jpeg\" loading=\"lazy\" data-sizes=\"{&quot;thumbnail&quot;:{&quot;url&quot;:&quot;https:\/\/praguetouristinformation.com\/en\/wp-content\/uploads\/2024\/08\/Prague-IAM-Illusion-Art-Museum-Entry-Ticket-3-150x150.jpeg&quot;,&quot;height&quot;:150,&quot;width&quot;:150,&quot;orientation&quot;:&quot;landscape&quot;},&quot;medium&quot;:{&quot;url&quot;:&quot;https:\/\/praguetouristinformation.com\/en\/wp-content\/uploads\/2024\/08\/Prague-IAM-Illusion-Art-Museum-Entry-Ticket-3-300x145.jpeg&quot;,&quot;height&quot;:145,&quot;width&quot;:300,&quot;orientation&quot;:&quot;landscape&quot;},&quot;full&quot;:{&quot;url&quot;:&quot;https:\/\/praguetouristinformation.com\/en\/wp-content\/uploads\/2024\/08\/Prague-IAM-Illusion-Art-Museum-Entry-Ticket-3.jpeg&quot;,&quot;height&quot;:463,&quot;width&quot;:960,&quot;orientation&quot;:&quot;landscape&quot;}}\"><\/span><span><img decoding=\"async\" alt=\"Prague: IAM Illusion Art Museum Entry Ticket 4\" data-id=\"6099\" width=\"960\" height=\"640\" title=\"Prague- IAM Illusion Art Museum Entry Ticket 4\" src=\"https:\/\/praguetouristinformation.com\/en\/wp-content\/uploads\/2024\/08\/Prague-IAM-Illusion-Art-Museum-Entry-Ticket-4.jpeg\" data-src=\"https:\/\/praguetouristinformation.com\/en\/wp-content\/uploads\/2024\/08\/Prague-IAM-Illusion-Art-Museum-Entry-Ticket-4-300x200.jpeg\" loading=\"lazy\" data-sizes=\"{&quot;thumbnail&quot;:{&quot;url&quot;:&quot;https:\/\/praguetouristinformation.com\/en\/wp-content\/uploads\/2024\/08\/Prague-IAM-Illusion-Art-Museum-Entry-Ticket-4-150x150.jpeg&quot;,&quot;height&quot;:150,&quot;width&quot;:150,&quot;orientation&quot;:&quot;landscape&quot;},&quot;medium&quot;:{&quot;url&quot;:&quot;https:\/\/praguetouristinformation.com\/en\/wp-content\/uploads\/2024\/08\/Prague-IAM-Illusion-Art-Museum-Entry-Ticket-4-300x200.jpeg&quot;,&quot;height&quot;:200,&quot;width&quot;:300,&quot;orientation&quot;:&quot;landscape&quot;},&quot;full&quot;:{&quot;url&quot;:&quot;https:\/\/praguetouristinformation.com\/en\/wp-content\/uploads\/2024\/08\/Prague-IAM-Illusion-Art-Museum-Entry-Ticket-4.jpeg&quot;,&quot;height&quot;:640,&quot;width&quot;:960,&quot;orientation&quot;:&quot;landscape&quot;}}\"><\/span><span><img decoding=\"async\" alt=\"Prague: IAM Illusion Art Museum Entry Ticket 5\" data-id=\"6100\" width=\"960\" height=\"639\" title=\"Prague- IAM Illusion Art Museum Entry Ticket 5\" src=\"https:\/\/praguetouristinformation.com\/en\/wp-content\/uploads\/2024\/08\/Prague-IAM-Illusion-Art-Museum-Entry-Ticket-5.jpeg\" data-src=\"https:\/\/praguetouristinformation.com\/en\/wp-content\/uploads\/2024\/08\/Prague-IAM-Illusion-Art-Museum-Entry-Ticket-5-300x200.jpeg\" loading=\"lazy\" data-sizes=\"{&quot;thumbnail&quot;:{&quot;url&quot;:&quot;https:\/\/praguetouristinformation.com\/en\/wp-content\/uploads\/2024\/08\/Prague-IAM-Illusion-Art-Museum-Entry-Ticket-5-150x150.jpeg&quot;,&quot;height&quot;:150,&quot;width&quot;:150,&quot;orientation&quot;:&quot;landscape&quot;},&quot;medium&quot;:{&quot;url&quot;:&quot;https:\/\/praguetouristinformation.com\/en\/wp-content\/uploads\/2024\/08\/Prague-IAM-Illusion-Art-Museum-Entry-Ticket-5-300x200.jpeg&quot;,&quot;height&quot;:200,&quot;width&quot;:300,&quot;orientation&quot;:&quot;landscape&quot;},&quot;full&quot;:{&quot;url&quot;:&quot;https:\/\/praguetouristinformation.com\/en\/wp-content\/uploads\/2024\/08\/Prague-IAM-Illusion-Art-Museum-Entry-Ticket-5.jpeg&quot;,&quot;height&quot;:639,&quot;width&quot;:960,&quot;orientation&quot;:&quot;landscape&quot;}}\"><\/span><span><img decoding=\"async\" alt=\"Prague: IAM Illusion Art Museum Entry Ticket 6\" data-id=\"6101\" width=\"960\" height=\"639\" title=\"Prague- IAM Illusion Art Museum Entry Ticket 6\" src=\"https:\/\/praguetouristinformation.com\/en\/wp-content\/uploads\/2024\/08\/Prague-IAM-Illusion-Art-Museum-Entry-Ticket-6.jpeg\" data-src=\"https:\/\/praguetouristinformation.com\/en\/wp-content\/uploads\/2024\/08\/Prague-IAM-Illusion-Art-Museum-Entry-Ticket-6-300x200.jpeg\" loading=\"lazy\" data-sizes=\"{&quot;thumbnail&quot;:{&quot;url&quot;:&quot;https:\/\/praguetouristinformation.com\/en\/wp-content\/uploads\/2024\/08\/Prague-IAM-Illusion-Art-Museum-Entry-Ticket-6-150x150.jpeg&quot;,&quot;height&quot;:150,&quot;width&quot;:150,&quot;orientation&quot;:&quot;landscape&quot;},&quot;medium&quot;:{&quot;url&quot;:&quot;https:\/\/praguetouristinformation.com\/en\/wp-content\/uploads\/2024\/08\/Prague-IAM-Illusion-Art-Museum-Entry-Ticket-6-300x200.jpeg&quot;,&quot;height&quot;:200,&quot;width&quot;:300,&quot;orientation&quot;:&quot;landscape&quot;},&quot;full&quot;:{&quot;url&quot;:&quot;https:\/\/praguetouristinformation.com\/en\/wp-content\/uploads\/2024\/08\/Prague-IAM-Illusion-Art-Museum-Entry-Ticket-6.jpeg&quot;,&quot;height&quot;:639,&quot;width&quot;:960,&quot;orientation&quot;:&quot;landscape&quot;}}\"><\/span><\/p>\n<h1 data-qa-marker=\"product-name\">IAM Illusion Art Museum Prague: Priority Entrance Ticket<\/h1>\n<h2><a href=\"https:\/\/www.tiqets.com\/en\/prague-attractions-c64162\/tickets-for-illusion-art-museum-prague-p1001998\/?partner=praguetouristinformation&amp;tq_campaign=PragueIAMIllusionGttd\" target=\"_blank\" rel=\"nofollow noopener\" style=\"outline: none;\">Make a Reservation<\/a><\/h2>\n<h1><a href=\"https:\/\/www.tiqets.com\/en\/prague-attractions-c64162\/tickets-for-illusion-art-museum-prague-p1001998\/?partner=praguetouristinformation&amp;tq_campaign=PragueIAMIllusionGttd\" target=\"_blank\" rel=\"nofollow noopener\" style=\"outline: none;\" spellcheck=\"false\">From \u20ac14<\/a><\/h1>\n<p dir=\"ltr\">Step into a world of optical illusions and trick art at the Illusion Art Museum in Prague. Engage with interactive exhibits and discover artworks that highlight Czech history, creating unforgettable memories and photo opportunities.<\/p>\n<ul>\n<li style=\"\"><span>Handpicked ticket<\/span><\/li>\n<li style=\"\"><span>Mobile ticket &nbsp;<\/span><\/li>\n<li style=\"\"><span>Valid 1 day<\/span><\/li>\n<li style=\"\"><span>Free cancellation<\/span><\/li>\n<\/ul>\n<h2>What&#8217;s included<\/h2>\n<ul>\n<li style=\"\">                    <span>Museum entry ticket<\/span><\/li>\n<\/ul>\n<h2>What&#8217;s not included<\/h2>\n<ul>\n<li><span>Guided tour<\/span><\/li>\n<\/ul>\n<h2>Important information<\/h2>\n<ul>\n<li style=\"\"><span>Ticket valid for one day<\/span><\/li>\n<li><span>Not suitable for wheelchair users<\/span><\/li>\n<li><span>Bring a camera and a charged smartphone for photos<\/span><\/li>\n<li><span>Assistance dogs allowed, but other pets are not<\/span><\/li>\n<\/ul>\n<h2>Description:<\/h2>\n<p dir=\"ltr\">Discover the fascinating world of optical illusions at the Illusion Art Museum in Prague. This engaging museum offers a range of interactive exhibits and trick art that captivates visitors of all ages. Explore the history and techniques of illusory art, from historical contexts to contemporary trends. Marvel at the reverse perspective works by Patrick Hughes, 3D anamorphic installations by Patrik Pro\u0161ek, and metallurgical paintings by Ladislav Vlna. With interactive pieces, you can become part of the artwork, creating unique photo opportunities. Learn about Czech history through artistic illusions and take part in augmented reality experiences that bring the art to life. This museum not only entertains but also educates, offering insights into the use of illusions throughout art history and their significance in Czech culture.<\/p>\n<h2>Highlights:<\/h2>\n<ul>\n<li dir=\"ltr\">Experience optical illusions and trick art<\/li>\n<li dir=\"ltr\">Engage with interactive exhibits suitable for all ages<\/li>\n<li dir=\"ltr\">Take memorable photos with unique art installations<\/li>\n<li dir=\"ltr\">Learn about Czech history through artistic illusions<\/li>\n<li dir=\"ltr\">Enjoy augmented reality experiences that animate the artworks<\/li>\n<\/ul>\n<h2>Prague IAM Illusion Art Museum&nbsp;<\/h2>\n<p dir=\"ltr\">Melantrichova 3, 110 00 Star\u00e9 M\u011bsto, \u00c7ekya<\/p>\n<h2>Cancellation Policy<\/h2>\n<p dir=\"ltr\">Cancellation is possible until 23:59 on the day before your visit.<\/p>\n<h2>Meeting point &amp; Instructions<\/h2>\n<p data-pm-slice=\"1 1 []\">Head straight to the second cash desk to have your smartphone ticket scanned.&nbsp;<\/p>\n<p><a href=\"https:\/\/www.google.com\/maps?q=@50.08515167236328,14.421744346618652\" style=\"outline: none;\" data-lt-tmp-id=\"lt-493778\" spellcheck=\"false\" target=\"_blank\" rel=\"nofollow noopener\">Open in Maps<\/a><\/p>\n<h2>Reviews &amp; Rating<\/h2>\n<p><strong>4.3\/ 5&nbsp;<\/strong><strong>(78 Reviews)<\/strong><\/p>\n<p dir=\"ltr\">\u201c<em>Great interactive experience- recommended especially for children.<\/em>\u201d Anna, Aug. 2025, France &nbsp;<a href=\"https:\/\/www.tiqets.com\/en\/prague-attractions-c64162\/tickets-for-illusion-art-museum-prague-p1001998\/?partner=praguetouristinformation&amp;tq_campaign=PragueIAMIllusionGttd\" target=\"_blank\" rel=\"nofollow noopener\" style=\"outline: none;\" data-lt-tmp-id=\"lt-798392\" spellcheck=\"false\">&gt;&gt; See More Reviews<\/a><\/p>\n<h2>Some activities you might like<\/h2>\n<p><span>#<\/span><strong><span>2<\/span><\/strong><span>#<\/span><strong><span>2<\/span><\/strong><span><img decoding=\"async\" alt=\"All-Inclusive Prague CoolPass: 70+ Attractions\" data-id=\"6106\" width=\"159\" data-init-width=\"773\" height=\"90\" data-init-height=\"437\" title=\"All-Inclusive Prague CoolPass: 70+ Attractions\" loading=\"lazy\" src=\"https:\/\/praguetouristinformation.com\/en\/wp-content\/uploads\/2024\/08\/Ekran-Resmi-2024-08-07-13.55.22.png\" data-width=\"159\" data-height=\"90\" style=\"aspect-ratio: auto 773 \/ 437;\"><\/span><\/p>\n<table>\n<tbody>\n<tr>\n<td><a href=\"https:\/\/www.headout.com\/r\/most-amazing-placesrecommends-CICTh\/\" target=\"_blank\" rel=\"nofollow noopener\" style=\"outline: none;\">All-Inclusive Prague CoolPass: 70+ Attractions<\/a><\/td>\n<\/tr>\n<\/tbody>\n<\/table>\n<p dir=\"ltr\">Enjoy great savings and flexibility with the all-inclusive Prague CoolPass, granting you access to over 70 attractions and exclusive offers on tours, dining, and shopping in Prague!<\/p>\n<h3 style=\"\">Total Price<\/h3>\n<h3 style=\"\">You won&#8217;t be charged yet<\/h3>\n<p><span>#<\/span><strong><span>2<\/span><\/strong><span><img decoding=\"async\" alt=\"Prague: Museum of Senses Admission Ticket\" data-id=\"6107\" width=\"159\" data-init-width=\"960\" height=\"89\" data-init-height=\"540\" title=\"Prague- Museum of Senses Admission Ticket\" loading=\"lazy\" src=\"https:\/\/praguetouristinformation.com\/en\/wp-content\/uploads\/2024\/08\/Prague-Museum-of-Senses-Admission-Ticket-.jpeg\" data-width=\"159\" data-height=\"89\" style=\"aspect-ratio: auto 960 \/ 540;\"><\/span><\/p>\n<table>\n<tbody>\n<tr>\n<td><a href=\"https:\/\/gyg.me\/XCbfs9Vt\" target=\"_blank\" rel=\"nofollow noopener\" style=\"outline: none;\" data-lt-tmp-id=\"lt-163467\" spellcheck=\"false\">Prague: Museum of Senses Admission Ticket<\/a><\/td>\n<\/tr>\n<\/tbody>\n<\/table>\n<p dir=\"ltr\">Discover the amazing Museum of Senses in Prague, featuring over 50 interactive exhibits and mind-bending optical illusions.<\/p>\n<h3 style=\"\">Total Price<\/h3>\n<h3 style=\"\">You won&#8217;t be charged yet<\/h3>\n<\/p>\n<h2><a href=\"https:\/\/www.tiqets.com\/en\/prague-attractions-c64162\/tickets-for-illusion-art-museum-prague-p1001998\/?partner=praguetouristinformation&amp;tq_campaign=PragueIAMIllusionGttd\" target=\"_blank\" rel=\"nofollow noopener\" style=\"outline: none;\">Make a Reservation<\/a><\/h2>\n<h1><a href=\"https:\/\/www.tiqets.com\/en\/prague-attractions-c64162\/tickets-for-illusion-art-museum-prague-p1001998\/?partner=praguetouristinformation&amp;tq_campaign=PragueIAMIllusionGttd\" target=\"_blank\" rel=\"nofollow noopener\" style=\"outline: none;\">From \u20ac14<\/a><\/h1>\n<p style=\"\">You won\u2019t be charged yet<\/p>\n","protected":false},"excerpt":{"rendered":"<p>IAM Illusion Art Museum Prague: Priority Entrance Ticket Make a Reservation From \u20ac14 Step into a world of optical illusions and trick art at the Illusion Art Museum in Prague. Engage with interactive exhibits and discover artworks that highlight Czech history, creating unforgettable memories and photo opportunities. Handpicked ticket Mobile ticket &nbsp; Valid 1 day [&hellip;]<\/p>\n","protected":false},"author":17,"featured_media":6096,"parent":0,"menu_order":0,"comment_status":"closed","ping_status":"closed","template":"","meta":{"footnotes":""},"categories":[],"tags":[68],"class_list":["post-6093","page","type-page","status-publish","has-post-thumbnail","hentry","tag-sales-page","post-wrapper","thrv_wrapper"],"_links":{"self":[{"href":"https:\/\/praguetouristinformation.com\/en\/wp-json\/wp\/v2\/pages\/6093","targetHints":{"allow":["GET"]}}],"collection":[{"href":"https:\/\/praguetouristinformation.com\/en\/wp-json\/wp\/v2\/pages"}],"about":[{"href":"https:\/\/praguetouristinformation.com\/en\/wp-json\/wp\/v2\/types\/page"}],"author":[{"embeddable":true,"href":"https:\/\/praguetouristinformation.com\/en\/wp-json\/wp\/v2\/users\/17"}],"replies":[{"embeddable":true,"href":"https:\/\/praguetouristinformation.com\/en\/wp-json\/wp\/v2\/comments?post=6093"}],"version-history":[{"count":34,"href":"https:\/\/praguetouristinformation.com\/en\/wp-json\/wp\/v2\/pages\/6093\/revisions"}],"predecessor-version":[{"id":8316,"href":"https:\/\/praguetouristinformation.com\/en\/wp-json\/wp\/v2\/pages\/6093\/revisions\/8316"}],"wp:featuredmedia":[{"embeddable":true,"href":"https:\/\/praguetouristinformation.com\/en\/wp-json\/wp\/v2\/media\/6096"}],"wp:attachment":[{"href":"https:\/\/praguetouristinformation.com\/en\/wp-json\/wp\/v2\/media?parent=6093"}],"wp:term":[{"taxonomy":"category","embeddable":true,"href":"https:\/\/praguetouristinformation.com\/en\/wp-json\/wp\/v2\/categories?post=6093"},{"taxonomy":"post_tag","embeddable":true,"href":"https:\/\/praguetouristinformation.com\/en\/wp-json\/wp\/v2\/tags?post=6093"}],"curies":[{"name":"wp","href":"https:\/\/api.w.org\/{rel}","templated":true}]}}