{"id":597,"date":"2024-06-26T20:00:43","date_gmt":"2024-06-26T20:00:43","guid":{"rendered":"http:\/\/praguetouristinformation.com\/?page_id=597"},"modified":"2024-06-26T20:00:43","modified_gmt":"2024-06-26T20:00:43","slug":"dancing-house","status":"publish","type":"page","link":"https:\/\/praguetouristinformation.com\/en\/sightseeing\/old-town\/dancing-house","title":{"rendered":"Guide to the Dancing House: Info, Admission &#038; History"},"content":{"rendered":"<h3>The Dancing House is the name of an office building in Prague, built in 1996.<\/h3>\n<p>It stands directly on the Vltava River and immediately catches the eye with its unusual architecture.<\/p>\n<p>Today, several international companies have their office buildings here. There is a restaurant, bar, <a href=\"https:\/\/praguetouristinformation.com\/en\/sightseeing\/best-viewpoints\" style=\"outline: none;\" target=\"_blank\" rel=\"noopener\">viewing<\/a> terrace and a hotel in the Dancing House.<\/p>\n<h2 id=\"t-1639475068172\">What Can I Do at the Dancing House?<\/h2>\n<p><span><img decoding=\"async\" alt=\"\" data-id=\"4228\" width=\"663\" data-init-width=\"1000\" height=\"444\" data-init-height=\"669\" title=\"Dancing,House,Of,Prague,,Czech,Republic,,No,People\" loading=\"lazy\" src=\"https:\/\/praguetouristinformation.com\/en\/wp-content\/uploads\/2022\/12\/dancing-house.jpg\" data-width=\"663\" data-height=\"444\" data-pin-media=\"https:\/\/praguetouristinformation.com\/wp-content\/uploads\/2021\/02\/35.jpg\" data-pin-description=\"Dancing House in Prague | Prague Tourist Information\" data-pin-url=\"https:\/\/praguetouristinformation.com\/en\/sightseeing\/old-town\/dancing-house?tve=true&amp;tcbf=4d518e1735\" data-pinpro-key=\"7hi69i347\"><\/span><\/p>\n<h3>1. Dancing House Gallery<\/h3>\n<p>The Dancing House Gallery is located on the first floor of the Dancing House. The gallery shows contemporary art in regularly changing exhibitions. It aims to find young talent and promote young artists.<\/p>\n<h3>2. Restaurant<\/h3>\n<p>On the seventh floor of the Dancing House is an exclusive restaurant aptly named <em>Ginger &amp; Fred<\/em>. The decor is artfully modern with a captivating view of Prague. It serves upscale international cuisine with a French influence.<\/p>\n<h3>3. Glass Bar<\/h3>\n<p>Those who wish can also enjoy the view from the glass bar at the very top of the building or from the small viewing terrace there.<\/p>\n<h3>4. Stay Overnight<\/h3>\n<p>Since 2016, there has been a modern high-end hotel in the Dancing House. So if you want, you can stay in one of the 21 rooms directly in a sight.<\/p>\n<h2 id=\"t-1639475068173\">How Do I Get to the Dancing House?<\/h2>\n<p><span><img decoding=\"async\" alt=\"\" data-id=\"4229\" width=\"663\" data-init-width=\"1000\" height=\"442\" data-init-height=\"667\" title=\"Czech,Republic,-,Metropolises,Prague,-,Modern,Architecture,-,Dancing\" loading=\"lazy\" src=\"https:\/\/praguetouristinformation.com\/en\/wp-content\/uploads\/2022\/12\/dancing-house-2.jpg\" data-width=\"663\" data-height=\"442\" data-pin-media=\"https:\/\/praguetouristinformation.com\/wp-content\/uploads\/2021\/02\/35.jpg\" data-pin-description=\"Dancing House in Prague | Prague Tourist Information\" data-pin-url=\"https:\/\/praguetouristinformation.com\/en\/sightseeing\/old-town\/dancing-house?tve=true&amp;tcbf=4d518e1735\" data-pinpro-key=\"zsoeo4dxm\"><\/span><\/p>\n<p>The Dancing House is located on the Vltava River and is easily accessible by metro line B, yellow line, Karlovo N\u00e1mest\u00ed stop.<\/p>\n<p>The Jir\u00e1skovo n\u00e1mest\u00ed streetcar stop is directly in front of it and is served by lines 14 and 17.<\/p>\n<p>From the <a href=\"https:\/\/praguetouristinformation.com\/en\/sightseeing\/old-town\" style=\"outline: none;\">Old Town Square<\/a> it takes about 20 minutes on foot.<\/p>\n<h2 id=\"t-1639475068174\">Admission to the Dancing House<\/h2>\n<p>The Dancing House can be visited at any time, the panoramic terrace and the restaurant are open all year round.<\/p>\n<h2 id=\"t-1639475068175\">Instagram Phenomenon<\/h2>\n<p>Hardly any tourist visits the Dancing House without posting at least one picture on Instagram and that, in turn, is one of the reasons why the Dancing House is so famous.<\/p>\n<h2 id=\"t-1639475068176\">History of the Dancing House<\/h2>\n<p><span><img decoding=\"async\" alt=\"\" data-id=\"4230\" width=\"663\" data-init-width=\"1000\" height=\"443\" data-init-height=\"668\" title=\"Dancing,House,Or,Fred,And,Ginger,Building,In,Prague\" loading=\"lazy\" src=\"https:\/\/praguetouristinformation.com\/en\/wp-content\/uploads\/2022\/12\/dancing-house-3.jpg\" data-width=\"663\" data-height=\"443\" data-pin-media=\"https:\/\/praguetouristinformation.com\/wp-content\/uploads\/2021\/02\/35.jpg\" data-pin-description=\"Dancing House in Prague | Prague Tourist Information\" data-pin-url=\"https:\/\/praguetouristinformation.com\/en\/sightseeing\/old-town\/dancing-house?tve=true&amp;tcbf=4d518e1735\" data-pinpro-key=\"t6b22fi11\"><\/span><\/p>\n<p>There used to be a residential building here, but it was accidentally destroyed by American bombers towards the end of the Second World War. After that, the property lay fallow for almost 50 years, there were plans to build a cultural center here, but the financing could not be arranged.<\/p>\n<p>In 1992, the Dutch insurance company, Nationale Nederlanden, bought the land. The building plans were designed by the Czech architect Vlado Miluni\u0107 in collaboration with his Canadian colleague Frank Gehry.<\/p>\n<p>The building consists of 2 parts, a static and a dynamic one, and is meant to symbolize the dialogue between the concept on the one hand and the society in transition on the other.<\/p>\n<p>The glass dynamic part is reminiscent of a dancer nestled against a gentleman, the static part made of concrete.<\/p>\n<p>Prague residents also affectionately call it Ginger and Fred, after Fred Astaire and his dance partner Ginger Rogers.<\/p>\n<p>Initially, the building caused much debate, with critics saying it did not fit into the image of Prague&#8217;s Old Town, and supporters praising its bold style.<\/p>\n<h2 id=\"t-1639475068177\">Contact<\/h2>\n<ul>\n<li><strong>Address:<\/strong> Ra\u0161\u00ednovo n\u00e1b\u0159e\u017e\u00ed 80, Jir\u00e1skovo n\u00e1m\u011bst\u00ed 6, 120 00 Prague<\/li>\n<li><strong>Public Transport<\/strong>: Yellow line B, Karlovo N\u00e1mest\u00ed subway station&nbsp;<\/li>\n<li><strong>Opening Hours:<\/strong> For the opening hours of the restaurant, please visit the following <a href=\"https:\/\/www.gfrest.cz\/en\/\" style=\"outline: none;\" target=\"_blank\" rel=\"noopener nofollow\">website<\/a>:&nbsp;<\/li>\n<\/ul>\n<h3 style=\"\">Related Articles<\/h3>\n<p><a href=\"https:\/\/praguetouristinformation.com\/en\/restaurant\" dynamic-postlink=\"tcb_post_the_permalink\" data-shortcode-id=\"761\"><\/a><\/p>\n<h2 style=\"padding-top: 0px !important; margin-top: 0px !important; text-align: center;\" id=\"t-1679565490081\"><span data-shortcode=\"tcb_post_title\" data-shortcode-name=\"Post title\" data-extra_key=\"\" data-attr-link=\"1\" data-attr-target=\"0\" data-attr-rel=\"0\" data-option-inline=\"1\" data-attr-static-link=\"{&quot;className&quot;:&quot;&quot;,&quot;href&quot;:&quot;https:\/\/praguetouristinformation.com\/en\/sightseeing\/parks&quot;,&quot;title&quot;:&quot;10 Beautiful Parks in the Center of Prague&quot;,&quot;class&quot;:&quot;&quot;}\" data-attr-css=\"\"><a href=\"https:\/\/praguetouristinformation.com\/en\/restaurant\" title=\"Prague Restaurant Guide: Where and what to eat?\" data-css=\"\">Prague Restaurant Guide: Where and what to eat?<\/a><\/span><\/h2>\n<p><a href=\"https:\/\/praguetouristinformation.com\/en\/sightseeing\/old-town\" dynamic-postlink=\"tcb_post_the_permalink\" data-shortcode-id=\"761\"><\/a><\/p>\n<h2 style=\"padding-top: 0px !important; margin-top: 0px !important; text-align: center;\" id=\"t-1679565490081\"><span data-shortcode=\"tcb_post_title\" data-shortcode-name=\"Post title\" data-extra_key=\"\" data-attr-link=\"1\" data-attr-target=\"0\" data-attr-rel=\"0\" data-option-inline=\"1\" data-attr-static-link=\"{&quot;className&quot;:&quot;&quot;,&quot;href&quot;:&quot;https:\/\/praguetouristinformation.com\/en\/sightseeing\/parks&quot;,&quot;title&quot;:&quot;10 Beautiful Parks in the Center of Prague&quot;,&quot;class&quot;:&quot;&quot;}\" data-attr-css=\"\"><a href=\"https:\/\/praguetouristinformation.com\/en\/sightseeing\/old-town\" title=\"Prague Old Town: Shopping, Sightseeing &amp; Restaurants\" data-css=\"\">Prague Old Town: Shopping, Sightseeing &amp; Restaurants<\/a><\/span><\/h2>\n<p><a href=\"https:\/\/praguetouristinformation.com\/en\/sightseeing\/best-viewpoints\" dynamic-postlink=\"tcb_post_the_permalink\" data-shortcode-id=\"761\"><\/a><\/p>\n<h2 style=\"padding-top: 0px !important; margin-top: 0px !important; text-align: center;\" id=\"t-1679565490081\"><span data-shortcode=\"tcb_post_title\" data-shortcode-name=\"Post title\" data-extra_key=\"\" data-attr-link=\"1\" data-attr-target=\"0\" data-attr-rel=\"0\" data-option-inline=\"1\" data-attr-static-link=\"{&quot;className&quot;:&quot;&quot;,&quot;href&quot;:&quot;https:\/\/praguetouristinformation.com\/en\/sightseeing\/parks&quot;,&quot;title&quot;:&quot;10 Beautiful Parks in the Center of Prague&quot;,&quot;class&quot;:&quot;&quot;}\" data-attr-css=\"\"><a href=\"https:\/\/praguetouristinformation.com\/en\/sightseeing\/best-viewpoints\" title=\"12 Best Viewpoints in Prague\" data-css=\"\">12 Best Viewpoints in Prague<\/a><\/span><\/h2>\n<p><a href=\"https:\/\/praguetouristinformation.com\/en\/sightseeing\" dynamic-postlink=\"tcb_post_the_permalink\" data-shortcode-id=\"761\"><\/a><\/p>\n<h2 style=\"padding-top: 0px !important; margin-top: 0px !important; text-align: center;\" id=\"t-1679565490081\"><span data-shortcode=\"tcb_post_title\" data-shortcode-name=\"Post title\" data-extra_key=\"\" data-attr-link=\"1\" data-attr-target=\"0\" data-attr-rel=\"0\" data-option-inline=\"1\" data-attr-static-link=\"{&quot;className&quot;:&quot;&quot;,&quot;href&quot;:&quot;https:\/\/praguetouristinformation.com\/en\/sightseeing\/parks&quot;,&quot;title&quot;:&quot;10 Beautiful Parks in the Center of Prague&quot;,&quot;class&quot;:&quot;&quot;}\" data-attr-css=\"\"><a href=\"https:\/\/praguetouristinformation.com\/en\/sightseeing\" title=\"50 Top Sights in Prague\" data-css=\"\">50 Top Sights in Prague<\/a><\/span><\/h2>\n","protected":false},"excerpt":{"rendered":"<p>The Dancing House is the name of an office building in Prague, built in 1996. It stands directly on the Vltava River and immediately catches the eye with its unusual architecture. Today, several international companies have their office buildings here. There is a restaurant, bar, viewing terrace and a hotel in the Dancing House. What [&hellip;]<\/p>\n","protected":false},"author":6,"featured_media":1710,"parent":742,"menu_order":0,"comment_status":"closed","ping_status":"closed","template":"","meta":{"footnotes":""},"categories":[],"tags":[22,51],"class_list":["post-597","page","type-page","status-publish","has-post-thumbnail","hentry","tag-museum","tag-sightseeing","post-wrapper","thrv_wrapper"],"_links":{"self":[{"href":"https:\/\/praguetouristinformation.com\/en\/wp-json\/wp\/v2\/pages\/597","targetHints":{"allow":["GET"]}}],"collection":[{"href":"https:\/\/praguetouristinformation.com\/en\/wp-json\/wp\/v2\/pages"}],"about":[{"href":"https:\/\/praguetouristinformation.com\/en\/wp-json\/wp\/v2\/types\/page"}],"author":[{"embeddable":true,"href":"https:\/\/praguetouristinformation.com\/en\/wp-json\/wp\/v2\/users\/6"}],"replies":[{"embeddable":true,"href":"https:\/\/praguetouristinformation.com\/en\/wp-json\/wp\/v2\/comments?post=597"}],"version-history":[{"count":20,"href":"https:\/\/praguetouristinformation.com\/en\/wp-json\/wp\/v2\/pages\/597\/revisions"}],"predecessor-version":[{"id":4973,"href":"https:\/\/praguetouristinformation.com\/en\/wp-json\/wp\/v2\/pages\/597\/revisions\/4973"}],"up":[{"embeddable":true,"href":"https:\/\/praguetouristinformation.com\/en\/wp-json\/wp\/v2\/pages\/742"}],"wp:featuredmedia":[{"embeddable":true,"href":"https:\/\/praguetouristinformation.com\/en\/wp-json\/wp\/v2\/media\/1710"}],"wp:attachment":[{"href":"https:\/\/praguetouristinformation.com\/en\/wp-json\/wp\/v2\/media?parent=597"}],"wp:term":[{"taxonomy":"category","embeddable":true,"href":"https:\/\/praguetouristinformation.com\/en\/wp-json\/wp\/v2\/categories?post=597"},{"taxonomy":"post_tag","embeddable":true,"href":"https:\/\/praguetouristinformation.com\/en\/wp-json\/wp\/v2\/tags?post=597"}],"curies":[{"name":"wp","href":"https:\/\/api.w.org\/{rel}","templated":true}]}}