{"id":2598,"date":"2024-06-26T20:00:57","date_gmt":"2024-06-26T20:00:57","guid":{"rendered":"https:\/\/praguetouristinformation.com\/?page_id=2598"},"modified":"2024-06-26T20:00:57","modified_gmt":"2024-06-26T20:00:57","slug":"imprint","status":"publish","type":"page","link":"https:\/\/praguetouristinformation.com\/en\/imprint","title":{"rendered":"Imprint"},"content":{"rendered":"<p>MOST AMAZING PLACES TANITIM VE T\u0130C. A.\u015e.<\/p>\n<p>G\u00fcm\u00fc\u015fsuyu Mah.&nbsp;<\/p>\n<p>\u0130n\u00f6n\u00fc Cd. Melek Apt, NO: 11, K1 D2<\/p>\n<p>34437 Beyo\u011flu\/\u0130stanbul<\/p>\n<p><strong>Tax-Identification Number:<\/strong>Beyoglu VD 6232114088<\/p>\n<p><strong>Managing Director:&nbsp;<\/strong>D. Eronal<\/p>\n<p><strong>Internet:&nbsp;<\/strong><a href=\"https:\/\/most-amazing-places.com\/\" rel=\"noreferrer noopener nofollow\" target=\"_blank\" style=\"outline: currentcolor;\">https:\/\/most-amazing-places.com\/<\/a><\/p>\n","protected":false},"excerpt":{"rendered":"<p>MOST AMAZING PLACES TANITIM VE T\u0130C. A.\u015e. G\u00fcm\u00fc\u015fsuyu Mah.&nbsp; \u0130n\u00f6n\u00fc Cd. Melek Apt, NO: 11, K1 D2 34437 Beyo\u011flu\/\u0130stanbul Tax-Identification Number:Beyoglu VD 6232114088 Managing Director:&nbsp;D. Eronal Internet:&nbsp;https:\/\/most-amazing-places.com\/<\/p>\n","protected":false},"author":6,"featured_media":3106,"parent":0,"menu_order":0,"comment_status":"closed","ping_status":"closed","template":"","meta":{"footnotes":"","tve_updated_post":"<div class=\"thrv_wrapper thrv_text_element\">\t<p>MOST AMAZING PLACES TANITIM VE T\u0130C. A.\u015e.<\/p><p>G\u00fcm\u00fc\u015fsuyu Mah.&nbsp;<\/p><p>\u0130n\u00f6n\u00fc Cd. Melek Apt, NO: 11, K1 D2<\/p><p>34437 Beyo\u011flu\/\u0130stanbul<\/p><p><strong>Tax-Identification Number:<br><\/strong>Beyoglu VD 6232114088<\/p><p><strong>Managing Director:&nbsp;<\/strong>D. Eronal<\/p><p><strong>Internet:&nbsp;<\/strong><a href=\"https:\/\/most-amazing-places.com\/\" rel=\"noreferrer noopener\" target=\"_blank\" class=\"\" style=\"outline: currentcolor;\">https:\/\/most-amazing-places.com\/<\/a><\/p><\/div>","tve_custom_css":"@media (min-width: 300px){.tcb-post-list[data-css=\"tve-u-17d4d0474f9\"] .post-wrapper.thrv_wrapper { width: calc(100% + 0px); }.tcb-post-list[data-css=\"tve-u-17d4d0474f9\"] .post-wrapper.thrv_wrapper:nth-child(n+2) { margin-top: 15px !important; }.tcb-post-list[data-css=\"tve-u-17d4d0474f9\"] .post-wrapper.thrv_wrapper:not(:nth-child(n+2)) { margin-top: 0px !important; }.tcb-post-list[data-css=\"tve-u-17d4d0474f9\"] .post-wrapper.thrv_wrapper:not(:nth-child(n)) { margin-right: 0px !important; }.tcb-post-list[data-css=\"tve-u-17d4d0474f9\"] .post-wrapper.thrv_wrapper:nth-child(n) { margin-right: 0px !important; }}","tve_user_custom_css":"","tve_globals":{"e":"1","font_cls":[]},"tcb2_ready":1,"tcb_editor_enabled":1,"tve_landing_page":"","_tve_header":"0","_tve_footer":"0"},"categories":[],"tags":[],"class_list":["post-2598","page","type-page","status-publish","has-post-thumbnail","hentry","post-wrapper","thrv_wrapper"],"_links":{"self":[{"href":"https:\/\/praguetouristinformation.com\/en\/wp-json\/wp\/v2\/pages\/2598","targetHints":{"allow":["GET"]}}],"collection":[{"href":"https:\/\/praguetouristinformation.com\/en\/wp-json\/wp\/v2\/pages"}],"about":[{"href":"https:\/\/praguetouristinformation.com\/en\/wp-json\/wp\/v2\/types\/page"}],"author":[{"embeddable":true,"href":"https:\/\/praguetouristinformation.com\/en\/wp-json\/wp\/v2\/users\/6"}],"replies":[{"embeddable":true,"href":"https:\/\/praguetouristinformation.com\/en\/wp-json\/wp\/v2\/comments?post=2598"}],"version-history":[{"count":10,"href":"https:\/\/praguetouristinformation.com\/en\/wp-json\/wp\/v2\/pages\/2598\/revisions"}],"predecessor-version":[{"id":5686,"href":"https:\/\/praguetouristinformation.com\/en\/wp-json\/wp\/v2\/pages\/2598\/revisions\/5686"}],"wp:featuredmedia":[{"embeddable":true,"href":"https:\/\/praguetouristinformation.com\/en\/wp-json\/wp\/v2\/media\/3106"}],"wp:attachment":[{"href":"https:\/\/praguetouristinformation.com\/en\/wp-json\/wp\/v2\/media?parent=2598"}],"wp:term":[{"taxonomy":"category","embeddable":true,"href":"https:\/\/praguetouristinformation.com\/en\/wp-json\/wp\/v2\/categories?post=2598"},{"taxonomy":"post_tag","embeddable":true,"href":"https:\/\/praguetouristinformation.com\/en\/wp-json\/wp\/v2\/tags?post=2598"}],"curies":[{"name":"wp","href":"https:\/\/api.w.org\/{rel}","templated":true}]}}