{"id":1109,"date":"2024-06-26T20:01:22","date_gmt":"2024-06-26T20:01:22","guid":{"rendered":"http:\/\/praguetouristinformation.com\/?page_id=1109"},"modified":"2025-07-23T14:17:42","modified_gmt":"2025-07-23T14:17:42","slug":"market","status":"publish","type":"page","link":"https:\/\/praguetouristinformation.com\/en\/shopping\/market","title":{"rendered":"5 Best Markets in Prague | Shopping &#038; Eating"},"content":{"rendered":"<p style=\"\">The markets in Prague have a lot to offer: fresh produce, local delicacies, country-specific souvenirs, traditional crafts, and also a glimpse into Czech culture.<\/p>\n<p style=\"\">Check out our list of the 5 best markets in Prague to find out which ones are not to be missed.<\/p>\n<h2 style=\"\" id=\"t-1753279768733\">Prague Visitor Pass<\/h2>\n<p><a href=\"https:\/\/praguevisitorpass.eu\/\" style=\"outline: none;\" data-lt-tmp-id=\"lt-212860\" spellcheck=\"false\" target=\"_blank\" rel=\"nofollow noopener\">The <strong>Prague Visitor Pass<\/strong> gives you access to the city\u2019s top sights, museums, and public transport \u2013 perfect for exploring Prague flexibly and efficiently. &nbsp;Use our exclusive discount code <strong><em>pragueti5<\/em><\/strong> to get <strong>5% off!<\/strong><\/a><\/p>\n<p>__CONFIG_colors_palette__{&#8220;active_palette&#8221;:0,&#8221;config&#8221;:{&#8220;colors&#8221;:{&#8220;110d6&#8221;:{&#8220;name&#8221;:&#8221;Main Accent&#8221;,&#8221;parent&#8221;:-1}},&#8221;gradients&#8221;:[]},&#8221;palettes&#8221;:[{&#8220;name&#8221;:&#8221;Default Palette&#8221;,&#8221;value&#8221;:{&#8220;colors&#8221;:{&#8220;110d6&#8221;:{&#8220;val&#8221;:&#8221;var(e8c68)&#8221;}},&#8221;gradients&#8221;:[]},&#8221;original&#8221;:{&#8220;colors&#8221;:{&#8220;110d6&#8221;:{&#8220;val&#8221;:&#8221;rgb(19, 114, 211)&#8221;,&#8221;hsl&#8221;:{&#8220;h&#8221;:210,&#8221;s&#8221;:0.83,&#8221;l&#8221;:0.45}}},&#8221;gradients&#8221;:[]}}]}__CONFIG_colors_palette__ <a href=\"https:\/\/praguevisitorpass.eu\/\" style=\"font-size: var(--tve-font-size, 14px) !important;\" rel=\"nofollow noopener\" target=\"_blank\"><span style=\"\">    <\/span> <span style=\"\"><span>More Details<\/span><\/span> <\/a>  <\/p>\n<h2 id=\"t-1639466776368\">1. Havel (Havelsk\u00e9 tr\u017ei\u0161t\u011b)<\/h2>\n<p><span><img decoding=\"async\" alt=\"\" data-id=\"4177\" width=\"688\" data-init-width=\"1000\" height=\"459\" data-init-height=\"667\" title=\"Havels,Market,Street,Sign,In,Prague\" loading=\"lazy\" src=\"https:\/\/praguetouristinformation.com\/en\/wp-content\/uploads\/2022\/12\/Havelske-trziste-in-Prague.jpg\" data-width=\"688\" data-height=\"459\" data-pin-media=\"https:\/\/praguetouristinformation.com\/wp-content\/uploads\/2021\/02\/36-1.jpg\" data-pin-description=\"5 Most Beautiful Markets in Prague [For Shopping and Eating]\" data-pin-url=\"https:\/\/praguetouristinformation.com\/en\/shopping\/market?tve=true&amp;tcbf=98dc5482e0\" data-pinpro-key=\"vzdw5j8nw\" style=\"aspect-ratio: auto 1000 \/ 667;\"><\/span><\/p>\n<p>Havel Market, from 1232, is the most popular market for tourists in Prague. It is the only preserved market in the Old Town. Visitors can find the traditional market between Wenceslas Square and the Old Town Square. Besides fresh fruits and vegetables, there are also countless traditional souvenirs, handicrafts, textiles, and Czech specialties. Popular with tourists are the Karlovy Vary wafers in different variations and the typical Czech souvenirs. The Havel Market is open daily.<\/p>\n<p><strong><a href=\"https:\/\/www.google.com\/maps\/place\/Havelsk%C3%A9+tr%C5%BEi%C5%A1t%C4%9B\/@50.0851687,14.4203971,18z\/data=!4m13!1m7!3m6!1s0x470b94eea13ccf83:0x2ab0c7a110b8f5aa!2zSGF2ZWxza8OhLCAxMTAgMDAgU3RhcsOpIE3Em3N0bywgVHNjaGVjaGllbg!3b1!8m2!3d50.085167!4d14.4214914!3m4!1s0x470b94ee9047d2a7:0x611c95a9156c477c!8m2!3d50.0847597!4d14.4209558\" target=\"_blank\" style=\"outline: none;\" rel=\"nofollow noopener\"><strong>Address<\/strong>:<\/a>&nbsp;<\/strong>Havelsk\u00e1 13, 110 00 Star\u00e9 M\u011bsto, Tschechien<\/p>\n<h2 id=\"t-1639466776369\">2. Market Hall (Pra\u017esk\u00e1 tr\u017enice)<\/h2>\n<p><span><img decoding=\"async\" alt=\"\" data-id=\"4220\" width=\"688\" data-init-width=\"1000\" height=\"459\" data-init-height=\"667\" title=\"Great,Choice,Of,Colorful,Sweets,And,Chocolate,Candy,For,Sale\" loading=\"lazy\" src=\"https:\/\/praguetouristinformation.com\/en\/wp-content\/uploads\/2022\/12\/prague-market-.jpg\" data-width=\"688\" data-height=\"459\" data-pin-media=\"https:\/\/praguetouristinformation.com\/wp-content\/uploads\/2021\/02\/36-1.jpg\" data-pin-description=\"5 Most Beautiful Markets in Prague [For Shopping and Eating]\" data-pin-url=\"https:\/\/praguetouristinformation.com\/en\/shopping\/market?tve=true&amp;tcbf=98dc5482e0\" data-pinpro-key=\"qtey5l2gj\" style=\"aspect-ratio: auto 1000 \/ 667;\"><\/span><\/p>\n<p>The numerous stalls in the Prague market hall attract with a wide range of products such as fruit, sausages, cheese, flowers, baked goods, clothing, household items, and souvenirs. The lively market in the Hole\u0161ovice district impresses with the largest vegetable market (in Hall No. 22), as well as a unique market atmosphere. The Prague Market Hall is open daily from 8am-8pm and is housed in a former slaughterhouse site dating back to 1890. The market is popular with locals and tourists alike.<\/p>\n<p><a href=\"https:\/\/www.google.com\/maps\/place\/The+Prague+Market\/@50.1007448,14.4465187,14z\/data=!4m12!1m6!3m5!1s0x0:0x9fd94120a3633220!2sThe+Prague+Market!8m2!3d50.0994427!4d14.4464004!3m4!1s0x0:0x9fd94120a3633220!8m2!3d50.0994427!4d14.4464004\" target=\"_blank\" style=\"outline: none;\" rel=\"nofollow noopener\"><b>Address:<\/b><\/a>&nbsp;Bubensk\u00e9 n\u00e1b\u0159e\u017e\u00ed 306, 170 00 Praha 7-Hole\u0161ovice, Tschechien<\/p>\n<h2 id=\"t-1639466776370\">3. N\u00e1plavka Farmers&#8217; Market (Farm\u00e1\u0159sk\u00e9 trhy na N\u00e1plavce)<\/h2>\n<p><span><img decoding=\"async\" alt=\"\" data-id=\"4221\" width=\"688\" data-init-width=\"1000\" height=\"430\" data-init-height=\"625\" title=\"Basket,With,Fresh,Juicy,Berries,On,Farmer,Market.,Close-up,Of\" loading=\"lazy\" src=\"https:\/\/praguetouristinformation.com\/en\/wp-content\/uploads\/2022\/12\/prague-farmers-market.jpg\" data-width=\"688\" data-height=\"430\" data-pin-media=\"https:\/\/praguetouristinformation.com\/wp-content\/uploads\/2021\/02\/36-1.jpg\" data-pin-description=\"5 Most Beautiful Markets in Prague [For Shopping and Eating]\" data-pin-url=\"https:\/\/praguetouristinformation.com\/en\/shopping\/market?tve=true&amp;tcbf=98dc5482e0\" data-pinpro-key=\"g9ybc9hvu\" style=\"aspect-ratio: auto 1000 \/ 625;\"><\/span><\/p>\n<p>The N\u00e1plavka riverside market is one of the locals\u2018 favorite farmers\u2018 markets. Only 20 minutes from Prague\u2019s Old Town, the farmer\u2019s market overlooking the Vltava River captivates with high-quality handicrafts, regional organic fruits and vegetables, as well as bread, wine, and baked goods made according to old traditions. Small snack stands cater to small appetites. The N\u00e1plavka market offers its goods every Saturday from 8 am.<\/p>\n<p><a href=\"https:\/\/www.google.com\/maps\/place\/Bauernmarkt\/@50.0706543,14.4140152,18.5z\/data=!4m5!3m4!1s0x0:0xbe27b6c2d22d02c2!8m2!3d50.070581!4d14.414094\" target=\"_blank\" style=\"outline: none;\" rel=\"nofollow noopener\"><b>Address<\/b><\/a><b>:&nbsp;<\/b>n\u00e1plavka Ra\u0161\u00ednova n\u00e1b\u0159e\u017e\u00ed, Praha 2, 120 00 Praha 2, Tschechien<\/p>\n<h2 id=\"t-1639466776371\">4. U Elektry Flea Market (BLE\u0160\u00cd TRHY Praha)<\/h2>\n<p><span><img decoding=\"async\" alt=\"\" data-id=\"4222\" width=\"688\" data-init-width=\"1000\" height=\"459\" data-init-height=\"667\" title=\"Vintage,Used,Things,On,A,Street,Flea,Market,In,Prague,\" loading=\"lazy\" src=\"https:\/\/praguetouristinformation.com\/en\/wp-content\/uploads\/2022\/12\/prague-flea-market.jpg\" data-width=\"688\" data-height=\"459\" data-pin-media=\"https:\/\/praguetouristinformation.com\/wp-content\/uploads\/2021\/02\/36-1.jpg\" data-pin-description=\"5 Most Beautiful Markets in Prague [For Shopping and Eating]\" data-pin-url=\"https:\/\/praguetouristinformation.com\/en\/shopping\/market?tve=true&amp;tcbf=98dc5482e0\" data-pinpro-key=\"tzj0snvlg\" style=\"aspect-ratio: auto 1000 \/ 667;\"><\/span><\/p>\n<p>Also worth seeing is the U Elektry flea market, formerly Kolbenova. It&#8217;s the largest flea market in Prague. Every weekend, the flea market on U Elektry street in Vyso\u010dany, Prague attracts bargain hunters and shopping fans in Prague. Visitors can discover all kinds of curiosities, as well as cheap food and real treasures on an area of more than 50,000 square meters. The flea market takes place on Saturdays and Sundays from 6 am \u2013 1 pm and charges an entrance fee. A free shuttle bus runs between the Hloub\u011bt\u00edn metro station and the flea market.<\/p>\n<p><a href=\"https:\/\/www.google.com\/maps\/place\/Flea+market\/@50.1020679,14.5179677,17.75z\/data=!4m12!1m6!3m5!1s0x470becda9067cd9f:0x2e3010ce9e656f21!2sFlea+market!8m2!3d50.102068!4d14.5193126!3m4!1s0x470becda9067cd9f:0x2e3010ce9e656f21!8m2!3d50.102068!4d14.5193126\" target=\"_blank\" style=\"outline: none;\" rel=\"nofollow noopener\"><b>Address<\/b><\/a><b>:&nbsp;<\/b>U Elektry 7, 190 00 Praha 9, Tschechien<\/p>\n<h2 id=\"t-1639466776372\">5. Kub\u00e1\u0148 Farmers&#8217; Market(Farm\u00e1\u0159sk\u00e9 tr\u017ei\u0161t\u011b Kub\u00e1\u0148)<\/h2>\n<p><span><img decoding=\"async\" alt=\"\" data-id=\"4223\" width=\"688\" data-init-width=\"1000\" height=\"459\" data-init-height=\"667\" title=\"Carrots,,Radishes,And,Spinach,On,The,Counter.\" loading=\"lazy\" src=\"https:\/\/praguetouristinformation.com\/en\/wp-content\/uploads\/2022\/12\/kuban-farmers-market-prague.jpg\" data-width=\"688\" data-height=\"459\" data-pin-media=\"https:\/\/praguetouristinformation.com\/wp-content\/uploads\/2021\/02\/36-1.jpg\" data-pin-description=\"5 Most Beautiful Markets in Prague [For Shopping and Eating]\" data-pin-url=\"https:\/\/praguetouristinformation.com\/en\/shopping\/market?tve=true&amp;tcbf=98dc5482e0\" data-pinpro-key=\"eft5yyyik\" style=\"aspect-ratio: auto 1000 \/ 667;\"><\/span><\/p>\n<p>This farmers\u2018 market is located just outside Kub\u00e1nsk\u00e9 n\u00e1m\u011bst\u00ed Square in Prague\u2019s new trendy Vr\u0161ovice district. Visitors to the tranquil market will find mainly fresh and high-quality products such as fruits, vegetables, smoked meats, cheeses, wine, and pastries. The snack stands with a selection of local delicacies are worth highlighting. Even though the farmer\u2019s market is mostly visited by locals, it is a recommendation, mainly because of its authentic atmosphere and Czech specialties. The market opens its doors every Tuesday, Thursday, and Saturday.<\/p>\n<p><a href=\"https:\/\/www.google.com\/maps\/place\/Kub%C3%A1nsk%C3%A9+n%C3%A1m%C4%9Bst%C3%AD\/@50.071241,14.4776484,18.25z\/data=!4m8!1m2!2m1!1zS3Viw6Fuc2vDqSBuw6FtxJtzdMOtLCBQcmFnIDEwLVZyxaFvdmljZSwgVHNjaGVjaGllbg!3m4!1s0x470b9372e14cdd91:0x6775a8b7bfaef66f!8m2!3d50.0713784!4d14.47843951\" target=\"_blank\" style=\"outline: none;\" rel=\"nofollow noopener\"><b>Address<\/b><\/a><b>:&nbsp;<\/b>Kub\u00e1nsk\u00e9 n\u00e1m., 100 00 Praha 10-Vr\u0161ovice, Tschechien<\/p>\n<h2 id=\"t-1639466776379\">FAQ (Frequently Asked Questions)<\/h2>\n<h3 style=\"\">Related Articles<\/h3>\n<p><a href=\"https:\/\/praguetouristinformation.com\/en\/shopping\/shopping-streets\" dynamic-postlink=\"tcb_post_the_permalink\" data-shortcode-id=\"326\"><\/a><\/p>\n<h2 style=\"padding-top: 0px !important; margin-top: 0px !important; text-align: center;\" id=\"t-1679660578001\" data-hide=\"true\"><span data-shortcode=\"tcb_post_title\" data-shortcode-name=\"Post title\" data-extra_key=\"\" data-attr-link=\"1\" data-attr-target=\"0\" data-attr-rel=\"0\" data-option-inline=\"1\" data-attr-static-link=\"{&quot;className&quot;:&quot;&quot;,&quot;href&quot;:&quot;https:\/\/praguetouristinformation.com\/en\/shopping\/shopping-streets&quot;,&quot;title&quot;:&quot;6 Best Shopping Streets in Prague&quot;,&quot;class&quot;:&quot;&quot;}\" data-attr-css=\"\"><a href=\"https:\/\/praguetouristinformation.com\/en\/shopping\/shopping-streets\" title=\"6 Best Shopping Streets in Prague\" data-css=\"\">6 Best Shopping Streets in Prague<\/a><\/span><\/h2>\n<p><a href=\"https:\/\/praguetouristinformation.com\/en\/shopping\/souvenirs\" dynamic-postlink=\"tcb_post_the_permalink\" data-shortcode-id=\"326\"><\/a><\/p>\n<h2 style=\"padding-top: 0px !important; margin-top: 0px !important; text-align: center;\" id=\"t-1679660578001\" data-hide=\"true\"><span data-shortcode=\"tcb_post_title\" data-shortcode-name=\"Post title\" data-extra_key=\"\" data-attr-link=\"1\" data-attr-target=\"0\" data-attr-rel=\"0\" data-option-inline=\"1\" data-attr-static-link=\"{&quot;className&quot;:&quot;&quot;,&quot;href&quot;:&quot;https:\/\/praguetouristinformation.com\/en\/shopping\/shopping-streets&quot;,&quot;title&quot;:&quot;6 Best Shopping Streets in Prague&quot;,&quot;class&quot;:&quot;&quot;}\" data-attr-css=\"\"><a href=\"https:\/\/praguetouristinformation.com\/en\/shopping\/souvenirs\" title=\"18 Unique Souvenirs from Prague\" data-css=\"\">18 Unique Souvenirs from Prague<\/a><\/span><\/h2>\n<p><a href=\"https:\/\/praguetouristinformation.com\/en\/restaurant\/cafes\" dynamic-postlink=\"tcb_post_the_permalink\" data-shortcode-id=\"326\"><\/a><\/p>\n<h2 style=\"padding-top: 0px !important; margin-top: 0px !important; text-align: center;\" id=\"t-1679660578001\" data-hide=\"true\"><span data-shortcode=\"tcb_post_title\" data-shortcode-name=\"Post title\" data-extra_key=\"\" data-attr-link=\"1\" data-attr-target=\"0\" data-attr-rel=\"0\" data-option-inline=\"1\" data-attr-static-link=\"{&quot;className&quot;:&quot;&quot;,&quot;href&quot;:&quot;https:\/\/praguetouristinformation.com\/en\/shopping\/shopping-streets&quot;,&quot;title&quot;:&quot;6 Best Shopping Streets in Prague&quot;,&quot;class&quot;:&quot;&quot;}\" data-attr-css=\"\"><a href=\"https:\/\/praguetouristinformation.com\/en\/restaurant\/cafes\" title=\"14 Best Cafes in Prague [with Map]\" data-css=\"\">14 Best Cafes in Prague [with Map]<\/a><\/span><\/h2>\n<p><a href=\"https:\/\/praguetouristinformation.com\/en\/restaurant\/bohemian-kitchen\" dynamic-postlink=\"tcb_post_the_permalink\" data-shortcode-id=\"326\"><\/a><\/p>\n<h2 style=\"padding-top: 0px !important; margin-top: 0px !important; text-align: center;\" id=\"t-1679660578001\" data-hide=\"true\"><span data-shortcode=\"tcb_post_title\" data-shortcode-name=\"Post title\" data-extra_key=\"\" data-attr-link=\"1\" data-attr-target=\"0\" data-attr-rel=\"0\" data-option-inline=\"1\" data-attr-static-link=\"{&quot;className&quot;:&quot;&quot;,&quot;href&quot;:&quot;https:\/\/praguetouristinformation.com\/en\/shopping\/shopping-streets&quot;,&quot;title&quot;:&quot;6 Best Shopping Streets in Prague&quot;,&quot;class&quot;:&quot;&quot;}\" data-attr-css=\"\"><a href=\"https:\/\/praguetouristinformation.com\/en\/restaurant\/bohemian-kitchen\" title=\"13 Restaurants in Prague with Bohemian Cuisine\" data-css=\"\">13 Restaurants in Prague with Bohemian Cuisine<\/a><\/span><\/h2>\n","protected":false},"excerpt":{"rendered":"<p>The markets in Prague have a lot to offer: fresh produce, local delicacies, country-specific souvenirs, traditional crafts, and also a glimpse into Czech culture. Check out our list of the 5 best markets in Prague to find out which ones are not to be missed. Prague Visitor Pass The Prague Visitor Pass gives you access [&hellip;]<\/p>\n","protected":false},"author":6,"featured_media":2851,"parent":765,"menu_order":0,"comment_status":"closed","ping_status":"closed","template":"","meta":{"footnotes":""},"categories":[],"tags":[57,30,34],"class_list":["post-1109","page","type-page","status-publish","has-post-thumbnail","hentry","tag-food","tag-lifestyle","tag-shopping","post-wrapper","thrv_wrapper"],"_links":{"self":[{"href":"https:\/\/praguetouristinformation.com\/en\/wp-json\/wp\/v2\/pages\/1109","targetHints":{"allow":["GET"]}}],"collection":[{"href":"https:\/\/praguetouristinformation.com\/en\/wp-json\/wp\/v2\/pages"}],"about":[{"href":"https:\/\/praguetouristinformation.com\/en\/wp-json\/wp\/v2\/types\/page"}],"author":[{"embeddable":true,"href":"https:\/\/praguetouristinformation.com\/en\/wp-json\/wp\/v2\/users\/6"}],"replies":[{"embeddable":true,"href":"https:\/\/praguetouristinformation.com\/en\/wp-json\/wp\/v2\/comments?post=1109"}],"version-history":[{"count":31,"href":"https:\/\/praguetouristinformation.com\/en\/wp-json\/wp\/v2\/pages\/1109\/revisions"}],"predecessor-version":[{"id":7495,"href":"https:\/\/praguetouristinformation.com\/en\/wp-json\/wp\/v2\/pages\/1109\/revisions\/7495"}],"up":[{"embeddable":true,"href":"https:\/\/praguetouristinformation.com\/en\/wp-json\/wp\/v2\/pages\/765"}],"wp:featuredmedia":[{"embeddable":true,"href":"https:\/\/praguetouristinformation.com\/en\/wp-json\/wp\/v2\/media\/2851"}],"wp:attachment":[{"href":"https:\/\/praguetouristinformation.com\/en\/wp-json\/wp\/v2\/media?parent=1109"}],"wp:term":[{"taxonomy":"category","embeddable":true,"href":"https:\/\/praguetouristinformation.com\/en\/wp-json\/wp\/v2\/categories?post=1109"},{"taxonomy":"post_tag","embeddable":true,"href":"https:\/\/praguetouristinformation.com\/en\/wp-json\/wp\/v2\/tags?post=1109"}],"curies":[{"name":"wp","href":"https:\/\/api.w.org\/{rel}","templated":true}]}}