{"id":1100,"date":"2024-06-26T20:01:36","date_gmt":"2024-06-26T20:01:36","guid":{"rendered":"http:\/\/praguetouristinformation.com\/?page_id=1100"},"modified":"2024-06-26T20:01:36","modified_gmt":"2024-06-26T20:01:36","slug":"districts","status":"publish","type":"page","link":"https:\/\/praguetouristinformation.com\/en\/planning\/districts","title":{"rendered":"Prague&#8217;s 10 Districts: Where to Stay While Traveling"},"content":{"rendered":"<h3>Prague is divided into 10 city districts.<\/h3>\n<p>District 1 is the city center and therefore the most important district in Prague. The best districts to stay in during a city trip are districts 1 and 2.<\/p>\n<p>Here, we describe all ten districts in detail.<\/p>\n<h2 id=\"t-1639481233381\">District 1 (Praha 1)<\/h2>\n<p><img decoding=\"async\" src=\"https:\/\/praguetouristinformation.com\/wp-content\/uploads\/2020\/12\/Bezirk-1-Praha-1.jpg\" alt=\"Bezirk 1 (Praha 1)\" data-pin-media=\"https:\/\/praguetouristinformation.com\/wp-content\/uploads\/2021\/02\/59.jpg\" data-pin-description=\"Prague\u2019s 10 Districts: Where to Stay | Prague Tourist Information\" data-pin-url=\"https:\/\/praguetouristinformation.com\/en\/planning\/districts?tve=true&amp;tcbf=4d518e1735\"><\/p>\n<ul>\n<li><a rel=\"nofollow noopener\" href=\"https:\/\/pinterest.com\/pin\/create\/button\/?url=https:\/\/praguetouristinformation.com\/en\/planning\/districts?tve=true&amp;tcbf=f3d07b4026&amp;is_video=false&amp;media=https:\/\/praguetouristinformation.com\/wp-content\/uploads\/2020\/12\/Bezirk-1-Praha-1.jpg&amp;description=10%20districts%20of%20Prague%3A%20Guide%20to%20living%20while%20traveling%20%7C%20Prague%20Tourist%20Information\" onclick=\"essb.window('https:\/\/pinterest.com\/pin\/create\/button\/?url=https:\/\/praguetouristinformation.com\/en\/planning\/districts?tve=true&amp;tcbf=f3d07b4026&amp;is_video=false&amp;media=https:\/\/praguetouristinformation.com\/wp-content\/uploads\/2020\/12\/Bezirk-1-Praha-1.jpg&amp;description=10%20districts%20of%20Prague%3A%20Guide%20to%20living%20while%20traveling%20%7C%20Prague%20Tourist%20Information','pinpro','kx60u1eq'); return false;\" target=\"_blank\"><span>Pin<\/span><\/a><\/li>\n<\/ul>\n<p>This district is the city center of Prague and THE favorite for staying, especially for first-time travelers. It includes the <a href=\"https:\/\/praguetouristinformation.com\/en\/sightseeing\/old-town\" style=\"outline: none;\">Old Town<\/a>, the Jewish Quarter, and adjacent areas of Lesser Town, the Hradcany Castle District, and the New Town.<\/p>\n<p>As the historical and cultural heart of the city, District 1 holds the <a href=\"https:\/\/praguetouristinformation.com\/en\/sightseeing\/top-10-attractions\" style=\"outline: none;\">top sights in Prague<\/a>. In addition, there is a wide selection of <a href=\"https:\/\/praguetouristinformation.com\/en\/hotel\" style=\"outline: none;\">hotels<\/a>&nbsp;and shopping options, as well as Prague\u2019s famous nightlife. However, do not expect much silence.<\/p>\n<h2 id=\"t-1639481233382\">District 2 (Praha 2)<\/h2>\n<p><img decoding=\"async\" src=\"https:\/\/praguetouristinformation.com\/wp-content\/uploads\/2020\/12\/Bezirk-2-Praha-2.jpg\" alt=\"Bezirk 2 (Praha 2)\" data-pin-media=\"https:\/\/praguetouristinformation.com\/wp-content\/uploads\/2021\/02\/59.jpg\" data-pin-description=\"Prague\u2019s 10 Districts: Where to Stay | Prague Tourist Information\" data-pin-url=\"https:\/\/praguetouristinformation.com\/en\/planning\/districts?tve=true&amp;tcbf=4d518e1735\"><\/p>\n<ul>\n<li><a rel=\"nofollow noopener\" href=\"https:\/\/pinterest.com\/pin\/create\/button\/?url=https:\/\/praguetouristinformation.com\/en\/planning\/districts?tve=true&amp;tcbf=f3d07b4026&amp;is_video=false&amp;media=https:\/\/praguetouristinformation.com\/wp-content\/uploads\/2020\/12\/Bezirk-2-Praha-2.jpg&amp;description=10%20districts%20of%20Prague%3A%20Guide%20to%20living%20while%20traveling%20%7C%20Prague%20Tourist%20Information\" onclick=\"essb.window('https:\/\/pinterest.com\/pin\/create\/button\/?url=https:\/\/praguetouristinformation.com\/en\/planning\/districts?tve=true&amp;tcbf=f3d07b4026&amp;is_video=false&amp;media=https:\/\/praguetouristinformation.com\/wp-content\/uploads\/2020\/12\/Bezirk-2-Praha-2.jpg&amp;description=10%20districts%20of%20Prague%3A%20Guide%20to%20living%20while%20traveling%20%7C%20Prague%20Tourist%20Information','pinpro','kx60u1f1'); return false;\" target=\"_blank\"><span>Pin<\/span><\/a><\/li>\n<\/ul>\n<p>Praha 2 is characterized by a good location, varied culinary offerings, quite a few churches and <a href=\"https:\/\/praguetouristinformation.com\/en\/sightseeing\/museum\">museums<\/a>. It is home to the Vy\u0161ehrad district near the center, with the castle of the same name, and the popular Vinohrady suburb, which boasts excellent restaurants and green spaces.<\/p>\n<p>Furthermore, part of the New Town is in District 2. Since Praha 2 is very hilly, there are many places to enjoy <a href=\"https:\/\/praguetouristinformation.com\/en\/sightseeing\/best-viewpoints\" style=\"outline: none;\">beautiful scenic views.<\/a><\/p>\n<h2 id=\"t-1639481233383\">District 3 (Praha 3)<\/h2>\n<p><img decoding=\"async\" src=\"https:\/\/praguetouristinformation.com\/wp-content\/uploads\/2020\/12\/Bezirk-3-Praha-3.jpg\" alt=\"Bezirk 3 (Praha 3)\" data-pin-media=\"https:\/\/praguetouristinformation.com\/wp-content\/uploads\/2021\/02\/59.jpg\" data-pin-description=\"Prague\u2019s 10 Districts: Where to Stay | Prague Tourist Information\" data-pin-url=\"https:\/\/praguetouristinformation.com\/en\/planning\/districts?tve=true&amp;tcbf=4d518e1735\"><\/p>\n<ul>\n<li><a rel=\"nofollow noopener\" href=\"https:\/\/pinterest.com\/pin\/create\/button\/?url=https:\/\/praguetouristinformation.com\/en\/planning\/districts?tve=true&amp;tcbf=f3d07b4026&amp;is_video=false&amp;media=https:\/\/praguetouristinformation.com\/wp-content\/uploads\/2020\/12\/Bezirk-3-Praha-3.jpg&amp;description=10%20districts%20of%20Prague%3A%20Guide%20to%20living%20while%20traveling%20%7C%20Prague%20Tourist%20Information\" onclick=\"essb.window('https:\/\/pinterest.com\/pin\/create\/button\/?url=https:\/\/praguetouristinformation.com\/en\/planning\/districts?tve=true&amp;tcbf=f3d07b4026&amp;is_video=false&amp;media=https:\/\/praguetouristinformation.com\/wp-content\/uploads\/2020\/12\/Bezirk-3-Praha-3.jpg&amp;description=10%20districts%20of%20Prague%3A%20Guide%20to%20living%20while%20traveling%20%7C%20Prague%20Tourist%20Information','pinpro','kx60u1f5'); return false;\" target=\"_blank\"><span>Pin<\/span><\/a><\/li>\n<\/ul>\n<p>District 3 is an interesting combination. A large part is taken up by the \u017di\u017ekov district, a typical working-class neighborhood with the Prague TV Tower as its top attraction.<\/p>\n<p>Lower \u017di\u017ekov should rather be avoided as a tourist. The district also includes a part of Vinohrady, which is closer to the center and more upscale, and consists mainly of residential areas. Both districts are less touristy, but in terms of food and accommodation comparatively cheaper than district 1.<\/p>\n<h2 id=\"t-1639481233384\">District 4 (Praha 4)<\/h2>\n<p><img decoding=\"async\" src=\"https:\/\/praguetouristinformation.com\/wp-content\/uploads\/2020\/12\/Bezirk-4-Praha-4.jpg\" alt=\"Bezirk 4 (Praha 4)\" data-pin-media=\"https:\/\/praguetouristinformation.com\/wp-content\/uploads\/2021\/02\/59.jpg\" data-pin-description=\"Prague\u2019s 10 Districts: Where to Stay | Prague Tourist Information\" data-pin-url=\"https:\/\/praguetouristinformation.com\/en\/planning\/districts?tve=true&amp;tcbf=4d518e1735\"><\/p>\n<ul>\n<li><a rel=\"nofollow noopener\" href=\"https:\/\/pinterest.com\/pin\/create\/button\/?url=https:\/\/praguetouristinformation.com\/en\/planning\/districts?tve=true&amp;tcbf=f3d07b4026&amp;is_video=false&amp;media=https:\/\/praguetouristinformation.com\/wp-content\/uploads\/2020\/12\/Bezirk-4-Praha-4.jpg&amp;description=10%20districts%20of%20Prague%3A%20Guide%20to%20living%20while%20traveling%20%7C%20Prague%20Tourist%20Information\" onclick=\"essb.window('https:\/\/pinterest.com\/pin\/create\/button\/?url=https:\/\/praguetouristinformation.com\/en\/planning\/districts?tve=true&amp;tcbf=f3d07b4026&amp;is_video=false&amp;media=https:\/\/praguetouristinformation.com\/wp-content\/uploads\/2020\/12\/Bezirk-4-Praha-4.jpg&amp;description=10%20districts%20of%20Prague%3A%20Guide%20to%20living%20while%20traveling%20%7C%20Prague%20Tourist%20Information','pinpro','kx60u1fa'); return false;\" target=\"_blank\"><span>Pin<\/span><\/a><\/li>\n<\/ul>\n<p>Praha 4 is located in the southern part of the city on the right bank of the Vltava River. Mainly the district consists of residential areas, which makes it less interesting for tourists.<\/p>\n<p>One attraction could be the Podol\u00ed district with its traditional Czech restaurants and pubs and its beautiful location by the river.<\/p>\n<h2 id=\"t-1639481233385\">District 5 (Praha 5)<\/h2>\n<p><img decoding=\"async\" src=\"https:\/\/praguetouristinformation.com\/wp-content\/uploads\/2020\/12\/Bezirk-5-Praha-5.jpg\" alt=\"Bezirk 5 (Praha 5)\" data-pin-media=\"https:\/\/praguetouristinformation.com\/wp-content\/uploads\/2021\/02\/59.jpg\" data-pin-description=\"Prague\u2019s 10 Districts: Where to Stay | Prague Tourist Information\" data-pin-url=\"https:\/\/praguetouristinformation.com\/en\/planning\/districts?tve=true&amp;tcbf=4d518e1735\"><\/p>\n<ul>\n<li><a rel=\"nofollow noopener\" href=\"https:\/\/pinterest.com\/pin\/create\/button\/?url=https:\/\/praguetouristinformation.com\/en\/planning\/districts?tve=true&amp;tcbf=f3d07b4026&amp;is_video=false&amp;media=https:\/\/praguetouristinformation.com\/wp-content\/uploads\/2020\/12\/Bezirk-5-Praha-5.jpg&amp;description=10%20districts%20of%20Prague%3A%20Guide%20to%20living%20while%20traveling%20%7C%20Prague%20Tourist%20Information\" onclick=\"essb.window('https:\/\/pinterest.com\/pin\/create\/button\/?url=https:\/\/praguetouristinformation.com\/en\/planning\/districts?tve=true&amp;tcbf=f3d07b4026&amp;is_video=false&amp;media=https:\/\/praguetouristinformation.com\/wp-content\/uploads\/2020\/12\/Bezirk-5-Praha-5.jpg&amp;description=10%20districts%20of%20Prague%3A%20Guide%20to%20living%20while%20traveling%20%7C%20Prague%20Tourist%20Information','pinpro','kx60u1fe'); return false;\" target=\"_blank\"><span>Pin<\/span><\/a><\/li>\n<\/ul>\n<p>This district attracts with beautiful parks and numerous <a href=\"https:\/\/praguetouristinformation.com\/en\/shopping\">shopping <\/a>and nightlife opportunities. Particularly popular is the Sm\u00edchov industrial district, which borders the Lesser Town on the south.<\/p>\n<p>It offers a good selection of trendy restaurants, clubs, and bars, as well as a large shopping center. Sm\u00edchov is a good alternative if you do not want to stay in the center.<\/p>\n<h2 id=\"t-1639481233386\">District 6 (Praha 6)<\/h2>\n<p><img decoding=\"async\" src=\"https:\/\/praguetouristinformation.com\/wp-content\/uploads\/2020\/12\/Bezirk-6-Praha-6.jpg\" alt=\"Bezirk 6 (Praha 6)\" data-pin-media=\"https:\/\/praguetouristinformation.com\/wp-content\/uploads\/2021\/02\/59.jpg\" data-pin-description=\"Prague\u2019s 10 Districts: Where to Stay | Prague Tourist Information\" data-pin-url=\"https:\/\/praguetouristinformation.com\/en\/planning\/districts?tve=true&amp;tcbf=4d518e1735\"><\/p>\n<ul>\n<li><a rel=\"nofollow noopener\" href=\"https:\/\/pinterest.com\/pin\/create\/button\/?url=https:\/\/praguetouristinformation.com\/en\/planning\/districts?tve=true&amp;tcbf=f3d07b4026&amp;is_video=false&amp;media=https:\/\/praguetouristinformation.com\/wp-content\/uploads\/2020\/12\/Bezirk-6-Praha-6.jpg&amp;description=10%20districts%20of%20Prague%3A%20Guide%20to%20living%20while%20traveling%20%7C%20Prague%20Tourist%20Information\" onclick=\"essb.window('https:\/\/pinterest.com\/pin\/create\/button\/?url=https:\/\/praguetouristinformation.com\/en\/planning\/districts?tve=true&amp;tcbf=f3d07b4026&amp;is_video=false&amp;media=https:\/\/praguetouristinformation.com\/wp-content\/uploads\/2020\/12\/Bezirk-6-Praha-6.jpg&amp;description=10%20districts%20of%20Prague%3A%20Guide%20to%20living%20while%20traveling%20%7C%20Prague%20Tourist%20Information','pinpro','kx60u1fk'); return false;\" target=\"_blank\"><span>Pin<\/span><\/a><\/li>\n<\/ul>\n<p>Praha 6, in the western part of Prague, is considered the most exclusive district in the city. Numerous Czech politicians, foreign businessmen, and diplomats have settled in this noble district.<\/p>\n<p>Praha 6 is characterized by elegant villas, idyllic parks, such as \u0160\u00e1reck\u00e9 \u00fadol\u00ed and Hv\u011bzda, and proximity to the <a href=\"https:\/\/praguetouristinformation.com\/en\/planning\/arrival\/vaclav-havel-airport\">airport<\/a>.<\/p>\n<h2 id=\"t-1639481233387\">District 7 (Praha 7)<\/h2>\n<p><img decoding=\"async\" src=\"https:\/\/praguetouristinformation.com\/wp-content\/uploads\/2020\/12\/Bezirk-7-Praha-7.jpg\" alt=\"Bezirk 7 (Praha 7)\" data-pin-media=\"https:\/\/praguetouristinformation.com\/wp-content\/uploads\/2021\/02\/59.jpg\" data-pin-description=\"Prague\u2019s 10 Districts: Where to Stay | Prague Tourist Information\" data-pin-url=\"https:\/\/praguetouristinformation.com\/en\/planning\/districts?tve=true&amp;tcbf=4d518e1735\"><\/p>\n<ul>\n<li><a rel=\"nofollow noopener\" href=\"https:\/\/pinterest.com\/pin\/create\/button\/?url=https:\/\/praguetouristinformation.com\/en\/planning\/districts?tve=true&amp;tcbf=f3d07b4026&amp;is_video=false&amp;media=https:\/\/praguetouristinformation.com\/wp-content\/uploads\/2020\/12\/Bezirk-7-Praha-7.jpg&amp;description=10%20districts%20of%20Prague%3A%20Guide%20to%20living%20while%20traveling%20%7C%20Prague%20Tourist%20Information\" onclick=\"essb.window('https:\/\/pinterest.com\/pin\/create\/button\/?url=https:\/\/praguetouristinformation.com\/en\/planning\/districts?tve=true&amp;tcbf=f3d07b4026&amp;is_video=false&amp;media=https:\/\/praguetouristinformation.com\/wp-content\/uploads\/2020\/12\/Bezirk-7-Praha-7.jpg&amp;description=10%20districts%20of%20Prague%3A%20Guide%20to%20living%20while%20traveling%20%7C%20Prague%20Tourist%20Information','pinpro','kx60u1fo'); return false;\" target=\"_blank\"><span>Pin<\/span><\/a><\/li>\n<\/ul>\n<p>The main attraction in Praha 7 is the Prague Zoo and the <a href=\"https:\/\/praguetouristinformation.com\/en\/sightseeing\/museum\/technical\">National Technical Museum<\/a>. The district, which is characterized by a lot of nature and charming pubs and restaurants, is especially popular with students.<\/p>\n<p>With its two <a href=\"https:\/\/praguetouristinformation.com\/en\/sightseeing\/parks\" style=\"outline: none;\">city parks<\/a>, Letna and Stromovka, it is a popular recreational area. Worth highlighting is the Hole\u0161ovice district, dubbed as the next trendy district in Prague, attracting more and more visitors with its boutiques, art galleries, and cafes.<\/p>\n<h2 id=\"t-1639481233388\">District 8 (Praha 8)<\/h2>\n<p><img decoding=\"async\" src=\"https:\/\/praguetouristinformation.com\/wp-content\/uploads\/2020\/12\/Bezirk-8-Praha-8.jpg\" alt=\"Bezirk 8 (Praha 8)\" data-pin-media=\"https:\/\/praguetouristinformation.com\/wp-content\/uploads\/2021\/02\/59.jpg\" data-pin-description=\"Prague\u2019s 10 Districts: Where to Stay | Prague Tourist Information\" data-pin-url=\"https:\/\/praguetouristinformation.com\/en\/planning\/districts?tve=true&amp;tcbf=4d518e1735\"><\/p>\n<ul>\n<li><a rel=\"nofollow noopener\" href=\"https:\/\/pinterest.com\/pin\/create\/button\/?url=https:\/\/praguetouristinformation.com\/en\/planning\/districts?tve=true&amp;tcbf=f3d07b4026&amp;is_video=false&amp;media=https:\/\/praguetouristinformation.com\/wp-content\/uploads\/2020\/12\/Bezirk-8-Praha-8.jpg&amp;description=10%20districts%20of%20Prague%3A%20Guide%20to%20living%20while%20traveling%20%7C%20Prague%20Tourist%20Information\" onclick=\"essb.window('https:\/\/pinterest.com\/pin\/create\/button\/?url=https:\/\/praguetouristinformation.com\/en\/planning\/districts?tve=true&amp;tcbf=f3d07b4026&amp;is_video=false&amp;media=https:\/\/praguetouristinformation.com\/wp-content\/uploads\/2020\/12\/Bezirk-8-Praha-8.jpg&amp;description=10%20districts%20of%20Prague%3A%20Guide%20to%20living%20while%20traveling%20%7C%20Prague%20Tourist%20Information','pinpro','kx60u1fy'); return false;\" target=\"_blank\"><span>Pin<\/span><\/a><\/li>\n<\/ul>\n<p>This district in the northern part of Prague is undergoing a transformation. Long considered one of the poorest districts in Prague, Praha 8 is now on the upswing. This is especially true of the Karlin district, where many new office buildings are taking up residence.<\/p>\n<p>The northern part of the district is located very outside Prague and does not offer good transport connections to the city center. &nbsp;<\/p>\n<h2 id=\"t-1639481233389\">District 9 (Praha 9)<\/h2>\n<p><img decoding=\"async\" src=\"https:\/\/praguetouristinformation.com\/wp-content\/uploads\/2020\/12\/Bezirk-9-Praha-9.jpg\" alt=\"Bezirk 9 (Praha 9)\" data-pin-media=\"https:\/\/praguetouristinformation.com\/wp-content\/uploads\/2021\/02\/59.jpg\" data-pin-description=\"Prague\u2019s 10 Districts: Where to Stay | Prague Tourist Information\" data-pin-url=\"https:\/\/praguetouristinformation.com\/en\/planning\/districts?tve=true&amp;tcbf=4d518e1735\"><\/p>\n<ul>\n<li><a rel=\"nofollow noopener\" href=\"https:\/\/pinterest.com\/pin\/create\/button\/?url=https:\/\/praguetouristinformation.com\/en\/planning\/districts?tve=true&amp;tcbf=f3d07b4026&amp;is_video=false&amp;media=https:\/\/praguetouristinformation.com\/wp-content\/uploads\/2020\/12\/Bezirk-9-Praha-9.jpg&amp;description=10%20districts%20of%20Prague%3A%20Guide%20to%20living%20while%20traveling%20%7C%20Prague%20Tourist%20Information\" onclick=\"essb.window('https:\/\/pinterest.com\/pin\/create\/button\/?url=https:\/\/praguetouristinformation.com\/en\/planning\/districts?tve=true&amp;tcbf=f3d07b4026&amp;is_video=false&amp;media=https:\/\/praguetouristinformation.com\/wp-content\/uploads\/2020\/12\/Bezirk-9-Praha-9.jpg&amp;description=10%20districts%20of%20Prague%3A%20Guide%20to%20living%20while%20traveling%20%7C%20Prague%20Tourist%20Information','pinpro','kx60u1g2'); return false;\" target=\"_blank\"><span>Pin<\/span><\/a><\/li>\n<\/ul>\n<p>Praha 9 is located in the northeastern part of Prague and is considered very remote. It consists mainly of housing estates and commercial and industrial areas.<\/p>\n<p>The Cerny Most district could gain in importance with the opening of a large shopping center and the extension of metro line B. The district is by and large less accessible and rather unattractive for tourists.<\/p>\n<h2 id=\"t-1639481233390\">District 10 (Praha 10)<\/h2>\n<p><img decoding=\"async\" src=\"https:\/\/praguetouristinformation.com\/wp-content\/uploads\/2020\/12\/Bezirk-10-Praha-10.jpg\" alt=\"Bezirk 10 (Praha 10)\" data-pin-media=\"https:\/\/praguetouristinformation.com\/wp-content\/uploads\/2021\/02\/59.jpg\" data-pin-description=\"Prague\u2019s 10 Districts: Where to Stay | Prague Tourist Information\" data-pin-url=\"https:\/\/praguetouristinformation.com\/en\/planning\/districts?tve=true&amp;tcbf=4d518e1735\"><\/p>\n<ul>\n<li><a rel=\"nofollow noopener\" href=\"https:\/\/pinterest.com\/pin\/create\/button\/?url=https:\/\/praguetouristinformation.com\/en\/planning\/districts?tve=true&amp;tcbf=f3d07b4026&amp;is_video=false&amp;media=https:\/\/praguetouristinformation.com\/wp-content\/uploads\/2020\/12\/Bezirk-10-Praha-10.jpg&amp;description=10%20districts%20of%20Prague%3A%20Guide%20to%20living%20while%20traveling%20%7C%20Prague%20Tourist%20Information\" onclick=\"essb.window('https:\/\/pinterest.com\/pin\/create\/button\/?url=https:\/\/praguetouristinformation.com\/en\/planning\/districts?tve=true&amp;tcbf=f3d07b4026&amp;is_video=false&amp;media=https:\/\/praguetouristinformation.com\/wp-content\/uploads\/2020\/12\/Bezirk-10-Praha-10.jpg&amp;description=10%20districts%20of%20Prague%3A%20Guide%20to%20living%20while%20traveling%20%7C%20Prague%20Tourist%20Information','pinpro','kx60u1g6'); return false;\" target=\"_blank\"><span>Pin<\/span><\/a><\/li>\n<\/ul>\n<p>District 10 includes the Vr\u0161ovice district, which is similar to the neighboring Vinohrady district. Praha 10 is characterized by residential neighborhoods, as well as authentic Czech stores, restaurants, and pubs.<\/p>\n<p>The areas of Praha 10 that are closer to the center, are more accessible and attractive than the parts of the district that are further away.<\/p>\n<p style=\"text-align: center;\"><a href=\"https:\/\/www.google.com\/maps\/d\/u\/1\/viewer?hl=en&amp;mid=1vFh2WkuaMcZCB_Ge2myH83Cawnp_tlil&amp;ll=50.08049776303079%2C14.440174500000005&amp;z=13\" target=\"_blank\" style=\"outline: none;\" rel=\"noopener nofollow\">(Map Link)<\/a><\/p>\n<h3 style=\"\">Related Articles<\/h3>\n<p><a href=\"https:\/\/praguetouristinformation.com\/en\/planning\/arrival\" dynamic-postlink=\"tcb_post_the_permalink\" data-shortcode-id=\"769\"><\/a><\/p>\n<h2 style=\"padding-top: 0px !important; margin-top: 0px !important; text-align: center;\" id=\"t-1679565490081\"><span data-shortcode=\"tcb_post_title\" data-shortcode-name=\"Post title\" data-extra_key=\"\" data-attr-link=\"1\" data-attr-target=\"0\" data-attr-rel=\"0\" data-option-inline=\"1\" data-attr-static-link=\"{&quot;className&quot;:&quot;&quot;,&quot;href&quot;:&quot;https:\/\/praguetouristinformation.com\/en\/sightseeing\/parks&quot;,&quot;title&quot;:&quot;10 Beautiful Parks in the Center of Prague&quot;,&quot;class&quot;:&quot;&quot;}\" data-attr-css=\"\"><a href=\"https:\/\/praguetouristinformation.com\/en\/planning\/arrival\" title=\"Guide to Arrival in Prague\" data-css=\"\">Guide to Arrival in Prague<\/a><\/span><\/h2>\n<p><a href=\"https:\/\/praguetouristinformation.com\/en\/shopping\" dynamic-postlink=\"tcb_post_the_permalink\" data-shortcode-id=\"769\"><\/a><\/p>\n<h2 style=\"padding-top: 0px !important; margin-top: 0px !important; text-align: center;\" id=\"t-1679565490081\"><span data-shortcode=\"tcb_post_title\" data-shortcode-name=\"Post title\" data-extra_key=\"\" data-attr-link=\"1\" data-attr-target=\"0\" data-attr-rel=\"0\" data-option-inline=\"1\" data-attr-static-link=\"{&quot;className&quot;:&quot;&quot;,&quot;href&quot;:&quot;https:\/\/praguetouristinformation.com\/en\/sightseeing\/parks&quot;,&quot;title&quot;:&quot;10 Beautiful Parks in the Center of Prague&quot;,&quot;class&quot;:&quot;&quot;}\" data-attr-css=\"\"><a href=\"https:\/\/praguetouristinformation.com\/en\/shopping\" title=\"Prague Shopping Guide: Where &amp; what to shop?\" data-css=\"\">Prague Shopping Guide: Where &amp; what to shop?<\/a><\/span><\/h2>\n<p><a href=\"https:\/\/praguetouristinformation.com\/en\/hotel\" dynamic-postlink=\"tcb_post_the_permalink\" data-shortcode-id=\"769\"><\/a><\/p>\n<h2 style=\"padding-top: 0px !important; margin-top: 0px !important; text-align: center;\" id=\"t-1679565490081\"><span data-shortcode=\"tcb_post_title\" data-shortcode-name=\"Post title\" data-extra_key=\"\" data-attr-link=\"1\" data-attr-target=\"0\" data-attr-rel=\"0\" data-option-inline=\"1\" data-attr-static-link=\"{&quot;className&quot;:&quot;&quot;,&quot;href&quot;:&quot;https:\/\/praguetouristinformation.com\/en\/sightseeing\/parks&quot;,&quot;title&quot;:&quot;10 Beautiful Parks in the Center of Prague&quot;,&quot;class&quot;:&quot;&quot;}\" data-attr-css=\"\"><a href=\"https:\/\/praguetouristinformation.com\/en\/hotel\" title=\"Prague Hotels Guide: List of Recommended Hotels\" data-css=\"\">Prague Hotels Guide: List of Recommended Hotels<\/a><\/span><\/h2>\n<p><a href=\"https:\/\/praguetouristinformation.com\/en\/restaurant\" dynamic-postlink=\"tcb_post_the_permalink\" data-shortcode-id=\"769\"><\/a><\/p>\n<h2 style=\"padding-top: 0px !important; margin-top: 0px !important; text-align: center;\" id=\"t-1679565490081\"><span data-shortcode=\"tcb_post_title\" data-shortcode-name=\"Post title\" data-extra_key=\"\" data-attr-link=\"1\" data-attr-target=\"0\" data-attr-rel=\"0\" data-option-inline=\"1\" data-attr-static-link=\"{&quot;className&quot;:&quot;&quot;,&quot;href&quot;:&quot;https:\/\/praguetouristinformation.com\/en\/sightseeing\/parks&quot;,&quot;title&quot;:&quot;10 Beautiful Parks in the Center of Prague&quot;,&quot;class&quot;:&quot;&quot;}\" data-attr-css=\"\"><a href=\"https:\/\/praguetouristinformation.com\/en\/restaurant\" title=\"Prague Restaurant Guide: Where and what to eat?\" data-css=\"\">Prague Restaurant Guide: Where and what to eat?<\/a><\/span><\/h2>\n","protected":false},"excerpt":{"rendered":"<p>Prague is divided into 10 city districts. District 1 is the city center and therefore the most important district in Prague. The best districts to stay in during a city trip are districts 1 and 2. Here, we describe all ten districts in detail. District 1 (Praha 1) Pin This district is the city center [&hellip;]<\/p>\n","protected":false},"author":6,"featured_media":2333,"parent":767,"menu_order":0,"comment_status":"closed","ping_status":"closed","template":"","meta":{"footnotes":""},"categories":[],"tags":[56,27],"class_list":["post-1100","page","type-page","status-publish","has-post-thumbnail","hentry","tag-districts","tag-hotel","post-wrapper","thrv_wrapper"],"_links":{"self":[{"href":"https:\/\/praguetouristinformation.com\/en\/wp-json\/wp\/v2\/pages\/1100","targetHints":{"allow":["GET"]}}],"collection":[{"href":"https:\/\/praguetouristinformation.com\/en\/wp-json\/wp\/v2\/pages"}],"about":[{"href":"https:\/\/praguetouristinformation.com\/en\/wp-json\/wp\/v2\/types\/page"}],"author":[{"embeddable":true,"href":"https:\/\/praguetouristinformation.com\/en\/wp-json\/wp\/v2\/users\/6"}],"replies":[{"embeddable":true,"href":"https:\/\/praguetouristinformation.com\/en\/wp-json\/wp\/v2\/comments?post=1100"}],"version-history":[{"count":20,"href":"https:\/\/praguetouristinformation.com\/en\/wp-json\/wp\/v2\/pages\/1100\/revisions"}],"predecessor-version":[{"id":5008,"href":"https:\/\/praguetouristinformation.com\/en\/wp-json\/wp\/v2\/pages\/1100\/revisions\/5008"}],"up":[{"embeddable":true,"href":"https:\/\/praguetouristinformation.com\/en\/wp-json\/wp\/v2\/pages\/767"}],"wp:featuredmedia":[{"embeddable":true,"href":"https:\/\/praguetouristinformation.com\/en\/wp-json\/wp\/v2\/media\/2333"}],"wp:attachment":[{"href":"https:\/\/praguetouristinformation.com\/en\/wp-json\/wp\/v2\/media?parent=1100"}],"wp:term":[{"taxonomy":"category","embeddable":true,"href":"https:\/\/praguetouristinformation.com\/en\/wp-json\/wp\/v2\/categories?post=1100"},{"taxonomy":"post_tag","embeddable":true,"href":"https:\/\/praguetouristinformation.com\/en\/wp-json\/wp\/v2\/tags?post=1100"}],"curies":[{"name":"wp","href":"https:\/\/api.w.org\/{rel}","templated":true}]}}