{"id":1086,"date":"2024-06-26T20:01:34","date_gmt":"2024-06-26T20:01:34","guid":{"rendered":"http:\/\/praguetouristinformation.com\/?page_id=1086"},"modified":"2024-06-26T20:01:34","modified_gmt":"2024-06-26T20:01:34","slug":"park-and-ride","status":"publish","type":"page","link":"https:\/\/praguetouristinformation.com\/en\/planning\/arrival\/park-and-ride","title":{"rendered":"Prague Park and Ride: Info &#038; Tips"},"content":{"rendered":"<p style=\"\">As many sights as there are in Prague, parking spaces are few and far between.<\/p>\n<p>So that you can still find a place comfortably, we have created the following overview for you.<\/p>\n<h2 id=\"t-1638966318080\">Park and Ride Parking Garages<\/h2>\n<p><span><img decoding=\"async\" alt=\"\" data-id=\"4226\" width=\"688\" data-init-width=\"1000\" height=\"459\" data-init-height=\"667\" title=\"Underground,Parking\/garage,(shallow,Dof;,Color,Toned,Image)\" loading=\"lazy\" src=\"https:\/\/praguetouristinformation.com\/en\/wp-content\/uploads\/2022\/12\/parking-garage.jpg\" data-width=\"688\" data-height=\"459\" data-pinpro-key=\"qiicxpq1g\" style=\"aspect-ratio: auto 1000 \/ 667;\"><\/span><\/p>\n<p>There are park and ride facilities at some subway stations outside the center, about 20 in total. These are guarded parking lots. The opening hours are based on the subway travel times, the parking lots close at 1:00 am and reopen at 4:00 am.<\/p>\n<p>This includes the following Park &amp; Ride facilities:<\/p>\n<ul>\n<li>Skalka &#8211; Metroline A&nbsp; &#8211; Prague 10<\/li>\n<li>Zli\u010d\u00edn &#8211; Metroline B&nbsp; &#8211; Prague 5<\/li>\n<li>Nov\u00e9 Butovice &#8211; Metroline B&nbsp; &#8211; Prague 13<\/li>\n<li>Opatov &#8211; Metroline C&nbsp; &#8211; Prague 11<\/li>\n<li>Chodov &#8211; Metroline C&nbsp; &#8211; Prague 19<\/li>\n<li>L\u00e1dv\u00ed&nbsp; &#8211; Metroline C&nbsp; &#8211; Prague 8<\/li>\n<li>Rajsk\u00e1 zahrada- Metroline B&nbsp; &#8211; Prague 14<\/li>\n<li>\u010cern\u00fd most &#8211; Metroline B&nbsp; &#8211; Prague 14<\/li>\n<li>Palmovka &#8211; Metroline B&nbsp; &#8211; Prague 8<\/li>\n<li>N\u00e1dra\u017e\u00ed Hole\u0161ovice &#8211; Metroline C&nbsp; &#8211; Prague 7<\/li>\n<\/ul>\n<p>Along with your parking ticket, you can also buy discounted tickets for public transport at the ticket machines in the parking lots. They are valid only on the day of parking.<\/p>\n<h2 id=\"t-1638966318081\">Parking Garages in the City Center (Open 24 Hours)<\/h2>\n<p>There are pay parking garages all over the city, many of which are located near train stations, attractions, and shopping centers. Prices start at around 2.00 euros per hour and can go up to 4.00 euros per hour.<\/p>\n<p>Many downtown parking garages are open 24 hours. Here is a list of some of them.<\/p>\n<p>\u2022 <strong>Palladium Parking Garage<\/strong>, which is one of the largest with 900 spaces\u2022 <strong>Anchor Garage, <\/strong>opposite from the Palladium shopping center\u2022 <strong>Underground Garage,<\/strong> near the National Theater\u2022 <strong>Rudolfinum Garage, <\/strong>near Charles Bridge\u2022<strong> Parking Lot at Charles Square<\/strong>\u2022 <strong>Wilson Parking Lot,<\/strong> near the main Railway Station<strong>\u2022 Garage Center,<\/strong> next to the State Opera<\/p>\n<h2 id=\"t-1638966318082\">Parking Reservation<\/h2>\n<p>At <a href=\"http:\/\/www.mrparkit.com\" style=\"outline: none;\" target=\"_blank\" rel=\"noopener nofollow\">www.mrparkit.com<\/a> you can reserve your garage space in advance. The payment is exclusively cashless.<\/p>\n<h2 id=\"t-1638966318083\">Cost of Park and Ride in Prague<\/h2>\n<p>The park and ride facilities are guarded and cost only 20 Czech crowns (about 80 cents) for the whole day (4:00 &#8211; 1:00) and 100 Czech crowns (about 4 euros) per night.<\/p>\n<h2 id=\"t-1638966318084\">Tickets for Public Transport<\/h2>\n<p><span><img decoding=\"async\" alt=\"\" data-id=\"4195\" width=\"688\" data-init-width=\"1000\" height=\"459\" data-init-height=\"667\" title=\"Young,Woman,Hand,Inserts,The,Bus,Ticket,Into,The,Validator,\" loading=\"lazy\" src=\"https:\/\/praguetouristinformation.com\/en\/wp-content\/uploads\/2022\/12\/prague-public-Transport.jpg\" data-width=\"688\" data-height=\"459\" data-pinpro-key=\"xgf4bswy2\" style=\"aspect-ratio: auto 1000 \/ 667;\"><\/span><\/p>\n<p>There are various tickets for public transport.<\/p>\n<p>The <strong>30-minute ticket<\/strong> is valid for half an hour from the time it is validated and costs around 0.90 euros. You can change trains as often as you like, change means of transport, or interrupt your journey.<\/p>\n<p>The <strong>90-minute ticket <\/strong>is valid for one and a half hours from the time of validation and costs approximately 2.00 euros. You can change trains as often as you like, change means of transport, or interrupt your journey.<\/p>\n<p>A ticket for <strong>24 or 72 hours <\/strong>can be used exactly the specified number of hours from the time of validation.<\/p>\n<p>With <strong>unlimited use of public transport,<\/strong> including travel to the airport, and free entry or discounts to over 60 attractions, the <strong>Prague Visitor Pass<\/strong> is a favorite among Prague travelers.&nbsp;<a href=\"https:\/\/www.getyourguide.com\/s?partner_id=NO9XIDE&amp;cmp=PragueTouristInformation-short-url&amp;q=Prague&amp;et=421615&amp;lc=10\" target=\"_blank\" rel=\"nofollow noopener\" style=\"outline: none;\"><strong>&gt;&gt; More details here!<\/strong><\/a><\/p>\n<p>You can find more detailed information <a href=\"https:\/\/praguetouristinformation.com\/en\/planning\/public-transport\" style=\"outline: none;\">here.<\/a><\/p>\n<h2 id=\"t-1714314626392\">Popular Tickets for Transportation in Prague:<\/h2>\n<ul>\n<li><a href=\"https:\/\/www.getyourguide.com\/s?partner_id=NO9XIDE&amp;cmp=PragueTouristInformation-short-url&amp;q=Prague&amp;et=421615&amp;lc=10\" target=\"_blank\" rel=\"nofollow noopener\" style=\"outline: none;\">Prague Visitor Pass: Official City Pass with Public Transport<\/a>&nbsp;<em>(Recommended)<\/em><\/li>\n<li><a href=\"https:\/\/gyg.me\/NX4lim0W\" target=\"_blank\" rel=\"nofollow noopener\" style=\"outline: none;\">Prague Airport: Shared shuttle to\/from V\u00e1clav Havel Airport<\/a>&nbsp;<em>(Bestseller)<\/em><\/li>\n<li><a href=\"https:\/\/gyg.me\/O1B6qXQJ\" target=\"_blank\" rel=\"nofollow noopener\" style=\"outline: none;\">Prague: Private Transfer from V\u00e1clav Havel Airport<\/a><\/li>\n<li><a data-lt-tmp-id=\"lt-127273\" href=\"https:\/\/www.headout.com\/r\/most-amazing-placesrecommends-E6TTM\/\" rel=\"nofollow noopener\" spellcheck=\"false\" target=\"_blank\" style=\"outline: none;\">Best of Prague: City tour by boat, bus and on foot<\/a>&nbsp;<\/li>\n<li><a href=\"https:\/\/www.headout.com\/r\/most-amazing-placesrecommends-FSqS3\/\" rel=\"nofollow noopener\" target=\"_blank\" style=\"outline: none;\">City Sightseeing: 24\/48-hour hop-on hop-off city tour of Prague with optional boat tour<\/a><em>&nbsp;<\/em><\/li>\n<li><a href=\"https:\/\/gyg.me\/IJ7vWLr4\" rel=\"nofollow noopener\" target=\"_blank\" style=\"outline: none;\">Prague: Hop-on Hop-Off Ticket for the historic tram line 42<\/a><a href=\"https:\/\/gyg.me\/rB7sM8eu\" rel=\"nofollow noopener\" target=\"_blank\" style=\"outline: none;\"><\/a><\/li>\n<\/ul>\n<h2 id=\"t-1638966318085\">Parking Zones in Prague<\/h2>\n<p><span><img decoding=\"async\" alt=\"\" data-id=\"4225\" width=\"688\" data-init-width=\"1000\" height=\"459\" data-init-height=\"667\" title=\"Cars,Parking,On,A,Street,In,An,Old,Town,Of\" loading=\"lazy\" src=\"https:\/\/praguetouristinformation.com\/en\/wp-content\/uploads\/2022\/12\/prague-parking-zones.jpg\" data-width=\"688\" data-height=\"459\" data-pinpro-key=\"8v3j4ctdh\" style=\"aspect-ratio: auto 1000 \/ 667;\"><\/span><\/p>\n<p>Parking zones in downtown Prague are marked by different colors. Many spaces in the city center are reserved for residents.<\/p>\n<ul>\n<li><strong>Blue Zone:&nbsp;<\/strong>Only residents with a parking permit may park here.<\/li>\n<li><strong>Orange Zone<\/strong>: Short-term parking &#8211; Parking up to 2 hours is allowed. Valid from 8:00 to 18:00, the price per hour is about 40 crowns.<\/li>\n<li><strong>Green Zone:<\/strong> Long-term parking &#8211; Parking up to 6 hours is allowed. Valid from 8:00 to 18:00, the price per hour is around 30 crowns.<\/li>\n<\/ul>\n<h2 id=\"t-1638966318086\">Parking Ticket Sales<\/h2>\n<p>At the public parking lots there are machines that issue temporary parking permits. They are marked with a big blue &#8220;P&#8221;. For these machines you need small change.<\/p>\n<p>The ticket must be placed in a visible location on the dashboard.<\/p>\n<h2 id=\"t-1638966318087\">Mobile Apps<\/h2>\n<p>Cell phone apps like Parkov\u00e1n\u00ed show you the next free parking space and how to get there via real navigation and give information in advance about the costs.<\/p>\n<p>Payment by cell phone is also possible in many cases.<\/p>\n<h2 id=\"t-1638966318088\">Free Parking<\/h2>\n<p>In the city center it is very difficult if not impossible to find free parking. A little outside the city center you can park for free on the side of the road. Some hotels also provide free parking for their guests.<\/p>\n<h2 id=\"t-1638966318089\">More Garages in Prague<\/h2>\n<p>An overview of parking facilities in guarded parking lots can be found at this <a href=\"https:\/\/www.bezpecneparkovani.cz\" style=\"outline: none;\" target=\"_blank\" rel=\"noopener nofollow\">link<\/a>.<\/p>\n<h2 id=\"t-1638966318090\">Towing<\/h2>\n<p>If the car has received a parking claw or has even been towed away, the police information center will provide information on the number +42 156. The fees for the parking claw start at 50 euro.<\/p>\n<h3 style=\"\">Related Articles<\/h3>\n<p><a href=\"https:\/\/praguetouristinformation.com\/en\/planning\/public-transport\" dynamic-postlink=\"tcb_post_the_permalink\" data-shortcode-id=\"775\"><\/a><\/p>\n<h2 style=\"padding-top: 0px !important; margin-top: 0px !important; text-align: center;\" id=\"t-1679660957819\" data-hide=\"true\"><span data-shortcode=\"tcb_post_title\" data-shortcode-name=\"Post title\" data-extra_key=\"\" data-attr-link=\"1\" data-attr-target=\"0\" data-attr-rel=\"0\" data-option-inline=\"1\" data-attr-static-link=\"{&quot;className&quot;:&quot;&quot;,&quot;href&quot;:&quot;https:\/\/praguetouristinformation.com\/en\/planning\/public-transport&quot;,&quot;title&quot;:&quot;Public Transport in Prague: Fares, Tickets &amp; Tips&quot;,&quot;class&quot;:&quot;&quot;}\" data-attr-css=\"\"><a href=\"https:\/\/praguetouristinformation.com\/en\/planning\/public-transport\" title=\"Public Transport in Prague: Fares, Tickets &amp; Tips\" data-css=\"\">Public Transport in Prague: Fares, Tickets &amp; Tips<\/a><\/span><\/h2>\n<p><a href=\"https:\/\/praguetouristinformation.com\/en\/group-tour\/executive-transfer\" dynamic-postlink=\"tcb_post_the_permalink\" data-shortcode-id=\"775\"><\/a><\/p>\n<h2 style=\"padding-top: 0px !important; margin-top: 0px !important; text-align: center;\" id=\"t-1679660957819\" data-hide=\"true\"><span data-shortcode=\"tcb_post_title\" data-shortcode-name=\"Post title\" data-extra_key=\"\" data-attr-link=\"1\" data-attr-target=\"0\" data-attr-rel=\"0\" data-option-inline=\"1\" data-attr-static-link=\"{&quot;className&quot;:&quot;&quot;,&quot;href&quot;:&quot;https:\/\/praguetouristinformation.com\/en\/planning\/public-transport&quot;,&quot;title&quot;:&quot;Public Transport in Prague: Fares, Tickets &amp; Tips&quot;,&quot;class&quot;:&quot;&quot;}\" data-attr-css=\"\"><a href=\"https:\/\/praguetouristinformation.com\/en\/group-tour\/executive-transfer\" title=\"Executive Transfers in Prague: Limousines, Buses, and Security\" data-css=\"\">Executive Transfers in Prague: Limousines, Buses, and Security<\/a><\/span><\/h2>\n<p><a href=\"https:\/\/praguetouristinformation.com\/en\/planning\/arrival\/taxi\" dynamic-postlink=\"tcb_post_the_permalink\" data-shortcode-id=\"775\"><\/a><\/p>\n<h2 style=\"padding-top: 0px !important; margin-top: 0px !important; text-align: center;\" id=\"t-1679660957819\" data-hide=\"true\"><span data-shortcode=\"tcb_post_title\" data-shortcode-name=\"Post title\" data-extra_key=\"\" data-attr-link=\"1\" data-attr-target=\"0\" data-attr-rel=\"0\" data-option-inline=\"1\" data-attr-static-link=\"{&quot;className&quot;:&quot;&quot;,&quot;href&quot;:&quot;https:\/\/praguetouristinformation.com\/en\/planning\/public-transport&quot;,&quot;title&quot;:&quot;Public Transport in Prague: Fares, Tickets &amp; Tips&quot;,&quot;class&quot;:&quot;&quot;}\" data-attr-css=\"\"><a href=\"https:\/\/praguetouristinformation.com\/en\/planning\/arrival\/taxi\" title=\"Taxis in Prague: Important Info, Fares &amp; Tips\" data-css=\"\">Taxis in Prague: Important Info, Fares &amp; Tips<\/a><\/span><\/h2>\n<p><a href=\"https:\/\/praguetouristinformation.com\/en\/planning\/arrival\/vaclav-havel-airport\" dynamic-postlink=\"tcb_post_the_permalink\" data-shortcode-id=\"775\"><\/a><\/p>\n<h2 style=\"padding-top: 0px !important; margin-top: 0px !important; text-align: center;\" id=\"t-1679660957819\" data-hide=\"true\"><span data-shortcode=\"tcb_post_title\" data-shortcode-name=\"Post title\" data-extra_key=\"\" data-attr-link=\"1\" data-attr-target=\"0\" data-attr-rel=\"0\" data-option-inline=\"1\" data-attr-static-link=\"{&quot;className&quot;:&quot;&quot;,&quot;href&quot;:&quot;https:\/\/praguetouristinformation.com\/en\/planning\/public-transport&quot;,&quot;title&quot;:&quot;Public Transport in Prague: Fares, Tickets &amp; Tips&quot;,&quot;class&quot;:&quot;&quot;}\" data-attr-css=\"\"><a href=\"https:\/\/praguetouristinformation.com\/en\/planning\/arrival\/vaclav-havel-airport\" title=\"Prague V\u00e1clav Havel Airport [PRG]: Complete Guide with Flights, Hotels &amp; Transfers\" data-css=\"\">Prague V\u00e1clav Havel Airport [PRG]: Complete Guide with Flights, Hotels &amp; Transfers<\/a><\/span><\/h2>\n","protected":false},"excerpt":{"rendered":"<p>As many sights as there are in Prague, parking spaces are few and far between. So that you can still find a place comfortably, we have created the following overview for you. Park and Ride Parking Garages There are park and ride facilities at some subway stations outside the center, about 20 in total. These [&hellip;]<\/p>\n","protected":false},"author":6,"featured_media":2377,"parent":769,"menu_order":0,"comment_status":"closed","ping_status":"closed","template":"","meta":{"footnotes":""},"categories":[],"tags":[32,33],"class_list":["post-1086","page","type-page","status-publish","has-post-thumbnail","hentry","tag-planung","tag-verkehr","post-wrapper","thrv_wrapper"],"_links":{"self":[{"href":"https:\/\/praguetouristinformation.com\/en\/wp-json\/wp\/v2\/pages\/1086","targetHints":{"allow":["GET"]}}],"collection":[{"href":"https:\/\/praguetouristinformation.com\/en\/wp-json\/wp\/v2\/pages"}],"about":[{"href":"https:\/\/praguetouristinformation.com\/en\/wp-json\/wp\/v2\/types\/page"}],"author":[{"embeddable":true,"href":"https:\/\/praguetouristinformation.com\/en\/wp-json\/wp\/v2\/users\/6"}],"replies":[{"embeddable":true,"href":"https:\/\/praguetouristinformation.com\/en\/wp-json\/wp\/v2\/comments?post=1086"}],"version-history":[{"count":21,"href":"https:\/\/praguetouristinformation.com\/en\/wp-json\/wp\/v2\/pages\/1086\/revisions"}],"predecessor-version":[{"id":5595,"href":"https:\/\/praguetouristinformation.com\/en\/wp-json\/wp\/v2\/pages\/1086\/revisions\/5595"}],"up":[{"embeddable":true,"href":"https:\/\/praguetouristinformation.com\/en\/wp-json\/wp\/v2\/pages\/769"}],"wp:featuredmedia":[{"embeddable":true,"href":"https:\/\/praguetouristinformation.com\/en\/wp-json\/wp\/v2\/media\/2377"}],"wp:attachment":[{"href":"https:\/\/praguetouristinformation.com\/en\/wp-json\/wp\/v2\/media?parent=1086"}],"wp:term":[{"taxonomy":"category","embeddable":true,"href":"https:\/\/praguetouristinformation.com\/en\/wp-json\/wp\/v2\/categories?post=1086"},{"taxonomy":"post_tag","embeddable":true,"href":"https:\/\/praguetouristinformation.com\/en\/wp-json\/wp\/v2\/tags?post=1086"}],"curies":[{"name":"wp","href":"https:\/\/api.w.org\/{rel}","templated":true}]}}